{"id":9053,"date":"2021-08-18T18:28:50","date_gmt":"2021-08-18T16:28:50","guid":{"rendered":"https:\/\/www.kabelbomen.com\/?post_type=product&#038;p=9053"},"modified":"2026-04-14T12:30:19","modified_gmt":"2026-04-14T10:30:19","slug":"aku-kablo-seti-peugeot-205-tu-motor","status":"publish","type":"product","link":"https:\/\/www.kabelbomen.com\/tr\/product\/accukabelset-peugeot-205-tu-motor\/","title":{"rendered":"Ak\u00fc kablo seti - TU motorlu Peugeot 205"},"content":{"rendered":"<p>Peugeot 205 i\u00e7in bu ana ak\u0131m kablo seti \/ ak\u00fc kablo seti, y\u0131pranm\u0131\u015f ak\u00fc kablolar\u0131n\u0131z\u0131 de\u011fi\u015ftirir ve elektrik devresini an\u0131nda \u00e7ok iyi bir \u015fekilde y\u00fckseltir. Alternat\u00f6r, mar\u015f motoru, ak\u00fc art\u0131 kutbu, ak\u00fcdeki k\u00fc\u00e7\u00fck sigorta kutusu, motor blo\u011fu, karoseri ve ak\u00fc eksi kutbu aras\u0131nda ak\u0131m ge\u00e7i\u015fini sa\u011flar.<\/p>\n<p>Orijinali kadar iyi g\u00f6r\u00fcn\u00fcyor, ancak daha kal\u0131n bak\u0131r \u00e7ap\u0131 ve y\u00fcksek kaliteli kablo pabu\u00e7lar\u0131 sayesinde \u00f6nemli \u00f6l\u00e7\u00fcde daha iyi g\u00fc\u00e7 \u00e7\u0131k\u0131\u015f\u0131 avantajlar\u0131na sahip.<\/p>\n<p>Alternat\u00f6r ve mar\u015f motoru aras\u0131ndaki k\u0131rm\u0131z\u0131 kablonun \u00fczerindeki nerv\u00fcrl\u00fc boru yal\u0131t\u0131m\u0131nda a\u00e7\u0131k bir yuva vard\u0131r, bu motor b\u00f6lmesindeki mevcut kablolar\u0131 demete eklemenizi sa\u011flar.<\/p>\n<p>Di\u011fer bir\u00e7ok 205 versiyonu i\u00e7in de ge\u00e7erlidir. En az\u0131ndan TU motorlar\u0131. Bu<a href=\"https:\/\/www.kabelbomen.com\/tr\/webshop\/ana-aku-kablo-seti%cc%87-peugeot-205-gti-cti\/\"> XU motorlu Peugeot 205 GTI \/ CTI i\u00e7in ak\u00fc kablo setini burada bulabilirsiniz<\/a>.<\/p>\n<p>&nbsp;<\/p>\n<p><strong>Mart 2026'dan itibaren art\u0131k bu pozitif ak\u00fc kablo demetini sens\u00f6r kablolar\u0131yla birlikte tedarik ediyoruz. <\/strong><\/p>\n<p><a href=\"https:\/\/www.kabelbomen.com\/tr\/urun\/aku-kablo-demeti%cc%87-arti-komple-peugeot-205-tu-motorlu\/\" target=\"_blank\" rel=\"noopener\"><strong>&gt; TU motorlu Peugeot 205 i\u00e7in sens\u00f6r kablolar\u0131 dahil pozitif ak\u00fc kablo demeti i\u00e7in buraya bak\u0131n.<\/strong><\/a><\/p>\n<p>&nbsp;<\/p>\n<h5><strong>Peugeot 205 i\u00e7in faz 1.5 ve faz 2 ak\u00fc kablolar\u0131 aras\u0131ndaki fark<\/strong><\/h5>\n<p>Faz 1.5 ve faz 2 aras\u0131ndaki tasar\u0131m fark\u0131 sadece ye\u015fil\/sar\u0131 toprak kablosunun g\u00f6vdeye olan uzunlu\u011fundad\u0131r. Faz 1.5'te bu kablo orijinal olarak fabrikada ak\u00fcn\u00fcn arkas\u0131nda bobinin yan\u0131ndaki bir M6 c\u0131vataya ba\u011flanm\u0131\u015ft\u0131r. Bu kablo, ye\u015fil\/sar\u0131 topraklama kablosunun karoser \u00fczerinde payanda ile silecek s\u0131v\u0131s\u0131 kab\u0131 aras\u0131ndaki bir M6 c\u0131vataya ba\u011fland\u0131\u011f\u0131 faz 2'dekinden yakla\u015f\u0131k 15 cm daha k\u0131sad\u0131r. Peugeot 205 faz 1.5 Kas\u0131m 1987'den Temmuz 1990'a kadar teslim edildi. Peugeot 205 a\u015fama 2'nin \u00fcretimi A\u011fustos 1990'dan itibaren ba\u015flad\u0131.<\/p>\n<p>Versiyonunuzu ate\u015fleme bobininin konumuna g\u00f6re de anlayabilirsiniz. Bobininiz emme manifoldunun ortas\u0131na k\u00fc\u00e7\u00fck siyah bir blok olarak monte edilmi\u015fse, faz 2'ye sahipsiniz demektir. Ate\u015fleme bobini ak\u00fcn\u00fcn arkas\u0131nda, dikmenin yan\u0131ndaysa faz 1.5'i se\u00e7in. Faz 1 i\u00e7in bir ak\u00fc kablo seti ile ilgileniyor musunuz? O zaman al\u0131n <a href=\"https:\/\/www.kabelbomen.com\/tr\/iletisim\/\">\u0130leti\u015fim<\/a> Bizimle birlikte.<\/p>\n<p>&nbsp;<\/p>\n<h5><strong>205'teki a\u015f\u0131nm\u0131\u015f (\u00e7ok ince) ak\u00fc kablolar\u0131ndan kaynaklanan ar\u0131zalar<\/strong><\/h5>\n<p>205'teki sorun, eski kablolar\u0131n alternat\u00f6r\u00fcn 14,4 voltluk \u00e7\u0131k\u0131\u015f voltaj\u0131n\u0131 voltaj d\u00fc\u015f\u00fc\u015f\u00fc olmadan ak\u00fcye iletecek kadar kal\u0131n olmamas\u0131d\u0131r. \u00d6zellikle \u0131\u015f\u0131klar, fan veya daha da k\u00f6t\u00fcs\u00fc a\u011f\u0131r bir amplifikat\u00f6rden kaynaklanan yo\u011fun elektrik t\u00fcketiminde, eski kablolar\u0131n\u0131zdaki voltaj kolayca 13 voltun alt\u0131na d\u00fc\u015fer. Bu noktada ak\u00fcn\u00fcz \u015farj olmaz. Elektrik devresindeki kablolar\u0131n eskimesi ve buna ek olarak korozyon bu durumu daha da k\u00f6t\u00fcle\u015ftirir. Mevcut ak\u00fcler d\u00fczg\u00fcn \u015farj olmak ve iyi durumda kalmak i\u00e7in alternat\u00f6rden gelen 14 Volta daha fazla ihtiya\u00e7 duyar.<\/p>\n<p>205'teki eski a\u015f\u0131nm\u0131\u015f ince ak\u00fc kablolar\u0131ndan kaynaklanan g\u00fc\u00e7 kayb\u0131 nedeniyle, a\u015fa\u011f\u0131daki ar\u0131zalar\u0131 d\u00fczenli olarak g\u00f6r\u00fcyoruz:<\/p>\n<ul>\n<li>K\u00f6t\u00fc ba\u015flang\u0131\u00e7<\/li>\n<li>\u015earj olmayan veya zor \u015farj olan pil<\/li>\n<li>Sadece birka\u00e7 g\u00fcn hareketsiz kald\u0131ktan sonra yeniden ba\u015flat\u0131lam\u0131yor<\/li>\n<li>Yava\u015f \u00e7al\u0131\u015fan \u00f6n cam silecekleri<\/li>\n<li>Fanlar tam g\u00fc\u00e7te \u00e7al\u0131\u015fm\u0131yor<\/li>\n<li>Zay\u0131f ayd\u0131nlatma<\/li>\n<li>Zay\u0131f korna<\/li>\n<li>M\u00fczi\u011fin bas sesleri e\u015fli\u011finde dans eden \u0131\u015f\u0131klar ve fan gibi t\u00fcketiciler<\/li>\n<li>Voltaj\u0131n \u00e7ok d\u00fc\u015fmesi nedeniyle telsiz ar\u0131zas\u0131<\/li>\n<li>Yava\u015f\u00e7a kalkan elektrikli camlar<\/li>\n<li>Di\u011fer t\u00fcketiciler a\u00e7\u0131kken ayd\u0131nlatma veya fanda voltaj d\u00fc\u015f\u00fc\u015fleri<\/li>\n<li>Zay\u0131f yak\u0131t tedariki<\/li>\n<li>Zay\u0131f ate\u015fleme<\/li>\n<li>Motor ar\u0131zas\u0131<\/li>\n<li>K\u0131sa pil \u00f6mr\u00fc<\/li>\n<li>vb.<\/li>\n<\/ul>\n<p>&nbsp;<\/p>\n<p>\u00d6zellikle bir ses amplifikat\u00f6r\u00fc veya ba\u015fka ek b\u00fcy\u00fck t\u00fcketiciler kurarken, orijinal kablolar yeterli de\u011fildir ve yukar\u0131daki sorunlarla kar\u015f\u0131la\u015fman\u0131z garantidir.<\/p>\n<p>Ak\u00fc kablolar\u0131m\u0131zla, alternat\u00f6r \u00e7\u0131k\u0131\u015f voltaj\u0131n\u0131 ak\u00fc boyunca voltaj d\u00fc\u015f\u00fc\u015f\u00fc olmadan \u00f6l\u00e7ersiniz. \u015earj durumuna ba\u011fl\u0131 olarak bu genellikle 14 - 14,4 volttur.<\/p>\n<p>&nbsp;<\/p>\n<h5><strong>Ak\u00fc kablolar\u0131m\u0131z\u0131n eski ince ak\u00fc kablolar\u0131n\u0131za g\u00f6re avantajlar\u0131<\/strong><\/h5>\n<ul>\n<li>Daha iyi \u015farj, durum ve pil \u00f6mr\u00fc<\/li>\n<li>Ara\u00e7 \u00e7al\u0131\u015ft\u0131rma sorunu olmadan daha uzun s\u00fcre r\u00f6lantide \u00e7al\u0131\u015fabilir<\/li>\n<li>Mar\u015f motorundan gelen daha fazla g\u00fc\u00e7 sayesinde daha iyi mar\u015f<\/li>\n<li>Daha g\u00fc\u00e7l\u00fc silecekler<\/li>\n<li>Elektrikli camlar daha iyi \u00e7al\u0131\u015f\u0131yor<\/li>\n<li>Daha y\u00fcksek yerle\u015fik voltaj<\/li>\n<li>I\u015f\u0131k, fan, hoparl\u00f6r vb. y\u00fck alt\u0131nda voltaj d\u00fc\u015fmesi yok.<\/li>\n<li>Amplifikat\u00f6r gibi a\u011f\u0131r t\u00fcketiciler tak\u0131l\u0131ysa gereklidir<\/li>\n<li>Elektrik devrenizin temeli en iyi duruma geri d\u00f6nd\u00fc<\/li>\n<\/ul>\n<p>&nbsp;<\/p>\n<p>Ak\u00fc kablolar\u0131m\u0131z \u0131s\u0131, kir, asit ve yak\u0131t, ya\u011f ve so\u011futma s\u0131v\u0131s\u0131 gibi s\u0131v\u0131lara kar\u015f\u0131 da koruma sa\u011flayan y\u00fcksek kaliteli a\u015f\u0131nmaya dayan\u0131kl\u0131 yal\u0131t\u0131m k\u0131l\u0131f\u0131na sahiptir. Kablo pabu\u00e7lar\u0131 optimum ak\u0131m ak\u0131\u015f\u0131 i\u00e7in a\u011f\u0131r hizmet tipi kablolard\u0131r. Ekstra g\u00fcvenli ve g\u00fcvenilir bir ba\u011flant\u0131 i\u00e7in kablo pabu\u00e7lar\u0131 hidrolik pense ile s\u0131k\u0131l\u0131r.<\/p>\n<p>Korozyona kar\u015f\u0131 korumak i\u00e7in kablo pabu\u00e7lar\u0131n\u0131n etraf\u0131na b\u00fcz\u00fc\u015fmeli makaron uygulanm\u0131\u015ft\u0131r. Is\u0131ya ve a\u015f\u0131nmaya kar\u015f\u0131 ek koruma olarak, k\u0131l\u0131f orijinalinde oldu\u011fu gibi gerekli yerlere yal\u0131t\u0131m halkas\u0131 borular\u0131 ile donat\u0131lm\u0131\u015ft\u0131r.<\/p>\n<p>Orijinal boyut ve renkte kablolar kullan\u0131yoruz. Ak\u00fc kablo seti tak ve \u00e7al\u0131\u015ft\u0131r \u00f6zelliklidir ve sizi uzun ve g\u00fcvenilir bir \u015fekilde tekrar yola \u00e7\u0131karacak uzun bir kullan\u0131m \u00f6mr\u00fcne sahiptir.<\/p>\n<p>&nbsp;<\/p>\n<h5><strong>Ak\u00fc kablo seti a\u015fa\u011f\u0131daki par\u00e7alardan olu\u015fur<\/strong><\/h5>\n<p><strong>Pozitif ak\u00fc kablo demeti:<\/strong><\/p>\n<ul>\n<li>Alternat\u00f6r ve mar\u015f motoru aras\u0131ndaki k\u0131rm\u0131z\u0131 ak\u00fc kablosu<\/li>\n<li>Alternat\u00f6r ba\u011flant\u0131s\u0131 i\u00e7in izolasyon kapa\u011f\u0131<\/li>\n<li>Mar\u015f motoru ile ak\u00fc art\u0131 kutbu aras\u0131ndaki ak\u00fc kablosu siyah<\/li>\n<li>Mar\u015f motoruna ba\u011flant\u0131 i\u00e7in izolasyon kapa\u011f\u0131<\/li>\n<li>Ak\u00fc terminali art\u0131 kutbu<\/li>\n<li>Yal\u0131t\u0131m kapa\u011f\u0131 ak\u00fc terminali art\u0131 kutup<\/li>\n<li>Ak\u00fc terminali art\u0131 kutbu ile k\u00fc\u00e7\u00fck sigorta kutusu aras\u0131ndaki sar\u0131 ak\u00fc kablosu<\/li>\n<\/ul>\n<p>&nbsp;<\/p>\n<p><strong>Negatif ak\u00fc kablo demeti:<\/strong><\/p>\n<ul>\n<li>Ak\u00fcn\u00fcn negatif terminali ile motor blo\u011fu aras\u0131ndaki gri topraklama kablosu<\/li>\n<li>Ak\u00fc negatif terminali ile karoseri aras\u0131ndaki sar\u0131\/ye\u015fil topraklama kablosu<\/li>\n<li>Ak\u00fc terminali kelebek somunlu negatif terminal<\/li>\n<\/ul>\n<p>&nbsp;<\/p>\n<p>Her \u015fey \u00f6nceden monte edilmi\u015ftir, bu sayede kablo do\u011frudan tak ve \u00e7al\u0131\u015ft\u0131r \u00f6zelli\u011fine sahiptir.<\/p>\n<p>&nbsp;<\/p>\n<h5><strong>Ak\u00fc terminal tipi (Kas\u0131m 2023 itibariyle)<\/strong><\/h5>\n<p>Ak\u00fc kablolar\u0131 art\u0131k standart olarak a\u015fa\u011f\u0131daki foto\u011frafta g\u00f6r\u00fcld\u00fc\u011f\u00fc gibi kanatl\u0131 somunlu ak\u00fc kutup kelep\u00e7esi ile birlikte teslim edilmektedir. Do\u011frudan ak\u00fc kutup kelep\u00e7esi mi tercih edersiniz? \u00d6deme sayfas\u0131ndaki not alan\u0131na bunu belirtiniz.<\/p>\n<p><img fetchpriority=\"high\" decoding=\"async\" class=\"alignnone wp-image-13547\" src=\"https:\/\/www.kabelbomen.com\/wp-content\/uploads\/2023\/07\/20230705_152519-1024x1024.jpg\" alt=\"Peugeot 205 i\u00e7in toplu ak\u00fc kablo seti \u00fczerinde kelebek somunlu (s\u00f6k\u00fclebilir) ak\u00fc terminali negatif terminali - Schram Kabelbomen Service\" width=\"300\" height=\"300\" srcset=\"https:\/\/www.kabelbomen.com\/wp-content\/uploads\/2023\/07\/20230705_152519-1024x1024.jpg 1024w, https:\/\/www.kabelbomen.com\/wp-content\/uploads\/2023\/07\/20230705_152519-scaled-1500x1500.jpg 1500w, https:\/\/www.kabelbomen.com\/wp-content\/uploads\/2023\/07\/20230705_152519-scaled-100x100.jpg 100w, https:\/\/www.kabelbomen.com\/wp-content\/uploads\/2023\/07\/20230705_152519-300x300.jpg 300w, https:\/\/www.kabelbomen.com\/wp-content\/uploads\/2023\/07\/20230705_152519-150x150.jpg 150w, https:\/\/www.kabelbomen.com\/wp-content\/uploads\/2023\/07\/20230705_152519-768x768.jpg 768w, https:\/\/www.kabelbomen.com\/wp-content\/uploads\/2023\/07\/20230705_152519-1536x1536.jpg 1536w, https:\/\/www.kabelbomen.com\/wp-content\/uploads\/2023\/07\/20230705_152519-2048x2048.jpg 2048w, https:\/\/www.kabelbomen.com\/wp-content\/uploads\/2023\/07\/20230705_152519-12x12.jpg 12w\" sizes=\"(max-width: 300px) 100vw, 300px\" \/><\/p>\n<p>&nbsp;<\/p>\n<h5><strong>\u0130zolasyon kapaklar\u0131<\/strong><\/h5>\n<p>Standart olarak, ak\u00fc art\u0131 kutbunda k\u0131rm\u0131z\u0131 bir yal\u0131t\u0131m kapa\u011f\u0131 ve alternat\u00f6r ve mar\u015f motorunda siyah yal\u0131t\u0131m kapaklar\u0131 tedarik ediyoruz. Ancak ba\u015flang\u0131\u00e7ta sadece siyah kapaklar tedarik ediliyordu. T\u00fcm siyah kapaklar\u0131 m\u0131 yoksa t\u00fcm k\u0131rm\u0131z\u0131 kapaklar\u0131 m\u0131 tercih edersiniz? Sorun de\u011fil, isteklerinizi \u00f6deme sayfas\u0131ndaki notlar alan\u0131na yazmaktan veya bizimle ileti\u015fime ge\u00e7mekten \u00e7ekinmeyin.<\/p>\n<p>&nbsp;<\/p>\n<h5><strong>\u00d6zelle\u015ftirme<\/strong><\/h5>\n<p>Ak\u00fc kablo setinde \u00f6zel bir modifikasyona m\u0131 ihtiyac\u0131n\u0131z var? Sorun de\u011fil, gerekli ayarlamalar\u0131 yapabiliriz. Yaln\u0131zca farkl\u0131 bir yal\u0131t\u0131m kapa\u011f\u0131 rengi kombinasyonu istiyorsan\u0131z, l\u00fctfen \u00f6deme sayfas\u0131ndaki yorumlar alan\u0131nda bize bildirin. Ba\u015fka \u00f6zel ayarlamalar istiyorsan\u0131z, l\u00fctfen bizimle \u015fu adresten ileti\u015fime ge\u00e7in <a href=\"https:\/\/www.kabelbomen.com\/tr\/iletisim\/\">\u0130leti\u015fim<\/a> Bizimle birlikte.<\/p>\n<p>AC kablo seti, alternat\u00f6r ve mar\u015f motorunun (yakla\u015f\u0131k olarak) ayn\u0131 yerde olmas\u0131 ko\u015fuluyla di\u011fer bir\u00e7ok 205 modelinde de kullan\u0131labilir.<\/p>\n<p>Ayr\u0131ca di\u011fer t\u00fcm 205 tipleri i\u00e7in yeni ak\u00fc kablo setleri tedarik ediyoruz. Olanaklar i\u00e7in l\u00fctfen ileti\u015fime ge\u00e7in <a href=\"https:\/\/www.kabelbomen.com\/tr\/iletisim\/\">\u0130leti\u015fim<\/a> Bizimle birlikte.<\/p>\n<p>Ba\u015fka herhangi bir (klasik) ara\u00e7 i\u00e7in de \u00f6zelle\u015ftirilebilir.<\/p>\n<p><em><b>NOT: Peugeot 205 GTI \/ CTI faz 1.5 veya faz 2'ye sahip oldu\u011funuzdan emin de\u011filseniz, ate\u015fleme bobininizin yerini kontrol edin. E\u011fer ak\u00fcn\u00fcz\u00fcn arkas\u0131ndaysa, faz 1.5 versiyonunu se\u00e7in. Bobin hava emme manifoldunuzun \u00fcst\u00fcnde k\u00fc\u00e7\u00fck siyah bir blok halindeyse, faz 2 versiyonuna sahipsiniz demektir.<\/b><\/em><\/p>","protected":false},"excerpt":{"rendered":"<p>Peugeot 205 TU motorlu ara\u00e7larda a\u015f\u0131nm\u0131\u015f ak\u00fc kablolar\u0131n\u0131n yerine kullan\u0131lacak yeni ana ak\u0131m kablo seti \/ ak\u00fc kablo seti. G\u00f6r\u00fcn\u00fc\u015f olarak orijinaline \u00e7ok yak\u0131n, orijinal boyutlarda ve renklerde kablolar, ancak daha kal\u0131n bak\u0131r \u00e7ap\u0131 ve daha iyi kablo pabu\u00e7lar\u0131 sayesinde \u00f6nemli \u00f6l\u00e7\u00fcde daha iyi ak\u0131m ge\u00e7i\u015fi sa\u011flar.<\/p>\n<p>Bu y\u00fcksek kaliteli ak\u00fc kablo seti ile art\u0131k voltaj kayb\u0131 ya\u015famayacaks\u0131n\u0131z ve 205'inizdeki elektrik devresinin temeli yeniden en iyi durumda olacak. Bununla alternat\u00f6r\u00fcn\u00fcz\u00fcn 14 - 14,4 Volt \u00e7\u0131k\u0131\u015f gerilimini ak\u00fcn\u00fcz \u00fczerinden \u00f6l\u00e7eceksiniz. A\u011f\u0131r bir elektrik y\u00fck\u00fcnde bile. Eski kablolar ile \u00f6zellikle y\u00fck alt\u0131nda bu gerilimi elde edemezsiniz.<\/p>\n<p>Ayr\u0131ca \u015funlar i\u00e7in de mevcuttur <a href=\"https:\/\/www.kabelbomen.com\/tr\/webshop\/ana-aku-kablo-seti%cc%87-peugeot-205-gti-cti\/\">205 GTI \/ CTI burada<\/a>.<\/p>\n<p><strong>L\u00fctfen dikkat: Kas\u0131m 2023'ten itibaren 205 toplu ak\u00fc kablolar\u0131 standart olarak M8 kelebek somunlu bir ak\u00fc terminal kelep\u00e7esi ile birlikte tedarik edilecektir. L\u00fctfen a\u015fa\u011f\u0131daki a\u00e7\u0131klamadaki foto\u011fraflara bak\u0131n.<\/strong><\/p>\n<p><strong>Mart 2026'dan itibaren, TU motorlu 205 i\u00e7in bu pozitif ak\u00fc kablo demetini sens\u00f6r kablolar\u0131 da dahil olmak \u00fczere eksiksiz olarak tedarik ediyoruz. Bunlar\u0131 bulacaks\u0131n\u0131z <a href=\"https:\/\/www.kabelbomen.com\/tr\/urun\/aku-kablo-demeti%cc%87-arti-komple-peugeot-205-tu-motorlu\/\" target=\"_blank\" rel=\"noopener\">Burada<\/a>.<\/strong><\/p>\n<p>A\u015fa\u011f\u0131da, a\u015fama 1.5 veya a\u015fama 2 uygulamas\u0131n\u0131 se\u00e7in. A\u015fama 1 i\u00e7in <a href=\"https:\/\/www.kabelbomen.com\/tr\/iletisim\/\">\u0130leti\u015fim<\/a> Bizimle birlikte.<\/p>","protected":false},"featured_media":13942,"comment_status":"open","ping_status":"closed","template":"","meta":[],"product_brand":[],"product_cat":[39,61],"product_tag":[43,48,46,44,185],"hf_cat_product":[255],"class_list":{"0":"post-9053","1":"product","2":"type-product","3":"status-publish","4":"has-post-thumbnail","6":"product_cat-accukabels","7":"product_cat-peugeot-205","8":"product_tag-accukabelset","9":"product_tag-fase-1-5","10":"product_tag-fase-2","11":"product_tag-hoofdstroomkabelset","12":"product_tag-tu-motor","13":"product_shipping_class-groot-pakket","15":"first","16":"instock","17":"taxable","18":"shipping-taxable","19":"purchasable","20":"product-type-variable","21":"has-default-attributes"},"_links":{"self":[{"href":"https:\/\/www.kabelbomen.com\/tr\/wp-json\/wp\/v2\/product\/9053","targetHints":{"allow":["GET"]}}],"collection":[{"href":"https:\/\/www.kabelbomen.com\/tr\/wp-json\/wp\/v2\/product"}],"about":[{"href":"https:\/\/www.kabelbomen.com\/tr\/wp-json\/wp\/v2\/types\/product"}],"replies":[{"embeddable":true,"href":"https:\/\/www.kabelbomen.com\/tr\/wp-json\/wp\/v2\/comments?post=9053"}],"version-history":[{"count":14,"href":"https:\/\/www.kabelbomen.com\/tr\/wp-json\/wp\/v2\/product\/9053\/revisions"}],"predecessor-version":[{"id":18458,"href":"https:\/\/www.kabelbomen.com\/tr\/wp-json\/wp\/v2\/product\/9053\/revisions\/18458"}],"wp:featuredmedia":[{"embeddable":true,"href":"https:\/\/www.kabelbomen.com\/tr\/wp-json\/wp\/v2\/media\/13942"}],"wp:attachment":[{"href":"https:\/\/www.kabelbomen.com\/tr\/wp-json\/wp\/v2\/media?parent=9053"}],"wp:term":[{"taxonomy":"product_brand","embeddable":true,"href":"https:\/\/www.kabelbomen.com\/tr\/wp-json\/wp\/v2\/product_brand?post=9053"},{"taxonomy":"product_cat","embeddable":true,"href":"https:\/\/www.kabelbomen.com\/tr\/wp-json\/wp\/v2\/product_cat?post=9053"},{"taxonomy":"product_tag","embeddable":true,"href":"https:\/\/www.kabelbomen.com\/tr\/wp-json\/wp\/v2\/product_tag?post=9053"},{"taxonomy":"hf_cat_product","embeddable":true,"href":"https:\/\/www.kabelbomen.com\/tr\/wp-json\/wp\/v2\/hf_cat_product?post=9053"}],"curies":[{"name":"wp","href":"https:\/\/api.w.org\/{rel}","templated":true}]}}