{"id":8420,"date":"2021-07-11T12:59:03","date_gmt":"2021-07-11T10:59:03","guid":{"rendered":"https:\/\/www.kabelbomen.com\/?post_type=product&#038;p=8420"},"modified":"2026-03-15T13:57:52","modified_gmt":"2026-03-15T12:57:52","slug":"alternator-kablo-demeti-citroen-traction-avant","status":"publish","type":"product","link":"https:\/\/www.kabelbomen.com\/tr\/product\/wisselstroomdynamo-kabelboom-citroen-traction-avant\/","title":{"rendered":"Alternat\u00f6r kablo demeti Traction Avant"},"content":{"rendered":"<p>Bu alternat\u00f6r kablo demeti, 4 silindirli motora ve 6 Volt AC kurulumuna sahip t\u00fcm Traksiyonlar i\u00e7in uygundur.<\/p>\n<p>6 voltluk bir AC kurulumunda, b\u00f6lmeye harici bir reg\u00fclat\u00f6r yerle\u015ftirilir. Bu ayn\u0131 yere yerle\u015ftirilir<br \/>\nOrijinal DC alternat\u00f6r\u00fcn 6 voltluk voltaj reg\u00fclat\u00f6r\u00fcn\u00fcn yerle\u015ftirildi\u011fi yere monte edilir<br \/>\n\u00f6yleydi.<\/p>\n<p>Alternat\u00f6r, kontak anahtar\u0131ndan bir ba\u011flant\u0131 gerektirir. Bu kablo<br \/>\nKontak anahtar\u0131 ile kontrol \u00fcnitesi aras\u0131ndaki ba\u011flant\u0131 54 ayr\u0131 olarak temin edilir. E\u015fzamanl\u0131 olarak<br \/>\nbir g\u00f6sterge tablosu a\u011fac\u0131 sipari\u015f ederse, bu kablo kablo demetine eklenecektir.<\/p>\n<p>G\u00fcvenlik i\u00e7in devreye 40 amperlik fi\u015fli sigortaya sahip bir sigorta tutucu eklenmi\u015ftir.<\/p>","protected":false},"excerpt":{"rendered":"<p>Orijinal alternat\u00f6r\u00fc 6 voltluk bir alternat\u00f6rle de\u011fi\u015ftirilen Traksiyonerler i\u00e7in alternat\u00f6r kablo demeti.<\/p>\n<p>D\u00f6rt silindirli motora sahip t\u00fcm Traksiyonlar i\u00e7in ge\u00e7erlidir.<\/p>\n<p>Ba\u011flant\u0131lar alternat\u00f6r tipine ba\u011fl\u0131 olarak farkl\u0131 olabilir.<\/p>\n<p>Sat\u0131n alma i\u015fleminizden sonra bu ba\u011flant\u0131lar\u0131 g\u00f6r\u00fc\u015fmek \u00fczere sizinle ileti\u015fime ge\u00e7ece\u011fiz.<\/p>","protected":false},"featured_media":8423,"comment_status":"open","ping_status":"closed","template":"","meta":[],"product_brand":[],"product_cat":[56,38],"product_tag":[59,181],"hf_cat_product":[252],"class_list":{"0":"post-8420","1":"product","2":"type-product","3":"status-publish","4":"has-post-thumbnail","6":"product_cat-citroen-traction-avant","7":"product_cat-kabelbomen","8":"product_tag-dynamoboom","9":"product_tag-wisselstroomdynamo","11":"first","12":"instock","13":"taxable","14":"shipping-taxable","15":"purchasable","16":"product-type-simple"},"_links":{"self":[{"href":"https:\/\/www.kabelbomen.com\/tr\/wp-json\/wp\/v2\/product\/8420","targetHints":{"allow":["GET"]}}],"collection":[{"href":"https:\/\/www.kabelbomen.com\/tr\/wp-json\/wp\/v2\/product"}],"about":[{"href":"https:\/\/www.kabelbomen.com\/tr\/wp-json\/wp\/v2\/types\/product"}],"replies":[{"embeddable":true,"href":"https:\/\/www.kabelbomen.com\/tr\/wp-json\/wp\/v2\/comments?post=8420"}],"version-history":[{"count":1,"href":"https:\/\/www.kabelbomen.com\/tr\/wp-json\/wp\/v2\/product\/8420\/revisions"}],"predecessor-version":[{"id":18115,"href":"https:\/\/www.kabelbomen.com\/tr\/wp-json\/wp\/v2\/product\/8420\/revisions\/18115"}],"wp:featuredmedia":[{"embeddable":true,"href":"https:\/\/www.kabelbomen.com\/tr\/wp-json\/wp\/v2\/media\/8423"}],"wp:attachment":[{"href":"https:\/\/www.kabelbomen.com\/tr\/wp-json\/wp\/v2\/media?parent=8420"}],"wp:term":[{"taxonomy":"product_brand","embeddable":true,"href":"https:\/\/www.kabelbomen.com\/tr\/wp-json\/wp\/v2\/product_brand?post=8420"},{"taxonomy":"product_cat","embeddable":true,"href":"https:\/\/www.kabelbomen.com\/tr\/wp-json\/wp\/v2\/product_cat?post=8420"},{"taxonomy":"product_tag","embeddable":true,"href":"https:\/\/www.kabelbomen.com\/tr\/wp-json\/wp\/v2\/product_tag?post=8420"},{"taxonomy":"hf_cat_product","embeddable":true,"href":"https:\/\/www.kabelbomen.com\/tr\/wp-json\/wp\/v2\/hf_cat_product?post=8420"}],"curies":[{"name":"wp","href":"https:\/\/api.w.org\/{rel}","templated":true}]}}