{"id":8405,"date":"2021-07-09T00:29:00","date_gmt":"2021-07-08T22:29:00","guid":{"rendered":"https:\/\/www.kabelbomen.com\/?post_type=product&#038;p=8405"},"modified":"2026-04-04T12:04:29","modified_gmt":"2026-04-04T10:04:29","slug":"peugeot-205-dikme-uzerindeki-topraklama-kablosu","status":"publish","type":"product","link":"https:\/\/www.kabelbomen.com\/tr\/product\/massadraad-peugeot-205-op-veerpoot\/","title":{"rendered":"Peugeot 205 yayl\u0131 dikme \u00fczerindeki topraklama kablosu"},"content":{"rendered":"<p>Peugeot 205'in sa\u011f dikmesinden g\u00f6vdeye giden topraklama kablosu.<\/p>\n<p>Bu, di\u011fer \u015feylerin yan\u0131 s\u0131ra fren balatas\u0131 a\u015f\u0131nma g\u00f6stergesi i\u00e7in iyi ve g\u00fcvenilir bir toprak ba\u011flant\u0131s\u0131 olu\u015fturur.<\/p>\n<p>Yeni fi\u015f ve kablo pabu\u00e7lar\u0131 kullan\u0131lm\u0131\u015ft\u0131r. Orijinal boyut, kablo rengi ve fi\u015f rengi uygulanm\u0131\u015ft\u0131r.<\/p>\n<p>Y\u00fcksek kaliteli tel. Mukavemet ve \u00f6nlemek i\u00e7in <a href=\"https:\/\/www.kabelbomen.com\/tr\/voltaj-kaybi-gecis-direnci-elektrikli-araba\/\">korozyon<\/a> bak\u0131r iletken ve kablo pabucu aras\u0131ndaki her ba\u011flant\u0131, \u0131s\u0131 b\u00fcz\u00fc\u015fmeli boru ile tamamlanm\u0131\u015ft\u0131r. Foto\u011fraflarda g\u00f6rmek g\u00fczel.<\/p>","protected":false},"excerpt":{"rendered":"<p>Bu topraklama kablosu sa\u011f dikmenin \u00fcst\u00fcnde birle\u015ftirilir ve g\u00f6vdeye ba\u011flan\u0131r.<\/p>\n<p>Yeni fi\u015f ve kablo pabu\u00e7lar\u0131 kullan\u0131lm\u0131\u015ft\u0131r. Orijinal boyut, kablo rengi ve fi\u015f rengi.<\/p>\n<p>Peugeot 205'in t\u00fcm modellerinde uygulan\u0131r.<\/p>","protected":false},"featured_media":13730,"comment_status":"open","ping_status":"closed","template":"","meta":[],"product_brand":[],"product_cat":[61,38],"product_tag":[47,48,46,34,180],"hf_cat_product":[253],"class_list":{"0":"post-8405","1":"product","2":"type-product","3":"status-publish","4":"has-post-thumbnail","6":"product_cat-peugeot-205","7":"product_cat-kabelbomen","8":"product_tag-fase-1","9":"product_tag-fase-1-5","10":"product_tag-fase-2","11":"product_tag-kabelboom","12":"product_tag-massadraad","14":"first","15":"instock","16":"taxable","17":"shipping-taxable","18":"purchasable","19":"product-type-simple"},"_links":{"self":[{"href":"https:\/\/www.kabelbomen.com\/tr\/wp-json\/wp\/v2\/product\/8405","targetHints":{"allow":["GET"]}}],"collection":[{"href":"https:\/\/www.kabelbomen.com\/tr\/wp-json\/wp\/v2\/product"}],"about":[{"href":"https:\/\/www.kabelbomen.com\/tr\/wp-json\/wp\/v2\/types\/product"}],"replies":[{"embeddable":true,"href":"https:\/\/www.kabelbomen.com\/tr\/wp-json\/wp\/v2\/comments?post=8405"}],"version-history":[{"count":0,"href":"https:\/\/www.kabelbomen.com\/tr\/wp-json\/wp\/v2\/product\/8405\/revisions"}],"wp:featuredmedia":[{"embeddable":true,"href":"https:\/\/www.kabelbomen.com\/tr\/wp-json\/wp\/v2\/media\/13730"}],"wp:attachment":[{"href":"https:\/\/www.kabelbomen.com\/tr\/wp-json\/wp\/v2\/media?parent=8405"}],"wp:term":[{"taxonomy":"product_brand","embeddable":true,"href":"https:\/\/www.kabelbomen.com\/tr\/wp-json\/wp\/v2\/product_brand?post=8405"},{"taxonomy":"product_cat","embeddable":true,"href":"https:\/\/www.kabelbomen.com\/tr\/wp-json\/wp\/v2\/product_cat?post=8405"},{"taxonomy":"product_tag","embeddable":true,"href":"https:\/\/www.kabelbomen.com\/tr\/wp-json\/wp\/v2\/product_tag?post=8405"},{"taxonomy":"hf_cat_product","embeddable":true,"href":"https:\/\/www.kabelbomen.com\/tr\/wp-json\/wp\/v2\/hf_cat_product?post=8405"}],"curies":[{"name":"wp","href":"https:\/\/api.w.org\/{rel}","templated":true}]}}