{"id":5846,"date":"2021-04-04T22:07:39","date_gmt":"2021-04-04T20:07:39","guid":{"rendered":"https:\/\/www.kabelbomen.com\/?post_type=product&#038;p=5846"},"modified":"2026-03-27T10:20:45","modified_gmt":"2026-03-27T09:20:45","slug":"sensor-kablo-demeti-3-kutuplu-peugeot-205-gti","status":"publish","type":"product","link":"https:\/\/www.kabelbomen.com\/tr\/product\/sensorboom-3-polig-peugeot-205-gti\/","title":{"rendered":"Sens\u00f6r kablo demeti 3 kutuplu Peugeot 205 GTI \/ CTI | faz 1, 1.5"},"content":{"rendered":"<p>Daha \u00f6nceki Peugeot 205 GTI \/ CTI 1.6 ve 1.9 litre, faz 1 ve baz\u0131 faz 1.5 modelleri i\u00e7in 3 kutuplu motor sens\u00f6r\u00fc kablo demeti.<\/p>\n<p>Di\u011ferlerinin yan\u0131 s\u0131ra XU5J (180Z \/180A), XU5JA (B6D) ve XU9J1 (DFZ) motor bloklar\u0131nda kullan\u0131l\u0131r.<\/p>\n<p>Daha sonraki tipler i\u00e7in motor sens\u00f6r\u00fc kablo demetinde 7 telli daha geni\u015f kahverengi bir fi\u015f vard\u0131r. Motor sens\u00f6r\u00fc <a href=\"\/tr\/urun\/sensor-kablo-demeti-peugeot-205-gti-cti\/\">Peugeot 205 faz 1.5 ve faz 2 i\u00e7in 7 pimli motor sens\u00f6r\u00fc kablo demeti<\/a>\u00a0bulacaks\u0131n\u00a0<a href=\"https:\/\/www.kabelbomen.com\/tr\/webshop\/sensor-kablo-demeti-peugeot-205-gti-cti\/\">Burada<\/a>.<\/p>\n<p>&nbsp;<\/p>\n<h5><strong>\u00d6zg\u00fcnl\u00fck ve kalite<\/strong><\/h5>\n<p>Kablo demeti 100% yeni ve orijinal boyutundad\u0131r. Yeni bir orijinal 3 pimli kahverengi fi\u015f tak\u0131lm\u0131\u015ft\u0131r.<\/p>\n<p>Dayan\u0131kl\u0131l\u0131k ve korozyon, a\u015f\u0131nma ve k\u0131sa devreleri \u00f6nlemek i\u00e7in, bak\u0131r iletken ve kablo pabucu aras\u0131ndaki her ba\u011flant\u0131, \u0131s\u0131yla daralan makaronla d\u00fczg\u00fcn bir \u015fekilde tamamlan\u0131r. Bu bizim standart prosed\u00fcr\u00fcm\u00fczd\u00fcr. Sonu\u00e7 olarak, kablo demetlerimiz ekstra uzun ve g\u00fcvenilir bir hizmet \u00f6mr\u00fcne sahiptir. Orijinal olarak, \u0131s\u0131ya, s\u0131v\u0131lara, ha\u015faratlara ve a\u015f\u0131nma ve y\u0131pranmaya kar\u015f\u0131 koruma i\u00e7in kat\u0131 nerv\u00fcrl\u00fc yal\u0131t\u0131m kullan\u0131l\u0131r.<\/p>\n<p>Bu kablo demeti 205'lerin \u00e7o\u011funda tamamen y\u0131pranm\u0131\u015ft\u0131r ve bu da g\u00f6sterge panelindeki aletlerin art\u0131k d\u00fczg\u00fcn \u00e7al\u0131\u015fmamas\u0131na neden olur.<\/p>\n<p>&nbsp;<\/p>\n<h5><strong>Kablo demetinin montaj\u0131<\/strong><\/h5>\n<p>Motor sens\u00f6r\u00fc kablo demeti, debriyaj muhafazas\u0131n\u0131n yan\u0131nda bulabilece\u011finiz 3 kutuplu kahverengi bir fi\u015fe ba\u011flan\u0131r. Emin olmak i\u00e7in orada olup olmad\u0131\u011f\u0131n\u0131 kontrol edebilirsiniz.<\/p>\n<p>Ayr\u0131 kablolar motor blo\u011funun arkas\u0131ndaki so\u011futma suyu s\u0131cakl\u0131k sens\u00f6rlerine ve karterdeki ya\u011f s\u0131cakl\u0131k sens\u00f6r\u00fcne gider.<\/p>\n<p>Kablo demeti tak ve \u00e7al\u0131\u015ft\u0131r \u00f6zelli\u011fine sahiptir ve montaj\u0131 kolayd\u0131r.<\/p>\n<p>&nbsp;<\/p>\n<h5><strong>Ba\u011flant\u0131lara genel bak\u0131\u015f<\/strong><\/h5>\n<ul>\n<li>So\u011futma s\u0131v\u0131s\u0131 s\u0131cakl\u0131k sens\u00f6r\u00fc<\/li>\n<li>So\u011futma s\u0131v\u0131s\u0131 s\u0131cakl\u0131k alarm sens\u00f6r\u00fc<\/li>\n<li>Ya\u011f karterindeki ya\u011f s\u0131cakl\u0131k sens\u00f6r\u00fc<\/li>\n<\/ul>","protected":false},"excerpt":{"rendered":"<p>Ya\u011f s\u0131cakl\u0131k g\u00f6stergesi, so\u011futma suyu s\u0131cakl\u0131k g\u00f6stergesi ve so\u011futma suyu s\u0131cakl\u0131k alarm \u0131\u015f\u0131\u011f\u0131 i\u00e7in motor blo\u011fundaki sens\u00f6rleri kontrol eden kablo demeti.<\/p>\n<p>Peugeot 205 GTI \/ CTI faz 1 ve baz\u0131 faz 1.5 modellerine uygulan\u0131r. Hem 1.6 hem de 1.9 litrelik motorlar i\u00e7in.<\/p>\n<p>XU5J (180Z \/ 180A), XU5JA (B6D) ve XU9J1 (DFZ) motor bloklar\u0131nda bulunur.<\/p>\n<p>100% yeni orijinal 3 pimli kahverengi fi\u015f ve kablo pabu\u00e7lar\u0131yla birlikte. Orijinal boyut uygulanm\u0131\u015ft\u0131r.<\/p>\n<p>Y\u00fcksek kaliteli tel, uzun \u00f6m\u00fcr, mukavemet, k\u0131sa devre \u00f6nleme ve korozyon \u00f6nleme i\u00e7in kablo terminalleri \u00fczerinde \u0131s\u0131 b\u00fcz\u00fc\u015fmeli boru ile ekstra iyi i\u015flenmi\u015ftir. Ekstra \u0131s\u0131ya dayan\u0131kl\u0131 yal\u0131t\u0131m eklenmi\u015ftir.<\/p>","protected":false},"featured_media":15961,"comment_status":"open","ping_status":"closed","template":"","meta":[],"product_brand":[],"product_cat":[61,38],"product_tag":[114,47,48,34,280,35,112,173],"hf_cat_product":[253],"class_list":{"0":"post-5846","1":"product","2":"type-product","3":"status-publish","4":"has-post-thumbnail","6":"product_cat-peugeot-205","7":"product_cat-kabelbomen","8":"product_tag-205-gti","9":"product_tag-fase-1","10":"product_tag-fase-1-5","11":"product_tag-kabelboom","12":"product_tag-motor-sensorkabelboom","13":"product_tag-sensorkabelboom","14":"product_tag-sensorboom-3-polig","15":"product_tag-xu-motor","17":"first","18":"instock","19":"taxable","20":"shipping-taxable","21":"purchasable","22":"product-type-simple"},"_links":{"self":[{"href":"https:\/\/www.kabelbomen.com\/tr\/wp-json\/wp\/v2\/product\/5846","targetHints":{"allow":["GET"]}}],"collection":[{"href":"https:\/\/www.kabelbomen.com\/tr\/wp-json\/wp\/v2\/product"}],"about":[{"href":"https:\/\/www.kabelbomen.com\/tr\/wp-json\/wp\/v2\/types\/product"}],"replies":[{"embeddable":true,"href":"https:\/\/www.kabelbomen.com\/tr\/wp-json\/wp\/v2\/comments?post=5846"}],"version-history":[{"count":5,"href":"https:\/\/www.kabelbomen.com\/tr\/wp-json\/wp\/v2\/product\/5846\/revisions"}],"predecessor-version":[{"id":17994,"href":"https:\/\/www.kabelbomen.com\/tr\/wp-json\/wp\/v2\/product\/5846\/revisions\/17994"}],"wp:featuredmedia":[{"embeddable":true,"href":"https:\/\/www.kabelbomen.com\/tr\/wp-json\/wp\/v2\/media\/15961"}],"wp:attachment":[{"href":"https:\/\/www.kabelbomen.com\/tr\/wp-json\/wp\/v2\/media?parent=5846"}],"wp:term":[{"taxonomy":"product_brand","embeddable":true,"href":"https:\/\/www.kabelbomen.com\/tr\/wp-json\/wp\/v2\/product_brand?post=5846"},{"taxonomy":"product_cat","embeddable":true,"href":"https:\/\/www.kabelbomen.com\/tr\/wp-json\/wp\/v2\/product_cat?post=5846"},{"taxonomy":"product_tag","embeddable":true,"href":"https:\/\/www.kabelbomen.com\/tr\/wp-json\/wp\/v2\/product_tag?post=5846"},{"taxonomy":"hf_cat_product","embeddable":true,"href":"https:\/\/www.kabelbomen.com\/tr\/wp-json\/wp\/v2\/hf_cat_product?post=5846"}],"curies":[{"name":"wp","href":"https:\/\/api.w.org\/{rel}","templated":true}]}}