{"id":3469,"date":"2020-04-27T12:20:45","date_gmt":"2020-04-27T11:20:45","guid":{"rendered":"https:\/\/www.kabelbomen.com\/?post_type=product&#038;p=3469"},"modified":"2026-03-15T12:22:00","modified_gmt":"2026-03-15T11:22:00","slug":"tavan-kablo-demeti-traction-avant-11b-familiale-commerciale","status":"publish","type":"product","link":"https:\/\/www.kabelbomen.com\/tr\/product\/dak-kabelboom-traction-avant-11b-familiale-commerciale\/","title":{"rendered":"Tavan kablo demeti Traction Avant 11B Familiale \/ Commerciale"},"content":{"rendered":"<p>Citro\u00ebn Traction Avant 11B Familiale veya Commerciale'de di\u011fer \u015feylerin yan\u0131 s\u0131ra tavan lambas\u0131, depo \u015famand\u0131ras\u0131, B s\u00fctunu park lambalar\u0131 ve C s\u00fctunu g\u00f6stergeleri i\u00e7in kablo demeti. Bu kablo demetine tavan kablo demeti de denir.<\/p>\n<p>Ayr\u0131ca \u015fu sistemlerle aray\u00fcz olu\u015fturmaya yarar <a href=\"https:\/\/www.kabelbomen.com\/tr\/webshop\/bagaj-kablo-demeti%cc%87-traction-avant-11bl-bn-15-six\/\">arka lambalar i\u00e7in \u00f6ny\u00fckleme kablo demeti<\/a>.<\/p>\n<p>Bununla birlikte, t\u00fcm y\u0131llar ve t\u00fcm Citro\u00ebn Traction Avant tipleri i\u00e7in akla gelebilecek her t\u00fcrl\u00fc kablo demetini, m\u00fc\u015fterinin ihtiya\u00e7 duydu\u011fu her t\u00fcrl\u00fc modifikasyonla birlikte tedarik ediyoruz.<\/p>\n<p>Sorular\u0131n\u0131z veya \u00f6zel bir sipari\u015f i\u00e7in l\u00fctfen <a href=\"https:\/\/www.kabelbomen.com\/tr\/iletisim\/\">\u0130leti\u015fim<\/a>\u00a0Bizimle birlikte.<\/p>\n<p>Foto\u011fraf farkl\u0131l\u0131k g\u00f6sterebilir.<\/p>","protected":false},"excerpt":{"rendered":"<p>Citro\u00ebn Traction Avant 11 Familiale veya Commerciale i\u00e7in tavan kablo demeti.<\/p>\n<p>Se\u00e7iminizi a\u015fa\u011f\u0131dan yap\u0131n.<\/p>","protected":false},"featured_media":8597,"comment_status":"open","ping_status":"closed","template":"","meta":[],"product_brand":[],"product_cat":[56,38],"product_tag":[75,78,74,57,34],"hf_cat_product":[252],"class_list":{"0":"post-3469","1":"product","2":"type-product","3":"status-publish","4":"has-post-thumbnail","6":"product_cat-citroen-traction-avant","7":"product_cat-kabelbomen","8":"product_tag-citroen-traction-avant-15-six","9":"product_tag-citroen-traction-avant-commerciale","10":"product_tag-citroen-traction-avant-familiale","11":"product_tag-dakboom","12":"product_tag-kabelboom","14":"first","15":"instock","16":"taxable","17":"shipping-taxable","18":"purchasable","19":"product-type-variable","20":"has-default-attributes"},"_links":{"self":[{"href":"https:\/\/www.kabelbomen.com\/tr\/wp-json\/wp\/v2\/product\/3469","targetHints":{"allow":["GET"]}}],"collection":[{"href":"https:\/\/www.kabelbomen.com\/tr\/wp-json\/wp\/v2\/product"}],"about":[{"href":"https:\/\/www.kabelbomen.com\/tr\/wp-json\/wp\/v2\/types\/product"}],"replies":[{"embeddable":true,"href":"https:\/\/www.kabelbomen.com\/tr\/wp-json\/wp\/v2\/comments?post=3469"}],"version-history":[{"count":1,"href":"https:\/\/www.kabelbomen.com\/tr\/wp-json\/wp\/v2\/product\/3469\/revisions"}],"predecessor-version":[{"id":16987,"href":"https:\/\/www.kabelbomen.com\/tr\/wp-json\/wp\/v2\/product\/3469\/revisions\/16987"}],"wp:featuredmedia":[{"embeddable":true,"href":"https:\/\/www.kabelbomen.com\/tr\/wp-json\/wp\/v2\/media\/8597"}],"wp:attachment":[{"href":"https:\/\/www.kabelbomen.com\/tr\/wp-json\/wp\/v2\/media?parent=3469"}],"wp:term":[{"taxonomy":"product_brand","embeddable":true,"href":"https:\/\/www.kabelbomen.com\/tr\/wp-json\/wp\/v2\/product_brand?post=3469"},{"taxonomy":"product_cat","embeddable":true,"href":"https:\/\/www.kabelbomen.com\/tr\/wp-json\/wp\/v2\/product_cat?post=3469"},{"taxonomy":"product_tag","embeddable":true,"href":"https:\/\/www.kabelbomen.com\/tr\/wp-json\/wp\/v2\/product_tag?post=3469"},{"taxonomy":"hf_cat_product","embeddable":true,"href":"https:\/\/www.kabelbomen.com\/tr\/wp-json\/wp\/v2\/hf_cat_product?post=3469"}],"curies":[{"name":"wp","href":"https:\/\/api.w.org\/{rel}","templated":true}]}}