{"id":3460,"date":"2020-04-27T11:58:31","date_gmt":"2020-04-27T09:58:31","guid":{"rendered":"https:\/\/www.kabelbomen.com\/?post_type=product&#038;p=3460"},"modified":"2025-07-09T13:32:08","modified_gmt":"2025-07-09T11:32:08","slug":"tavan-kablo-demeti-traction-avant-11bl-11bn-1952ye-kadar","status":"publish","type":"product","link":"https:\/\/www.kabelbomen.com\/tr\/product\/dak-kabelboom-traction-avant-11bl-11bn-tot-1952\/","title":{"rendered":"Tavan kablo demeti Traction Avant 11BL veya 11BN '52'ye kadar"},"content":{"rendered":"<p>Di\u011fer \u015feylerin yan\u0131 s\u0131ra, 1952'ye kadar olan yap\u0131m y\u0131llar\u0131n\u0131n Citro\u00ebn Traction Avant 11BL veya 11BN'sinde tavan lambas\u0131n\u0131n, depo \u015famand\u0131ras\u0131n\u0131n, B s\u00fctunundaki park lambalar\u0131n\u0131n ve C s\u00fctunundaki g\u00f6stergelerin ayd\u0131nlatmas\u0131 i\u00e7in kablo demeti. Tavan a\u011fac\u0131 olarak da adland\u0131r\u0131l\u0131r.<\/p>\n<p>Ayr\u0131ca \u015fu sistemlerle aray\u00fcz olu\u015fturmaya yarar <a href=\"https:\/\/www.kabelbomen.com\/tr\/webshop\/bagaj-kablo-demeti%cc%87-traction-avant-11bl-bn-15-six\/\">arka lambalar i\u00e7in \u00f6ny\u00fckleme kablo demeti<\/a>.<\/p>\n<p>1952'ye kadar d\u00f6n\u00fc\u015f sinyalleri tak\u0131lmam\u0131\u015ft\u0131r. Elbette standart 5 pimli blo\u011fa ek olarak bunlar\u0131 da ekledik. Bunlar bir erkek\/di\u015fi ba\u011flant\u0131 arac\u0131l\u0131\u011f\u0131yla do\u011frudan g\u00f6sterge paneli a\u011fac\u0131m\u0131za ba\u011flanabilir. G\u00fcvenilir bir ba\u011flant\u0131 i\u00e7in topraklama kablolar\u0131 da mevcuttur.<\/p>\n<p>Bununla birlikte, t\u00fcm y\u0131llar ve t\u00fcm Citro\u00ebn Traction Avant tipleri i\u00e7in akla gelebilecek her t\u00fcrl\u00fc kablo demetini, m\u00fc\u015fterinin ihtiya\u00e7 duydu\u011fu her t\u00fcrl\u00fc modifikasyonla birlikte tedarik ediyoruz.<\/p>\n<p>Sorular\u0131n\u0131z veya \u00f6zel bir sipari\u015f i\u00e7in l\u00fctfen <a href=\"https:\/\/www.kabelbomen.com\/tr\/iletisim\/\">\u0130leti\u015fim<\/a>\u00a0Bizimle birlikte.<\/p>\n<p>Foto\u011fraf farkl\u0131l\u0131k g\u00f6sterebilir.<\/p>","protected":false},"excerpt":{"rendered":"<p>Citro\u00ebn Traction Avant 11BL veya 11BN i\u00e7in 1952'ye kadar olan yap\u0131lara y\u00f6nelik tavan kablo demeti.<\/p>\n<p>Ayr\u0131ca arka lambalarla ba\u011flant\u0131 kurmaya yarar.<\/p>\n<p>A\u015fa\u011f\u0131dan 11BL veya 11BN se\u00e7iminizi yap\u0131n.<\/p>","protected":false},"featured_media":12383,"comment_status":"open","ping_status":"closed","template":"","meta":[],"product_brand":[],"product_cat":[56,38],"product_tag":[69,70,57,34],"hf_cat_product":[252],"class_list":{"0":"post-3460","1":"product","2":"type-product","3":"status-publish","4":"has-post-thumbnail","6":"product_cat-citroen-traction-avant","7":"product_cat-kabelbomen","8":"product_tag-citroen-traction-avant-11bl","9":"product_tag-citroen-traction-avant-11bn","10":"product_tag-dakboom","11":"product_tag-kabelboom","13":"first","14":"instock","15":"taxable","16":"shipping-taxable","17":"purchasable","18":"product-type-variable","19":"has-default-attributes"},"_links":{"self":[{"href":"https:\/\/www.kabelbomen.com\/tr\/wp-json\/wp\/v2\/product\/3460","targetHints":{"allow":["GET"]}}],"collection":[{"href":"https:\/\/www.kabelbomen.com\/tr\/wp-json\/wp\/v2\/product"}],"about":[{"href":"https:\/\/www.kabelbomen.com\/tr\/wp-json\/wp\/v2\/types\/product"}],"replies":[{"embeddable":true,"href":"https:\/\/www.kabelbomen.com\/tr\/wp-json\/wp\/v2\/comments?post=3460"}],"version-history":[{"count":1,"href":"https:\/\/www.kabelbomen.com\/tr\/wp-json\/wp\/v2\/product\/3460\/revisions"}],"predecessor-version":[{"id":16988,"href":"https:\/\/www.kabelbomen.com\/tr\/wp-json\/wp\/v2\/product\/3460\/revisions\/16988"}],"wp:featuredmedia":[{"embeddable":true,"href":"https:\/\/www.kabelbomen.com\/tr\/wp-json\/wp\/v2\/media\/12383"}],"wp:attachment":[{"href":"https:\/\/www.kabelbomen.com\/tr\/wp-json\/wp\/v2\/media?parent=3460"}],"wp:term":[{"taxonomy":"product_brand","embeddable":true,"href":"https:\/\/www.kabelbomen.com\/tr\/wp-json\/wp\/v2\/product_brand?post=3460"},{"taxonomy":"product_cat","embeddable":true,"href":"https:\/\/www.kabelbomen.com\/tr\/wp-json\/wp\/v2\/product_cat?post=3460"},{"taxonomy":"product_tag","embeddable":true,"href":"https:\/\/www.kabelbomen.com\/tr\/wp-json\/wp\/v2\/product_tag?post=3460"},{"taxonomy":"hf_cat_product","embeddable":true,"href":"https:\/\/www.kabelbomen.com\/tr\/wp-json\/wp\/v2\/hf_cat_product?post=3460"}],"curies":[{"name":"wp","href":"https:\/\/api.w.org\/{rel}","templated":true}]}}