{"id":3279,"date":"2020-04-25T13:03:51","date_gmt":"2020-04-25T11:03:51","guid":{"rendered":"https:\/\/www.kabelbomen.com\/?post_type=product&#038;p=3279"},"modified":"2025-07-13T12:27:39","modified_gmt":"2025-07-13T10:27:39","slug":"kablo-demeti-seti-citroen-traction-avant-11bl-1952-sonrasi","status":"publish","type":"product","link":"https:\/\/www.kabelbomen.com\/tr\/product\/kabelboom-set-citroen-traction-avant-11bl-na-1952\/","title":{"rendered":"Kablo demeti seti Citro\u00ebn Traction Avant 11BL '52'den sonra"},"content":{"rendered":"<p>1952'den sonra \u00fcretilen Citro\u00ebn Traction Avant 11BL i\u00e7in komple kablo demeti seti.<\/p>\n<p>Montaj i\u00e7in uygun ve haz\u0131r.<\/p>\n<p>Traction Avant'nin bu versiyonuna 'Bavul' lakab\u0131 da tak\u0131ld\u0131 \u00e7\u00fcnk\u00fc stepne art\u0131k bagaja yerle\u015ftiriliyordu. T\u00fcm kablolar bu versiyon i\u00e7in \u00f6zel olarak \u00fcretilmi\u015ftir.<\/p>\n<p>Eksiksiz bir kablolama seti \u015funlardan olu\u015fur:<\/p>\n<ul>\n<li>2 Far par\u00e7as\u0131 L &amp; R, topraklama kablolar\u0131yla birlikte<\/li>\n<li>Alternat\u00f6r kablo demeti<\/li>\n<li>G\u00f6sterge paneli kablo demeti<\/li>\n<li>Tavan kablo demeti<\/li>\n<li>Topraklama kablolar\u0131 ile arka kablo demeti<\/li>\n<li>E\u015fle\u015fen elektrik \u015femas\u0131<\/li>\n<li>Kurulum k\u0131lavuzu<\/li>\n<\/ul>\n<p>&nbsp;<\/p>\n<p>Bunlar, Traction Avant 11BL'nizi tamamen yeniden kablolamak i\u00e7in ihtiyac\u0131n\u0131z olan t\u00fcm kablo demetleridir.<\/p>\n<p>G\u00fczel bir klasik g\u00f6r\u00fcn\u00fcm ve garantili uzun bir hizmet \u00f6mr\u00fc i\u00e7in her \u015fey orijinal renklerde yal\u0131t\u0131m ve b\u00fcz\u00fclme borular\u0131 ile profesyonelce tamamlanm\u0131\u015ft\u0131r.<\/p>\n<p>Arka sis lambas\u0131, spot \u0131\u015f\u0131klar\u0131 gibi ek \u0131\u015f\u0131klar gibi ek gereksinimleriniz var m\u0131?<\/p>\n<p>L\u00fctfen \u00f6deme s\u0131ras\u0131nda yorumlarda gereksinimlerinizi belirtin.<\/p>\n<p>Gerekli ayarlamalar\u0131 sizinle g\u00f6r\u00fc\u015febilmemiz i\u00e7in sizinle ileti\u015fime ge\u00e7ece\u011fiz.<\/p>\n<p>\u00dcr\u00fcn foto\u011fraf\u0131 farkl\u0131l\u0131k g\u00f6sterebilir.<\/p>","protected":false},"excerpt":{"rendered":"<p>1952 sonras\u0131 Citro\u00ebn Traction Avant 11 BL i\u00e7in kablo demeti seti.<\/p>\n<p>100% yeni el yap\u0131m\u0131 ve tak\u0131lmaya haz\u0131r.<\/p>\n<p>T\u00fcm kablo delikleri Citro\u00ebn'nin orijinal renklerinde \u0131s\u0131 b\u00fcz\u00fc\u015fmeli makaronlarla donat\u0131lm\u0131\u015ft\u0131r.<\/p>\n<p>&nbsp;<\/p>","protected":false},"featured_media":8437,"comment_status":"open","ping_status":"closed","template":"","meta":[],"product_brand":[],"product_cat":[76,56,38],"product_tag":[69,68],"hf_cat_product":[252],"class_list":{"0":"post-3279","1":"product","2":"type-product","3":"status-publish","4":"has-post-thumbnail","6":"product_cat-kabelboom-sets","7":"product_cat-citroen-traction-avant","8":"product_cat-kabelbomen","9":"product_tag-citroen-traction-avant-11bl","10":"product_tag-kabelboom-set","11":"product_shipping_class-groot-pakket","13":"first","14":"instock","15":"taxable","16":"shipping-taxable","17":"purchasable","18":"product-type-simple"},"_links":{"self":[{"href":"https:\/\/www.kabelbomen.com\/tr\/wp-json\/wp\/v2\/product\/3279","targetHints":{"allow":["GET"]}}],"collection":[{"href":"https:\/\/www.kabelbomen.com\/tr\/wp-json\/wp\/v2\/product"}],"about":[{"href":"https:\/\/www.kabelbomen.com\/tr\/wp-json\/wp\/v2\/types\/product"}],"replies":[{"embeddable":true,"href":"https:\/\/www.kabelbomen.com\/tr\/wp-json\/wp\/v2\/comments?post=3279"}],"version-history":[{"count":1,"href":"https:\/\/www.kabelbomen.com\/tr\/wp-json\/wp\/v2\/product\/3279\/revisions"}],"predecessor-version":[{"id":17012,"href":"https:\/\/www.kabelbomen.com\/tr\/wp-json\/wp\/v2\/product\/3279\/revisions\/17012"}],"wp:featuredmedia":[{"embeddable":true,"href":"https:\/\/www.kabelbomen.com\/tr\/wp-json\/wp\/v2\/media\/8437"}],"wp:attachment":[{"href":"https:\/\/www.kabelbomen.com\/tr\/wp-json\/wp\/v2\/media?parent=3279"}],"wp:term":[{"taxonomy":"product_brand","embeddable":true,"href":"https:\/\/www.kabelbomen.com\/tr\/wp-json\/wp\/v2\/product_brand?post=3279"},{"taxonomy":"product_cat","embeddable":true,"href":"https:\/\/www.kabelbomen.com\/tr\/wp-json\/wp\/v2\/product_cat?post=3279"},{"taxonomy":"product_tag","embeddable":true,"href":"https:\/\/www.kabelbomen.com\/tr\/wp-json\/wp\/v2\/product_tag?post=3279"},{"taxonomy":"hf_cat_product","embeddable":true,"href":"https:\/\/www.kabelbomen.com\/tr\/wp-json\/wp\/v2\/hf_cat_product?post=3279"}],"curies":[{"name":"wp","href":"https:\/\/api.w.org\/{rel}","templated":true}]}}