{"id":2673,"date":"2020-03-25T14:03:10","date_gmt":"2020-03-25T13:03:10","guid":{"rendered":"https:\/\/www.kabelbomen.com\/?post_type=product&#038;p=2673"},"modified":"2026-03-15T12:20:09","modified_gmt":"2026-03-15T11:20:09","slug":"gosterge-paneli%cc%87-kablo-demeti%cc%87-traction-avant-11bl-11bn-1952-sonrasi","status":"publish","type":"product","link":"https:\/\/www.kabelbomen.com\/tr\/product\/dashboard-kabelboom-traction-avant-11bl-11bn-na-1952\/","title":{"rendered":"G\u00f6sterge paneli kablo demeti Traction Avant 11BL \/ 11BN '52'den sonra"},"content":{"rendered":"<p>1952'den sonra Citro\u00ebn Traction Avant 11BL veya 11BN i\u00e7in g\u00f6sterge tablosu kablo demeti.<\/p>\n<p>11 BL (bavul) 1952 - 1957<\/p>\n<p>11 BN (bavul) 1952 - 1957<\/p>\n<p><a href=\"https:\/\/www.kabelbomen.com\/tr\/webshop\/gosterge-paneli%cc%87-kablo-demeti%cc%87-traction-avant-11bl-11bn-1952ye-kadar\/\">G\u00f6sterge paneli kablo demeti Traction Avant ila 1952<\/a> bulacaks\u0131n <a href=\"https:\/\/www.kabelbomen.com\/tr\/webshop\/gosterge-paneli%cc%87-kablo-demeti%cc%87-traction-avant-11bl-11bn-1952ye-kadar\/\">Burada<\/a>.<\/p>\n<p>Bununla birlikte, t\u00fcm y\u0131llar ve t\u00fcm Citro\u00ebn Traction Avant tipleri i\u00e7in akla gelebilecek her t\u00fcrl\u00fc kablo demetini, m\u00fc\u015fterinin ihtiya\u00e7 duydu\u011fu \u00f6zel modifikasyonlarla birlikte tedarik ediyoruz. Sorular\u0131n\u0131z veya \u00f6zel bir sipari\u015f i\u00e7in l\u00fctfen <a href=\"https:\/\/www.kabelbomen.com\/tr\/iletisim\/\">\u0130leti\u015fim<\/a>\u00a0Bizimle birlikte.<\/p>","protected":false},"excerpt":{"rendered":"<p>1952'den sonra Citro\u00ebn Traction Avant 11BL veya 11BN i\u00e7in g\u00f6sterge tablosu kablo demeti.<\/p>\n<p>A\u015fa\u011f\u0131dan 11BL veya 11BN se\u00e7iminizi yap\u0131n:<\/p>","protected":false},"featured_media":9018,"comment_status":"open","ping_status":"closed","template":"","meta":[],"product_brand":[],"product_cat":[56,38],"product_tag":[69,70,62,34],"hf_cat_product":[252],"class_list":{"0":"post-2673","1":"product","2":"type-product","3":"status-publish","4":"has-post-thumbnail","6":"product_cat-citroen-traction-avant","7":"product_cat-kabelbomen","8":"product_tag-citroen-traction-avant-11bl","9":"product_tag-citroen-traction-avant-11bn","10":"product_tag-dashboardboom","11":"product_tag-kabelboom","12":"product_shipping_class-groot-pakket","14":"first","15":"instock","16":"taxable","17":"shipping-taxable","18":"purchasable","19":"product-type-variable","20":"has-default-attributes"},"_links":{"self":[{"href":"https:\/\/www.kabelbomen.com\/tr\/wp-json\/wp\/v2\/product\/2673","targetHints":{"allow":["GET"]}}],"collection":[{"href":"https:\/\/www.kabelbomen.com\/tr\/wp-json\/wp\/v2\/product"}],"about":[{"href":"https:\/\/www.kabelbomen.com\/tr\/wp-json\/wp\/v2\/types\/product"}],"replies":[{"embeddable":true,"href":"https:\/\/www.kabelbomen.com\/tr\/wp-json\/wp\/v2\/comments?post=2673"}],"version-history":[{"count":1,"href":"https:\/\/www.kabelbomen.com\/tr\/wp-json\/wp\/v2\/product\/2673\/revisions"}],"predecessor-version":[{"id":16991,"href":"https:\/\/www.kabelbomen.com\/tr\/wp-json\/wp\/v2\/product\/2673\/revisions\/16991"}],"wp:featuredmedia":[{"embeddable":true,"href":"https:\/\/www.kabelbomen.com\/tr\/wp-json\/wp\/v2\/media\/9018"}],"wp:attachment":[{"href":"https:\/\/www.kabelbomen.com\/tr\/wp-json\/wp\/v2\/media?parent=2673"}],"wp:term":[{"taxonomy":"product_brand","embeddable":true,"href":"https:\/\/www.kabelbomen.com\/tr\/wp-json\/wp\/v2\/product_brand?post=2673"},{"taxonomy":"product_cat","embeddable":true,"href":"https:\/\/www.kabelbomen.com\/tr\/wp-json\/wp\/v2\/product_cat?post=2673"},{"taxonomy":"product_tag","embeddable":true,"href":"https:\/\/www.kabelbomen.com\/tr\/wp-json\/wp\/v2\/product_tag?post=2673"},{"taxonomy":"hf_cat_product","embeddable":true,"href":"https:\/\/www.kabelbomen.com\/tr\/wp-json\/wp\/v2\/hf_cat_product?post=2673"}],"curies":[{"name":"wp","href":"https:\/\/api.w.org\/{rel}","templated":true}]}}