{"id":2663,"date":"2020-03-25T13:21:37","date_gmt":"2020-03-25T12:21:37","guid":{"rendered":"https:\/\/www.kabelbomen.com\/?post_type=product&#038;p=2663"},"modified":"2025-07-09T13:33:16","modified_gmt":"2025-07-09T11:33:16","slug":"tavan-kablo-demeti%cc%87-traction-avant-11bl-11bn-1952-ve-15-six-sonrasi","status":"publish","type":"product","link":"https:\/\/www.kabelbomen.com\/tr\/product\/dak-kabelboom-traction-avant-11bl-11bn-na-1952-en-15-six\/","title":{"rendered":"Tavan kablo demeti Traction Avant 11BL veya 11BN '52 \/ 15-Six'ten sonra"},"content":{"rendered":"<p>1952'den itibaren Citro\u00ebn Traction Avant 11BL veya 11BN'de di\u011fer \u015feylerin yan\u0131 s\u0131ra tavan lambas\u0131, depo \u015famand\u0131ras\u0131, B s\u00fctunu park lambalar\u0131 ve C s\u00fctunu g\u00f6stergeleri i\u00e7in kablo demeti. Tavan a\u011fac\u0131 olarak da adland\u0131r\u0131l\u0131r.<\/p>\n<p>11BN ayn\u0131 zamanda 15-Six i\u00e7in de ge\u00e7erlidir.<\/p>\n<p>Ayr\u0131ca \u015fu sistemlerle aray\u00fcz olu\u015fturmaya yarar <a href=\"https:\/\/www.kabelbomen.com\/tr\/webshop\/bagaj-kablo-demeti%cc%87-traction-avant-11bl-bn-15-six\/\">arka lambalar i\u00e7in \u00f6ny\u00fckleme kablo demeti<\/a><\/p>\n<p>Bununla birlikte, t\u00fcm y\u0131llar ve t\u00fcm Citro\u00ebn Traction Avant tipleri i\u00e7in akla gelebilecek her t\u00fcrl\u00fc kablo demetini, m\u00fc\u015fterinin ihtiya\u00e7 duydu\u011fu her t\u00fcrl\u00fc modifikasyonla birlikte tedarik ediyoruz.<\/p>\n<p>Sorular\u0131n\u0131z veya \u00f6zel bir sipari\u015f i\u00e7in l\u00fctfen <a href=\"https:\/\/www.kabelbomen.com\/tr\/iletisim\/\">\u0130leti\u015fim<\/a>\u00a0Bizimle birlikte.<\/p>\n<p>Foto\u011fraf farkl\u0131l\u0131k g\u00f6sterebilir.<\/p>","protected":false},"excerpt":{"rendered":"<p>1952 sonras\u0131 Citro\u00ebn Traction Avant 11BL veya 11BN i\u00e7in tavan kablo demeti.<\/p>\n<p>11BN tavan kablo demeti 15-Six i\u00e7in de ge\u00e7erlidir.<\/p>\n<p>Ama a\u015fa\u011f\u0131da se\u00e7im sizin.<\/p>","protected":false},"featured_media":8588,"comment_status":"open","ping_status":"closed","template":"","meta":[],"product_brand":[],"product_cat":[56,38],"product_tag":[69,70,75,57,34],"hf_cat_product":[252],"class_list":{"0":"post-2663","1":"product","2":"type-product","3":"status-publish","4":"has-post-thumbnail","6":"product_cat-citroen-traction-avant","7":"product_cat-kabelbomen","8":"product_tag-citroen-traction-avant-11bl","9":"product_tag-citroen-traction-avant-11bn","10":"product_tag-citroen-traction-avant-15-six","11":"product_tag-dakboom","12":"product_tag-kabelboom","13":"product_shipping_class-groot-pakket","15":"first","16":"instock","17":"taxable","18":"shipping-taxable","19":"purchasable","20":"product-type-variable","21":"has-default-attributes"},"_links":{"self":[{"href":"https:\/\/www.kabelbomen.com\/tr\/wp-json\/wp\/v2\/product\/2663","targetHints":{"allow":["GET"]}}],"collection":[{"href":"https:\/\/www.kabelbomen.com\/tr\/wp-json\/wp\/v2\/product"}],"about":[{"href":"https:\/\/www.kabelbomen.com\/tr\/wp-json\/wp\/v2\/types\/product"}],"replies":[{"embeddable":true,"href":"https:\/\/www.kabelbomen.com\/tr\/wp-json\/wp\/v2\/comments?post=2663"}],"version-history":[{"count":1,"href":"https:\/\/www.kabelbomen.com\/tr\/wp-json\/wp\/v2\/product\/2663\/revisions"}],"predecessor-version":[{"id":16989,"href":"https:\/\/www.kabelbomen.com\/tr\/wp-json\/wp\/v2\/product\/2663\/revisions\/16989"}],"wp:featuredmedia":[{"embeddable":true,"href":"https:\/\/www.kabelbomen.com\/tr\/wp-json\/wp\/v2\/media\/8588"}],"wp:attachment":[{"href":"https:\/\/www.kabelbomen.com\/tr\/wp-json\/wp\/v2\/media?parent=2663"}],"wp:term":[{"taxonomy":"product_brand","embeddable":true,"href":"https:\/\/www.kabelbomen.com\/tr\/wp-json\/wp\/v2\/product_brand?post=2663"},{"taxonomy":"product_cat","embeddable":true,"href":"https:\/\/www.kabelbomen.com\/tr\/wp-json\/wp\/v2\/product_cat?post=2663"},{"taxonomy":"product_tag","embeddable":true,"href":"https:\/\/www.kabelbomen.com\/tr\/wp-json\/wp\/v2\/product_tag?post=2663"},{"taxonomy":"hf_cat_product","embeddable":true,"href":"https:\/\/www.kabelbomen.com\/tr\/wp-json\/wp\/v2\/hf_cat_product?post=2663"}],"curies":[{"name":"wp","href":"https:\/\/api.w.org\/{rel}","templated":true}]}}