{"id":2608,"date":"2020-03-24T21:27:19","date_gmt":"2020-03-24T20:27:19","guid":{"rendered":"https:\/\/www.kabelbomen.com\/?post_type=product&#038;p=2608"},"modified":"2025-08-01T21:51:45","modified_gmt":"2025-08-01T19:51:45","slug":"bagaj-kablo-demeti%cc%87-traction-avant-11bl-bn-15-six","status":"publish","type":"product","link":"https:\/\/www.kabelbomen.com\/tr\/product\/kofferbak-kabelboom-traction-avant-11bl-bn-15-six\/","title":{"rendered":"Arka lamba kablo demeti Traction Avant 11BL veya 11BN '52 \/ 15-Six'ten sonra"},"content":{"rendered":"<p>Citro\u00ebn Traction Avant 11BL veya 1952 model y\u0131l\u0131 sonras\u0131 11BN'deki arka \u0131\u015f\u0131klar i\u00e7in bagaj \/ bagaj kapa\u011f\u0131 kablo demeti olarak da adland\u0131r\u0131lan arka \u0131\u015f\u0131k kablo demeti. 11BN, 15-Six \u00fczerinde de kullan\u0131labilir.<\/p>\n<p>Bunlar\u0131n, stepnenin alt\u0131nda oldu\u011fu bir arka bagaj kapa\u011f\u0131 vard\u0131r. 11BL versiyonu biraz daha dard\u0131r, bu nedenle kablo demeti biraz farkl\u0131 bir boyuta sahiptir. Bu nedenle \u00f6zel kablo demetinizi se\u00e7ebilirsiniz.<\/p>\n<p>Kablo demeti a\u015fa\u011f\u0131daki t\u00fcketicileri kontrol eder:<\/p>\n<ul>\n<li>Plaka lambas\u0131<\/li>\n<li>Fren lambas\u0131 solda<\/li>\n<li>Sa\u011f fren lambas\u0131<\/li>\n<li>Sol arka lamba<\/li>\n<li>Sa\u011f arka lamba<\/li>\n<li>Y\u00f6n g\u00f6stergesi sa\u011f arka<\/li>\n<\/ul>\n<p>&nbsp;<\/p>\n<h5><strong>Arka plan bilgileri arka \u0131\u015f\u0131k kablo demeti Traction Avant<\/strong><\/h5>\n<p>1952 y\u0131l\u0131na kadar plaka sol kanada yerle\u015ftiriliyordu. Plaka, farlarla ayn\u0131 ampul taraf\u0131ndan ayd\u0131nlat\u0131l\u0131yordu. Ayr\u0131 bir arka \u0131\u015f\u0131k kablo demeti yoktu. Farlar ve fren lambalar\u0131 do\u011frudan tavan kablo demetinden ba\u011flan\u0131yordu.<\/p>\n<p>1952'de Traction Avant'de bir\u00e7ok de\u011fi\u015fiklik yap\u0131ld\u0131. \u00d6rne\u011fin, 'tekerlek' bir bagaj haline geldi. B\u00f6ylece stepne bagaj\u0131n i\u00e7ine girdi. Plaka bagaj k\u0131sm\u0131na ta\u015f\u0131nd\u0131 ve plaka \u0131\u015f\u0131klar\u0131 da \u00fczerine yerle\u015ftirildi. O andan itibaren <a href=\"https:\/\/www.kabelbomen.com\/tr\/webshop\/tavan-kablo-demeti-traction-avant-11bl-11bn-1952ye-kadar\/\">tavan kablo demeti<\/a> arka paket raf\u0131n\u0131n yan\u0131nda sol arka. Buraya, arka arka lambalar\u0131, fren lambalar\u0131n\u0131 ve sa\u011f arka taraftaki d\u00f6n\u00fc\u015f sinyallerini kontrol eden arka \u0131\u015f\u0131k kablo demetinin ba\u011fland\u0131\u011f\u0131 3 pimli bir soket blo\u011fu yerle\u015ftirilmi\u015ftir. Resimde g\u00f6rd\u00fc\u011f\u00fcn\u00fcz kablo demeti budur.<\/p>\n<p>1952 sonras\u0131 durum \u00e7ok daha iyidir, bu y\u00fczden bunu 1952 \u00f6ncesi \u0130\u015flemlere uyguluyoruz.<br \/>\n1952'ye kadar olan model y\u0131llar\u0131nda d\u00f6n\u00fc\u015f sinyalleri olmad\u0131\u011f\u0131ndan, bu kablolar\u0131n nereye yerle\u015ftirilece\u011fi tart\u0131\u015f\u0131ld\u0131ktan sonra eklenmesi gerekecektir. Genellikle C s\u00fctununa yerle\u015ftirilirler, ancak bazen orijinallik ad\u0131na arka tampona veya kanattaki farlar ve fren lambalar\u0131yla ayn\u0131 muhafazaya yerle\u015ftirilirler.<\/p>\n<p>&nbsp;<\/p>\n<h5><strong>Bagaj kapa\u011f\u0131n\u0131n \u00e7\u0131kar\u0131lmas\u0131\u00a0<\/strong><\/h5>\n<p>Kablolar\u0131 bagajdan ay\u0131rmadan bagaj kapa\u011f\u0131n\u0131n s\u00f6k\u00fclmesini sa\u011flamak i\u00e7in, plaka lambas\u0131na giden kola bir fi\u015f ba\u011flant\u0131s\u0131 tak\u0131lm\u0131\u015ft\u0131r. Bu, resimde g\u00f6sterilen kablo demetidir.<br \/>\nHer durumda, arka sol, arka sa\u011f ve bagajdaki plaka lambalar\u0131na giden topraklama kablolar\u0131 vard\u0131r.<br \/>\nBagaj mente\u015feleri ve kilit mandal\u0131 \u00fczerinden yap\u0131lan toprak ba\u011flant\u0131s\u0131n\u0131n g\u00fcvenilmez bir ba\u011flant\u0131 oldu\u011fu ve neredeyse her zaman yan\u0131p s\u00f6nen \u0131\u015f\u0131klar verdi\u011fi kan\u0131tlanm\u0131\u015ft\u0131r.<\/p>\n<p>&nbsp;<\/p>\n<h5><strong>\u00d6zel durumlar<\/strong><\/h5>\n<p>1952 \u00f6ncesi baz\u0131 Traksiyonlar\u0131n C s\u00fctununda Jokeyler vard\u0131r. Genellikle ara\u00e7 yola \u00e7\u0131kmadan \u00f6nce tak\u0131l\u0131r. Jokey, bir yuvada bir g\u00f6sterge ve bir park lambas\u0131n\u0131n birle\u015fimidir. Bu durumda park lambalar\u0131 i\u00e7in iki kabloya daha ihtiya\u00e7 vard\u0131r.<\/p>\n<p>Bir de Traction Avant Commerciale'nin s\u0131ra d\u0131\u015f\u0131 durumu var. O zamanlar bu ara\u00e7 kamyon ve ambulans olarak da kullan\u0131l\u0131yordu. Arka koli raf\u0131n\u0131n bulunmamas\u0131 nedeniyle, burada \u00f6zellikle bu model i\u00e7in bir arka \u0131\u015f\u0131k kablo demeti ile kar\u015f\u0131 kar\u015f\u0131yay\u0131z.<\/p>\n<p>Bununla birlikte, t\u00fcm y\u0131llar ve t\u00fcm Citro\u00ebn Traction Avant tipleri i\u00e7in akla gelebilecek her t\u00fcrl\u00fc kablo demetini, m\u00fc\u015fterinin ihtiya\u00e7 duydu\u011fu \u00f6zel modifikasyonlarla birlikte tedarik ediyoruz.<\/p>\n<p>Sorular\u0131n\u0131z veya \u00f6zel bir sipari\u015f i\u00e7in l\u00fctfen <a href=\"https:\/\/www.kabelbomen.com\/tr\/iletisim\/\">\u0130leti\u015fim<\/a> Bizimle birlikte.<\/p>","protected":false},"excerpt":{"rendered":"<p>Arka \u0131\u015f\u0131k kablo demeti, bagaj \/ bagaj kapa\u011f\u0131 kablo demeti olarak da adland\u0131r\u0131l\u0131r. \u00d6zellikle 1952 \/ 15-Six sonras\u0131 Citro\u00ebn Traction Avant 11BL veya 11BN \u00fczerindeki arka lambalar i\u00e7in.<\/p>\n<p>Plaka lambas\u0131 kablo tesisat\u0131, bir fi\u015f ba\u011flant\u0131s\u0131 arac\u0131l\u0131\u011f\u0131yla kolayca s\u00f6k\u00fclebilecek \u015fekilde yap\u0131lm\u0131\u015ft\u0131r. Bu, daha sonra t\u00fcm kablolar\u0131 s\u00f6kmek zorunda kalmadan bagaj kapa\u011f\u0131n\u0131 kolayca s\u00f6kmenize olanak tan\u0131r.<\/p>\n<p>Kanatlara giden topraklama kablolar\u0131 da dahil.<\/p>\n<p style=\"font-weight: 400;\">","protected":false},"featured_media":17066,"comment_status":"open","ping_status":"closed","template":"","meta":[],"product_brand":[],"product_cat":[56,38],"product_tag":[175,69,70,75,34,58],"hf_cat_product":[252],"class_list":{"0":"post-2608","1":"product","2":"type-product","3":"status-publish","4":"has-post-thumbnail","6":"product_cat-citroen-traction-avant","7":"product_cat-kabelbomen","8":"product_tag-achterlichtboom","9":"product_tag-citroen-traction-avant-11bl","10":"product_tag-citroen-traction-avant-11bn","11":"product_tag-citroen-traction-avant-15-six","12":"product_tag-kabelboom","13":"product_tag-kofferbak-kabelboom","14":"product_shipping_class-groot-pakket","16":"first","17":"instock","18":"taxable","19":"shipping-taxable","20":"purchasable","21":"product-type-variable","22":"has-default-attributes"},"_links":{"self":[{"href":"https:\/\/www.kabelbomen.com\/tr\/wp-json\/wp\/v2\/product\/2608","targetHints":{"allow":["GET"]}}],"collection":[{"href":"https:\/\/www.kabelbomen.com\/tr\/wp-json\/wp\/v2\/product"}],"about":[{"href":"https:\/\/www.kabelbomen.com\/tr\/wp-json\/wp\/v2\/types\/product"}],"replies":[{"embeddable":true,"href":"https:\/\/www.kabelbomen.com\/tr\/wp-json\/wp\/v2\/comments?post=2608"}],"version-history":[{"count":8,"href":"https:\/\/www.kabelbomen.com\/tr\/wp-json\/wp\/v2\/product\/2608\/revisions"}],"predecessor-version":[{"id":17139,"href":"https:\/\/www.kabelbomen.com\/tr\/wp-json\/wp\/v2\/product\/2608\/revisions\/17139"}],"wp:featuredmedia":[{"embeddable":true,"href":"https:\/\/www.kabelbomen.com\/tr\/wp-json\/wp\/v2\/media\/17066"}],"wp:attachment":[{"href":"https:\/\/www.kabelbomen.com\/tr\/wp-json\/wp\/v2\/media?parent=2608"}],"wp:term":[{"taxonomy":"product_brand","embeddable":true,"href":"https:\/\/www.kabelbomen.com\/tr\/wp-json\/wp\/v2\/product_brand?post=2608"},{"taxonomy":"product_cat","embeddable":true,"href":"https:\/\/www.kabelbomen.com\/tr\/wp-json\/wp\/v2\/product_cat?post=2608"},{"taxonomy":"product_tag","embeddable":true,"href":"https:\/\/www.kabelbomen.com\/tr\/wp-json\/wp\/v2\/product_tag?post=2608"},{"taxonomy":"hf_cat_product","embeddable":true,"href":"https:\/\/www.kabelbomen.com\/tr\/wp-json\/wp\/v2\/hf_cat_product?post=2608"}],"curies":[{"name":"wp","href":"https:\/\/api.w.org\/{rel}","templated":true}]}}