{"id":2367,"date":"2020-03-22T16:19:57","date_gmt":"2020-03-22T15:19:57","guid":{"rendered":"https:\/\/www.kabelbomen.com\/?post_type=product&#038;p=2367"},"modified":"2026-04-17T16:52:11","modified_gmt":"2026-04-17T14:52:11","slug":"sensor-kablo-demeti-peugeot-205-gti-cti","status":"publish","type":"product","link":"https:\/\/www.kabelbomen.com\/tr\/product\/sensorkabelboom-peugeot-205-gti-cti\/","title":{"rendered":"Sens\u00f6r kablo demeti 7 kutuplu Peugeot 205 GTI \/ CTI | faz 1.5 &amp; 2"},"content":{"rendered":"<div data-elementor-type=\"product-post\" data-elementor-id=\"2367\" class=\"elementor elementor-2367\" data-elementor-post-type=\"product\">\n\t\t\t\t\t\t<section class=\"elementor-section elementor-top-section elementor-element elementor-element-41ff9754 elementor-section-boxed elementor-section-height-default elementor-section-height-default\" data-id=\"41ff9754\" data-element_type=\"section\" data-e-type=\"section\">\n\t\t\t\t\t\t<div class=\"elementor-container elementor-column-gap-default\">\n\t\t\t\t\t<div class=\"elementor-column elementor-col-100 elementor-top-column elementor-element elementor-element-3ffdc956\" data-id=\"3ffdc956\" data-element_type=\"column\" data-e-type=\"column\">\n\t\t\t<div class=\"elementor-widget-wrap elementor-element-populated\">\n\t\t\t\t\t\t<div class=\"elementor-element elementor-element-44400f59 elementor-widget elementor-widget-text-editor\" data-id=\"44400f59\" data-element_type=\"widget\" data-e-type=\"widget\" data-widget_type=\"text-editor.default\">\n\t\t\t\t\t\t\t\t\t<p>Motor sens\u00f6rleri kablo demeti 7 kutuplu, Peugeot 205 GTI \/ CTI 1.6 ve 1.9 litre ve ayr\u0131ca 205 Gentry'nin motor blo\u011fundaki sens\u00f6rlere ba\u011flant\u0131 i\u00e7in. Yakla\u015f\u0131k Ekim \/ Kas\u0131m 1987'den itibaren. Bu, 1.5 a\u015famas\u0131n\u0131n ba\u015flang\u0131c\u0131yd\u0131.\u00a0<\/p><p>Di\u011ferlerinin yan\u0131 s\u0131ra a\u015fa\u011f\u0131daki motor bloklar\u0131nda kullan\u0131l\u0131r:<\/p><ul><li>1.9 litre DKZ (XU9JAZ), D6B (XU9JA) ve DFZ (XU9J1)<\/li><li>1.6-litre B6D (XU5JA) ve 180Z\/180A (XU5J1)<\/li><\/ul><p>\u00a0<\/p><p>Bu <a href=\"https:\/\/www.kabelbomen.com\/tr\/webshop\/sensor-kablo-demeti-3-kutuplu-peugeot-205-gti\/\">Peugeot 205 faz 1 i\u00e7in 3 kutuplu motor sens\u00f6r\u00fc kablo demeti<\/a> bulacaks\u0131n <a href=\"https:\/\/www.kabelbomen.com\/tr\/webshop\/sensor-kablo-demeti-3-kutuplu-peugeot-205-gti\/\">Burada<\/a>.<\/p><p>\u00a0<\/p><h6><strong>OPS\u0130YON: Orijinal kahverengi D\u0130\u015e\u0130 fi\u015f ve\/veya s\u0131kma aleti dahil<\/strong><\/h6><p>Art\u0131k kahverengi D\u0130\u015e\u0130 e\u015fle\u015fme fi\u015fini (di\u015fi kablo kelep\u00e7eleri dahil) sipari\u015f etme se\u00e7ene\u011fi de sunuyoruz. Daha sonra 9 kablo pabucu (2 ekstra) tedarik ediyoruz. Bunlar\u0131, genellikle k\u00f6t\u00fc durumda oldu\u011fu i\u00e7in ana kablo demetinin yan taraf\u0131na kendiniz takabilirsiniz.<\/p><p>Bunun i\u00e7in do\u011fru aletlere sahip de\u011filseniz, do\u011fru s\u0131kma pensesini sipari\u015f etmeyi de se\u00e7ebilirsiniz.<\/p><p>\u00a0<\/p><h6><strong>Orijinal kahverengi ERKEK fi\u015f art\u0131k mevcut de\u011fil<\/strong><\/h6><p>L\u00dcTFEN D\u0130KKAT: Motor sens\u00f6r\u00fc kablo demeti \u00fczerindeki ERKEK 7 pimli kahverengi fi\u015f art\u0131k yeni olarak sat\u0131lmamaktad\u0131r. Kablo demetini yaln\u0131zca eski orijinal erkek fi\u015finizin iadesi kar\u015f\u0131l\u0131\u011f\u0131nda yapabiliriz. Sat\u0131n alma i\u015fleminizden sonra, bize g\u00f6nderebilmeniz i\u00e7in sizinle ileti\u015fime ge\u00e7ece\u011fiz. Kablo demetini ba\u011flayabilmeniz i\u00e7in borularla da yapabiliriz, ancak \u015fimdi (\u015eubat 2026'dan beri) kablo demetinin su ge\u00e7irmez fi\u015fli yeni bir y\u00fckseltilmi\u015f versiyonunu da \u00fcrettik.<\/p><p>\u00a0<\/p><h6><strong>Su ge\u00e7irmez fi\u015fli yeni Y\u00dcKSELT\u0130LM\u0130\u015e versiyon<\/strong><\/h6><p>\u015eimdi ayr\u0131ca, ilgili e\u015fle\u015fme fi\u015fini tedarik etti\u011fimiz yeni bir su ge\u00e7irmez fi\u015fli kablo demetini de piyasaya s\u00fcrd\u00fck. Bak\u0131n\u0131z <a href=\"https:\/\/www.kabelbomen.com\/tr\/urun\/sensor-kablo-demeti-7-kutuplu-yeni-tip\/\">Burada<\/a>.<\/p><p>\u00a0<\/p><h6><strong>\u00d6zg\u00fcnl\u00fck ve kalite<\/strong><\/h6><p>Kablo demeti orijinal boyutlara sahiptir.<\/p><p>Dayan\u0131kl\u0131l\u0131k, korozyon ve k\u0131sa devreleri \u00f6nlemek i\u00e7in bak\u0131r iletken ve kablo pabucu aras\u0131ndaki her ba\u011flant\u0131 y\u00fcksek standartlarda tamamlan\u0131r. Bu, SKS'deki standart \u00e7al\u0131\u015fma prosed\u00fcr\u00fcm\u00fczd\u00fcr. Ayr\u0131ca bak\u0131r damarlar i\u00e7in biraz daha kal\u0131n bir \u00e7ap kullan\u0131yoruz. Bu nedenle kablo demetlerimiz ekstra uzun ve g\u00fcvenilir bir hizmet \u00f6mr\u00fcne sahiptir.<\/p><p>\u00a0<\/p><h6><strong>Sens\u00f6r kablo demeti a\u015f\u0131nmas\u0131 ve y\u0131pranmas\u0131ndan kaynaklanan yayg\u0131n ar\u0131zalar<\/strong><\/h6><p>Motor sens\u00f6r\u00fc kablo demeti 205'te neredeyse her zaman ciddi \u015fekilde a\u015f\u0131nm\u0131\u015ft\u0131r. Bu kablo demetindeki a\u015f\u0131nma ve y\u0131pranma nedeniyle a\u015fa\u011f\u0131daki ar\u0131zalar yayg\u0131nd\u0131r:<\/p><ul><li>Zay\u0131f veya tamamen ba\u015flat\u0131lamama<\/li><li>G\u00f6sterge panelindeki i\u015faret\u00e7iler \u00e7al\u0131\u015fm\u0131yor veya d\u00fczensiz \u00e7al\u0131\u015f\u0131yor<\/li><li>Anormal bir de\u011fer g\u00f6steren g\u00f6sterge tablosu saya\u00e7lar\u0131<\/li><li>Ya\u011f bas\u0131nc\u0131 alarm\u0131, so\u011futma suyu s\u0131cakl\u0131\u011f\u0131 alarm\u0131 veya alternat\u00f6r \u015farj alarm \u0131\u015f\u0131\u011f\u0131 gibi ar\u0131zal\u0131 sens\u00f6r uyar\u0131 \u0131\u015f\u0131klar\u0131<\/li><\/ul><div>\u00a0<\/div><div>\u00a0<\/div><p>A\u015fa\u011f\u0131daki foto\u011fraflar Peugeot 205'teki motor sens\u00f6r\u00fc kablo demetlerinin genellikle bulundu\u011fu durumu g\u00f6stermektedir.\u00a0<\/p>\t\t\t\t\t\t\t\t<\/div>\n\t\t\t\t\t<\/div>\n\t\t<\/div>\n\t\t\t\t\t<\/div>\n\t\t<\/section>\n\t\t<div class=\"elementor-element elementor-element-07bee2b e-flex e-con-boxed e-con e-parent\" data-id=\"07bee2b\" data-element_type=\"container\" data-e-type=\"container\">\n\t\t\t\t\t<div class=\"e-con-inner\">\n\t\t\t\t<div class=\"elementor-element elementor-element-2a10e06 gallery-spacing-custom elementor-widget elementor-widget-image-gallery\" data-id=\"2a10e06\" data-element_type=\"widget\" data-e-type=\"widget\" data-widget_type=\"image-gallery.default\">\n\t\t\t\t\t\t\t<div class=\"elementor-image-gallery\">\n\t\t\t<div id='gallery-1' class='gallery galleryid-2367 gallery-columns-3 gallery-size-medium'><figure class='gallery-item'>\n\t\t\t<div class='gallery-icon landscape'>\n\t\t\t\t<a data-elementor-open-lightbox=\"yes\" data-elementor-lightbox-slideshow=\"2a10e06\" data-elementor-lightbox-description=\"Versleten motor sensoren kabelboom Peugeot 205 GTI \/ CTI\" data-e-action-hash=\"#elementor-action%3Aaction%3Dlightbox%26settings%3DeyJpZCI6MTQ4OTYsInVybCI6Imh0dHBzOlwvXC93d3cua2FiZWxib21lbi5jb21cL3dwLWNvbnRlbnRcL3VwbG9hZHNcLzIwMjNcLzEyXC8yMDIzMDkyMl8xMTExMzgtMS5qcGciLCJzbGlkZXNob3ciOiIyYTEwZTA2In0%3D\" href='https:\/\/www.kabelbomen.com\/wp-content\/uploads\/2023\/12\/20230922_111138-1.jpg'><img fetchpriority=\"high\" decoding=\"async\" width=\"300\" height=\"300\" src=\"https:\/\/www.kabelbomen.com\/wp-content\/uploads\/2023\/12\/20230922_111138-1-300x300.jpg\" class=\"attachment-medium size-medium\" alt=\"A\u015f\u0131nm\u0131\u015f motor sens\u00f6rleri kablo demeti Peugeot 205 GTI \/ CTI\" srcset=\"https:\/\/www.kabelbomen.com\/wp-content\/uploads\/2023\/12\/20230922_111138-1-300x300.jpg 300w, https:\/\/www.kabelbomen.com\/wp-content\/uploads\/2023\/12\/20230922_111138-1-1024x1024.jpg 1024w, https:\/\/www.kabelbomen.com\/wp-content\/uploads\/2023\/12\/20230922_111138-1-150x150.jpg 150w, https:\/\/www.kabelbomen.com\/wp-content\/uploads\/2023\/12\/20230922_111138-1-768x768.jpg 768w, https:\/\/www.kabelbomen.com\/wp-content\/uploads\/2023\/12\/20230922_111138-1-12x12.jpg 12w, https:\/\/www.kabelbomen.com\/wp-content\/uploads\/2023\/12\/20230922_111138-1-100x100.jpg 100w, https:\/\/www.kabelbomen.com\/wp-content\/uploads\/2023\/12\/20230922_111138-1.jpg 1496w\" sizes=\"(max-width: 300px) 100vw, 300px\" \/><\/a>\n\t\t\t<\/div><\/figure><figure class='gallery-item'>\n\t\t\t<div class='gallery-icon portrait'>\n\t\t\t\t<a data-elementor-open-lightbox=\"yes\" data-elementor-lightbox-slideshow=\"2a10e06\" data-elementor-lightbox-description=\"Kabelboom isolatie vergaan - motor sensoren kabelboompje Peugeot 205 GTI \/ CTI\" data-e-action-hash=\"#elementor-action%3Aaction%3Dlightbox%26settings%3DeyJpZCI6MjIzMywidXJsIjoiaHR0cHM6XC9cL3d3dy5rYWJlbGJvbWVuLmNvbVwvd3AtY29udGVudFwvdXBsb2Fkc1wvMjAyMFwvMDNcL0thYmVsYm9vbS1pc29sYXRpZS12ZXJwdWx2ZXJkLWRvb3Itb3VkZXJkb20tc2xpanRhZ2UtMS1lMTU4NDgwMzUxMjg3Ny5qcGciLCJzbGlkZXNob3ciOiIyYTEwZTA2In0%3D\" href='https:\/\/www.kabelbomen.com\/wp-content\/uploads\/2020\/03\/Kabelboom-isolatie-verpulverd-door-ouderdom-slijtage-1-e1584803512877.jpg'><img decoding=\"async\" width=\"169\" height=\"300\" src=\"https:\/\/www.kabelbomen.com\/wp-content\/uploads\/2020\/03\/Kabelboom-isolatie-verpulverd-door-ouderdom-slijtage-1-e1584803512877-169x300.jpg\" class=\"attachment-medium size-medium\" alt=\"Kablo demeti yal\u0131t\u0131m\u0131 \u00e7\u00fcr\u00fcm\u00fc\u015f - motor sens\u00f6rleri kablo demeti Peugeot 205 GTI \/ CTI\" srcset=\"https:\/\/www.kabelbomen.com\/wp-content\/uploads\/2020\/03\/Kabelboom-isolatie-verpulverd-door-ouderdom-slijtage-1-e1584803512877-169x300.jpg 169w, https:\/\/www.kabelbomen.com\/wp-content\/uploads\/2020\/03\/Kabelboom-isolatie-verpulverd-door-ouderdom-slijtage-1-e1584803512877.jpg 354w\" sizes=\"(max-width: 169px) 100vw, 169px\" \/><\/a>\n\t\t\t<\/div><\/figure><figure class='gallery-item'>\n\t\t\t<div class='gallery-icon portrait'>\n\t\t\t\t<a data-elementor-open-lightbox=\"yes\" data-elementor-lightbox-slideshow=\"2a10e06\" data-elementor-lightbox-description=\"Versleten motorsensor kabelboom Peugeot 205 GTI \/ CTI\" data-e-action-hash=\"#elementor-action%3Aaction%3Dlightbox%26settings%3DeyJpZCI6MzE1NywidXJsIjoiaHR0cHM6XC9cL3d3dy5rYWJlbGJvbWVuLmNvbVwvd3AtY29udGVudFwvdXBsb2Fkc1wvMjAyMFwvMDNcL1ZlcnNsZXRlbi1TZW5zb3JrYWJlbGJvb20tUGV1Z2VvdC0yMDUtR1RJLmpwZyIsInNsaWRlc2hvdyI6IjJhMTBlMDYifQ%3D%3D\" href='https:\/\/www.kabelbomen.com\/wp-content\/uploads\/2020\/03\/Versleten-Sensorkabelboom-Peugeot-205-GTI.jpg'><img decoding=\"async\" width=\"280\" height=\"300\" src=\"https:\/\/www.kabelbomen.com\/wp-content\/uploads\/2020\/03\/Versleten-Sensorkabelboom-Peugeot-205-GTI-280x300.jpg\" class=\"attachment-medium size-medium\" alt=\"A\u015f\u0131nm\u0131\u015f motor sens\u00f6r\u00fc kablo demeti Peugeot 205 GTI \/ CTI\" srcset=\"https:\/\/www.kabelbomen.com\/wp-content\/uploads\/2020\/03\/Versleten-Sensorkabelboom-Peugeot-205-GTI-280x300.jpg 280w, https:\/\/www.kabelbomen.com\/wp-content\/uploads\/2020\/03\/Versleten-Sensorkabelboom-Peugeot-205-GTI-1500x1609.jpg 1500w, https:\/\/www.kabelbomen.com\/wp-content\/uploads\/2020\/03\/Versleten-Sensorkabelboom-Peugeot-205-GTI-954x1024.jpg 954w, https:\/\/www.kabelbomen.com\/wp-content\/uploads\/2020\/03\/Versleten-Sensorkabelboom-Peugeot-205-GTI-768x824.jpg 768w, https:\/\/www.kabelbomen.com\/wp-content\/uploads\/2020\/03\/Versleten-Sensorkabelboom-Peugeot-205-GTI-1432x1536.jpg 1432w, https:\/\/www.kabelbomen.com\/wp-content\/uploads\/2020\/03\/Versleten-Sensorkabelboom-Peugeot-205-GTI.jpg 1535w\" sizes=\"(max-width: 280px) 100vw, 280px\" \/><\/a>\n\t\t\t<\/div><\/figure>\n\t\t<\/div>\n\t\t<\/div>\n\t\t\t\t\t\t<\/div>\n\t\t\t\t<div class=\"elementor-element elementor-element-a55fae9 elementor-widget elementor-widget-text-editor\" data-id=\"a55fae9\" data-element_type=\"widget\" data-e-type=\"widget\" data-widget_type=\"text-editor.default\">\n\t\t\t\t\t\t\t\t\t<h6><strong>Motor sens\u00f6r\u00fc kablo demetinin yeri ve ba\u011flant\u0131s\u0131<\/strong><\/h6><p>Motor sens\u00f6r\u00fc kablo demeti, debriyaj muhafazas\u0131n\u0131n \u00fcst\u00fcnde, hava ak\u0131\u015f \u00f6l\u00e7erin alt\u0131nda bir yerde bulabilece\u011finiz 7 pimli kahverengi di\u015fi fi\u015fe ba\u011flan\u0131r. Kas\u0131m 1987'den itibaren t\u00fcm tiplerde bu fi\u015f vard\u0131r. Emin olmak i\u00e7in bunu kontrol etmek isteyebilirsiniz. Daha \u00f6nceki tipler i\u00e7in motor sens\u00f6r\u00fc kablo demetinde sadece 3 kablo vard\u0131r, bunlar\u0131 bulacaks\u0131n\u0131z <a href=\"https:\/\/www.kabelbomen.com\/tr\/webshop\/sensor-kablo-demeti-3-kutuplu-peugeot-205-gti\/\">Burada<\/a>.<\/p><p>Ayr\u0131 kablolar mar\u015f r\u00f6lesine ve motor blo\u011fundaki sens\u00f6rlere gider.<\/p><p>Kendiniz kolayca monte edebilirsiniz.<\/p><p>Art\u0131k di\u015fi kahverengi 7 pimli fi\u015fi, di\u015fi kablo pabu\u00e7lar\u0131yla birlikte ayr\u0131 olarak sipari\u015f etme se\u00e7ene\u011fi de sunuyoruz.<\/p><p>\u00a0<\/p><h6><strong>Ba\u011flant\u0131lara genel bak\u0131\u015f<\/strong><\/h6><ul><li>Mar\u015f motoru \u00fczerindeki mar\u015f r\u00f6lesi<\/li><li>Ya\u011f bas\u0131n\u00e7 sens\u00f6r\u00fc<\/li><li>Ya\u011f bas\u0131nc\u0131 alarm sens\u00f6r\u00fc<\/li><li>Ya\u011f s\u0131cakl\u0131k sens\u00f6r\u00fc<\/li><li>Alternat\u00f6r \u015farj alarm\u0131<\/li><li>So\u011futma s\u0131v\u0131s\u0131 s\u0131cakl\u0131k sens\u00f6r\u00fc<\/li><li>So\u011futma s\u0131v\u0131s\u0131 s\u0131cakl\u0131k alarm sens\u00f6r\u00fc<\/li><\/ul>\t\t\t\t\t\t\t\t<\/div>\n\t\t\t\t\t<\/div>\n\t\t\t\t<\/div>\n\t\t\t\t<\/div>","protected":false},"excerpt":{"rendered":"<p>Peugeot 205 GTI \/ CTI 1.6 ve 1.9 litrelerin motor blo\u011fundaki sens\u00f6rlerin kontrol\u00fc i\u00e7in kablo demeti, Ekim\/Kas\u0131m 1987 civar\u0131, faz 1.5 ve faz 2. Ayr\u0131ca 205 Gentry i\u00e7in.<\/p>\n<p>A\u015fa\u011f\u0131daki motor bloklar\u0131nda meydana gelir:<\/p>\n<p>1.6 litrelik XU5JA (B6D) ve XU5J1 (180Z \/ 180A) motor bloklar\u0131.<\/p>\n<p>1.9 litrelik XU9JA (D6B), XU9JAZ (DKZ) ve XU9J1 (DFZ) motor bloklar\u0131.<\/p>\n<p>Mar\u015f motoru \u00fczerindeki mar\u015f r\u00f6lesini ve g\u00f6sterge tablosunun g\u00f6sterge panelindeki i\u015faret\u00e7ileri ve alarm \u0131\u015f\u0131klar\u0131n\u0131 kontrol eder.<\/p>\n<p>Di\u015fi 7-pin kahverengi e\u015fle\u015fme fi\u015fini birlikte sipari\u015f etmeyi se\u00e7ebilirsiniz. Bu stoklar\u0131m\u0131zda mevcuttur.<\/p>\n<p><strong>L\u00dcTFEN D\u0130KKAT: Erkek (ERKEK) 7 pimli kahverengi fi\u015f art\u0131k yeni olarak sat\u0131lmamaktad\u0131r ve yeniden \u00fcretimi mevcut de\u011fildir. Bu kablo demetini yaln\u0131zca orijinal kahverengi erkek 7 pimli fi\u015finizi takabilmemiz i\u00e7in iade etmeniz kar\u015f\u0131l\u0131\u011f\u0131nda tedarik ediyoruz. Sat\u0131n alma i\u015fleminizden sonra sizinle ileti\u015fime ge\u00e7ece\u011fiz. Ya da farkl\u0131 bir fi\u015f tedarik edebiliriz, a\u015fa\u011f\u0131daki y\u00fckseltilmi\u015f versiyona bak\u0131n.<\/strong><\/p>\n<p><strong>YEN\u0130 Y\u00dcKSELT\u0130LM\u0130\u015e versiyon: \u015eubat 2026'dan bu yana s\u0131v\u0131 s\u0131zd\u0131rmaz fi\u015fli kablo demetinin yeni bir versiyonunu \u00fcrettik. Bununla birlikte, kablo pabu\u00e7lar\u0131 ve contalar dahil olmak \u00fczere e\u015fle\u015fen fi\u015fi tedarik ediyoruz. Daha sonra bunu kendiniz ara\u00e7taki ana kablo demetine takabilirsiniz. \u015eu andan itibaren <a href=\"https:\/\/www.kabelbomen.com\/tr\/urun\/sensor-kablo-demeti-7-kutuplu-yeni-tip\/\">Burada<\/a> web ma\u011fazam\u0131zda bulabilirsiniz.<\/strong><\/p>","protected":false},"featured_media":15684,"comment_status":"open","ping_status":"closed","template":"","meta":[],"product_brand":[],"product_cat":[61,38],"product_tag":[210,114,48,46,34,280,35,113,173],"hf_cat_product":[253],"class_list":{"0":"post-2367","1":"product","2":"type-product","3":"status-publish","4":"has-post-thumbnail","6":"product_cat-peugeot-205","7":"product_cat-kabelbomen","8":"product_tag-205-gentry","9":"product_tag-205-gti","10":"product_tag-fase-1-5","11":"product_tag-fase-2","12":"product_tag-kabelboom","13":"product_tag-motor-sensorkabelboom","14":"product_tag-sensorkabelboom","15":"product_tag-sensorboom-7-polig","16":"product_tag-xu-motor","18":"first","19":"instock","20":"taxable","21":"shipping-taxable","22":"purchasable","23":"product-type-simple"},"_links":{"self":[{"href":"https:\/\/www.kabelbomen.com\/tr\/wp-json\/wp\/v2\/product\/2367","targetHints":{"allow":["GET"]}}],"collection":[{"href":"https:\/\/www.kabelbomen.com\/tr\/wp-json\/wp\/v2\/product"}],"about":[{"href":"https:\/\/www.kabelbomen.com\/tr\/wp-json\/wp\/v2\/types\/product"}],"replies":[{"embeddable":true,"href":"https:\/\/www.kabelbomen.com\/tr\/wp-json\/wp\/v2\/comments?post=2367"}],"version-history":[{"count":81,"href":"https:\/\/www.kabelbomen.com\/tr\/wp-json\/wp\/v2\/product\/2367\/revisions"}],"predecessor-version":[{"id":18431,"href":"https:\/\/www.kabelbomen.com\/tr\/wp-json\/wp\/v2\/product\/2367\/revisions\/18431"}],"wp:featuredmedia":[{"embeddable":true,"href":"https:\/\/www.kabelbomen.com\/tr\/wp-json\/wp\/v2\/media\/15684"}],"wp:attachment":[{"href":"https:\/\/www.kabelbomen.com\/tr\/wp-json\/wp\/v2\/media?parent=2367"}],"wp:term":[{"taxonomy":"product_brand","embeddable":true,"href":"https:\/\/www.kabelbomen.com\/tr\/wp-json\/wp\/v2\/product_brand?post=2367"},{"taxonomy":"product_cat","embeddable":true,"href":"https:\/\/www.kabelbomen.com\/tr\/wp-json\/wp\/v2\/product_cat?post=2367"},{"taxonomy":"product_tag","embeddable":true,"href":"https:\/\/www.kabelbomen.com\/tr\/wp-json\/wp\/v2\/product_tag?post=2367"},{"taxonomy":"hf_cat_product","embeddable":true,"href":"https:\/\/www.kabelbomen.com\/tr\/wp-json\/wp\/v2\/hf_cat_product?post=2367"}],"curies":[{"name":"wp","href":"https:\/\/api.w.org\/{rel}","templated":true}]}}