{"id":18180,"date":"2026-03-21T20:22:23","date_gmt":"2026-03-21T19:22:23","guid":{"rendered":"https:\/\/www.kabelbomen.com\/?post_type=product&#038;p=18180"},"modified":"2026-04-14T12:34:00","modified_gmt":"2026-04-14T10:34:00","slug":"aku-kablo-demeti%cc%87-arti-komple-peugeot-205-tu-motorlu","status":"publish","type":"product","link":"https:\/\/www.kabelbomen.com\/tr\/product\/accukabelboom-plus-compleet-peugeot-205-met-tu-motor\/","title":{"rendered":"Ak\u00fc kablo demeti PLUS komple - TU motorlu Peugeot 205"},"content":{"rendered":"<p>TU motorlu Peugeot 205'inizin pozitif PLUS devresi i\u00e7in bu ana kablo demeti, mar\u015f motorundaki mar\u015f r\u00f6lesini, ya\u011f bas\u0131nc\u0131 alarm \u0131\u015f\u0131\u011f\u0131n\u0131 ve alternat\u00f6r \u015farj alarm \u0131\u015f\u0131\u011f\u0131n\u0131 kontrol eden kablolar\u0131 da i\u00e7erir. Ayr\u0131ca alternat\u00f6r, mar\u015f motoru, k\u00fc\u00e7\u00fck ak\u00fc sigorta kutusu ve ak\u00fc pozitif terminali aras\u0131ndaki a\u015f\u0131nm\u0131\u015f ak\u00fc kablolar\u0131n\u0131n yerini al\u0131r. Daha kal\u0131n bak\u0131r \u00e7ekirdek ve kablo pabu\u00e7lar\u0131n\u0131n kalitesi sayesinde, elektrik devresinin an\u0131nda \u00e7ok iyi bir \u015fekilde y\u00fckseltilmesidir. Orijinal ak\u00fc kablosu renkleri ve boyutlar\u0131 kullan\u0131lm\u0131\u015ft\u0131r.<\/p>\n<p>TU motorlu Peugeot 205 modelleri i\u00e7in ge\u00e7erlidir.<\/p>\n<p>Karb\u00fcrat\u00f6rl\u00fc motorlara sahip eski versiyonlarda ayr\u0131ca karb\u00fcrat\u00f6r\u00fcn \u00f6n \u0131s\u0131tmas\u0131 i\u00e7in bir kablo vard\u0131. Bu daha sonra 3 pimli turuncu fi\u015fin orta konumundad\u0131r. Bunlar\u0131 m\u0131 yoksa ba\u015fka bir modeli mi ar\u0131yorsunuz? O zaman al\u0131n <a href=\"https:\/\/www.kabelbomen.com\/tr\/iletisim\/\">\u0130leti\u015fim<\/a> bizimle birlikte, kablo demetini tam olarak tipinize g\u00f6re yapaca\u011f\u0131z.<\/p>\n<p>&nbsp;<\/p>\n<h5><strong>Ak\u00fc kablolar\u0131m\u0131z\u0131n eski ince ak\u00fc kablolar\u0131n\u0131za g\u00f6re avantajlar\u0131<\/strong><\/h5>\n<p>Eski kablolar, alternat\u00f6r \u00e7\u0131k\u0131\u015f voltaj\u0131 olan 14 - 14,4 voltu voltaj d\u00fc\u015f\u00fc\u015f\u00fc olmadan ak\u00fc boyunca iletecek kadar kal\u0131n de\u011fildir. \u00d6zellikle \u0131\u015f\u0131klardan ve\/veya fandan kaynaklanan yo\u011fun elektrik t\u00fcketiminde, eski ak\u00fc kablolar\u0131n\u0131zdaki voltaj kolayca 13 Voltun alt\u0131na d\u00fc\u015fer. Mevcut ak\u00fclerin d\u00fczg\u00fcn \u015farj olmas\u0131 ve iyi durumda kalmas\u0131 i\u00e7in tam olarak 14 Volta ihtiyac\u0131 vard\u0131r. Ayr\u0131ca eski kablolarla \u00e7al\u0131\u015ft\u0131r\u0131rken \u00e7ok fazla g\u00fc\u00e7 kaybedersiniz.<\/p>\n<p>Bu nedenle daha kal\u0131n ak\u00fc kablolar\u0131m\u0131z\u0131n baz\u0131 avantajlar\u0131 \u015funlard\u0131r:<\/p>\n<ul>\n<li>Daha iyi bir ba\u015flang\u0131\u00e7<\/li>\n<li>Daha g\u00fc\u00e7l\u00fc ate\u015fleme<\/li>\n<li>Daha y\u00fcksek yerle\u015fik voltaj<\/li>\n<li>Daha g\u00fc\u00e7l\u00fc silecekler<\/li>\n<li>Elektrikli camlar daha iyi \u00e7al\u0131\u015f\u0131yor<\/li>\n<li>Daha iyi \u015farj, durum ve pil \u00f6mr\u00fc<\/li>\n<li>Ara\u00e7 \u00e7al\u0131\u015ft\u0131rma sorunu olmadan daha uzun s\u00fcre r\u00f6lantide \u00e7al\u0131\u015fabilir<\/li>\n<li>I\u015f\u0131klardan, fanlardan, y\u00fcksek sesli m\u00fczikten vb. kaynaklanan y\u00fck alt\u0131nda voltaj d\u00fc\u015f\u00fc\u015f\u00fc yok.<\/li>\n<li>Amplifikat\u00f6r gibi a\u011f\u0131r t\u00fcketiciler tak\u0131l\u0131ysa gereklidir<\/li>\n<li>Elektrik devrenizin temeli en iyi duruma geri d\u00f6nd\u00fc<\/li>\n<li>Daha uzun kablo \u00f6mr\u00fc<\/li>\n<li>Y\u00fcksek kalite<\/li>\n<\/ul>\n<p>&nbsp;<\/p>\n<p>NOT: Sadece PLUS kablolar\u0131n\u0131n de\u011fi\u015ftirilmesi istenen etkiyi tam olarak sa\u011flamaz. Sonu\u00e7ta, ak\u0131m MIN kablolar\u0131 \u00fczerinden de geri akmal\u0131d\u0131r. Negatif ba\u011flant\u0131 MIN kablo setini birlikte sipari\u015f etmenizi \u015fiddetle tavsiye ederiz. Bunu ek se\u00e7eneklerde belirtebilir veya <a href=\"https:\/\/www.kabelbomen.com\/tr\/webshop\/aku-kablolari-eksi-peugeot-205-faz-1-ve-2\/\">205 negatif eksi kablo demeti burada web ma\u011fazas\u0131nda.<\/a><\/p>\n<p>&nbsp;<\/p>\n<h5><strong>Ak\u00fc kablo seti a\u015fa\u011f\u0131daki par\u00e7alardan olu\u015fur:<\/strong><\/h5>\n<ul>\n<li>Alternat\u00f6r ve mar\u015f motoru aras\u0131ndaki k\u0131rm\u0131z\u0131 ak\u00fc kablosu<\/li>\n<li>Alternat\u00f6r ba\u011flant\u0131s\u0131 i\u00e7in izolasyon kapa\u011f\u0131<\/li>\n<li>Mar\u015f motoru ile ak\u00fc art\u0131 kutbu aras\u0131ndaki ak\u00fc kablosu siyah<\/li>\n<li>Mar\u015f motoruna ba\u011flant\u0131 i\u00e7in izolasyon kapa\u011f\u0131<\/li>\n<li>Ak\u00fc terminali art\u0131 kutbu<\/li>\n<li>Ak\u00fc terminali art\u0131 kutbu i\u00e7in izolasyon kapa\u011f\u0131<\/li>\n<li>Ak\u00fc terminali art\u0131 kutbu ile k\u00fc\u00e7\u00fck sigorta kutusu aras\u0131ndaki sar\u0131 ak\u00fc kablosu<\/li>\n<\/ul>\n<p>&nbsp;<\/p>\n<p><strong>Kalan kablolar\u0131n ba\u011flant\u0131s\u0131:<\/strong><\/p>\n<ul>\n<li>1-kutuplu ERKEK fi\u015fli mavi kablo - Mar\u015f motoru \u00fczerindeki mar\u015f r\u00f6lesinin kontrol\u00fc (siyah fi\u015f)<\/li>\n<li>3 pimli turuncu ERKEK fi\u015fte mor kablo - Ya\u011f bas\u0131nc\u0131 alarm sens\u00f6r\u00fcn\u00fc kontrol edin (k\u0131rm\u0131z\u0131 fi\u015f)<\/li>\n<li>3 pimli turuncu ERKEK fi\u015fte gri kablo - Alternat\u00f6r \u015farj alarm \u0131\u015f\u0131\u011f\u0131n\u0131 kontrol eder<\/li>\n<li>\u0130ste\u011fe ba\u011fl\u0131, 3 pimli turuncu ERKEK fi\u015fte ek kablo - Karb\u00fcrat\u00f6r \u00f6n \u0131s\u0131tmas\u0131n\u0131 kontrol edin<\/li>\n<\/ul>\n<p>&nbsp;<\/p>\n<p>Her \u015fey \u00f6nceden monte edilmi\u015ftir. Kablo demeti tak ve \u00e7al\u0131\u015ft\u0131r \u015feklindedir.<\/p>\n<p>Kablolarda y\u00fcksek kaliteli bak\u0131r ve \u0131s\u0131, kir, asit ve yak\u0131t, ya\u011f ve so\u011futma s\u0131v\u0131s\u0131 gibi s\u0131v\u0131lara kar\u015f\u0131 da koruma sa\u011flayan a\u015f\u0131nmaya dayan\u0131kl\u0131 bir yal\u0131t\u0131m k\u0131l\u0131f\u0131 bulunur. Optimum ak\u0131m ak\u0131\u015f\u0131 i\u00e7in a\u011f\u0131r hizmet tipi kablo pabu\u00e7lar\u0131.<\/p>\n<p>Ekstra g\u00fcvenli ve g\u00fcvenilir bir ba\u011flant\u0131 i\u00e7in kablo pabu\u00e7lar\u0131 hidrolik pense ile s\u0131k\u0131\u015ft\u0131r\u0131lm\u0131\u015ft\u0131r. Korozyona kar\u015f\u0131 korumak i\u00e7in kablo pabu\u00e7lar\u0131n\u0131n etraf\u0131na b\u00fcz\u00fc\u015fmeli makaron uygulanm\u0131\u015ft\u0131r. Orijinalinde oldu\u011fu gibi, a\u015f\u0131nmaya kar\u015f\u0131 kablolar\u0131n etraf\u0131na PVC oluklu boru tak\u0131lm\u0131\u015ft\u0131r. Biz yo\u011fun oluklu boru kullan\u0131yoruz. Bu \u00e7ok daha iyi korur, daha uzun \u00f6m\u00fcrl\u00fcd\u00fcr ve daha g\u00fczel g\u00f6r\u00fcn\u00fcr.<\/p>\n<p>Kablolar\u0131n orijinal boyutlar\u0131n\u0131 ve renklerini kullan\u0131yoruz. Kablo demeti, sizi uzun ve g\u00fcvenilir bir \u015fekilde tekrar yola \u00e7\u0131karacak uzun bir hizmet \u00f6mr\u00fcne sahiptir.<\/p>\n<p>&nbsp;<\/p>\n<h5><strong>\u0130zolasyon kapaklar\u0131<\/strong><\/h5>\n<p>Ak\u00fc kablo seti standart olarak ak\u00fc pozitif terminalinde k\u0131rm\u0131z\u0131 yal\u0131t\u0131m kapa\u011f\u0131 ve alternat\u00f6r ve mar\u015f motorunda siyah yal\u0131t\u0131m kapa\u011f\u0131 ile birlikte gelir.<\/p>\n<p>Ancak ba\u015flang\u0131\u00e7ta sadece siyah yal\u0131t\u0131m kapaklar\u0131 tedarik ediliyordu. Tamamen siyah yal\u0131t\u0131m kapaklar\u0131n\u0131 m\u0131 yoksa sadece k\u0131rm\u0131z\u0131 yal\u0131t\u0131m kapaklar\u0131n\u0131 m\u0131 tercih edersiniz? Sorun de\u011fil, gereksinimlerinizi \u00f6deme sayfas\u0131ndaki notlar alan\u0131na b\u0131rak\u0131n veya bizimle ileti\u015fime ge\u00e7in.<\/p>\n<p>&nbsp;<\/p>\n<h5><strong>\u00d6zelle\u015ftirme<\/strong><\/h5>\n<p>Ak\u00fc kablo setinde \u00f6zel bir modifikasyona m\u0131 ihtiyac\u0131n\u0131z var? Sorun de\u011fil, gerekli ayarlamalar\u0131 yapabiliriz. Yaln\u0131zca farkl\u0131 renklerde yal\u0131t\u0131m kapa\u011f\u0131 kombinasyonu istiyorsan\u0131z, l\u00fctfen \u00f6deme sayfas\u0131ndaki yorum alan\u0131nda bize bildirin. Ba\u015fka \u00f6zel ayarlamalar istiyorsan\u0131z, l\u00fctfen <a href=\"https:\/\/www.kabelbomen.com\/tr\/iletisim\/\">\u0130leti\u015fim<\/a> Bizimle birlikte.<\/p>\n<p>Di\u011fer t\u00fcm 205 tipleri i\u00e7in yeni ak\u00fc kablo setleri de tedarik ediyoruz. Olanaklar i\u00e7in l\u00fctfen bizimle ileti\u015fime ge\u00e7in.<\/p>\n<p>Ba\u015fka herhangi bir (klasik) ara\u00e7 i\u00e7in de \u00f6zelle\u015ftirilebilir.<\/p>","protected":false},"excerpt":{"rendered":"<p>TU motorlu Peugeot 205'te sens\u00f6r kablolar\u0131 da dahil olmak \u00fczere pozitif ba\u011flant\u0131 i\u00e7in ak\u00fc kablo demeti. Alternat\u00f6r, mar\u015f motoru, ak\u00fc pozitif terminali ve k\u00fc\u00e7\u00fck ak\u00fc sigorta kutusu aras\u0131nda g\u00fc\u00e7 ak\u0131\u015f\u0131 sa\u011flar. Kalan kablolar alternat\u00f6r alarm \u0131\u015f\u0131\u011f\u0131n\u0131, ya\u011f bas\u0131n\u00e7 sens\u00f6r\u00fcn\u00fc ve mar\u015f motoru \u00fczerindeki mar\u015f r\u00f6lesini kontrol eder.<\/p>\n<p>Orijinal boyut ve renkteki kablolarla orijinali kadar iyi g\u00f6r\u00fcn\u00fcr, ancak daha kal\u0131n bak\u0131r \u00e7ap\u0131 ve kaliteli kablo pabu\u00e7lar\u0131 sayesinde \u00f6nemli \u00f6l\u00e7\u00fcde daha iyi g\u00fc\u00e7 \u00e7\u0131k\u0131\u015f\u0131 avantajlar\u0131na sahiptir. Ayr\u0131ca maksimum koruma i\u00e7in yo\u011fun nerv\u00fcrl\u00fc boru izolasyonu kullan\u0131yoruz.<\/p>\n<p>Ekstra kal\u0131nl\u0131k nedeniyle, bu Peugeot 205'inizdeki elektrik devresi i\u00e7in \u00e7ok iyi bir y\u00fckseltmedir.<\/p>\n<p>TU motorlu Peugeot 205 modelleri i\u00e7in ge\u00e7erlidir. Karb\u00fcrat\u00f6rl\u00fc eski modellerde bazen karb\u00fcrat\u00f6r \u0131s\u0131t\u0131c\u0131s\u0131 i\u00e7in ekstra bir kablo eklenir. Bunu ar\u0131yorsan\u0131z, l\u00fctfen bize bildirin ve kablo demetini tam olarak sizin versiyonunuz i\u00e7in yapal\u0131m.<\/p>\n<p>NOT: Optimum sonu\u00e7lar i\u00e7in negatif ak\u00fc kablosunun da de\u011fi\u015ftirilmesi taraf\u0131m\u0131zdan \u015fiddetle tavsiye edilir. Bunlar\u0131 a\u015fa\u011f\u0131daki se\u00e7eneklerden birlikte sipari\u015f edebilirsiniz.<\/p>","protected":false},"featured_media":18176,"comment_status":"open","ping_status":"closed","template":"","meta":[],"product_brand":[],"product_cat":[39,61],"product_tag":[43,48,46,44,280,279,407,35,185],"hf_cat_product":[],"class_list":{"0":"post-18180","1":"product","2":"type-product","3":"status-publish","4":"has-post-thumbnail","6":"product_cat-accukabels","7":"product_cat-peugeot-205","8":"product_tag-accukabelset","9":"product_tag-fase-1-5","10":"product_tag-fase-2","11":"product_tag-hoofdstroomkabelset","12":"product_tag-motor-sensorkabelboom","13":"product_tag-motorsensoren","14":"product_tag-positief","15":"product_tag-sensorkabelboom","16":"product_tag-tu-motor","18":"first","19":"instock","20":"taxable","21":"shipping-taxable","22":"purchasable","23":"product-type-simple"},"_links":{"self":[{"href":"https:\/\/www.kabelbomen.com\/tr\/wp-json\/wp\/v2\/product\/18180","targetHints":{"allow":["GET"]}}],"collection":[{"href":"https:\/\/www.kabelbomen.com\/tr\/wp-json\/wp\/v2\/product"}],"about":[{"href":"https:\/\/www.kabelbomen.com\/tr\/wp-json\/wp\/v2\/types\/product"}],"replies":[{"embeddable":true,"href":"https:\/\/www.kabelbomen.com\/tr\/wp-json\/wp\/v2\/comments?post=18180"}],"version-history":[{"count":13,"href":"https:\/\/www.kabelbomen.com\/tr\/wp-json\/wp\/v2\/product\/18180\/revisions"}],"predecessor-version":[{"id":18454,"href":"https:\/\/www.kabelbomen.com\/tr\/wp-json\/wp\/v2\/product\/18180\/revisions\/18454"}],"wp:featuredmedia":[{"embeddable":true,"href":"https:\/\/www.kabelbomen.com\/tr\/wp-json\/wp\/v2\/media\/18176"}],"wp:attachment":[{"href":"https:\/\/www.kabelbomen.com\/tr\/wp-json\/wp\/v2\/media?parent=18180"}],"wp:term":[{"taxonomy":"product_brand","embeddable":true,"href":"https:\/\/www.kabelbomen.com\/tr\/wp-json\/wp\/v2\/product_brand?post=18180"},{"taxonomy":"product_cat","embeddable":true,"href":"https:\/\/www.kabelbomen.com\/tr\/wp-json\/wp\/v2\/product_cat?post=18180"},{"taxonomy":"product_tag","embeddable":true,"href":"https:\/\/www.kabelbomen.com\/tr\/wp-json\/wp\/v2\/product_tag?post=18180"},{"taxonomy":"hf_cat_product","embeddable":true,"href":"https:\/\/www.kabelbomen.com\/tr\/wp-json\/wp\/v2\/hf_cat_product?post=18180"}],"curies":[{"name":"wp","href":"https:\/\/api.w.org\/{rel}","templated":true}]}}