{"id":17957,"date":"2026-03-08T18:35:20","date_gmt":"2026-03-08T17:35:20","guid":{"rendered":"https:\/\/www.kabelbomen.com\/?post_type=product&#038;p=17957"},"modified":"2026-03-14T12:17:14","modified_gmt":"2026-03-14T11:17:14","slug":"atesleme-bobini-atesleme-modulu-kablo-demetiv2-peugeot-205-faz1","status":"publish","type":"product","link":"https:\/\/www.kabelbomen.com\/tr\/product\/bobine-ontstekingsmodule-kabelboomv2-peugeot-205-fase1\/","title":{"rendered":"Ate\u015fleme bobini kablo demeti tip 2 Peugeot 205 GTI \/ CTI | faz 1"},"content":{"rendered":"<p>Peugeot 205 GTI \/ CTI faz 1'deki ate\u015fleme mod\u00fcl\u00fcn\u00fc, bobini ve g\u00fc\u00e7 da\u011f\u0131t\u0131c\u0131s\u0131n\u0131 kontrol etmek i\u00e7in kablo demeti.<\/p>\n<p>Genellikle XU5J (180A ve 180Z) motorlu 205 GTI \/ CTI 1.6 modellerinde bulunur. Ayr\u0131ca 1.9 litrelik XU9J1 (DFZ) motorlu baz\u0131 Cabrio CTI'larda da bulunur.<\/p>\n<p>&nbsp;<\/p>\n<h5><strong>\u00d6zg\u00fcnl\u00fck ve kalite<\/strong><\/h5>\n<p>Kablo demeti orijinal boyutlara sahiptir ve 100% yenidir.<\/p>\n<p>K\u0131rm\u0131z\u0131 1-kutuplu fi\u015f orijinal olarak genellikle sar\u0131, bazen de farkl\u0131 renkteydi. Sar\u0131 mevcut de\u011fil, bu y\u00fczden k\u0131rm\u0131z\u0131 kullan\u0131yoruz.<\/p>\n<p>Dayan\u0131kl\u0131l\u0131k, korozyon ve k\u0131sa devreleri \u00f6nlemek i\u00e7in bak\u0131r iletken ve kablo pabucu aras\u0131ndaki her ba\u011flant\u0131 \u0131s\u0131 b\u00fcz\u00fc\u015fmeli boru ile tamamlan\u0131r. Bu bizim standart prosed\u00fcr\u00fcm\u00fczd\u00fcr. Sonu\u00e7 olarak, kablo demetlerimiz ekstra uzun ve g\u00fcvenilir hizmet \u00f6mr\u00fc ile karakterize edilir.<\/p>\n<p>&nbsp;<\/p>\n<h5><strong>Farkl\u0131 versiyonlar<\/strong><\/h5>\n<p>Bu kablo demetinin \u00e7e\u015fitli versiyonlar\u0131 vard\u0131r.<\/p>\n<p>2 tipe ay\u0131r\u0131yoruz:<\/p>\n<p>Tip 1: Bunun 1 adet beyaz 2 kutuplu konekt\u00f6r fi\u015fi ve bir adet siyah 1 kutuplu konekt\u00f6r fi\u015fi vard\u0131r.<\/p>\n<p>Tip 2: 1 adet beyaz 2-kutuplu ba\u011flant\u0131 fi\u015fi ve 1 adet kahverengi 2-kutuplu ba\u011flant\u0131 fi\u015fi vard\u0131r.<\/p>\n<p>Resimdekinden farkl\u0131 bir versiyon mu ar\u0131yorsunuz? O zaman l\u00fctfen <a href=\"https:\/\/www.kabelbomen.com\/tr\/iletisim\/\">\u0130leti\u015fim<\/a> B\u00f6ylece tam olarak neye ihtiyac\u0131n\u0131z oldu\u011funu tart\u0131\u015fabiliriz. Daha sonra sizin i\u00e7in tam olarak do\u011fru olan\u0131 yapaca\u011f\u0131z.<\/p>\n<p>&nbsp;<\/p>\n<h5><strong>Ate\u015fleme mod\u00fcl\u00fc\/bobin kablo demetinin yeri ve ba\u011flant\u0131s\u0131<\/strong><\/h5>\n<p>Kablo demeti, beyaz 2 pimli fi\u015f arac\u0131l\u0131\u011f\u0131yla motor kabinindeki ana kablo demetine ba\u011flan\u0131r. Kablo demeti ate\u015fleme mod\u00fcl\u00fcn\u00fc ve ate\u015fleme bobinini kontrol eder.<\/p>\n<p>&nbsp;<\/p>\n<h5><strong>Tip 2 ba\u011flant\u0131lara genel bak\u0131\u015f<\/strong><\/h5>\n<ul>\n<li>Fi\u015f kahverengi 2 kutuplu | Kaplin kablo demeti<\/li>\n<li>Fi\u015f beyaz 2 kutuplu Erkek | Kaplin kablo demeti<\/li>\n<li>Fi\u015f siyah 7-pin Di\u015fi | Amplifikat\u00f6r ate\u015fleme mod\u00fcl\u00fc ba\u011flant\u0131s\u0131<\/li>\n<li>Fi\u015f siyah 3 pimli Di\u015fi | G\u00fc\u00e7 da\u011f\u0131t\u0131c\u0131 ate\u015fleme<\/li>\n<li>Beyaz kabloya giden fi\u015f | Ate\u015fleme bobini<\/li>\n<li>Bujiden kabloya mavi | Ate\u015fleme bobini<\/li>\n<li>Ku\u015fg\u00f6z\u00fc M6, kablo sar\u0131 \/ ye\u015fil | Toprak<\/li>\n<\/ul>","protected":false},"excerpt":{"rendered":"<p>Peugeot 205 GTI \/ CTI faz 1 modellerinde ate\u015fleme mod\u00fcl\u00fcn\u00fc, g\u00fc\u00e7 da\u011f\u0131t\u0131c\u0131s\u0131n\u0131 ve bobini kontrol etmek i\u00e7in kablo demeti.<\/p>\n<p>Genellikle 1.6 litrelik motorlara sahip 205 GTI \/ CTI faz 1 modellerinde bulunur. Bunlar XU5J (180A ve 180Z) 105HP motor ve XU5JA (B6D) 115HP motor ile piyasaya s\u00fcr\u00fclm\u00fc\u015ft\u00fcr.<\/p>\n<p>Ayr\u0131ca XU9J1 (DFZ) 1,9 litrelik motora sahip \u00f6nceki 205 CTI modellerinde de bulunur.<\/p>\n<p>Bu kablo bomunun \u00e7e\u015fitli versiyonlar\u0131 vard\u0131r.<\/p>\n<p>Bunlar\u0131 tip 1 ve tip 2 olarak ikiye ay\u0131r\u0131yoruz.<\/p>\n<p>Tip 1'de 1 adet beyaz 2 kutuplu ba\u011flant\u0131 fi\u015fi vard\u0131r<\/p>\n<p>Tip 2'de hem beyaz hem de kahverengi 2 kutuplu ba\u011flant\u0131 fi\u015fi vard\u0131r<\/p>\n<p>Resimdekinden farkl\u0131 bir tane mi ar\u0131yorsunuz? O zaman l\u00fctfen <a href=\"https:\/\/www.kabelbomen.com\/tr\/iletisim\/\">\u0130leti\u015fim<\/a> bizimle ileti\u015fime ge\u00e7in ve tam olarak ihtiyac\u0131n\u0131z olan\u0131 yapal\u0131m.<\/p>\n<p>Daha fazla bilgi i\u00e7in a\u015fa\u011f\u0131daki a\u00e7\u0131klamaya bak\u0131n\u0131z.<\/p>","protected":false},"featured_media":17944,"comment_status":"open","ping_status":"closed","template":"","meta":[],"product_brand":[],"product_cat":[61,38],"product_tag":[114,354,47,34,353,173,396,397,395],"hf_cat_product":[253],"class_list":{"0":"post-17957","1":"product","2":"type-product","3":"status-publish","4":"has-post-thumbnail","6":"product_cat-peugeot-205","7":"product_cat-kabelbomen","8":"product_tag-205-gti","9":"product_tag-bobine","10":"product_tag-fase-1","11":"product_tag-kabelboom","12":"product_tag-ontsteking","13":"product_tag-xu-motor","14":"product_tag-xu5j-180a-180z","15":"product_tag-xu5ja-b6d","16":"product_tag-xu9j1-dfz","18":"first","19":"instock","20":"taxable","21":"shipping-taxable","22":"purchasable","23":"product-type-variable","24":"has-default-attributes"},"_links":{"self":[{"href":"https:\/\/www.kabelbomen.com\/tr\/wp-json\/wp\/v2\/product\/17957","targetHints":{"allow":["GET"]}}],"collection":[{"href":"https:\/\/www.kabelbomen.com\/tr\/wp-json\/wp\/v2\/product"}],"about":[{"href":"https:\/\/www.kabelbomen.com\/tr\/wp-json\/wp\/v2\/types\/product"}],"replies":[{"embeddable":true,"href":"https:\/\/www.kabelbomen.com\/tr\/wp-json\/wp\/v2\/comments?post=17957"}],"version-history":[{"count":4,"href":"https:\/\/www.kabelbomen.com\/tr\/wp-json\/wp\/v2\/product\/17957\/revisions"}],"predecessor-version":[{"id":18106,"href":"https:\/\/www.kabelbomen.com\/tr\/wp-json\/wp\/v2\/product\/17957\/revisions\/18106"}],"wp:featuredmedia":[{"embeddable":true,"href":"https:\/\/www.kabelbomen.com\/tr\/wp-json\/wp\/v2\/media\/17944"}],"wp:attachment":[{"href":"https:\/\/www.kabelbomen.com\/tr\/wp-json\/wp\/v2\/media?parent=17957"}],"wp:term":[{"taxonomy":"product_brand","embeddable":true,"href":"https:\/\/www.kabelbomen.com\/tr\/wp-json\/wp\/v2\/product_brand?post=17957"},{"taxonomy":"product_cat","embeddable":true,"href":"https:\/\/www.kabelbomen.com\/tr\/wp-json\/wp\/v2\/product_cat?post=17957"},{"taxonomy":"product_tag","embeddable":true,"href":"https:\/\/www.kabelbomen.com\/tr\/wp-json\/wp\/v2\/product_tag?post=17957"},{"taxonomy":"hf_cat_product","embeddable":true,"href":"https:\/\/www.kabelbomen.com\/tr\/wp-json\/wp\/v2\/hf_cat_product?post=17957"}],"curies":[{"name":"wp","href":"https:\/\/api.w.org\/{rel}","templated":true}]}}