{"id":17750,"date":"2026-03-07T14:38:39","date_gmt":"2026-03-07T13:38:39","guid":{"rendered":"https:\/\/www.kabelbomen.com\/?post_type=product&#038;p=17750"},"modified":"2026-04-09T14:45:54","modified_gmt":"2026-04-09T12:45:54","slug":"motor-kablo-demeti-ecu-205gti-faz2","status":"publish","type":"product","link":"https:\/\/www.kabelbomen.com\/tr\/product\/motorkabelboom-ecu-205gti-fase2\/","title":{"rendered":"Motor kablo demeti Peugeot 205 GTI - D6B motor | faz 2"},"content":{"rendered":"<p>Torpido g\u00f6z\u00fcndeki ECU \u00fczerinden L-Jetronic yak\u0131t enjeksiyon sistemini kontrol etmek i\u00e7in yeni Peugeot 205 GTI motor kablo demeti. LE-Jetronic olarak da tan\u0131mlan\u0131r. Bu terimler y\u0131llar boyunca dok\u00fcmantasyonda birbirinin yerine kullan\u0131lm\u0131\u015ft\u0131r.<\/p>\n<p>Bir\u00e7o\u011fu XU9JA-D6B 1.9 litrelik motora sahip 205 GTI'da bulunur,130HP, katalitik konvert\u00f6rs\u00fcz.<\/p>\n<p>Bu modelde, faz 2'de (kabaca Temmuz 1990'dan itibaren), bobin emme manifoldunda siyah bir blok olarak bulunur. Ancak ge\u00e7i\u015f a\u015famas\u0131 1.5'e yerle\u015ftirildi\u011fi bilinen durumlar da vard\u0131r. Model y\u0131llar\u0131 ve hatta motor blo\u011fu bir g\u00f6stergedir.<\/p>\n<p>Motor kablo demetinin 205 GTI'\u0131n\u0131z i\u00e7in uygun olup olmad\u0131\u011f\u0131n\u0131 kontrol etmek i\u00e7in ana \u00f6zellikler \u015funlard\u0131r:<\/p>\n<ul>\n<li>Emme manifoldundaki enjekt\u00f6r ray\u0131 \u00fczerindeki ate\u015fleme bobini (k\u00fc\u00e7\u00fck siyah blok)<\/li>\n<li>Torpido g\u00f6z\u00fcndeki yak\u0131t pompas\u0131 i\u00e7in siyah 7 pimli emniyet r\u00f6lesi<\/li>\n<li>Kataliz\u00f6r yok<\/li>\n<li>2 s\u0131ral\u0131 ECU fi\u015fi<\/li>\n<\/ul>\n<p>&nbsp;<\/p>\n<h5><strong>\u00d6zg\u00fcnl\u00fck ve kalite<\/strong><\/h5>\n<p>Kablo demeti yenidir ve taraf\u0131m\u0131zdan y\u00fcksek kalitede \u00fcretilmi\u015ftir. Yal\u0131t\u0131m kapa\u011f\u0131 olmayan t\u00fcm a\u00e7\u0131k konekt\u00f6rler i\u00e7in, ekstra koruma i\u00e7in bak\u0131r telden kablo pabucuna kadar her ba\u011flant\u0131 aras\u0131na \u0131s\u0131yla daralan makaron yerle\u015ftiriyoruz....<\/p>\n<p>Bu bizim standart \u00e7al\u0131\u015fma y\u00f6ntemimizdir. Sonu\u00e7 olarak, kablo demetlerimiz ekstra uzun ve g\u00fcvenilir hizmet \u00f6mr\u00fc ile karakterize edilir.<\/p>\n<p>Ayr\u0131ca, sadece yo\u011fun nerv\u00fcrl\u00fc yal\u0131t\u0131m kullan\u0131yoruz. Bu sadece a\u00e7\u0131k nerv\u00fcrl\u00fc borulardan \u00e7ok daha g\u00fczel g\u00f6r\u00fcnmekle kalmaz, ayn\u0131 zamanda daha sa\u011flamd\u0131r, \u00e7atlamaz ve daha uzun s\u00fcre dayan\u0131r. Ve \u00e7ok daha \u00f6nemlisi, bu \u015fekilde kablo demetine \u00e7ok daha az kir ula\u015f\u0131r ve band\u0131 daha uzun s\u00fcre b\u00fct\u00fcn ve d\u00fczenli tutar.<\/p>\n<p>M\u00fcmk\u00fcn olan yerlerde orijinal renk kaplamal\u0131 orijinal yeni tapalar uygulanm\u0131\u015ft\u0131r.<\/p>\n<p>AMP'nin yeni 25 kutuplu (2 s\u0131ral\u0131) ECU konnekt\u00f6r\u00fc ile.<\/p>\n<p>&nbsp;<\/p>\n<h5><strong>Farkl\u0131 yer dallanmas\u0131<\/strong><\/h5>\n<p>G\u00fc\u00e7 da\u011f\u0131t\u0131c\u0131s\u0131 ve SAD (Tamamlay\u0131c\u0131 Hava Cihaz\u0131) gibi baz\u0131 musluklar y\u0131llar i\u00e7inde bazen farkl\u0131 yerlere yerle\u015ftirilmi\u015ftir. Bu durum \u00e7al\u0131\u015fmay\u0131 etkilemez. Kablo demetimiz, ilgili motor blo\u011funa sahip bir 205 GTI'a monte edildi\u011finde kendimiz taraf\u0131ndan test edilmi\u015ftir ve bu nedenle \u00e7ok iyi bir tak ve \u00e7al\u0131\u015ft\u0131r uyumuna sahiptir.<\/p>\n<p>Sat\u0131n alma i\u015fleminizden sonra, belirli istisnalar\u0131 ortadan kald\u0131rmak i\u00e7in her zaman sizinle ileti\u015fime ge\u00e7iyoruz. Bu \u015fekilde, kablo demetinin 205'iniz i\u00e7in her zaman do\u011fru oldu\u011fundan emin oluruz.<\/p>\n<p>Peugeot 205 i\u00e7in resimde g\u00f6sterildi\u011fi gibi farkl\u0131 bir model veya ba\u015fka bir t\u00fcr (motor) kablo demeti mi ar\u0131yorsunuz? O zaman l\u00fctfen <a href=\"https:\/\/www.kabelbomen.com\/tr\/iletisim\/\">\u0130leti\u015fim<\/a> B\u00f6ylece tam olarak hangi kablo demetine ihtiyac\u0131n\u0131z oldu\u011funu g\u00f6r\u00fc\u015febiliriz. M\u00fcmk\u00fcnse sizin i\u00e7in tam olarak do\u011fru olan\u0131 yapaca\u011f\u0131z. Ayr\u0131ca orijinal kablo demetlerinizin restorasyonunu da ger\u00e7ekle\u015ftirebiliriz. Veya yeni kablo demetleri i\u00e7in web ma\u011fazam\u0131z\u0131 kontrol edin.<\/p>\n<p>&nbsp;<\/p>\n<h5><strong>Motor kablo demetinin bulunmas\u0131 ve ba\u011flanmas\u0131<\/strong><\/h5>\n<p>Kablo demeti Peugeot 205'in yolcu taraf\u0131ndaki torpido g\u00f6z\u00fcnde bulunan ECU'ya ba\u011flan\u0131r. Burada ayr\u0131ca yak\u0131t pompas\u0131 i\u00e7in yak\u0131t emniyet r\u00f6lesini de bulacaks\u0131n\u0131z. Torpido g\u00f6z\u00fcn\u00fcn yan taraf\u0131nda, di\u011fer \u015feylerin yan\u0131 s\u0131ra, sens\u00f6rlerden g\u00f6sterge tablosundaki g\u00f6sterge paneline giden sinyaller i\u00e7in 2 kahverengi ba\u011flant\u0131 fi\u015fi bulacaks\u0131n\u0131z. Torpido g\u00f6z\u00fcn\u00fcn arkas\u0131nda, kablo demeti b\u00f6lmeden ge\u00e7erek motor b\u00f6lmesine gider ve burada \u00e7e\u015fitli t\u00fcketicileri kontrol eder. A\u015fa\u011f\u0131da t\u00fcm ba\u011flant\u0131lar\u0131 g\u00f6rebilirsiniz.<\/p>\n<p>&nbsp;<\/p>\n<h5><strong>T\u00fcm ba\u011flant\u0131lara genel bak\u0131\u015f<\/strong><\/h5>\n<p>D6B motorlu 205 GTI faz 2 i\u00e7in ECU motor kablo demetindeki fi\u015fler a\u015fa\u011f\u0131daki bile\u015fenleri kontrol eder:<\/p>\n<ul>\n<li>25 pimli ECU fi\u015fi, 2 s\u0131ra, 11 kontak kullan\u0131mda - ECU ile ba\u011flant\u0131 0 280 000 359<\/li>\n<li>6 pimli kahverengi fi\u015f - G\u00f6sterge paneli kablo demetine ba\u011flant\u0131<\/li>\n<li>9 pimli kahverengi fi\u015f - G\u00f6sterge paneli kablo demetine ba\u011flant\u0131<\/li>\n<li>7 pimli siyah fi\u015f - Yak\u0131t pompas\u0131 g\u00fcvenlik r\u00f6lesi<\/li>\n<li>3 pimli k\u0131rm\u0131z\u0131 fi\u015f - genle\u015fme deposundaki so\u011futma s\u0131v\u0131s\u0131 seviyesi alarm sens\u00f6r\u00fc<\/li>\n<li>1 kutuplu siyah sens\u00f6r - Diyagnoz konnekt\u00f6r\u00fc<\/li>\n<li>7 pimli siyah fi\u015f - Ate\u015fleme mod\u00fcl\u00fc amplifikat\u00f6r\u00fc<\/li>\n<li>2 kutuplu siyah fi\u015f - 4 x enjekt\u00f6r<\/li>\n<li>4 pimli kahverengi fi\u015f - Ate\u015fleme bobini<\/li>\n<li>1 kutuplu siyah fi\u015f - Diyagnostik<\/li>\n<li>3 pimli siyah fi\u015f - Gaz kelebe\u011fi g\u00f6vdesi \u00fczerinde gaz kelebe\u011fi temas sens\u00f6r\u00fc \/ Gaz kelebe\u011fi konum sens\u00f6r\u00fc (r\u00f6lanti \/ tam gaz)<\/li>\n<li>2 pimli beyaz fi\u015f - Geri vites lambas\u0131 anahtar\u0131<\/li>\n<li>2 kutuplu siyah d\u00fcz fi\u015f - K\u00fc\u00e7\u00fck sigorta kutusunda ana g\u00fc\u00e7 ba\u011flant\u0131s\u0131<\/li>\n<li>7 pimli siyah fi\u015f (kahverengi fi\u015f olarak da mevcuttur) - Kaplin ile <a href=\"https:\/\/www.kabelbomen.com\/tr\/urun\/sensor-kablo-demeti-7-kutuplu-yeni-tip\/\" target=\"_blank\" rel=\"noopener\">(y\u00fckseltilmi\u015f) motor sens\u00f6r\u00fc kablo demeti<\/a><\/li>\n<li>2 pimli siyah fi\u015f - So\u011fuk \u00e7al\u0131\u015ft\u0131rmada ek hava beslemesi i\u00e7in SAD (Ek Hava Cihaz\u0131)<\/li>\n<li>3 pimli siyah fi\u015f - Fi\u015fli g\u00fc\u00e7 da\u011f\u0131t\u0131c\u0131s\u0131 ate\u015fleme g\u00f6vdesi ile ba\u011flant\u0131<\/li>\n<li>5 pimli siyah fi\u015f - Hava debimetresi \/ Hava k\u00fctlesi \u00f6l\u00e7er \/ Hava deflekt\u00f6r\u00fc<\/li>\n<li>2 kutuplu mavi fi\u015f - ECU'ya sinyal i\u00e7in so\u011futma s\u0131v\u0131s\u0131 s\u0131cakl\u0131k sens\u00f6r\u00fc<\/li>\n<li>Motor blo\u011funda topraklama i\u00e7in M8 g\u00f6z<\/li>\n<\/ul>","protected":false},"excerpt":{"rendered":"<p>Peugeot 205 GTI'daki L-Jetronic yak\u0131t enjeksiyon sistemini kontrol etmek i\u00e7in yeni ECU motor kablo demeti.<\/p>\n<p>Di\u011ferlerinin yan\u0131 s\u0131ra, 130HP XU9JA (D6B) 1.9 litrelik motora sahip 205 GTI'da katalitik konvert\u00f6r olmadan kullan\u0131lm\u0131\u015ft\u0131r.<\/p>\n<p>Temmuz\/A\u011fustos 1990 civar\u0131nda ate\u015fleme bobininin emme manifolduna yerle\u015ftirildi\u011fi 2. a\u015fama versiyonu. Bununla birlikte, ate\u015fleme bobininin motor blo\u011funa yerle\u015ftirildi\u011fi faz 1.5 serisinde bilinen daha \u00f6nceki model y\u0131llar\u0131 da vard\u0131r. Yap\u0131m y\u0131llar\u0131 ve model sadece bir g\u00f6stergedir.<\/p>\n<p>Kablo demetinin Peugeot 205 GTI'\u0131n\u0131z i\u00e7in uygun olup olmad\u0131\u011f\u0131n\u0131 kontrol etmek i\u00e7in temel \u00f6zellikler \u015funlard\u0131r:<\/p>\n<ul>\n<li>Emme manifoldundaki ate\u015fleme bobini (k\u00fc\u00e7\u00fck siyah blok)<\/li>\n<li>Torpido g\u00f6z\u00fcnde 7 pimli siyah yak\u0131t pompas\u0131 g\u00fcvenlik r\u00f6lesi<\/li>\n<li>Kataliz\u00f6r yok<\/li>\n<\/ul>\n<p>&nbsp;<br \/>\nAMP'den yeni 25 kutuplu (2 s\u0131ral\u0131) ECU fi\u015fi ile.<\/p>\n<p>Sat\u0131n ald\u0131ktan sonra, bu ECU kablo demetine ba\u011flanacak olan k\u00fc\u00e7\u00fck 7 pimli motor sens\u00f6r\u00fc kablo demeti i\u00e7in hangi fi\u015fi istedi\u011finizi sizinle g\u00f6r\u00fc\u015fece\u011fiz. Kahverengi 7 pimli fi\u015f yerine y\u00fckseltilmi\u015f su ge\u00e7irmez fi\u015fi \u00f6neriyoruz. Bu fi\u015fi do\u011frudan takabiliriz. \u015eunlar\u0131 \u00f6neriyoruz\u00a0<a title=\"Y\u00dcKSELT\u0130LM\u0130\u015e motor sens\u00f6rleri kablo demetine\" href=\"https:\/\/www.kabelbomen.com\/tr\/urun\/sensor-kablo-demeti-7-kutuplu-yeni-tip\/\" target=\"_blank\" rel=\"noopener\">y\u00fckseltilmi\u015f motor sens\u00f6rleri kablo demeti burada<\/a>\u00a0onunla birlikte d\u00fczen.<\/p>\n<p>Daha fazla bilgi i\u00e7in a\u015fa\u011f\u0131daki a\u00e7\u0131klamaya bak\u0131n\u0131z.<\/p>","protected":false},"featured_media":17755,"comment_status":"open","ping_status":"closed","template":"","meta":[],"product_brand":[],"product_cat":[61,38],"product_tag":[114,391,134,46,388,287,34,389,135,173,390],"hf_cat_product":[253],"class_list":{"0":"post-17750","1":"product","2":"type-product","3":"status-publish","4":"has-post-thumbnail","6":"product_cat-peugeot-205","7":"product_cat-kabelbomen","8":"product_tag-205-gti","9":"product_tag-d6b","10":"product_tag-ecu","11":"product_tag-fase-2","12":"product_tag-injectie","13":"product_tag-injectoren","14":"product_tag-kabelboom","15":"product_tag-l-jetronic","16":"product_tag-motorkabelboom","17":"product_tag-xu-motor","18":"product_tag-xu9ja","20":"first","21":"instock","22":"purchasable","23":"product-type-simple"},"_links":{"self":[{"href":"https:\/\/www.kabelbomen.com\/tr\/wp-json\/wp\/v2\/product\/17750","targetHints":{"allow":["GET"]}}],"collection":[{"href":"https:\/\/www.kabelbomen.com\/tr\/wp-json\/wp\/v2\/product"}],"about":[{"href":"https:\/\/www.kabelbomen.com\/tr\/wp-json\/wp\/v2\/types\/product"}],"replies":[{"embeddable":true,"href":"https:\/\/www.kabelbomen.com\/tr\/wp-json\/wp\/v2\/comments?post=17750"}],"version-history":[{"count":39,"href":"https:\/\/www.kabelbomen.com\/tr\/wp-json\/wp\/v2\/product\/17750\/revisions"}],"predecessor-version":[{"id":18444,"href":"https:\/\/www.kabelbomen.com\/tr\/wp-json\/wp\/v2\/product\/17750\/revisions\/18444"}],"wp:featuredmedia":[{"embeddable":true,"href":"https:\/\/www.kabelbomen.com\/tr\/wp-json\/wp\/v2\/media\/17755"}],"wp:attachment":[{"href":"https:\/\/www.kabelbomen.com\/tr\/wp-json\/wp\/v2\/media?parent=17750"}],"wp:term":[{"taxonomy":"product_brand","embeddable":true,"href":"https:\/\/www.kabelbomen.com\/tr\/wp-json\/wp\/v2\/product_brand?post=17750"},{"taxonomy":"product_cat","embeddable":true,"href":"https:\/\/www.kabelbomen.com\/tr\/wp-json\/wp\/v2\/product_cat?post=17750"},{"taxonomy":"product_tag","embeddable":true,"href":"https:\/\/www.kabelbomen.com\/tr\/wp-json\/wp\/v2\/product_tag?post=17750"},{"taxonomy":"hf_cat_product","embeddable":true,"href":"https:\/\/www.kabelbomen.com\/tr\/wp-json\/wp\/v2\/hf_cat_product?post=17750"}],"curies":[{"name":"wp","href":"https:\/\/api.w.org\/{rel}","templated":true}]}}