{"id":15711,"date":"2024-05-19T20:13:30","date_gmt":"2024-05-19T18:13:30","guid":{"rendered":"https:\/\/www.kabelbomen.com\/?post_type=product&#038;p=15711"},"modified":"2026-03-21T19:56:27","modified_gmt":"2026-03-21T18:56:27","slug":"motor-kablo-demeti-d-jetronic-mercedes-benz-280sl","status":"publish","type":"product","link":"https:\/\/www.kabelbomen.com\/tr\/product\/motorkabelboom-d-jetronic-mercedes-benz-280sl\/","title":{"rendered":"Motor kablo demeti, D-Jetronic, Mercedes-Benz 280SL"},"content":{"rendered":"<p>Mercedes-Benz 280SL i\u00e7in D-Jetronic yak\u0131t enjeksiyon sistemli ECU motor kablo demeti.<\/p>\n<p>Di\u011fer modeller i\u00e7in de ECU kablo demetleri tedarik ediyoruz. Do\u011fru bir 100% reprod\u00fcksiyonu \u00fcretebilmemiz i\u00e7in orijinal kablo demetini almak istiyoruz.<\/p>\n<p>&nbsp;<\/p>\n<h5><strong>\u00d6zg\u00fcnl\u00fck ve kalite<\/strong><\/h5>\n<p>Kablo demetini yeni fi\u015fler, lastik kapaklar ve kablo pabu\u00e7lar\u0131 ile tamamen yeniden olu\u015fturuyoruz. Orijinal kablo renklerine sahip y\u00fcksek kaliteli bak\u0131r tel kullan\u0131yoruz.<\/p>\n<p>Ekstra uzun \u00f6m\u00fcr, dayan\u0131kl\u0131l\u0131k ve korozyon ve a\u015f\u0131nmay\u0131 \u00f6nlemek i\u00e7in kablo demetini \u00e7ok y\u00fcksek bir standartta bitiriyoruz. Bak\u0131rdan kablo pabu\u00e7lar\u0131na ve genel kaplamaya kadar ba\u011flant\u0131lara ekstra \u00f6zen g\u00f6sterilmektedir. SKS'nin \u00f6ne \u00e7\u0131kt\u0131\u011f\u0131 yer buras\u0131d\u0131r.<\/p>\n<p>Is\u0131ya, s\u0131v\u0131lara, ha\u015faratlara ve a\u015f\u0131nmaya kar\u015f\u0131 koruma i\u00e7in bran\u015fman hatlar\u0131na PVC yal\u0131t\u0131m uygulan\u0131r. Ana iletken, foto\u011fraflarda g\u00f6sterildi\u011fi gibi PVC yal\u0131t\u0131mla veya klasik bir g\u00f6r\u00fcn\u00fcm i\u00e7in \u00f6rg\u00fcl\u00fc \u0131s\u0131yla daralan makaronla donat\u0131labilir.<\/p>\n<p>&nbsp;<\/p>\n<h5><strong>Eski kablo demetinizi g\u00f6nderin<\/strong><\/h5>\n<p>Bir\u00e7ok farkl\u0131 versiyonu olmu\u015ftur, hatta her \u00fclke i\u00e7in (k\u00fc\u00e7\u00fck) farkl\u0131l\u0131klar vard\u0131r. Yeni kablo demetinin eski kablo demetinizle tam olarak e\u015fle\u015fti\u011finden 100% emin olabilmemiz i\u00e7in eski kablo demetinizi almak istiyoruz.<\/p>\n<p>Ayr\u0131ca, eski kablo demetinizdeki siyah g\u00fc\u00e7 fi\u015fi konnekt\u00f6r\u00fcn\u00fc ve so\u011fuk \u00e7al\u0131\u015ft\u0131rma zenginle\u015ftirme fi\u015fini yeniden kullanaca\u011f\u0131z. Bunlar art\u0131k hi\u00e7bir yerde yeni olarak bulunmuyor.<\/p>\n<p>E\u011fer ilgileniyorsan\u0131z l\u00fctfen <a href=\"https:\/\/www.kabelbomen.com\/tr\/iletisim\/\" target=\"_blank\" rel=\"noopener\">\u0130leti\u015fim<\/a> sipari\u015finizi planlamak i\u00e7in bizimle ileti\u015fime ge\u00e7in. Daha sonra orijinal kablo demetinizi de bize g\u00f6nderebilir veya m\u00fcmk\u00fcnse getirebilirsiniz. Eski kablo demetinizi bize g\u00f6nderme ko\u015fullar\u0131n\u0131 \u015fu adreste bulabilirsiniz <a href=\"https:\/\/www.kabelbomen.com\/tr\/sartlar-ve-kosullar\/\" target=\"_blank\" rel=\"noopener\">bu ba\u011flant\u0131<\/a> sayfan\u0131n alt\u0131nda.<\/p>\n<p>&nbsp;<\/p>","protected":false},"excerpt":{"rendered":"<p>Motoru D-Jetronic yak\u0131t enjeksiyon sistemi ile kontrol etmek i\u00e7in yeni ECU kablo demeti.<\/p>\n<p>Mercedes-Benz 280SL'de uygulanm\u0131\u015ft\u0131r.<\/p>\n<p>\u00dclkelere g\u00f6re bir\u00e7ok farkl\u0131 versiyon ve \u00e7e\u015fitli \u00fcretimler g\u00f6z \u00f6n\u00fcne al\u0131nd\u0131\u011f\u0131nda, eski orijinal kablo demetinizi almak istiyoruz. Bu durumda 100% yeni kablo demetinin eski kablo demetinizle tam olarak e\u015fle\u015fece\u011fini kesinlikle garanti edebiliriz.<\/p>\n<p>\u0130nternette hala t\u00fcm modellere ve \u00fclkelere uyuyormu\u015f gibi pazarlanan baz\u0131 kablo demetleri bulunmaktad\u0131r, ancak durum b\u00f6yle de\u011fildir. \u00c7o\u011fu durumda, say\u0131s\u0131z modifikasyon gerektiren ve kal\u0131n tel istenen yerlerde mant\u0131ks\u0131z bir \u015fekilde ince tellerin kullan\u0131ld\u0131\u011f\u0131 bir kablo demetine sahip olursunuz. \u00c7o\u011funlukla \u00c7in'den gelen kablo demetleri. T\u00fcm kablo demetlerimizi kendimiz, Hollanda'da ve her zaman en y\u00fcksek kalitede \u00fcretiyoruz.<\/p>\n<p>Komple yeni bir yap\u0131 i\u00e7in fiyat \u20ac995<\/p>\n<p>Di\u011fer klasik Mercedes-Benz modelleri i\u00e7in de motor kablo demeti tedarik ediyoruz. Bunu yaparken, 100% do\u011fru bir reprod\u00fcksiyon \u00fcretebilmemiz i\u00e7in orijinali almaktan her zaman mutluluk duyar\u0131z.<\/p>\n<p>Daha fazla a\u00e7\u0131klama i\u00e7in a\u015fa\u011f\u0131daki ek a\u00e7\u0131klamay\u0131 okuyun.<\/p>\n<p>Ayr\u0131ca \u015funlar\u0131 da yapabilirsiniz <a href=\"https:\/\/www.kabelbomen.com\/tr\/iletisim\/\">\u0130leti\u015fim<\/a> Ek bilgi almak veya sipari\u015f vermek i\u00e7in bizimle ileti\u015fime ge\u00e7ebilirsiniz.<\/p>\n<p>&nbsp;<\/p>","protected":false},"featured_media":15543,"comment_status":"open","ping_status":"closed","template":"","meta":[],"product_brand":[],"product_cat":[132,38],"product_tag":[326,286,133,134,287,34,135],"hf_cat_product":[257],"class_list":{"0":"post-15711","1":"product","2":"type-product","3":"status-publish","4":"has-post-thumbnail","6":"product_cat-mercedes-benz","7":"product_cat-kabelbomen","8":"product_tag-280sl","9":"product_tag-bosch","10":"product_tag-d-jetronic","11":"product_tag-ecu","12":"product_tag-injectoren","13":"product_tag-kabelboom","14":"product_tag-motorkabelboom","15":"product_shipping_class-groot-pakket","17":"first","18":"instock","19":"purchasable","20":"product-type-simple"},"_links":{"self":[{"href":"https:\/\/www.kabelbomen.com\/tr\/wp-json\/wp\/v2\/product\/15711","targetHints":{"allow":["GET"]}}],"collection":[{"href":"https:\/\/www.kabelbomen.com\/tr\/wp-json\/wp\/v2\/product"}],"about":[{"href":"https:\/\/www.kabelbomen.com\/tr\/wp-json\/wp\/v2\/types\/product"}],"replies":[{"embeddable":true,"href":"https:\/\/www.kabelbomen.com\/tr\/wp-json\/wp\/v2\/comments?post=15711"}],"version-history":[{"count":2,"href":"https:\/\/www.kabelbomen.com\/tr\/wp-json\/wp\/v2\/product\/15711\/revisions"}],"predecessor-version":[{"id":18170,"href":"https:\/\/www.kabelbomen.com\/tr\/wp-json\/wp\/v2\/product\/15711\/revisions\/18170"}],"wp:featuredmedia":[{"embeddable":true,"href":"https:\/\/www.kabelbomen.com\/tr\/wp-json\/wp\/v2\/media\/15543"}],"wp:attachment":[{"href":"https:\/\/www.kabelbomen.com\/tr\/wp-json\/wp\/v2\/media?parent=15711"}],"wp:term":[{"taxonomy":"product_brand","embeddable":true,"href":"https:\/\/www.kabelbomen.com\/tr\/wp-json\/wp\/v2\/product_brand?post=15711"},{"taxonomy":"product_cat","embeddable":true,"href":"https:\/\/www.kabelbomen.com\/tr\/wp-json\/wp\/v2\/product_cat?post=15711"},{"taxonomy":"product_tag","embeddable":true,"href":"https:\/\/www.kabelbomen.com\/tr\/wp-json\/wp\/v2\/product_tag?post=15711"},{"taxonomy":"hf_cat_product","embeddable":true,"href":"https:\/\/www.kabelbomen.com\/tr\/wp-json\/wp\/v2\/hf_cat_product?post=15711"}],"curies":[{"name":"wp","href":"https:\/\/api.w.org\/{rel}","templated":true}]}}