{"id":12713,"date":"2022-12-11T13:17:11","date_gmt":"2022-12-11T12:17:11","guid":{"rendered":"https:\/\/www.kabelbomen.com\/?post_type=product&#038;p=12713"},"modified":"2026-03-21T19:58:43","modified_gmt":"2026-03-21T18:58:43","slug":"motor-kablo-demeti-renault-alpine-a310","status":"publish","type":"product","link":"https:\/\/www.kabelbomen.com\/tr\/product\/motorkabelboom-renault-alpine-a310\/","title":{"rendered":"Motor kablo demeti, D-Jetronic, Renault Alpine A310"},"content":{"rendered":"<p>Renault Alpine A310'daki D-Jetronic yak\u0131t enjeksiyon sistemi i\u00e7in ECU motor kablo demeti.<\/p>\n<p>Kablo demeti yeni fi\u015fler, lastik kapaklar ve kablo pabu\u00e7lar\u0131 ile tamamen yenidir. Orijinal kablo renklerine sahip y\u00fcksek kaliteli bak\u0131r tel kullan\u0131yoruz.<\/p>\n<p>T\u00fcm kablolar orijinal kablo numaralar\u0131 ile taraf\u0131m\u0131zdan sa\u011flanmaktad\u0131r.<\/p>\n<p>Dayan\u0131kl\u0131l\u0131k, korozyon ve k\u0131sa devreleri \u00f6nlemek i\u00e7in bak\u0131r iletken ve kablo pabucu aras\u0131ndaki her ba\u011flant\u0131 \u0131s\u0131 b\u00fcz\u00fc\u015fmeli boru ile tamamlan\u0131r. Is\u0131ya, s\u0131v\u0131lara, ha\u015faratlara ve a\u015f\u0131nmaya kar\u015f\u0131 koruma i\u00e7in dallara PVC yal\u0131t\u0131m uygulan\u0131r.<\/p>\n<p>Eski (orijinal) kablo demetinizi almak istiyoruz, b\u00f6ylece 100% yeni kablo demetinin eski kablo demetinizle tam olarak e\u015fle\u015fti\u011finden emin olabiliriz.<\/p>\n<p>Bazen \u00f6zelle\u015ftirme eklendi\u011fi i\u00e7in foto\u011fraf de\u011fi\u015febilir.<\/p>\n<p>Talep \u00fczerine fiyat. Yapabilirsin\u00a0<a href=\"https:\/\/www.kabelbomen.com\/tr\/iletisim\/\">\u0130leti\u015fim<\/a>\u00a0daha fazla bilgi i\u00e7in bizimle ileti\u015fime ge\u00e7in.<\/p>\n<p>&nbsp;<\/p>","protected":false},"excerpt":{"rendered":"<p>Renault Alpine A310'daki Bosch D-Jetronic yak\u0131t enjeksiyon sistemini kontrol etmek i\u00e7in yeni ECU motor kablo demeti.<\/p>\n<p>Yeni fi\u015fler, yal\u0131t\u0131m kapaklar\u0131 ve kablo pabu\u00e7lar\u0131 ile tamamen donat\u0131lm\u0131\u015ft\u0131r. T\u00fcm kablolar orijinal kablo numaralar\u0131n\u0131 ta\u015f\u0131maktad\u0131r.<\/p>\n<p>Her \u00fclkede farkl\u0131 versiyonlar ve \u00e7e\u015fitli \u00fcretimler oldu\u011fundan, eski orijinal kablo demetinizi almak istiyoruz. Bu durumda 100% yeni kablo demetinin eski kablo demetinizle tam olarak e\u015fle\u015fece\u011fini kesinlikle garanti edebiliriz.<\/p>\n<p>Foto\u011fraf \u00f6zelle\u015ftirme nedeniyle de\u011fi\u015fiklik g\u00f6sterebilir.<\/p>\n<p>\u0130stek \u00fczerine fiyat.<\/p>\n<p>Yapabilirsin <a href=\"https:\/\/www.kabelbomen.com\/tr\/iletisim\/\">\u0130leti\u015fim<\/a> daha fazla bilgi i\u00e7in bizimle ileti\u015fime ge\u00e7in.<\/p>","protected":false},"featured_media":12704,"comment_status":"open","ping_status":"closed","template":"","meta":[],"product_brand":[],"product_cat":[288,38],"product_tag":[285,286,133,134,287,34,135],"hf_cat_product":[376],"class_list":{"0":"post-12713","1":"product","2":"type-product","3":"status-publish","4":"has-post-thumbnail","6":"product_cat-renault-alpine","7":"product_cat-kabelbomen","8":"product_tag-a310","9":"product_tag-bosch","10":"product_tag-d-jetronic","11":"product_tag-ecu","12":"product_tag-injectoren","13":"product_tag-kabelboom","14":"product_tag-motorkabelboom","15":"product_shipping_class-groot-pakket","17":"first","18":"instock","19":"taxable","20":"shipping-taxable","21":"purchasable","22":"product-type-simple"},"_links":{"self":[{"href":"https:\/\/www.kabelbomen.com\/tr\/wp-json\/wp\/v2\/product\/12713","targetHints":{"allow":["GET"]}}],"collection":[{"href":"https:\/\/www.kabelbomen.com\/tr\/wp-json\/wp\/v2\/product"}],"about":[{"href":"https:\/\/www.kabelbomen.com\/tr\/wp-json\/wp\/v2\/types\/product"}],"replies":[{"embeddable":true,"href":"https:\/\/www.kabelbomen.com\/tr\/wp-json\/wp\/v2\/comments?post=12713"}],"version-history":[{"count":1,"href":"https:\/\/www.kabelbomen.com\/tr\/wp-json\/wp\/v2\/product\/12713\/revisions"}],"predecessor-version":[{"id":18174,"href":"https:\/\/www.kabelbomen.com\/tr\/wp-json\/wp\/v2\/product\/12713\/revisions\/18174"}],"wp:featuredmedia":[{"embeddable":true,"href":"https:\/\/www.kabelbomen.com\/tr\/wp-json\/wp\/v2\/media\/12704"}],"wp:attachment":[{"href":"https:\/\/www.kabelbomen.com\/tr\/wp-json\/wp\/v2\/media?parent=12713"}],"wp:term":[{"taxonomy":"product_brand","embeddable":true,"href":"https:\/\/www.kabelbomen.com\/tr\/wp-json\/wp\/v2\/product_brand?post=12713"},{"taxonomy":"product_cat","embeddable":true,"href":"https:\/\/www.kabelbomen.com\/tr\/wp-json\/wp\/v2\/product_cat?post=12713"},{"taxonomy":"product_tag","embeddable":true,"href":"https:\/\/www.kabelbomen.com\/tr\/wp-json\/wp\/v2\/product_tag?post=12713"},{"taxonomy":"hf_cat_product","embeddable":true,"href":"https:\/\/www.kabelbomen.com\/tr\/wp-json\/wp\/v2\/hf_cat_product?post=12713"}],"curies":[{"name":"wp","href":"https:\/\/api.w.org\/{rel}","templated":true}]}}