{"id":12437,"date":"2022-08-05T14:24:18","date_gmt":"2022-08-05T12:24:18","guid":{"rendered":"https:\/\/www.kabelbomen.com\/?post_type=product&#038;p=12437"},"modified":"2026-04-17T16:45:51","modified_gmt":"2026-04-17T14:45:51","slug":"fan-kablo-demeti-peugeot-205-gti","status":"publish","type":"product","link":"https:\/\/www.kabelbomen.com\/tr\/product\/ventilator-kabelboom-peugeot-205-gti\/","title":{"rendered":"So\u011futma fan\u0131 kablo demeti Peugeot 205 | faz 1.5, 2"},"content":{"rendered":"<p>So\u011futma s\u0131v\u0131s\u0131n\u0131 so\u011futmak i\u00e7in radyat\u00f6r \u00fczerindeki fan\u0131 kontrol etmek i\u00e7in yeni kablo demeti. Fan\u0131n yava\u015f ve y\u00fcksek h\u0131z\u0131n\u0131n bir seri diren\u00e7 taraf\u0131ndan kontrol edildi\u011fi birka\u00e7 205'te kullan\u0131l\u0131r.<\/p>\n<p>Bu kablo demeti \u00e7o\u011funlukla sadece 1 fan\u0131n tak\u0131l\u0131 oldu\u011fu Peugeot 205 GTI \/ CTI faz 1.5 ve 2 modellerinde bulunur.<\/p>\n<p>&nbsp;<\/p>\n<h5><strong>\u00d6zg\u00fcnl\u00fck ve kalite<\/strong><\/h5>\n<p>Kablo demeti, boyutlar, kablo renkleri ve fi\u015fler gibi orijinal \u00f6zelliklere g\u00f6re taraf\u0131m\u0131zdan \u00fcretilmi\u015ftir. Her zaman y\u00fcksek kaliteli bak\u0131r tel ve yeni orijinal kablo konekt\u00f6rleri kullan\u0131yoruz. M\u00fcmk\u00fcn olan her yerde yeni orijinal fi\u015fler kullan\u0131yoruz. G\u00fc\u00e7 \u00e7\u0131k\u0131\u015f\u0131n\u0131 ve hizmet \u00f6mr\u00fcn\u00fc \u00f6nemli \u00f6l\u00e7\u00fcde art\u0131ran biraz daha kal\u0131n bak\u0131r tel kullan\u0131yoruz.<\/p>\n<p>Bak\u0131r tel ve kablo pabucu aras\u0131ndaki t\u00fcm ba\u011flant\u0131lar\u0131 \u0131s\u0131 b\u00fcz\u00fc\u015fmeli boru ile tamaml\u0131yoruz. Bu, ekstra uzun ve g\u00fcvenilir bir hizmet \u00f6mr\u00fc sa\u011flayan standart SKS y\u00f6ntemimizdir. Ayr\u0131ca, kablo demeti orijinalinde oldu\u011fu gibi PVC yal\u0131t\u0131m man\u015fonu ve yal\u0131t\u0131m halkas\u0131 t\u00fcp\u00fc ile iyi bir \u015fekilde tamamlanm\u0131\u015ft\u0131r.<\/p>\n<p>&nbsp;<\/p>\n<h5><strong>Radyat\u00f6r tapas\u0131 ve izolasyon kapa\u011f\u0131<\/strong><\/h5>\n<p>Biraz daha eski 205 tiplerinde, radyat\u00f6rdeki termal konta\u011fa ba\u011flanmak i\u00e7in genellikle farkl\u0131 bir 3 kutuplu beyaz T fi\u015f kullan\u0131l\u0131rd\u0131. Daha sonra fi\u015fin \u00fczerine bir yal\u0131t\u0131m kapa\u011f\u0131 da yerle\u015ftirilirdi.<\/p>\n<p>Halihaz\u0131rda sadece standart bir 3 pimli yatay fi\u015fe ihtiya\u00e7 duyan ba\u015fka bir termal kontak anahtar\u0131n\u0131z olabilir. Bu durumda yeni bir 3 pimli siyah fi\u015f takabiliriz. Genellikle orijinalleri mavidir, bunlar\u0131 tedarik edemedi\u011fimiz i\u00e7in kullan\u0131lm\u0131\u015f bir tane takabiliriz. Ancak mavi ve siyah ayn\u0131 ba\u011flant\u0131 profiline sahiptir ve de\u011fi\u015ftirilebilir. A\u00e7\u0131klama i\u00e7in a\u015fa\u011f\u0131daki foto\u011fraflara bak\u0131n. Kullan\u0131lm\u0131\u015f bir par\u00e7a yerle\u015ftirirsek, her zaman iyi ila \u00e7ok iyi durumdad\u0131r ve her \u015fey iyi temizlenmi\u015f ve yenilenmi\u015ftir.<\/p>\n<p>Hangi fi\u015fi istedi\u011finizi bize bildirmekten \u00e7ekinmeyin. Biz esnekiz.<\/p>\n<p>A\u015fa\u011f\u0131daki foto\u011fraflar ek a\u00e7\u0131klama sa\u011flamaktad\u0131r.<\/p>\n<p>&nbsp;<\/p>\n<div id='gallery-1' class='gallery galleryid-12437 gallery-columns-3 gallery-size-thumbnail'><figure class='gallery-item'>\n\t\t\t<div class='gallery-icon landscape'>\n\t\t\t\t<a href='https:\/\/www.kabelbomen.com\/wp-content\/uploads\/2022\/08\/20240223_195030.webp'><img decoding=\"async\" width=\"150\" height=\"150\" src=\"https:\/\/www.kabelbomen.com\/wp-content\/uploads\/2022\/08\/20240223_195030-150x150.webp\" class=\"attachment-thumbnail size-thumbnail\" alt=\"So\u011futma fan\u0131 kablo demeti Peugeot 205 | Beyaz fi\u015f ba\u011flant\u0131s\u0131 termokontak anahtar\u0131 \u00fczerindeki orijinal yal\u0131t\u0131m kapa\u011f\u0131\" aria-describedby=\"gallery-1-15432\" srcset=\"https:\/\/www.kabelbomen.com\/wp-content\/uploads\/2022\/08\/20240223_195030-150x150.webp 150w, https:\/\/www.kabelbomen.com\/wp-content\/uploads\/2022\/08\/20240223_195030-300x300.webp 300w, https:\/\/www.kabelbomen.com\/wp-content\/uploads\/2022\/08\/20240223_195030-768x768.webp 768w, https:\/\/www.kabelbomen.com\/wp-content\/uploads\/2022\/08\/20240223_195030-12x12.webp 12w, https:\/\/www.kabelbomen.com\/wp-content\/uploads\/2022\/08\/20240223_195030-100x100.webp 100w, https:\/\/www.kabelbomen.com\/wp-content\/uploads\/2022\/08\/20240223_195030.webp 897w\" sizes=\"(max-width: 150px) 100vw, 150px\" \/><\/a>\n\t\t\t<\/div>\n\t\t\t\t<figcaption class='wp-caption-text gallery-caption' id='gallery-1-15432'>\n\t\t\t\tTermal kontak anahtar\u0131 ba\u011flant\u0131s\u0131 i\u00e7in beyaz fi\u015f \u00fczerinde orijinal izolasyon kapa\u011f\u0131\n\t\t\t\t<\/figcaption><\/figure><figure class='gallery-item'>\n\t\t\t<div class='gallery-icon landscape'>\n\t\t\t\t<a href='https:\/\/www.kabelbomen.com\/wp-content\/uploads\/2022\/08\/20240223_195041.webp'><img decoding=\"async\" width=\"150\" height=\"150\" src=\"https:\/\/www.kabelbomen.com\/wp-content\/uploads\/2022\/08\/20240223_195041-150x150.webp\" class=\"attachment-thumbnail size-thumbnail\" alt=\"So\u011futma fan\u0131 kablo demeti Peugeot 205 | Beyaz fi\u015f ba\u011flant\u0131s\u0131 orijinal izolasyon kapakl\u0131 termokontak anahtar\u0131 - yan\" aria-describedby=\"gallery-1-15433\" srcset=\"https:\/\/www.kabelbomen.com\/wp-content\/uploads\/2022\/08\/20240223_195041-150x150.webp 150w, https:\/\/www.kabelbomen.com\/wp-content\/uploads\/2022\/08\/20240223_195041-300x300.webp 300w, https:\/\/www.kabelbomen.com\/wp-content\/uploads\/2022\/08\/20240223_195041-768x768.webp 768w, https:\/\/www.kabelbomen.com\/wp-content\/uploads\/2022\/08\/20240223_195041-12x12.webp 12w, https:\/\/www.kabelbomen.com\/wp-content\/uploads\/2022\/08\/20240223_195041-100x100.webp 100w, https:\/\/www.kabelbomen.com\/wp-content\/uploads\/2022\/08\/20240223_195041.webp 897w\" sizes=\"(max-width: 150px) 100vw, 150px\" \/><\/a>\n\t\t\t<\/div>\n\t\t\t\t<figcaption class='wp-caption-text gallery-caption' id='gallery-1-15433'>\n\t\t\t\tOrijinal izolasyon kapakl\u0131 beyaz fi\u015f soketli termal kontak anahtar\u0131 - yan\n\t\t\t\t<\/figcaption><\/figure><figure class='gallery-item'>\n\t\t\t<div class='gallery-icon landscape'>\n\t\t\t\t<a href='https:\/\/www.kabelbomen.com\/wp-content\/uploads\/2022\/08\/20240223_195044.webp'><img decoding=\"async\" width=\"150\" height=\"150\" src=\"https:\/\/www.kabelbomen.com\/wp-content\/uploads\/2022\/08\/20240223_195044-150x150.webp\" class=\"attachment-thumbnail size-thumbnail\" alt=\"So\u011futma fan\u0131 kablo demeti Peugeot 205 | Beyaz fi\u015f ba\u011flant\u0131s\u0131 orijinal izolasyon kapakl\u0131 termokontak anahtar\u0131 - \u00f6n\" aria-describedby=\"gallery-1-15434\" srcset=\"https:\/\/www.kabelbomen.com\/wp-content\/uploads\/2022\/08\/20240223_195044-150x150.webp 150w, https:\/\/www.kabelbomen.com\/wp-content\/uploads\/2022\/08\/20240223_195044-300x300.webp 300w, https:\/\/www.kabelbomen.com\/wp-content\/uploads\/2022\/08\/20240223_195044-768x768.webp 768w, https:\/\/www.kabelbomen.com\/wp-content\/uploads\/2022\/08\/20240223_195044-12x12.webp 12w, https:\/\/www.kabelbomen.com\/wp-content\/uploads\/2022\/08\/20240223_195044-100x100.webp 100w, https:\/\/www.kabelbomen.com\/wp-content\/uploads\/2022\/08\/20240223_195044.webp 897w\" sizes=\"(max-width: 150px) 100vw, 150px\" \/><\/a>\n\t\t\t<\/div>\n\t\t\t\t<figcaption class='wp-caption-text gallery-caption' id='gallery-1-15434'>\n\t\t\t\tOrijinal izolasyon kapakl\u0131 beyaz priz termal kontak anahtar\u0131 - \u00f6n\n\t\t\t\t<\/figcaption><\/figure><figure class='gallery-item'>\n\t\t\t<div class='gallery-icon landscape'>\n\t\t\t\t<a href='https:\/\/www.kabelbomen.com\/wp-content\/uploads\/2022\/08\/20240216_140203.webp'><img loading=\"lazy\" decoding=\"async\" width=\"150\" height=\"150\" src=\"https:\/\/www.kabelbomen.com\/wp-content\/uploads\/2022\/08\/20240216_140203-150x150.webp\" class=\"attachment-thumbnail size-thumbnail\" alt=\"So\u011futma fan\u0131 kablo demeti Peugeot 205 | Orijinal mavi 3 pimli fi\u015f, siyah varyant ile de\u011fi\u015ftirilebilir.\" aria-describedby=\"gallery-1-15430\" srcset=\"https:\/\/www.kabelbomen.com\/wp-content\/uploads\/2022\/08\/20240216_140203-150x150.webp 150w, https:\/\/www.kabelbomen.com\/wp-content\/uploads\/2022\/08\/20240216_140203-300x300.webp 300w, https:\/\/www.kabelbomen.com\/wp-content\/uploads\/2022\/08\/20240216_140203-768x768.webp 768w, https:\/\/www.kabelbomen.com\/wp-content\/uploads\/2022\/08\/20240216_140203-12x12.webp 12w, https:\/\/www.kabelbomen.com\/wp-content\/uploads\/2022\/08\/20240216_140203-100x100.webp 100w, https:\/\/www.kabelbomen.com\/wp-content\/uploads\/2022\/08\/20240216_140203.webp 897w\" sizes=\"(max-width: 150px) 100vw, 150px\" \/><\/a>\n\t\t\t<\/div>\n\t\t\t\t<figcaption class='wp-caption-text gallery-caption' id='gallery-1-15430'>\n\t\t\t\tOrijinal mavi 3 pimli fi\u015f. Bunlar\u0131 sat\u0131n alamay\u0131z, ancak yeniden kullanabiliriz. Standart olarak siyah bir fi\u015f tak\u0131yoruz. Bu da uyuyor.\n\t\t\t\t<\/figcaption><\/figure><figure class='gallery-item'>\n\t\t\t<div class='gallery-icon landscape'>\n\t\t\t\t<a href='https:\/\/www.kabelbomen.com\/wp-content\/uploads\/2022\/08\/20240216_140147.webp'><img loading=\"lazy\" decoding=\"async\" width=\"150\" height=\"150\" src=\"https:\/\/www.kabelbomen.com\/wp-content\/uploads\/2022\/08\/20240216_140147-150x150.webp\" class=\"attachment-thumbnail size-thumbnail\" alt=\"So\u011futma fan\u0131 kablo demeti Peugeot 205 | Siyah 3 pimli fi\u015f, mavi fi\u015f ile ayn\u0131 ba\u011flant\u0131 profiline sahiptir.\" aria-describedby=\"gallery-1-15429\" srcset=\"https:\/\/www.kabelbomen.com\/wp-content\/uploads\/2022\/08\/20240216_140147-150x150.webp 150w, https:\/\/www.kabelbomen.com\/wp-content\/uploads\/2022\/08\/20240216_140147-300x300.webp 300w, https:\/\/www.kabelbomen.com\/wp-content\/uploads\/2022\/08\/20240216_140147-768x768.webp 768w, https:\/\/www.kabelbomen.com\/wp-content\/uploads\/2022\/08\/20240216_140147-12x12.webp 12w, https:\/\/www.kabelbomen.com\/wp-content\/uploads\/2022\/08\/20240216_140147-100x100.webp 100w, https:\/\/www.kabelbomen.com\/wp-content\/uploads\/2022\/08\/20240216_140147.webp 897w\" sizes=\"(max-width: 150px) 100vw, 150px\" \/><\/a>\n\t\t\t<\/div>\n\t\t\t\t<figcaption class='wp-caption-text gallery-caption' id='gallery-1-15429'>\n\t\t\t\tTermik kontak anahtar\u0131 i\u00e7in siyah 3 kutuplu fi\u015f. Bu, farkl\u0131 beyaz fi\u015fli olanlar hari\u00e7 205 i\u00e7in neredeyse t\u00fcm termal kontaklara uyar.\n\t\t\t\t<\/figcaption><\/figure><figure class='gallery-item'>\n\t\t\t<div class='gallery-icon landscape'>\n\t\t\t\t<a href='https:\/\/www.kabelbomen.com\/wp-content\/uploads\/2022\/08\/20240216_140240.webp'><img loading=\"lazy\" decoding=\"async\" width=\"150\" height=\"150\" src=\"https:\/\/www.kabelbomen.com\/wp-content\/uploads\/2022\/08\/20240216_140240-150x150.webp\" class=\"attachment-thumbnail size-thumbnail\" alt=\"So\u011futma fan\u0131 kablo demeti Peugeot 205 | Termokontak \u015faltere ba\u011fl\u0131 siyah 3 pimli fi\u015f\" aria-describedby=\"gallery-1-15431\" srcset=\"https:\/\/www.kabelbomen.com\/wp-content\/uploads\/2022\/08\/20240216_140240-150x150.webp 150w, https:\/\/www.kabelbomen.com\/wp-content\/uploads\/2022\/08\/20240216_140240-300x300.webp 300w, https:\/\/www.kabelbomen.com\/wp-content\/uploads\/2022\/08\/20240216_140240-768x768.webp 768w, https:\/\/www.kabelbomen.com\/wp-content\/uploads\/2022\/08\/20240216_140240-12x12.webp 12w, https:\/\/www.kabelbomen.com\/wp-content\/uploads\/2022\/08\/20240216_140240-100x100.webp 100w, https:\/\/www.kabelbomen.com\/wp-content\/uploads\/2022\/08\/20240216_140240.webp 897w\" sizes=\"(max-width: 150px) 100vw, 150px\" \/><\/a>\n\t\t\t<\/div>\n\t\t\t\t<figcaption class='wp-caption-text gallery-caption' id='gallery-1-15431'>\n\t\t\t\tTermal kontak anahtar\u0131na ba\u011fl\u0131 siyah 3 pimli fi\u015f.\n\t\t\t\t<\/figcaption><\/figure>\n\t\t<\/div>\n\n<p>&nbsp;<\/p>\n<p>&nbsp;<\/p>\n<h5><strong>Kablo demetindeki fi\u015flerin i\u015flevi<\/strong><\/h5>\n<p>Kablo demetindeki fi\u015fler a\u015fa\u011f\u0131daki ba\u011flant\u0131lar\u0131 sa\u011flar:<\/p>\n<ul>\n<li>Sigorta kutusundan fan ana g\u00fc\u00e7 kayna\u011f\u0131<\/li>\n<li>Radyat\u00f6r fan\u0131 s\u0131cakl\u0131k anahtar\u0131 (termal kontak)<\/li>\n<li>2 fan h\u0131z\u0131 i\u00e7in balast direnci<\/li>\n<li>Anahtarlamal\u0131 fan motoru g\u00fc\u00e7 kayna\u011f\u0131<\/li>\n<li>Test fi\u015fi (baz\u0131 modellerde mevcuttu ancak ba\u011fl\u0131 de\u011fil)<\/li>\n<li>Topraklama fi\u015fi<\/li>\n<\/ul>","protected":false},"excerpt":{"rendered":"<p>So\u011futma s\u0131v\u0131s\u0131 devresini so\u011futmak i\u00e7in radyat\u00f6r fan\u0131n\u0131 kontrol eden kablo demeti.<\/p>\n<p>Radyat\u00f6r \u00fczerindeki so\u011futma fan\u0131n\u0131n 2 h\u0131z\u0131 kontrol eden bir seri diren\u00e7 arac\u0131l\u0131\u011f\u0131yla de\u011fi\u015ftirildi\u011fi birka\u00e7 205'te kullan\u0131l\u0131r.<\/p>\n<p>Bu kablo demeti \u00e7o\u011funlukla sadece 1 fan\u0131n tak\u0131l\u0131 oldu\u011fu Peugeot 205 GTI \/ CTI faz 1.5 ve 2'de bulunur.<\/p>\n<p>L\u00fctfen a\u015fa\u011f\u0131da istedi\u011finiz termosvi\u00e7 fi\u015fi i\u00e7in se\u00e7iminizi yap\u0131n. Eski tiplerde genellikle beyaz T fi\u015fi bulunur.<\/p>\n<p>Yeni tip fi\u015f de se\u00e7ebilirsiniz. \u00c7o\u011fu zaman bu tip termal kontak radyat\u00f6rde zaten bulunur, e\u011fer yoksa, s\u0131rayla 3 kontakl\u0131 yeni bir termal anahtar takman\u0131z yeterlidir.<\/p>\n<p>Daha fazla bilgi i\u00e7in a\u015fa\u011f\u0131 kayd\u0131r\u0131n.<\/p>","protected":false},"featured_media":15828,"comment_status":"open","ping_status":"closed","template":"","meta":[],"product_brand":[],"product_cat":[61,38],"product_tag":[114,48,46,34,276,173],"hf_cat_product":[253],"class_list":{"0":"post-12437","1":"product","2":"type-product","3":"status-publish","4":"has-post-thumbnail","6":"product_cat-peugeot-205","7":"product_cat-kabelbomen","8":"product_tag-205-gti","9":"product_tag-fase-1-5","10":"product_tag-fase-2","11":"product_tag-kabelboom","12":"product_tag-ventilator-kabelboom","13":"product_tag-xu-motor","15":"first","16":"instock","17":"taxable","18":"shipping-taxable","19":"purchasable","20":"product-type-variable","21":"has-default-attributes"},"_links":{"self":[{"href":"https:\/\/www.kabelbomen.com\/tr\/wp-json\/wp\/v2\/product\/12437","targetHints":{"allow":["GET"]}}],"collection":[{"href":"https:\/\/www.kabelbomen.com\/tr\/wp-json\/wp\/v2\/product"}],"about":[{"href":"https:\/\/www.kabelbomen.com\/tr\/wp-json\/wp\/v2\/types\/product"}],"replies":[{"embeddable":true,"href":"https:\/\/www.kabelbomen.com\/tr\/wp-json\/wp\/v2\/comments?post=12437"}],"version-history":[{"count":7,"href":"https:\/\/www.kabelbomen.com\/tr\/wp-json\/wp\/v2\/product\/12437\/revisions"}],"predecessor-version":[{"id":17582,"href":"https:\/\/www.kabelbomen.com\/tr\/wp-json\/wp\/v2\/product\/12437\/revisions\/17582"}],"wp:featuredmedia":[{"embeddable":true,"href":"https:\/\/www.kabelbomen.com\/tr\/wp-json\/wp\/v2\/media\/15828"}],"wp:attachment":[{"href":"https:\/\/www.kabelbomen.com\/tr\/wp-json\/wp\/v2\/media?parent=12437"}],"wp:term":[{"taxonomy":"product_brand","embeddable":true,"href":"https:\/\/www.kabelbomen.com\/tr\/wp-json\/wp\/v2\/product_brand?post=12437"},{"taxonomy":"product_cat","embeddable":true,"href":"https:\/\/www.kabelbomen.com\/tr\/wp-json\/wp\/v2\/product_cat?post=12437"},{"taxonomy":"product_tag","embeddable":true,"href":"https:\/\/www.kabelbomen.com\/tr\/wp-json\/wp\/v2\/product_tag?post=12437"},{"taxonomy":"hf_cat_product","embeddable":true,"href":"https:\/\/www.kabelbomen.com\/tr\/wp-json\/wp\/v2\/hf_cat_product?post=12437"}],"curies":[{"name":"wp","href":"https:\/\/api.w.org\/{rel}","templated":true}]}}