{"id":11005,"date":"2022-04-23T10:36:51","date_gmt":"2022-04-23T08:36:51","guid":{"rendered":"https:\/\/www.kabelbomen.com\/?post_type=product&#038;p=11005"},"modified":"2026-03-15T12:12:01","modified_gmt":"2026-03-15T11:12:01","slug":"depo-samandirasi-onarim-parcasi-citroen-traction-avant","status":"publish","type":"product","link":"https:\/\/www.kabelbomen.com\/tr\/product\/reparatiestuk-tankvlotter-citroen-traction-avant\/","title":{"rendered":"Onar\u0131m par\u00e7as\u0131 tank \u015famand\u0131ras\u0131 Citro\u00ebn Traction Avant"},"content":{"rendered":"<p>Citro\u00ebn Traction Avant'deki depo \u015famand\u0131ras\u0131 kablo tesisat\u0131 i\u00e7in yeni onar\u0131m par\u00e7as\u0131 kablo demeti.<\/p>\n<p>Traction'daki kablo tesisat\u0131n\u0131n tamam\u0131n\u0131 veya bir k\u0131sm\u0131n\u0131 yenilerken, d\u00fczenli olarak tavan kablo tesisat\u0131na ne olaca\u011f\u0131 sorusu ortaya \u00e7\u0131kar. Sonu\u00e7ta, bu tavan d\u00f6\u015femesinin arkas\u0131ndad\u0131r. Yeni kablo tesisat\u0131na ba\u011flamak i\u00e7in tavan kablo tesisat\u0131n\u0131 yerinde mi b\u0131rakaca\u011f\u0131z yoksa tavan d\u00f6\u015femesini \u00e7\u0131kar\u0131p her \u015feyi de\u011fi\u015ftirecek miyiz?<\/p>\n<p>&nbsp;<\/p>\n<h5><strong>Tavan kablo demeti de\u011fi\u015ftirildi mi yoksa yerinde mi b\u0131rak\u0131ld\u0131?<\/strong><\/h5>\n<p>Elbette t\u00fcm kablo tesisat\u0131n\u0131 yenilemek her zaman daha iyidir. En gen\u00e7 kablo demeti bile 1956 y\u0131l\u0131na dayan\u0131yor ve \u015fu anda 66 gibi sayg\u0131n bir ya\u015fa ula\u015fm\u0131\u015f durumda. Ancak tavan kablo demetini yenisiyle de\u011fi\u015ftirmek isterseniz, tavan d\u00f6\u015femesinin s\u00f6k\u00fclmesi gerekir. Tavan d\u00f6\u015femesi hala orijinal ve d\u00fczg\u00fcnse, bunu riske atmamay\u0131 tercih edersiniz. Tavan d\u00f6\u015femesinin kenarlar\u0131 genellikle yanlardaki ba\u011flant\u0131lardan y\u0131rt\u0131l\u0131r, bu nedenle tavan d\u00f6\u015femesini de\u011fi\u015ftirmek zorunda kalmaktan ka\u00e7amazs\u0131n\u0131z. Pahal\u0131 bir i\u015flemdir, \u00f6zellikle de bir d\u00f6\u015femeci taraf\u0131ndan takt\u0131rd\u0131ysan\u0131z.<\/p>\n<p>&nbsp;<\/p>\n<h5><strong>Tavan kablo demetinin durumu<\/strong><\/h5>\n<p>Tavan kablo demeti nem, ya\u011f, so\u011futma s\u0131v\u0131s\u0131, yol kiri, tuzlu su vb. gibi d\u0131\u015f etkilerden etkilenmez ve bu nedenle di\u011fer kablo demeti par\u00e7alar\u0131na k\u0131yasla en az k\u00f6t\u00fc durumda olur. Uzun y\u0131llara dayanan deneyimlerimizden, en iyi kablo demetini kullanman\u0131n en iyisi oldu\u011funu biliyoruz. <a href=\"https:\/\/www.kabelbomen.com\/tr\/webshop\/tavan-kablo-demeti%cc%87-traction-avant-11bl-11bn-1952-ve-15-six-sonrasi\/\" data-schema-attribute=\"mentions\">tavan kablo demeti<\/a> hen\u00fcz de\u011fi\u015ftirilmedi.<\/p>\n<p>Ancak d\u0131\u015f etkilerin yoklu\u011fu tavan kablo demetinin son k\u0131sm\u0131 i\u00e7in ge\u00e7erli de\u011fildir: depo \u015famand\u0131ras\u0131na giden \u00fc\u00e7 kablo. Ve bunlar her zaman i\u00e7erideki k\u0131s\u0131mdan daha k\u00f6t\u00fc durumdad\u0131r. Bu kablolar arka i\u00e7 perdeden ge\u00e7erek sol d\u0131\u015f tekerlek yuvas\u0131na girer ve daha sonra bagaj zemini ile deponun \u00fcst\u00fc aras\u0131ndaki bo\u015flukta benzin deposunun \u00fczerinde uzan\u0131r.<\/p>\n<p>&nbsp;<\/p>\n<h5><strong>Yak\u0131t deposu \u015famand\u0131ra kablosu onar\u0131m par\u00e7as\u0131<\/strong><\/h5>\n<p>Yukar\u0131dakiler g\u00f6z \u00f6n\u00fcne al\u0131nd\u0131\u011f\u0131nda, SKS, Traction Avant i\u00e7in bir benzin deposu \u015famand\u0131ra onar\u0131m par\u00e7as\u0131 sa\u011flar.<\/p>\n<p>Arka raf\u0131n yan\u0131nda, tavan kablo demetinin mavi ve sar\u0131 iki kablosu kesilir ve yeni par\u00e7a ba\u011flant\u0131 borular\u0131yla buna ba\u011flan\u0131r. Uzun s\u00fcre dayanacak iyi ve g\u00fcvenilir bir \u00e7\u00f6z\u00fcm.<\/p>\n<p>&nbsp;<\/p>\n<h5><strong>Bizim tavsiyemiz<\/strong><\/h5>\n<p>Yine de acil bir tavsiye.<\/p>\n<p>Tavan herhangi bir nedenle s\u00f6k\u00fcl\u00fcr veya yenilenirse (\u00f6rne\u011fin komple restorasyon). O zaman her zaman yeni bir tavan kablo demeti tak\u0131n. Yeni kanopi ile tavan onlarca y\u0131l boyunca tekrar m\u00fch\u00fcrlenecektir!<\/p>","protected":false},"excerpt":{"rendered":"<p>Citro\u00ebn Traction Avant'deki benzin deposu \u015famand\u0131ras\u0131na kablo tesisat\u0131 i\u00e7in yeni onar\u0131m par\u00e7as\u0131 kablo demeti.<\/p>\n<p>Bu kablo b\u00f6l\u00fcm\u00fc normalde tavan kablo demetine dahil edilmi\u015ftir ancak genellikle \u00e7ok a\u015f\u0131nm\u0131\u015ft\u0131r.<\/p>\n<p>S\u00f6k\u00fclmesi gereken tavan d\u00f6\u015femesi g\u00f6z \u00f6n\u00fcne al\u0131nd\u0131\u011f\u0131nda, Traction'da tavan kablo tesisat\u0131n\u0131n tamam\u0131n\u0131 yenilemenin her zaman tercih edilmedi\u011fi g\u00f6z \u00f6n\u00fcne al\u0131nd\u0131\u011f\u0131nda, depo \u015famand\u0131ras\u0131na y\u00f6nelik bu onar\u0131m par\u00e7as\u0131 bu durumda bir nimettir.<\/p>\n<p>Ayr\u0131nt\u0131l\u0131 bilgi i\u00e7in okumaya devam edin.<\/p>","protected":false},"featured_media":13926,"comment_status":"open","ping_status":"closed","template":"","meta":[],"product_brand":[],"product_cat":[56,38],"product_tag":[57,58,272,273],"hf_cat_product":[252],"class_list":{"0":"post-11005","1":"product","2":"type-product","3":"status-publish","4":"has-post-thumbnail","6":"product_cat-citroen-traction-avant","7":"product_cat-kabelbomen","8":"product_tag-dakboom","9":"product_tag-kofferbak-kabelboom","10":"product_tag-reparatiestuk","11":"product_tag-tankvlotter","13":"first","14":"instock","15":"taxable","16":"shipping-taxable","17":"purchasable","18":"product-type-simple"},"_links":{"self":[{"href":"https:\/\/www.kabelbomen.com\/tr\/wp-json\/wp\/v2\/product\/11005","targetHints":{"allow":["GET"]}}],"collection":[{"href":"https:\/\/www.kabelbomen.com\/tr\/wp-json\/wp\/v2\/product"}],"about":[{"href":"https:\/\/www.kabelbomen.com\/tr\/wp-json\/wp\/v2\/types\/product"}],"replies":[{"embeddable":true,"href":"https:\/\/www.kabelbomen.com\/tr\/wp-json\/wp\/v2\/comments?post=11005"}],"version-history":[{"count":1,"href":"https:\/\/www.kabelbomen.com\/tr\/wp-json\/wp\/v2\/product\/11005\/revisions"}],"predecessor-version":[{"id":16996,"href":"https:\/\/www.kabelbomen.com\/tr\/wp-json\/wp\/v2\/product\/11005\/revisions\/16996"}],"wp:featuredmedia":[{"embeddable":true,"href":"https:\/\/www.kabelbomen.com\/tr\/wp-json\/wp\/v2\/media\/13926"}],"wp:attachment":[{"href":"https:\/\/www.kabelbomen.com\/tr\/wp-json\/wp\/v2\/media?parent=11005"}],"wp:term":[{"taxonomy":"product_brand","embeddable":true,"href":"https:\/\/www.kabelbomen.com\/tr\/wp-json\/wp\/v2\/product_brand?post=11005"},{"taxonomy":"product_cat","embeddable":true,"href":"https:\/\/www.kabelbomen.com\/tr\/wp-json\/wp\/v2\/product_cat?post=11005"},{"taxonomy":"product_tag","embeddable":true,"href":"https:\/\/www.kabelbomen.com\/tr\/wp-json\/wp\/v2\/product_tag?post=11005"},{"taxonomy":"hf_cat_product","embeddable":true,"href":"https:\/\/www.kabelbomen.com\/tr\/wp-json\/wp\/v2\/hf_cat_product?post=11005"}],"curies":[{"name":"wp","href":"https:\/\/api.w.org\/{rel}","templated":true}]}}