{"id":9202,"date":"2021-09-09T00:30:03","date_gmt":"2021-09-08T22:30:03","guid":{"rendered":"https:\/\/www.kabelbomen.com\/?post_type=product&#038;p=9202"},"modified":"2026-03-29T12:43:39","modified_gmt":"2026-03-29T10:43:39","slug":"wiazka-czujnikow-peugeot-309-gti-405-mi16","status":"publish","type":"product","link":"https:\/\/www.kabelbomen.com\/pl\/product\/sensorkabelboom-peugeot-309-gti-405-mi16\/","title":{"rendered":"Wi\u0105zka przewod\u00f3w czujnika 7-biegunowa Peugeot 309 GTI 16 \/ 405 Mi16"},"content":{"rendered":"<p>Wi\u0105zka przewod\u00f3w do przesy\u0142ania sygna\u0142\u00f3w czujnik\u00f3w na bloku silnika dla ci\u015bnienia oleju, temperatury oleju, prze\u0142\u0105cznika biegu wstecznego, kontrolki alarmu \u0142adowania alternatora, przeka\u017anika rozrusznika i kontrolki alarmu ci\u015bnienia oleju.<\/p>\n<p>Stosowany w Peugeot 309 GTI 1.9 16V i Peugeot 405 Mi16. R\u00f3wnie\u017c w Citro\u00ebn BX.<\/p>\n<p>Kod silnika to XU9J4, znany r\u00f3wnie\u017c jako D6C lub DFW.<\/p>\n<p>Je\u015bli potrzebujesz innej wersji, mo\u017cemy j\u0105 dla Ciebie wykona\u0107. Preferujemy otrzymanie oryginalnej wi\u0105zki przewod\u00f3w, aby\u015bmy mogli 100% zagwarantowa\u0107, \u017ce jest identyczna.<\/p>","protected":false},"excerpt":{"rendered":"<p>Wi\u0105zka przewod\u00f3w czujnika silnika do Peugeot 309 GTI 16. Stosowana r\u00f3wnie\u017c mi\u0119dzy innymi w Peugeot 405 Mi16 i Citro\u00ebn BX.<\/p>\n<p>Wi\u0105zka przewod\u00f3w przesy\u0142a sygna\u0142y z czujnik\u00f3w na bloku silnika.<\/p>\n<p>Br\u0105zowa 7-pinowa wtyczka nie jest ju\u017c dost\u0119pna. Nale\u017cy przes\u0142a\u0107 nam oryginaln\u0105 star\u0105 wtyczk\u0119 do ponownego wykorzystania.<\/p>\n<p>Zastosowano oryginalne wymiary i kolory.<\/p>","protected":false},"featured_media":9201,"comment_status":"open","ping_status":"closed","template":"","meta":[],"product_brand":[],"product_cat":[187,38],"product_tag":[383,191,192,280,35,113],"hf_cat_product":[259],"class_list":{"0":"post-9202","1":"product","2":"type-product","3":"status-publish","4":"has-post-thumbnail","6":"product_cat-peugeot-309","7":"product_cat-kabelbomen","8":"product_tag-383","9":"product_tag-309-gti","10":"product_tag-405-mi16","11":"product_tag-motor-sensorkabelboom","12":"product_tag-sensorkabelboom","13":"product_tag-sensorboom-7-polig","15":"first","16":"instock","17":"taxable","18":"shipping-taxable","19":"purchasable","20":"product-type-variable","21":"has-default-attributes"},"_links":{"self":[{"href":"https:\/\/www.kabelbomen.com\/pl\/wp-json\/wp\/v2\/product\/9202","targetHints":{"allow":["GET"]}}],"collection":[{"href":"https:\/\/www.kabelbomen.com\/pl\/wp-json\/wp\/v2\/product"}],"about":[{"href":"https:\/\/www.kabelbomen.com\/pl\/wp-json\/wp\/v2\/types\/product"}],"replies":[{"embeddable":true,"href":"https:\/\/www.kabelbomen.com\/pl\/wp-json\/wp\/v2\/comments?post=9202"}],"version-history":[{"count":3,"href":"https:\/\/www.kabelbomen.com\/pl\/wp-json\/wp\/v2\/product\/9202\/revisions"}],"predecessor-version":[{"id":17382,"href":"https:\/\/www.kabelbomen.com\/pl\/wp-json\/wp\/v2\/product\/9202\/revisions\/17382"}],"wp:featuredmedia":[{"embeddable":true,"href":"https:\/\/www.kabelbomen.com\/pl\/wp-json\/wp\/v2\/media\/9201"}],"wp:attachment":[{"href":"https:\/\/www.kabelbomen.com\/pl\/wp-json\/wp\/v2\/media?parent=9202"}],"wp:term":[{"taxonomy":"product_brand","embeddable":true,"href":"https:\/\/www.kabelbomen.com\/pl\/wp-json\/wp\/v2\/product_brand?post=9202"},{"taxonomy":"product_cat","embeddable":true,"href":"https:\/\/www.kabelbomen.com\/pl\/wp-json\/wp\/v2\/product_cat?post=9202"},{"taxonomy":"product_tag","embeddable":true,"href":"https:\/\/www.kabelbomen.com\/pl\/wp-json\/wp\/v2\/product_tag?post=9202"},{"taxonomy":"hf_cat_product","embeddable":true,"href":"https:\/\/www.kabelbomen.com\/pl\/wp-json\/wp\/v2\/hf_cat_product?post=9202"}],"curies":[{"name":"wp","href":"https:\/\/api.w.org\/{rel}","templated":true}]}}