{"id":9146,"date":"2021-08-29T12:19:45","date_gmt":"2021-08-29T10:19:45","guid":{"rendered":"https:\/\/www.kabelbomen.com\/?post_type=product&#038;p=9146"},"modified":"2026-03-15T11:33:48","modified_gmt":"2026-03-15T10:33:48","slug":"wiazka-przewodow-deski-rozdzielczej-traction-avant-15-six","status":"publish","type":"product","link":"https:\/\/www.kabelbomen.com\/pl\/product\/dashboard-kabelboom-traction-avant-15-six\/","title":{"rendered":"Wi\u0105zka przewod\u00f3w deski rozdzielczej Traction Avant 15-Six stycze\u0144 \u201946 - czerwiec \u201952"},"content":{"rendered":"<p>Citro\u00ebn Traction Avant 15 Six ma oryginalne \u015bwiat\u0142a postojowe na przednich b\u0142otnikach, ale nie ma kierunkowskaz\u00f3w.<br \/>\nLokalizacj\u0119 prze\u0142\u0105cznika RAW na tablicy rozdzielczej nale\u017cy uzgodni\u0107 z klientem, aby okablowanie wychodzi\u0142o ze szkieletu we w\u0142a\u015bciwym miejscu.<br \/>\nKierunkowskazy mo\u017cna umie\u015bci\u0107 w miejscu \u015bwiate\u0142 postojowych, tak jak robi\u0142a to fabryka od 1952 roku, gdy wprowadzono baga\u017cnik.<\/p>\n<p>Je\u015bli chcesz zachowa\u0107 te \u015bwiat\u0142a postojowe ze wzgl\u0119du na oryginalno\u015b\u0107, przednie kierunkowskazy mo\u017cna umie\u015bci\u0107 na przyk\u0142ad na zderzaku.<br \/>\nOczywi\u015bcie wymaga to regulacji, dodania przewod\u00f3w w wi\u0105zce przewod\u00f3w deski rozdzielczej.<\/p>\n<p>Tylne kierunkowskazy r\u00f3wnie\u017c wymagaj\u0105 dodania przewod\u00f3w w <a href=\"https:\/\/www.kabelbomen.com\/pl\/sklep-internetowy\/wiazka-przewodow-dachowych-traction-avant-11bl-11bn-po-1952-i-15-six\/\">wi\u0105zka przewod\u00f3w dachowych<\/a> i <a href=\"https:\/\/www.kabelbomen.com\/pl\/sklep-internetowy\/wiazka-przewodow-bagaznika-traction-avant-11bl-bn-15-six\/\">drzewo rozruchowe<\/a>.<br \/>\nPo z\u0142o\u017ceniu zam\u00f3wienia zawsze skontaktujemy si\u0119 z Tob\u0105, aby om\u00f3wi\u0107 szczeg\u00f3\u0142y. W ten spos\u00f3b mo\u017cemy stworzy\u0107 odpowiedni\u0105 wi\u0105zk\u0119 przewod\u00f3w dla Twojej wersji z pewno\u015bci\u0105 100%, ewentualnie z dodatkowymi dodatkami w razie potrzeby.<\/p>\n<p>Dostarczamy wszystkie mo\u017cliwe <a href=\"https:\/\/www.kabelbomen.com\/pl\/kategoria-produktu\/citroen-traction-avant\/\">wi\u0105zki przewod\u00f3w dla wszystkich rocznik\u00f3w i typ\u00f3w Citro\u00ebn Traction Avant<\/a>, wraz z wszelkimi dostosowaniami wymaganymi przez klienta.<\/p>\n<p>W przypadku pyta\u0144 lub konkretnych zam\u00f3wie\u0144 prosimy o <a href=\"https:\/\/www.kabelbomen.com\/pl\/kontakt\/\">kontakt<\/a>\u00a0z nami.<\/p>","protected":false},"excerpt":{"rendered":"<p>Wi\u0105zka przewod\u00f3w deski rozdzielczej dla Citro\u00ebn Traction Avant 15 Six.<\/p>\n<p>Wyst\u0119powa\u0142 od stycznia 1946 r. do czerwca 1952 r.<\/p>\n<p>Nazywany r\u00f3wnie\u017c Six wheel.<\/p>","protected":false},"featured_media":9166,"comment_status":"open","ping_status":"closed","template":"","meta":[],"product_brand":[],"product_cat":[56,38],"product_tag":[75,62,34],"hf_cat_product":[252],"class_list":{"0":"post-9146","1":"product","2":"type-product","3":"status-publish","4":"has-post-thumbnail","6":"product_cat-citroen-traction-avant","7":"product_cat-kabelbomen","8":"product_tag-citroen-traction-avant-15-six","9":"product_tag-dashboardboom","10":"product_tag-kabelboom","11":"product_shipping_class-groot-pakket","13":"first","14":"instock","15":"taxable","16":"shipping-taxable","17":"purchasable","18":"product-type-simple"},"_links":{"self":[{"href":"https:\/\/www.kabelbomen.com\/pl\/wp-json\/wp\/v2\/product\/9146","targetHints":{"allow":["GET"]}}],"collection":[{"href":"https:\/\/www.kabelbomen.com\/pl\/wp-json\/wp\/v2\/product"}],"about":[{"href":"https:\/\/www.kabelbomen.com\/pl\/wp-json\/wp\/v2\/types\/product"}],"replies":[{"embeddable":true,"href":"https:\/\/www.kabelbomen.com\/pl\/wp-json\/wp\/v2\/comments?post=9146"}],"version-history":[{"count":6,"href":"https:\/\/www.kabelbomen.com\/pl\/wp-json\/wp\/v2\/product\/9146\/revisions"}],"predecessor-version":[{"id":17004,"href":"https:\/\/www.kabelbomen.com\/pl\/wp-json\/wp\/v2\/product\/9146\/revisions\/17004"}],"wp:featuredmedia":[{"embeddable":true,"href":"https:\/\/www.kabelbomen.com\/pl\/wp-json\/wp\/v2\/media\/9166"}],"wp:attachment":[{"href":"https:\/\/www.kabelbomen.com\/pl\/wp-json\/wp\/v2\/media?parent=9146"}],"wp:term":[{"taxonomy":"product_brand","embeddable":true,"href":"https:\/\/www.kabelbomen.com\/pl\/wp-json\/wp\/v2\/product_brand?post=9146"},{"taxonomy":"product_cat","embeddable":true,"href":"https:\/\/www.kabelbomen.com\/pl\/wp-json\/wp\/v2\/product_cat?post=9146"},{"taxonomy":"product_tag","embeddable":true,"href":"https:\/\/www.kabelbomen.com\/pl\/wp-json\/wp\/v2\/product_tag?post=9146"},{"taxonomy":"hf_cat_product","embeddable":true,"href":"https:\/\/www.kabelbomen.com\/pl\/wp-json\/wp\/v2\/hf_cat_product?post=9146"}],"curies":[{"name":"wp","href":"https:\/\/api.w.org\/{rel}","templated":true}]}}