{"id":9053,"date":"2021-08-18T18:28:50","date_gmt":"2021-08-18T16:28:50","guid":{"rendered":"https:\/\/www.kabelbomen.com\/?post_type=product&#038;p=9053"},"modified":"2026-04-14T12:30:19","modified_gmt":"2026-04-14T10:30:19","slug":"zestaw-przewodow-akumulatora-silnik-peugeot-205-tu","status":"publish","type":"product","link":"https:\/\/www.kabelbomen.com\/pl\/product\/accukabelset-peugeot-205-tu-motor\/","title":{"rendered":"Zestaw przewod\u00f3w akumulatora - Peugeot 205 z silnikiem TU"},"content":{"rendered":"<p>Ten zestaw g\u0142\u00f3wnych kabli zasilaj\u0105cych \/ kabli akumulatora do Peugeot 205 zast\u0119puje zu\u017cyte kable akumulatora i stanowi natychmiastow\u0105, bardzo dobr\u0105 modernizacj\u0119 obwodu elektrycznego. Zapewnia przep\u0142yw zasilania mi\u0119dzy alternatorem, rozrusznikiem, dodatnim biegunem akumulatora, ma\u0142\u0105 skrzynk\u0105 bezpiecznik\u00f3w w pobli\u017cu akumulatora, blokiem silnika, nadwoziem i ujemnym biegunem akumulatora.<\/p>\n<p>Pod wzgl\u0119dem wygl\u0105du r\u00f3wnie dobry jak orygina\u0142, ale z zaletami znacznie lepszego przep\u0142ywu pr\u0105du dzi\u0119ki grubszej \u015brednicy miedzi i wysokiej jako\u015bci ko\u0144c\u00f3wkom kablowym.<\/p>\n<p>Izolacja \u017cebrowanej rurki nad czerwonym kablem mi\u0119dzy alternatorem a rozrusznikiem ma otwart\u0105 szczelin\u0119, co pozwala na dodanie istniej\u0105cych przewod\u00f3w w komorze silnika do wi\u0105zki.<\/p>\n<p>Dotyczy to r\u00f3wnie\u017c wielu innych wersji 205. Przynajmniej silniki TU. The<a href=\"https:\/\/www.kabelbomen.com\/pl\/sklep-internetowy\/zestaw-przewodow-akumulatora-peugeot-205-gti-cti\/\"> Zestaw przewod\u00f3w akumulatora dla Peugeot 205 GTI \/ CTI z silnikami XU mo\u017cna znale\u017a\u0107 tutaj<\/a>.<\/p>\n<p>&nbsp;<\/p>\n<p><strong>Od marca 2026 r. dostarczamy r\u00f3wnie\u017c wi\u0105zk\u0119 przewod\u00f3w dodatniego akumulatora wraz z przewodami czujnika. <\/strong><\/p>\n<p><a href=\"https:\/\/www.kabelbomen.com\/pl\/produkt\/wiazka-przewodow-akumulatora-plus-kompletny-peugeot-205-z-silnikiem-tu\/\" target=\"_blank\" rel=\"noopener\"><strong>&gt; Tutaj mo\u017cna znale\u017a\u0107 wi\u0105zk\u0119 przewod\u00f3w dodatniego akumulatora wraz z przewodami czujnik\u00f3w dla Peugeot 205 z silnikiem TU.<\/strong><\/a><\/p>\n<p>&nbsp;<\/p>\n<h5><strong>R\u00f3\u017cnica w kablach akumulatora fazy 1,5 i fazy 2 dla Peugeot 205<\/strong><\/h5>\n<p>R\u00f3\u017cnica w konstrukcji mi\u0119dzy faz\u0105 1.5 a faz\u0105 2 polega tylko na d\u0142ugo\u015bci zielono-\u017c\u00f3\u0142tego kabla uziemiaj\u0105cego do nadwozia. W fazie 1.5 by\u0142 on pierwotnie pod\u0142\u0105czony fabrycznie do \u015bruby M6 za akumulatorem w pobli\u017cu cewki. Kabel ten jest o oko\u0142o 15 cm kr\u00f3tszy ni\u017c w fazie 2, gdzie zielono-\u017c\u00f3\u0142ty kabel masowy by\u0142 pod\u0142\u0105czony do \u015bruby M6 na nadwoziu mi\u0119dzy kolumn\u0105 a zbiornikiem p\u0142ynu wycieraczek. Peugeot 205 faza 1.5 by\u0142 dostarczany od listopada 1987 roku do lipca 1990 roku. Produkcja Peugeota 205 faza 2 rozpocz\u0119\u0142a si\u0119 w sierpniu 1990 roku.<\/p>\n<p>Wersj\u0119 mo\u017cna r\u00f3wnie\u017c okre\u015bli\u0107 na podstawie po\u0142o\u017cenia cewki zap\u0142onowej. Je\u015bli cewka jest zamontowana jako ma\u0142y czarny blok po\u015brodku kolektora dolotowego, masz faz\u0119 2. Je\u015bli cewka zap\u0142onowa znajduje si\u0119 za akumulatorem obok kolumny, wybierz faz\u0119 1.5. Jeste\u015b zainteresowany zestawem kabli akumulatora dla fazy 1? W takim razie we\u017a <a href=\"https:\/\/www.kabelbomen.com\/pl\/kontakt\/\">kontakt<\/a> z nami.<\/p>\n<p>&nbsp;<\/p>\n<h5><strong>Nieprawid\u0142owe dzia\u0142anie spowodowane zu\u017cytymi (zbyt cienkimi) przewodami akumulatora w 205<\/strong><\/h5>\n<p>Problem z 205 polega na tym, \u017ce stare kable nie s\u0105 wystarczaj\u0105co grube, aby dostarczy\u0107 napi\u0119cie wyj\u015bciowe alternatora 14,4 V do akumulatora bez spadku napi\u0119cia. Zw\u0142aszcza przy du\u017cym zu\u017cyciu energii elektrycznej, na przyk\u0142ad przez \u015bwiat\u0142a, wentylator lub, co gorsza, ci\u0119\u017cki wzmacniacz, napi\u0119cie na starych kablach \u0142atwo spada poni\u017cej 13 wolt\u00f3w. W tym momencie akumulator nie b\u0119dzie si\u0119 \u0142adowa\u0142. Starzej\u0105ce si\u0119 kable w obwodzie elektrycznym oraz korozja cz\u0119sto pogarszaj\u0105 sytuacj\u0119. Obecne akumulatory jeszcze bardziej potrzebuj\u0105 napi\u0119cia 14 V z alternatora, aby prawid\u0142owo si\u0119 \u0142adowa\u0107 i pozosta\u0107 w dobrym stanie.<\/p>\n<p>Ze wzgl\u0119du na utrat\u0119 zasilania przez stare, zu\u017cyte, cienkie kable akumulatora w 205, regularnie obserwujemy poni\u017csze awarie:<\/p>\n<ul>\n<li>Z\u0142y start<\/li>\n<li>Bateria, kt\u00f3ra nie \u0142aduje si\u0119 lub \u0142aduje si\u0119 z trudem<\/li>\n<li>Brak mo\u017cliwo\u015bci ponownego uruchomienia po zaledwie kilku dniach bezczynno\u015bci<\/li>\n<li>Wolno dzia\u0142aj\u0105ce wycieraczki przedniej szyby<\/li>\n<li>Wentylatory nie pracuj\u0105 z pe\u0142n\u0105 moc\u0105<\/li>\n<li>S\u0142abe o\u015bwietlenie<\/li>\n<li>S\u0142aby klakson<\/li>\n<li>Konsumenci, tacy jak \u015bwiat\u0142a i wentylator ta\u0144cz\u0105cy wraz z basem muzyki<\/li>\n<li>Awaria radia spowodowana zbyt du\u017cym spadkiem napi\u0119cia<\/li>\n<li>Wolno podnosz\u0105ce si\u0119 szyby elektryczne<\/li>\n<li>Spadki napi\u0119cia w o\u015bwietleniu lub wentylatorze, gdy inne odbiorniki s\u0105 w\u0142\u0105czone<\/li>\n<li>S\u0142abe dostawy paliwa<\/li>\n<li>S\u0142aby zap\u0142on<\/li>\n<li>Awaria silnika<\/li>\n<li>Kr\u00f3tka \u017cywotno\u015b\u0107 baterii<\/li>\n<li>itp.<\/li>\n<\/ul>\n<p>&nbsp;<\/p>\n<p>Zw\u0142aszcza w przypadku instalowania wzmacniacza audio lub innych dodatkowych du\u017cych odbiornik\u00f3w, oryginalne kable nie s\u0105 wystarczaj\u0105ce i gwarantowane jest wyst\u0105pienie powy\u017cszych problem\u00f3w.<\/p>\n<p>Nasze kable do akumulatora umo\u017cliwiaj\u0105 pomiar napi\u0119cia wyj\u015bciowego alternatora bez spadku napi\u0119cia na akumulatorze. W zale\u017cno\u015bci od sytuacji \u0142adowania jest to zwykle 14-14,4 V.<\/p>\n<p>&nbsp;<\/p>\n<h5><strong>Zalety naszych kabli akumulatorowych w por\u00f3wnaniu do starych cienkich kabli akumulatorowych<\/strong><\/h5>\n<ul>\n<li>Lepsze \u0142adowanie, kondycja i \u017cywotno\u015b\u0107 baterii<\/li>\n<li>Samoch\u00f3d mo\u017ce d\u0142u\u017cej pracowa\u0107 na biegu ja\u0142owym bez problem\u00f3w z rozruchem<\/li>\n<li>Lepszy rozruch dzi\u0119ki wi\u0119kszej mocy rozrusznika<\/li>\n<li>Mocniejsze wycieraczki<\/li>\n<li>Elektryczne szyby dzia\u0142aj\u0105 lepiej<\/li>\n<li>Wy\u017csze napi\u0119cie na pok\u0142adzie<\/li>\n<li>Brak spadk\u00f3w napi\u0119cia pod obci\u0105\u017ceniem \u015bwiate\u0142, wentylator\u00f3w, g\u0142o\u015bnik\u00f3w itp.<\/li>\n<li>Niezb\u0119dne w przypadku instalacji ci\u0119\u017ckich odbiornik\u00f3w, takich jak wzmacniacz<\/li>\n<li>Podstawa obwodu elektrycznego jest z powrotem w doskona\u0142ym stanie<\/li>\n<\/ul>\n<p>&nbsp;<\/p>\n<p>Nasze kable akumulatorowe maj\u0105 wysokiej jako\u015bci odporn\u0105 na \u015bcieranie izolacj\u0119, kt\u00f3ra chroni tak\u017ce przed ciep\u0142em, brudem, kwasem i p\u0142ynami, takimi jak paliwo, olej i p\u0142yn ch\u0142odz\u0105cy. Ko\u0144c\u00f3wki kabli s\u0105 wytrzyma\u0142e i zapewniaj\u0105 optymalny przep\u0142yw pr\u0105du. Aby zapewni\u0107 wyj\u0105tkowo bezpieczne i niezawodne po\u0142\u0105czenie, ko\u0144c\u00f3wki kablowe s\u0105 zaciskane szczypcami hydraulicznymi.<\/p>\n<p>Wok\u00f3\u0142 ko\u0144c\u00f3wek kablowych zastosowano rurki termokurczliwe w celu ochrony przed korozj\u0105. Jako dodatkow\u0105 ochron\u0119 przed ciep\u0142em i zu\u017cyciem, os\u0142ona jest wyposa\u017cona w pier\u015bcie\u0144 izolacyjny w niezb\u0119dnych miejscach, tak jak orygina\u0142.<\/p>\n<p>U\u017cywamy oryginalnych kabli w oryginalnym rozmiarze i kolorze. Zestaw kabli akumulatora jest typu plug n play i cechuje si\u0119 d\u0142ug\u0105 \u017cywotno\u015bci\u0105, dzi\u0119ki czemu mo\u017cna d\u0142ugo i niezawodnie powr\u00f3ci\u0107 na drog\u0119.<\/p>\n<p>&nbsp;<\/p>\n<h5><strong>Zestaw kabli akumulatora sk\u0142ada si\u0119 z nast\u0119puj\u0105cych cz\u0119\u015bci<\/strong><\/h5>\n<p><strong>Dodatnia wi\u0105zka przewod\u00f3w akumulatora:<\/strong><\/p>\n<ul>\n<li>Czerwony kabel akumulatora mi\u0119dzy alternatorem a rozrusznikiem<\/li>\n<li>Os\u0142ona izolacyjna do pod\u0142\u0105czenia do alternatora<\/li>\n<li>Czarny kabel akumulatora mi\u0119dzy rozrusznikiem a biegunem dodatnim akumulatora<\/li>\n<li>Os\u0142ona izolacyjna do pod\u0142\u0105czenia do rozrusznika<\/li>\n<li>Zacisk akumulatora plus biegun<\/li>\n<li>Pokrywa izolacyjna zacisku akumulatora plus biegun<\/li>\n<li>\u017b\u00f3\u0142ty przew\u00f3d akumulatora mi\u0119dzy biegunem dodatnim akumulatora a ma\u0142\u0105 skrzynk\u0105 bezpiecznik\u00f3w<\/li>\n<\/ul>\n<p>&nbsp;<\/p>\n<p><strong>Ujemna wi\u0105zka przewod\u00f3w akumulatora:<\/strong><\/p>\n<ul>\n<li>Szary przew\u00f3d uziemiaj\u0105cy mi\u0119dzy biegunem ujemnym akumulatora a blokiem silnika<\/li>\n<li>\u017b\u00f3\u0142ty\/zielony przew\u00f3d uziemiaj\u0105cy mi\u0119dzy biegunem ujemnym akumulatora a nadwoziem<\/li>\n<li>Zacisk ujemny akumulatora z nakr\u0119tk\u0105 motylkow\u0105<\/li>\n<\/ul>\n<p>&nbsp;<\/p>\n<p>Wszystko jest wst\u0119pnie zmontowane, wi\u0119c kabel jest natychmiast pod\u0142\u0105czany.<\/p>\n<p>&nbsp;<\/p>\n<h5><strong>Typ zacisku akumulatora (stan na listopad 2023 r.)<\/strong><\/h5>\n<p>Masowe kable akumulatora s\u0105 teraz standardowo wyposa\u017cone w zacisk zacisku akumulatora z nakr\u0119tk\u0105 motylkow\u0105, jak pokazano na poni\u017cszym zdj\u0119ciu. Preferujesz bezpo\u015bredni zacisk akumulatora? Zostaw to w polu uwagi na stronie p\u0142atno\u015bci.<\/p>\n<p><img fetchpriority=\"high\" decoding=\"async\" class=\"alignnone wp-image-13547\" src=\"https:\/\/www.kabelbomen.com\/wp-content\/uploads\/2023\/07\/20230705_152519-1024x1024.jpg\" alt=\"Zacisk ujemny akumulatora z nakr\u0119tk\u0105 motylkow\u0105 (zdejmowan\u0105) na masowym zestawie przewod\u00f3w akumulatora do Peugeot 205 - Schram Kabelbomen Service\" width=\"300\" height=\"300\" srcset=\"https:\/\/www.kabelbomen.com\/wp-content\/uploads\/2023\/07\/20230705_152519-1024x1024.jpg 1024w, https:\/\/www.kabelbomen.com\/wp-content\/uploads\/2023\/07\/20230705_152519-scaled-1500x1500.jpg 1500w, https:\/\/www.kabelbomen.com\/wp-content\/uploads\/2023\/07\/20230705_152519-scaled-100x100.jpg 100w, https:\/\/www.kabelbomen.com\/wp-content\/uploads\/2023\/07\/20230705_152519-300x300.jpg 300w, https:\/\/www.kabelbomen.com\/wp-content\/uploads\/2023\/07\/20230705_152519-150x150.jpg 150w, https:\/\/www.kabelbomen.com\/wp-content\/uploads\/2023\/07\/20230705_152519-768x768.jpg 768w, https:\/\/www.kabelbomen.com\/wp-content\/uploads\/2023\/07\/20230705_152519-1536x1536.jpg 1536w, https:\/\/www.kabelbomen.com\/wp-content\/uploads\/2023\/07\/20230705_152519-2048x2048.jpg 2048w, https:\/\/www.kabelbomen.com\/wp-content\/uploads\/2023\/07\/20230705_152519-12x12.jpg 12w\" sizes=\"(max-width: 300px) 100vw, 300px\" \/><\/p>\n<p>&nbsp;<\/p>\n<h5><strong>Nak\u0142adki izolacyjne<\/strong><\/h5>\n<p>Standardowo dostarczamy czerwon\u0105 za\u015blepk\u0119 izolacyjn\u0105 na biegunie dodatnim akumulatora oraz czarne za\u015blepki izolacyjne na alternatorze i rozruszniku. Pierwotnie jednak dostarczane by\u0142y tylko czarne nasadki. Wolisz wszystkie czarne czy wszystkie czerwone za\u015blepki? Nie ma problemu, mo\u017cesz zostawi\u0107 swoje \u017cyczenia w polu uwag na stronie p\u0142atno\u015bci lub skontaktowa\u0107 si\u0119 z nami.<\/p>\n<p>&nbsp;<\/p>\n<h5><strong>Personalizacja<\/strong><\/h5>\n<p>Potrzebujesz konkretnej modyfikacji zestawu kabli akumulatora? Nie ma problemu, mo\u017cemy dokona\u0107 niezb\u0119dnych zmian. Je\u015bli potrzebujesz tylko innej kombinacji kolor\u00f3w nasadek izolacyjnych, poinformuj nas o tym w polu komentarzy na stronie p\u0142atno\u015bci. Je\u015bli potrzebujesz innych specyficznych dostosowa\u0144, skontaktuj si\u0119 z nami pod adresem <a href=\"https:\/\/www.kabelbomen.com\/pl\/kontakt\/\">kontakt<\/a> z nami.<\/p>\n<p>Zestaw kabli AC mo\u017ce by\u0107 r\u00f3wnie\u017c u\u017cywany w wielu innych modelach 205, pod warunkiem, \u017ce alternator i rozrusznik znajduj\u0105 si\u0119 (w przybli\u017ceniu) w tym samym miejscu.<\/p>\n<p>Dostarczamy r\u00f3wnie\u017c nowe zestawy kabli akumulatorowych do wszystkich innych typ\u00f3w 205. W sprawie mo\u017cliwo\u015bci prosimy o kontakt <a href=\"https:\/\/www.kabelbomen.com\/pl\/kontakt\/\">kontakt<\/a> z nami.<\/p>\n<p>Mo\u017ce by\u0107 r\u00f3wnie\u017c dostosowany do ka\u017cdego innego (klasycznego) pojazdu.<\/p>\n<p><em><b>UWAGA: Je\u015bli nie masz pewno\u015bci, czy posiadasz Peugeot 205 GTI \/ CTI faza 1.5 czy faza 2, sprawd\u017a lokalizacj\u0119 cewki zap\u0142onowej. Je\u015bli znajduje si\u0119 ona za akumulatorem, wybierz wersj\u0119 z faz\u0105 1.5. Je\u015bli cewka znajduje si\u0119 jako ma\u0142y czarny blok na g\u00f3rze kolektora dolotowego powietrza, masz wersj\u0119 fazy 2.<\/b><\/em><\/p>","protected":false},"excerpt":{"rendered":"<p>Nowy zestaw g\u0142\u00f3wnych kabli zasilaj\u0105cych \/ kabli akumulatora zast\u0119puj\u0105cy zu\u017cyte kable akumulatora w Peugeot 205 z silnikami TU. Pod wzgl\u0119dem wygl\u0105du jak orygina\u0142, z oryginalnym rozmiarem i kolorem kabli, ale ze znacznie lepszym przep\u0142ywem pr\u0105du dzi\u0119ki grubszej \u015brednicy miedzi i lepszym ko\u0144c\u00f3wkom kablowym.<\/p>\n<p>Dzi\u0119ki temu wysokiej jako\u015bci zestawowi kabli do akumulatora nie b\u0119dziesz ju\u017c cierpie\u0107 z powodu utraty napi\u0119cia, a podstawa obwodu elektrycznego w Twoim 205 zn\u00f3w b\u0119dzie w doskona\u0142ym stanie. Dzi\u0119ki niemu zmierzysz napi\u0119cie wyj\u015bciowe alternatora 14 - 14,4 V na akumulatorze. Nawet przy du\u017cym obci\u0105\u017ceniu elektrycznym. Ze starymi kablami nie osi\u0105gniesz takiego napi\u0119cia, zw\u0142aszcza pod obci\u0105\u017ceniem.<\/p>\n<p>Dost\u0119pne r\u00f3wnie\u017c dla <a href=\"https:\/\/www.kabelbomen.com\/pl\/sklep-internetowy\/zestaw-przewodow-akumulatora-peugeot-205-gti-cti\/\">205 GTI \/ CTI tutaj<\/a>.<\/p>\n<p><strong>Uwaga: Od listopada 2023 r. masowe kable akumulatora 205 s\u0105 standardowo dostarczane z zaciskiem akumulatora z nakr\u0119tk\u0105 motylkow\u0105 M8. Prosimy o zapoznanie si\u0119 ze zdj\u0119ciami w poni\u017cszym opisie.<\/strong><\/p>\n<p><strong>Od marca 2026 r. dostarczamy r\u00f3wnie\u017c wi\u0105zk\u0119 przewod\u00f3w dodatniego akumulatora do modelu 205 z silnikami TU w komplecie z przewodami czujnik\u00f3w. Znajdziesz te <a href=\"https:\/\/www.kabelbomen.com\/pl\/produkt\/wiazka-przewodow-akumulatora-plus-kompletny-peugeot-205-z-silnikiem-tu\/\" target=\"_blank\" rel=\"noopener\">tutaj<\/a>.<\/strong><\/p>\n<p>Dokonaj wyboru wersji fazy 1.5 lub fazy 2 poni\u017cej. W przypadku fazy 1 mo\u017cna <a href=\"https:\/\/www.kabelbomen.com\/pl\/kontakt\/\">kontakt<\/a> z nami.<\/p>","protected":false},"featured_media":13942,"comment_status":"open","ping_status":"closed","template":"","meta":[],"product_brand":[],"product_cat":[39,61],"product_tag":[43,48,46,44,185],"hf_cat_product":[255],"class_list":{"0":"post-9053","1":"product","2":"type-product","3":"status-publish","4":"has-post-thumbnail","6":"product_cat-accukabels","7":"product_cat-peugeot-205","8":"product_tag-accukabelset","9":"product_tag-fase-1-5","10":"product_tag-fase-2","11":"product_tag-hoofdstroomkabelset","12":"product_tag-tu-motor","13":"product_shipping_class-groot-pakket","15":"first","16":"instock","17":"taxable","18":"shipping-taxable","19":"purchasable","20":"product-type-variable","21":"has-default-attributes"},"_links":{"self":[{"href":"https:\/\/www.kabelbomen.com\/pl\/wp-json\/wp\/v2\/product\/9053","targetHints":{"allow":["GET"]}}],"collection":[{"href":"https:\/\/www.kabelbomen.com\/pl\/wp-json\/wp\/v2\/product"}],"about":[{"href":"https:\/\/www.kabelbomen.com\/pl\/wp-json\/wp\/v2\/types\/product"}],"replies":[{"embeddable":true,"href":"https:\/\/www.kabelbomen.com\/pl\/wp-json\/wp\/v2\/comments?post=9053"}],"version-history":[{"count":14,"href":"https:\/\/www.kabelbomen.com\/pl\/wp-json\/wp\/v2\/product\/9053\/revisions"}],"predecessor-version":[{"id":18458,"href":"https:\/\/www.kabelbomen.com\/pl\/wp-json\/wp\/v2\/product\/9053\/revisions\/18458"}],"wp:featuredmedia":[{"embeddable":true,"href":"https:\/\/www.kabelbomen.com\/pl\/wp-json\/wp\/v2\/media\/13942"}],"wp:attachment":[{"href":"https:\/\/www.kabelbomen.com\/pl\/wp-json\/wp\/v2\/media?parent=9053"}],"wp:term":[{"taxonomy":"product_brand","embeddable":true,"href":"https:\/\/www.kabelbomen.com\/pl\/wp-json\/wp\/v2\/product_brand?post=9053"},{"taxonomy":"product_cat","embeddable":true,"href":"https:\/\/www.kabelbomen.com\/pl\/wp-json\/wp\/v2\/product_cat?post=9053"},{"taxonomy":"product_tag","embeddable":true,"href":"https:\/\/www.kabelbomen.com\/pl\/wp-json\/wp\/v2\/product_tag?post=9053"},{"taxonomy":"hf_cat_product","embeddable":true,"href":"https:\/\/www.kabelbomen.com\/pl\/wp-json\/wp\/v2\/hf_cat_product?post=9053"}],"curies":[{"name":"wp","href":"https:\/\/api.w.org\/{rel}","templated":true}]}}