{"id":8820,"date":"2021-07-16T12:24:12","date_gmt":"2021-07-16T10:24:12","guid":{"rendered":"https:\/\/www.kabelbomen.com\/?post_type=product&#038;p=8820"},"modified":"2026-04-17T16:43:16","modified_gmt":"2026-04-17T14:43:16","slug":"przewody-akumulatora-minus-peugeot-205-faza-1-i-2","status":"publish","type":"product","link":"https:\/\/www.kabelbomen.com\/pl\/product\/accukabels-min-peugeot-205-fase-1-en-2\/","title":{"rendered":"Przew\u00f3d akumulatora MIN \/ uziemienie - Peugeot 205 | faza 1, 1.5 lub 2"},"content":{"rendered":"<p>Wi\u0105zka przewod\u00f3w akumulatora do obwodu MIN w Peugeot 205 faza 1, 1.5 lub faza 2 zast\u0119puje zu\u017cyte przewody akumulatora mi\u0119dzy zaciskiem MIN akumulatora, blokiem silnika i nadwoziem. Jest to r\u00f3wnie\u017c natychmiastowa, bardzo dobra modernizacja obwodu elektrycznego. Zastosowano oryginalne kolory i rozmiary kabli akumulatora.<\/p>\n<p>Ma zastosowanie do r\u00f3\u017cnych modeli 205, takich jak te z silnikami XU, TU i XY.<\/p>\n<p>&nbsp;<\/p>\n<h5><strong>R\u00f3\u017cnica w przewodach uziemiaj\u0105cych fazy 1\/1.5 i fazy 2 dla Peugeot 205<\/strong><\/h5>\n<p>R\u00f3\u017cnica w kablach mi\u0119dzy r\u00f3\u017cnymi wersjami polega na tym, \u017ce w fazie 1 i 1.5 \u017c\u00f3\u0142to-zielony kabel uziemiaj\u0105cy znajduje si\u0119 za akumulatorem na \u015brubie M6 w pobli\u017cu cewki. W fazie 2 ten kabel masy jest nieco d\u0142u\u017cszy i jest pod\u0142\u0105czony do nadwozia na \u015brubie M6 obok zbiornika p\u0142ynu wycieraczek przedniej szyby. Produkcja Etapu 2 rozpocz\u0119\u0142a si\u0119 mniej wi\u0119cej w sierpniu 1990 roku.<\/p>\n<p>Wersj\u0119 mo\u017cna r\u00f3wnie\u017c rozpozna\u0107 po po\u0142o\u017ceniu cewki zap\u0142onowej. Je\u015bli cewka jest zamontowana jako ma\u0142y czarny blok na \u015brodku kolektora dolotowego, masz faz\u0119 2. Je\u015bli cewka znajduje si\u0119 za akumulatorem obok kolumny, wybierz faz\u0119 1\/1.5.<\/p>\n<p>&nbsp;<\/p>\n<h5><strong>Wyb\u00f3r zacisku akumulatora<\/strong><\/h5>\n<p>Bezpo\u015bredni zacisk akumulatora jest technicznie najlepszym po\u0142\u0105czeniem. Wynika to z faktu, \u017ce kable s\u0105 ju\u017c wci\u015bni\u0119te bezpo\u015brednio w zacisk akumulatora. W rezultacie nie ma dodatkowego przej\u015bcia od ko\u0144c\u00f3wki kablowej do zacisku akumulatora. Takie przej\u015bcie jest zawsze potencjalnym miejscem korozji.<\/p>\n<p>Niekt\u00f3rzy klienci wol\u0105 wybra\u0107 zacisk akumulatora z nakr\u0119tk\u0105 motylkow\u0105. Mo\u017cna wtedy odkr\u0119ci\u0107 nakr\u0119tk\u0119 motylkow\u0105, aby od\u0142\u0105czy\u0107 wi\u0105zk\u0119 przewod\u00f3w. Zacisk akumulatora pozostaje wtedy na akumulatorze.<\/p>\n<p>Konieczne b\u0119dzie jednak dokr\u0119cenie nakr\u0119tki motylkowej za pomoc\u0105 szczypiec, takich jak szczypce do pomp wodnych. R\u0119czne dokr\u0119cenie nie wystarczy do uzyskania dobrego po\u0142\u0105czenia.<\/p>\n<p>W przypadku bezpo\u015bredniego zacisku akumulatora konieczne b\u0119dzie odkr\u0119cenie nakr\u0119tki z boku za pomoc\u0105 klucza, je\u015bli chcesz od\u0142\u0105czy\u0107 wi\u0105zk\u0119 przewod\u00f3w.<\/p>\n<p>&nbsp;<\/p>\n<h5><strong>Zalety naszych kabli akumulatorowych w por\u00f3wnaniu do starych cienkich kabli akumulatorowych<\/strong><\/h5>\n<p>Stare kable nie s\u0105 wystarczaj\u0105co grube, aby dostarczy\u0107 napi\u0119cie wyj\u015bciowe alternatora 14,4 V do akumulatora bez spadku napi\u0119cia. Zw\u0142aszcza przy du\u017cym zu\u017cyciu energii elektrycznej, na przyk\u0142ad przez \u015bwiat\u0142a i\/lub wentylator, napi\u0119cie na starych kablach akumulatora \u0142atwo spada poni\u017cej 13 wolt\u00f3w. Obecne akumulatory potrzebuj\u0105 dok\u0142adnie 14 wolt\u00f3w, aby prawid\u0142owo si\u0119 \u0142adowa\u0107 i pozosta\u0107 w dobrym stanie. Stracisz r\u00f3wnie\u017c du\u017co energii podczas uruchamiania ze starymi kablami.<\/p>\n<p>Niekt\u00f3re zalety tych grubszych kabli akumulatorowych s\u0105 nast\u0119puj\u0105ce:<\/p>\n<ul>\n<li>Lepszy start<\/li>\n<li>Mocniejszy zap\u0142on<\/li>\n<li>Wy\u017csze napi\u0119cie na pok\u0142adzie<\/li>\n<li>Lepsze \u0142adowanie, kondycja i \u017cywotno\u015b\u0107 baterii<\/li>\n<li>Samoch\u00f3d mo\u017ce d\u0142u\u017cej pracowa\u0107 na biegu ja\u0142owym bez problem\u00f3w z rozruchem<\/li>\n<li>Brak spadk\u00f3w napi\u0119cia pod obci\u0105\u017ceniem ze strony \u015bwiate\u0142, wentylator\u00f3w, g\u0142o\u015bnej muzyki itp.<\/li>\n<li>Niezb\u0119dne w przypadku instalacji ci\u0119\u017ckich odbiornik\u00f3w, takich jak wzmacniacz<\/li>\n<li>Podstawa obwodu elektrycznego jest z powrotem w doskona\u0142ym stanie<\/li>\n<li>D\u0142u\u017csza \u017cywotno\u015b\u0107 kabla<\/li>\n<li>Wysoka jako\u015b\u0107<\/li>\n<\/ul>\n<p>&nbsp;<\/p>\n<h5><strong>Zestaw przewod\u00f3w akumulatora sk\u0142ada si\u0119 z nast\u0119puj\u0105cych cz\u0119\u015bci:<\/strong><\/h5>\n<ul>\n<li>Szary kabel akumulatora mi\u0119dzy silnikiem a ujemnym biegunem akumulatora<\/li>\n<li>\u017b\u00f3\u0142ty\/zielony przew\u00f3d masy akumulatora mi\u0119dzy biegunem ujemnym akumulatora a nadwoziem<\/li>\n<li>Zacisk ujemny akumulatora z nakr\u0119tk\u0105 motylkow\u0105 lub bezpo\u015bredni zacisk akumulatora<\/li>\n<\/ul>\n<p>&nbsp;<\/p>\n<p>Kable maj\u0105 wysokiej jako\u015bci mied\u017a i odporn\u0105 na zu\u017cycie pow\u0142ok\u0119 izolacyjn\u0105, kt\u00f3ra chroni r\u00f3wnie\u017c przed ciep\u0142em, brudem, kwasami i cieczami, takimi jak paliwo, olej i p\u0142yn ch\u0142odz\u0105cy. Wytrzyma\u0142e ko\u0144c\u00f3wki kablowe zapewniaj\u0105 optymalny przep\u0142yw pr\u0105du.<\/p>\n<p>W celu zapewnienia bezpiecznego i niezawodnego po\u0142\u0105czenia ko\u0144c\u00f3wki kablowe s\u0105 zaciskane szczypcami hydraulicznymi. W celu ochrony przed korozj\u0105, wok\u00f3\u0142 ko\u0144c\u00f3wek kablowych zastosowano rurki termokurczliwe.<\/p>\n<p>Dostarczamy r\u00f3wnie\u017c nowe zestawy kabli akumulatorowych do wszystkich innych typ\u00f3w 205. W sprawie mo\u017cliwo\u015bci prosimy o kontakt <a href=\"https:\/\/www.kabelbomen.com\/pl\/kontakt\/\">kontakt<\/a> z nami.<\/p>\n<p><em><b>UWAGA: Je\u015bli nie masz pewno\u015bci, czy posiadasz Peugeot 205 faza 1 czy faza 2, sprawd\u017a lokalizacj\u0119 cewki zap\u0142onowej. Je\u015bli cewka zap\u0142onowa znajduje si\u0119 za akumulatorem, wybierz wersj\u0119 fazy 1\/1.5. Je\u015bli cewka znajduje si\u0119 jako ma\u0142y czarny blok na g\u00f3rze kolektora dolotowego powietrza, masz wersj\u0119 Peugeot 205 faza 2.<\/b><\/em><\/p>","protected":false},"excerpt":{"rendered":"<p>Wi\u0105zka przewod\u00f3w akumulatora dla ujemnego obwodu MIN w Peugeot 205 faza 1, 1.5 lub faza 2. Zapewnia ujemne\/uziemione po\u0142\u0105czenie mi\u0119dzy zaciskiem MIN akumulatora, blokiem silnika i nadwoziem.<\/p>\n<p>W zestawie z bezpo\u015brednim zaciskiem akumulatora lub zaciskiem akumulatora z nakr\u0119tk\u0105 motylkow\u0105, kt\u00f3r\u0105 mo\u017cna odkr\u0119ci\u0107. Wyb\u00f3r nale\u017cy wy\u0142\u0105cznie do u\u017cytkownika.<\/p>\n<p>Pod wzgl\u0119dem wygl\u0105du, tak dobry jak orygina\u0142, z oryginalnymi rozmiarami i kolorami kabli, ale z zaletami znacznie lepszego przep\u0142ywu pr\u0105du dzi\u0119ki grubszej \u015brednicy miedzi i lepszym ko\u0144c\u00f3wkom kablowym.<\/p>\n<p>Ze wzgl\u0119du na dodatkow\u0105 grubo\u015b\u0107, jest to bardzo dobre ulepszenie obwodu elektrycznego w Peugeot 205.<\/p>\n<p>Dotyczy wielu wersji, takich jak te z silnikami XU, TU i XY.<\/p>\n<p>Poni\u017cej mo\u017cesz wybra\u0107 rok produkcji i odpowiedni zacisk akumulatora.<\/p>","protected":false},"featured_media":13550,"comment_status":"open","ping_status":"closed","template":"","meta":[],"product_brand":[],"product_cat":[39,61],"product_tag":[114,43,47,48,46,44,185,173,312],"hf_cat_product":[255],"class_list":{"0":"post-8820","1":"product","2":"type-product","3":"status-publish","4":"has-post-thumbnail","6":"product_cat-accukabels","7":"product_cat-peugeot-205","8":"product_tag-205-gti","9":"product_tag-accukabelset","10":"product_tag-fase-1","11":"product_tag-fase-1-5","12":"product_tag-fase-2","13":"product_tag-hoofdstroomkabelset","14":"product_tag-tu-motor","15":"product_tag-xu-motor","16":"product_tag-xy-motor","18":"first","19":"instock","20":"taxable","21":"shipping-taxable","22":"purchasable","23":"product-type-variable","24":"has-default-attributes"},"_links":{"self":[{"href":"https:\/\/www.kabelbomen.com\/pl\/wp-json\/wp\/v2\/product\/8820","targetHints":{"allow":["GET"]}}],"collection":[{"href":"https:\/\/www.kabelbomen.com\/pl\/wp-json\/wp\/v2\/product"}],"about":[{"href":"https:\/\/www.kabelbomen.com\/pl\/wp-json\/wp\/v2\/types\/product"}],"replies":[{"embeddable":true,"href":"https:\/\/www.kabelbomen.com\/pl\/wp-json\/wp\/v2\/comments?post=8820"}],"version-history":[{"count":6,"href":"https:\/\/www.kabelbomen.com\/pl\/wp-json\/wp\/v2\/product\/8820\/revisions"}],"predecessor-version":[{"id":18462,"href":"https:\/\/www.kabelbomen.com\/pl\/wp-json\/wp\/v2\/product\/8820\/revisions\/18462"}],"wp:featuredmedia":[{"embeddable":true,"href":"https:\/\/www.kabelbomen.com\/pl\/wp-json\/wp\/v2\/media\/13550"}],"wp:attachment":[{"href":"https:\/\/www.kabelbomen.com\/pl\/wp-json\/wp\/v2\/media?parent=8820"}],"wp:term":[{"taxonomy":"product_brand","embeddable":true,"href":"https:\/\/www.kabelbomen.com\/pl\/wp-json\/wp\/v2\/product_brand?post=8820"},{"taxonomy":"product_cat","embeddable":true,"href":"https:\/\/www.kabelbomen.com\/pl\/wp-json\/wp\/v2\/product_cat?post=8820"},{"taxonomy":"product_tag","embeddable":true,"href":"https:\/\/www.kabelbomen.com\/pl\/wp-json\/wp\/v2\/product_tag?post=8820"},{"taxonomy":"hf_cat_product","embeddable":true,"href":"https:\/\/www.kabelbomen.com\/pl\/wp-json\/wp\/v2\/hf_cat_product?post=8820"}],"curies":[{"name":"wp","href":"https:\/\/api.w.org\/{rel}","templated":true}]}}