{"id":8405,"date":"2021-07-09T00:29:00","date_gmt":"2021-07-08T22:29:00","guid":{"rendered":"https:\/\/www.kabelbomen.com\/?post_type=product&#038;p=8405"},"modified":"2026-04-04T12:04:29","modified_gmt":"2026-04-04T10:04:29","slug":"peugeot-205-przewod-masowy-na-kolumnie","status":"publish","type":"product","link":"https:\/\/www.kabelbomen.com\/pl\/product\/massadraad-peugeot-205-op-veerpoot\/","title":{"rendered":"Peugeot 205 przew\u00f3d masowy na kolumnie resoruj\u0105cej"},"content":{"rendered":"<p>Przew\u00f3d masowy od prawej kolumny do nadwozia w Peugeot 205.<\/p>\n<p>Tworzy to mi\u0119dzy innymi dobre, niezawodne po\u0142\u0105czenie z mas\u0105 dla wska\u017anika zu\u017cycia klock\u00f3w hamulcowych.<\/p>\n<p>Zastosowano now\u0105 wtyczk\u0119 i ko\u0144c\u00f3wki kablowe. Zastosowano oryginalny rozmiar, kolor przewodu i kolor wtyczki.<\/p>\n<p>Wysokiej jako\u015bci drut. Zapewnia wytrzyma\u0142o\u015b\u0107 i zapobiega <a href=\"https:\/\/www.kabelbomen.com\/pl\/strata-napiecia-rezystancja-przejscia-samochod-elektryczny\/\">korozja<\/a> i zwarcia, ka\u017cde po\u0142\u0105czenie mi\u0119dzy miedzian\u0105 \u017cy\u0142\u0105 a ko\u0144c\u00f3wk\u0105 kabla jest wyko\u0144czone rurk\u0105 termokurczliw\u0105. Dobrze wida\u0107 na zdj\u0119ciach.<\/p>","protected":false},"excerpt":{"rendered":"<p>Ten przew\u00f3d uziemiaj\u0105cy jest pod\u0142\u0105czony na g\u00f3rze prawej kolumny i po\u0142\u0105czony z nadwoziem.<\/p>\n<p>Nowa wtyczka i ko\u0144c\u00f3wki kablowe. Oryginalny rozmiar, kolor przewodu i wtyczki.<\/p>\n<p>Stosowany we wszystkich modelach Peugeot 205.<\/p>","protected":false},"featured_media":13730,"comment_status":"open","ping_status":"closed","template":"","meta":[],"product_brand":[],"product_cat":[61,38],"product_tag":[47,48,46,34,180],"hf_cat_product":[253],"class_list":{"0":"post-8405","1":"product","2":"type-product","3":"status-publish","4":"has-post-thumbnail","6":"product_cat-peugeot-205","7":"product_cat-kabelbomen","8":"product_tag-fase-1","9":"product_tag-fase-1-5","10":"product_tag-fase-2","11":"product_tag-kabelboom","12":"product_tag-massadraad","14":"first","15":"instock","16":"taxable","17":"shipping-taxable","18":"purchasable","19":"product-type-simple"},"_links":{"self":[{"href":"https:\/\/www.kabelbomen.com\/pl\/wp-json\/wp\/v2\/product\/8405","targetHints":{"allow":["GET"]}}],"collection":[{"href":"https:\/\/www.kabelbomen.com\/pl\/wp-json\/wp\/v2\/product"}],"about":[{"href":"https:\/\/www.kabelbomen.com\/pl\/wp-json\/wp\/v2\/types\/product"}],"replies":[{"embeddable":true,"href":"https:\/\/www.kabelbomen.com\/pl\/wp-json\/wp\/v2\/comments?post=8405"}],"version-history":[{"count":0,"href":"https:\/\/www.kabelbomen.com\/pl\/wp-json\/wp\/v2\/product\/8405\/revisions"}],"wp:featuredmedia":[{"embeddable":true,"href":"https:\/\/www.kabelbomen.com\/pl\/wp-json\/wp\/v2\/media\/13730"}],"wp:attachment":[{"href":"https:\/\/www.kabelbomen.com\/pl\/wp-json\/wp\/v2\/media?parent=8405"}],"wp:term":[{"taxonomy":"product_brand","embeddable":true,"href":"https:\/\/www.kabelbomen.com\/pl\/wp-json\/wp\/v2\/product_brand?post=8405"},{"taxonomy":"product_cat","embeddable":true,"href":"https:\/\/www.kabelbomen.com\/pl\/wp-json\/wp\/v2\/product_cat?post=8405"},{"taxonomy":"product_tag","embeddable":true,"href":"https:\/\/www.kabelbomen.com\/pl\/wp-json\/wp\/v2\/product_tag?post=8405"},{"taxonomy":"hf_cat_product","embeddable":true,"href":"https:\/\/www.kabelbomen.com\/pl\/wp-json\/wp\/v2\/hf_cat_product?post=8405"}],"curies":[{"name":"wp","href":"https:\/\/api.w.org\/{rel}","templated":true}]}}