{"id":6207,"date":"2021-04-27T13:03:32","date_gmt":"2021-04-27T11:03:32","guid":{"rendered":"https:\/\/www.kabelbomen.com\/?post_type=product&#038;p=6207"},"modified":"2026-03-21T19:59:13","modified_gmt":"2026-03-21T18:59:13","slug":"silnik-ecu-wiazka-przewodow-d-jetronic-mercedes-benz-350sl-450sl","status":"publish","type":"product","link":"https:\/\/www.kabelbomen.com\/pl\/product\/motor-ecu-kabelboom-d-jetronic-mercedes-benz-350sl-450sl\/","title":{"rendered":"Wi\u0105zka przewod\u00f3w silnika, D-Jetronic, Mercedes-Benz 350SL 450SL"},"content":{"rendered":"<p>Wi\u0105zka przewod\u00f3w silnika ECU z uk\u0142adem wtrysku paliwa D-Jetronic, do Mercedes-Benz 350SL i 450SL pierwszej generacji.<\/p>\n<p>Dostarczamy r\u00f3wnie\u017c wi\u0105zki przewod\u00f3w ECU do innych modeli. Chcieliby\u015bmy otrzyma\u0107 oryginaln\u0105 wi\u0105zk\u0119 przewod\u00f3w, aby\u015bmy mogli wyprodukowa\u0107 prawid\u0142ow\u0105 reprodukcj\u0119 100%.<\/p>\n<p>&nbsp;<\/p>\n<h5><strong>Oryginalno\u015b\u0107 i jako\u015b\u0107<\/strong><\/h5>\n<p>Ca\u0142kowicie przebudowujemy wi\u0105zk\u0119 przewod\u00f3w z nowymi wtyczkami, gumowymi os\u0142onami i ko\u0144c\u00f3wkami kabli. U\u017cywamy wysokiej jako\u015bci przewod\u00f3w miedzianych w oryginalnych kolorach.<\/p>\n<p>Aby zapewni\u0107 dodatkow\u0105 trwa\u0142o\u015b\u0107, wytrzyma\u0142o\u015b\u0107 oraz zapobiec korozji i zu\u017cyciu, wi\u0105zki przewod\u00f3w s\u0105 wyko\u0144czone w bardzo wysokim standardzie. Przej\u015bcia mi\u0119dzy przewodami miedzianymi a z\u0142\u0105czami kablowymi s\u0105 profesjonalnie wyko\u0144czone rurkami termokurczliwymi. U\u017cywamy r\u00f3wnie\u017c wysokiej jako\u015bci miedzi o odpowiedniej grubo\u015bci. To wyr\u00f3\u017cnia SKS.<\/p>\n<p>Izolacja PVC zosta\u0142a zastosowana na ga\u0142\u0119ziach w celu ochrony przed ciep\u0142em, cieczami, szkodnikami i zu\u017cyciem, podobnie jak orygina\u0142.<\/p>\n<p>Poni\u017cej znajduje si\u0119 przyk\u0142ad g\u0142\u00f3wnej \u017cy\u0142y w izolacji PVC dla wi\u0105zki przewod\u00f3w silnika 280SL.<\/p>\n<p>&nbsp;<\/p>\n<div id='gallery-1' class='gallery galleryid-6207 gallery-columns-2 gallery-size-medium'><figure class='gallery-item'>\n\t\t\t<div class='gallery-icon landscape'>\n\t\t\t\t<a href='https:\/\/www.kabelbomen.com\/wp-content\/uploads\/2021\/04\/20240322_144213.jpg'><img fetchpriority=\"high\" decoding=\"async\" width=\"300\" height=\"300\" src=\"https:\/\/www.kabelbomen.com\/wp-content\/uploads\/2021\/04\/20240322_144213-300x300.jpg\" class=\"attachment-medium size-medium\" alt=\"Wi\u0105zka przewod\u00f3w silnika D-Jetronic Mercedes-Benz 280SL z izolacj\u0105 PVC | SKS\" srcset=\"https:\/\/www.kabelbomen.com\/wp-content\/uploads\/2021\/04\/20240322_144213-300x300.jpg 300w, https:\/\/www.kabelbomen.com\/wp-content\/uploads\/2021\/04\/20240322_144213-1024x1024.jpg 1024w, https:\/\/www.kabelbomen.com\/wp-content\/uploads\/2021\/04\/20240322_144213-150x150.jpg 150w, https:\/\/www.kabelbomen.com\/wp-content\/uploads\/2021\/04\/20240322_144213-768x768.jpg 768w, https:\/\/www.kabelbomen.com\/wp-content\/uploads\/2021\/04\/20240322_144213-12x12.jpg 12w, https:\/\/www.kabelbomen.com\/wp-content\/uploads\/2021\/04\/20240322_144213-100x100.jpg 100w, https:\/\/www.kabelbomen.com\/wp-content\/uploads\/2021\/04\/20240322_144213.jpg 1047w\" sizes=\"(max-width: 300px) 100vw, 300px\" \/><\/a>\n\t\t\t<\/div><\/figure><figure class='gallery-item'>\n\t\t\t<div class='gallery-icon landscape'>\n\t\t\t\t<a href='https:\/\/www.kabelbomen.com\/wp-content\/uploads\/2021\/04\/20240322_143928.jpg'><img decoding=\"async\" width=\"300\" height=\"300\" src=\"https:\/\/www.kabelbomen.com\/wp-content\/uploads\/2021\/04\/20240322_143928-300x300.jpg\" class=\"attachment-medium size-medium\" alt=\"Wi\u0105zka przewod\u00f3w silnika D-Jetronic Mercedes-Benz 280SL | SKS\" srcset=\"https:\/\/www.kabelbomen.com\/wp-content\/uploads\/2021\/04\/20240322_143928-300x300.jpg 300w, https:\/\/www.kabelbomen.com\/wp-content\/uploads\/2021\/04\/20240322_143928-1024x1024.jpg 1024w, https:\/\/www.kabelbomen.com\/wp-content\/uploads\/2021\/04\/20240322_143928-150x150.jpg 150w, https:\/\/www.kabelbomen.com\/wp-content\/uploads\/2021\/04\/20240322_143928-768x768.jpg 768w, https:\/\/www.kabelbomen.com\/wp-content\/uploads\/2021\/04\/20240322_143928-12x12.jpg 12w, https:\/\/www.kabelbomen.com\/wp-content\/uploads\/2021\/04\/20240322_143928-100x100.jpg 100w, https:\/\/www.kabelbomen.com\/wp-content\/uploads\/2021\/04\/20240322_143928.jpg 1047w\" sizes=\"(max-width: 300px) 100vw, 300px\" \/><\/a>\n\t\t\t<\/div><\/figure><figure class='gallery-item'>\n\t\t\t<div class='gallery-icon landscape'>\n\t\t\t\t<a href='https:\/\/www.kabelbomen.com\/wp-content\/uploads\/2021\/04\/20240322_143903.jpg'><img decoding=\"async\" width=\"300\" height=\"300\" src=\"https:\/\/www.kabelbomen.com\/wp-content\/uploads\/2021\/04\/20240322_143903-300x300.jpg\" class=\"attachment-medium size-medium\" alt=\"Wi\u0105zka przewod\u00f3w silnika D-Jetronic Mercedes-Benz 280SL | SKS\" srcset=\"https:\/\/www.kabelbomen.com\/wp-content\/uploads\/2021\/04\/20240322_143903-300x300.jpg 300w, https:\/\/www.kabelbomen.com\/wp-content\/uploads\/2021\/04\/20240322_143903-1024x1024.jpg 1024w, https:\/\/www.kabelbomen.com\/wp-content\/uploads\/2021\/04\/20240322_143903-150x150.jpg 150w, https:\/\/www.kabelbomen.com\/wp-content\/uploads\/2021\/04\/20240322_143903-768x768.jpg 768w, https:\/\/www.kabelbomen.com\/wp-content\/uploads\/2021\/04\/20240322_143903-12x12.jpg 12w, https:\/\/www.kabelbomen.com\/wp-content\/uploads\/2021\/04\/20240322_143903-100x100.jpg 100w, https:\/\/www.kabelbomen.com\/wp-content\/uploads\/2021\/04\/20240322_143903.jpg 1047w\" sizes=\"(max-width: 300px) 100vw, 300px\" \/><\/a>\n\t\t\t<\/div><\/figure><figure class='gallery-item'>\n\t\t\t<div class='gallery-icon landscape'>\n\t\t\t\t<a href='https:\/\/www.kabelbomen.com\/wp-content\/uploads\/2021\/04\/20240322_143943.jpg'><img loading=\"lazy\" decoding=\"async\" width=\"300\" height=\"300\" src=\"https:\/\/www.kabelbomen.com\/wp-content\/uploads\/2021\/04\/20240322_143943-300x300.jpg\" class=\"attachment-medium size-medium\" alt=\"Wi\u0105zka przewod\u00f3w silnika D-Jetronic Mercedes-Benz 280SL | SKS\" srcset=\"https:\/\/www.kabelbomen.com\/wp-content\/uploads\/2021\/04\/20240322_143943-300x300.jpg 300w, https:\/\/www.kabelbomen.com\/wp-content\/uploads\/2021\/04\/20240322_143943-1024x1024.jpg 1024w, https:\/\/www.kabelbomen.com\/wp-content\/uploads\/2021\/04\/20240322_143943-150x150.jpg 150w, https:\/\/www.kabelbomen.com\/wp-content\/uploads\/2021\/04\/20240322_143943-768x768.jpg 768w, https:\/\/www.kabelbomen.com\/wp-content\/uploads\/2021\/04\/20240322_143943-12x12.jpg 12w, https:\/\/www.kabelbomen.com\/wp-content\/uploads\/2021\/04\/20240322_143943-100x100.jpg 100w, https:\/\/www.kabelbomen.com\/wp-content\/uploads\/2021\/04\/20240322_143943.jpg 1047w\" sizes=\"(max-width: 300px) 100vw, 300px\" \/><\/a>\n\t\t\t<\/div><\/figure>\n\t\t<\/div>\n\n<p>&nbsp;<\/p>\n<p>&nbsp;<\/p>\n<h5><strong>Wy\u015blij star\u0105 wi\u0105zk\u0119 przewod\u00f3w<\/strong><\/h5>\n<p>Istnia\u0142o wiele r\u00f3\u017cnych wersji, r\u00f3wnie\u017c w zale\u017cno\u015bci od kraju wyst\u0119powa\u0142y liczne (drobne) r\u00f3\u017cnice. Chcieliby\u015bmy otrzyma\u0107 star\u0105 wi\u0105zk\u0119 przewod\u00f3w, aby mie\u0107 pewno\u015b\u0107, \u017ce nowa wi\u0105zka przewod\u00f3w dok\u0142adnie pasuje do starej wi\u0105zki przewod\u00f3w.<\/p>\n<p>Ponadto ponownie wykorzystamy czarne z\u0142\u0105cze wtyczki zasilania i wtyczk\u0119 wzbogacania zimnego rozruchu ze starej wi\u0105zki przewod\u00f3w. Nie s\u0105 one ju\u017c dost\u0119pne jako nowe.<\/p>\n<p>Osoby zainteresowane prosimy o <a href=\"https:\/\/www.kabelbomen.com\/pl\/kontakt\/\" target=\"_blank\" rel=\"noopener\">kontakt<\/a> skontaktuj si\u0119 z nami, aby zaplanowa\u0107 zam\u00f3wienie. Mo\u017cesz r\u00f3wnie\u017c przes\u0142a\u0107 nam oryginaln\u0105 wi\u0105zk\u0119 przewod\u00f3w lub przynie\u015b\u0107 j\u0105 do nas, je\u015bli to mo\u017cliwe. Warunki wysy\u0142ki starej wi\u0105zki przewod\u00f3w mo\u017cna znale\u017a\u0107 na stronie <a href=\"https:\/\/www.kabelbomen.com\/pl\/zasady-i-warunki\/\" target=\"_blank\" rel=\"noopener\">ten link<\/a> na dole strony.<\/p>\n<p>&nbsp;<\/p>","protected":false},"excerpt":{"rendered":"<p>Nowa wi\u0105zka przewod\u00f3w ECU do sterowania silnikiem z uk\u0142adem wtrysku paliwa D-Jetronic.<\/p>\n<p>U\u017cywany w samochodach Mercedes-Benz 350SL i 450SL pierwszej generacji do 1976 roku.<\/p>\n<p>Bior\u0105c pod uwag\u0119 wiele r\u00f3\u017cnych wersji w zale\u017cno\u015bci od kraju i r\u00f3\u017cnych produkcji, chcieliby\u015bmy otrzyma\u0107 star\u0105 oryginaln\u0105 wi\u0105zk\u0119 przewod\u00f3w. Mo\u017cemy wtedy zagwarantowa\u0107, \u017ce nowa wi\u0105zka przewod\u00f3w b\u0119dzie dok\u0142adnie pasowa\u0107 do starej wi\u0105zki przewod\u00f3w.<\/p>\n<p>Wci\u0105\u017c istniej\u0105 wi\u0105zki przewod\u00f3w oferowane online, kt\u00f3re s\u0105 sprzedawane tak, jakby pasowa\u0142y do wszystkich modeli i kraj\u00f3w, ale tak nie jest. W wielu przypadkach otrzymujemy wi\u0105zk\u0119 przewod\u00f3w, kt\u00f3ra wymaga licznych modyfikacji i w kt\u00f3rej nielogicznie cienkie przewody zosta\u0142y u\u017cyte w miejscach, w kt\u00f3rych po\u017c\u0105dany jest gruby przew\u00f3d. Wi\u0119kszo\u015b\u0107 wi\u0105zek przewod\u00f3w pochodzi z Chin. Wszystkie nasze wi\u0105zki przewod\u00f3w produkujemy sami, w Holandii, zawsze z zachowaniem najwy\u017cszej jako\u015bci.<\/p>\n<p>Cena za kompletny nowy zestaw wynosi 995 euro<\/p>\n<p>Produkujemy r\u00f3wnie\u017c wi\u0105zki przewod\u00f3w silnika do innych klasycznych modeli Mercedes-Benz. Robi\u0105c to, zawsze ch\u0119tnie otrzymujemy orygina\u0142, aby\u015bmy mogli wyprodukowa\u0107 prawid\u0142ow\u0105 reprodukcj\u0119 100%.<\/p>\n<p>Mo\u017cesz <a href=\"https:\/\/www.kabelbomen.com\/pl\/kontakt\/\">kontakt<\/a> aby uzyska\u0107 wi\u0119cej informacji.<\/p>\n<p>Aby uzyska\u0107 wi\u0119cej informacji, przeczytaj dodatkowy opis poni\u017cej.<\/p>","protected":false},"featured_media":15516,"comment_status":"open","ping_status":"closed","template":"","meta":[],"product_brand":[],"product_cat":[132,38],"product_tag":[136,137,286,133,134,287,34,135],"hf_cat_product":[257],"class_list":{"0":"post-6207","1":"product","2":"type-product","3":"status-publish","4":"has-post-thumbnail","6":"product_cat-mercedes-benz","7":"product_cat-kabelbomen","8":"product_tag-350sl","9":"product_tag-450sl","10":"product_tag-bosch","11":"product_tag-d-jetronic","12":"product_tag-ecu","13":"product_tag-injectoren","14":"product_tag-kabelboom","15":"product_tag-motorkabelboom","16":"product_shipping_class-groot-pakket","18":"first","19":"onbackorder","20":"purchasable","21":"product-type-simple"},"_links":{"self":[{"href":"https:\/\/www.kabelbomen.com\/pl\/wp-json\/wp\/v2\/product\/6207","targetHints":{"allow":["GET"]}}],"collection":[{"href":"https:\/\/www.kabelbomen.com\/pl\/wp-json\/wp\/v2\/product"}],"about":[{"href":"https:\/\/www.kabelbomen.com\/pl\/wp-json\/wp\/v2\/types\/product"}],"replies":[{"embeddable":true,"href":"https:\/\/www.kabelbomen.com\/pl\/wp-json\/wp\/v2\/comments?post=6207"}],"version-history":[{"count":15,"href":"https:\/\/www.kabelbomen.com\/pl\/wp-json\/wp\/v2\/product\/6207\/revisions"}],"predecessor-version":[{"id":18171,"href":"https:\/\/www.kabelbomen.com\/pl\/wp-json\/wp\/v2\/product\/6207\/revisions\/18171"}],"wp:featuredmedia":[{"embeddable":true,"href":"https:\/\/www.kabelbomen.com\/pl\/wp-json\/wp\/v2\/media\/15516"}],"wp:attachment":[{"href":"https:\/\/www.kabelbomen.com\/pl\/wp-json\/wp\/v2\/media?parent=6207"}],"wp:term":[{"taxonomy":"product_brand","embeddable":true,"href":"https:\/\/www.kabelbomen.com\/pl\/wp-json\/wp\/v2\/product_brand?post=6207"},{"taxonomy":"product_cat","embeddable":true,"href":"https:\/\/www.kabelbomen.com\/pl\/wp-json\/wp\/v2\/product_cat?post=6207"},{"taxonomy":"product_tag","embeddable":true,"href":"https:\/\/www.kabelbomen.com\/pl\/wp-json\/wp\/v2\/product_tag?post=6207"},{"taxonomy":"hf_cat_product","embeddable":true,"href":"https:\/\/www.kabelbomen.com\/pl\/wp-json\/wp\/v2\/hf_cat_product?post=6207"}],"curies":[{"name":"wp","href":"https:\/\/api.w.org\/{rel}","templated":true}]}}