{"id":5846,"date":"2021-04-04T22:07:39","date_gmt":"2021-04-04T20:07:39","guid":{"rendered":"https:\/\/www.kabelbomen.com\/?post_type=product&#038;p=5846"},"modified":"2026-03-27T10:20:45","modified_gmt":"2026-03-27T09:20:45","slug":"wiazka-czujnika-3-biegunowa-peugeot-205-gti","status":"publish","type":"product","link":"https:\/\/www.kabelbomen.com\/pl\/product\/sensorboom-3-polig-peugeot-205-gti\/","title":{"rendered":"Wi\u0105zka przewod\u00f3w czujnika 3-biegunowa Peugeot 205 GTI \/ CTI | faza 1, 1.5"},"content":{"rendered":"<p>Wi\u0105zka przewod\u00f3w czujnika silnika 3-biegunowa do wcze\u015bniejszych modeli Peugeot 205 GTI \/ CTI 1,6 i 1,9 litra, faza 1 i niekt\u00f3re modele fazy 1,5.<\/p>\n<p>Stosowany m.in. w blokach silnik\u00f3w XU5J (180Z\/180A), XU5JA (B6D) i XU9J1 (DFZ).<\/p>\n<p>Wi\u0105zka przewod\u00f3w czujnika silnika dla p\u00f3\u017aniejszych typ\u00f3w ma szersz\u0105 br\u0105zow\u0105 wtyczk\u0119 z 7 przewodami. Przewody <a href=\"\/pl\/produkt\/wiazka-czujnikow-peugeot-205-gti-cti\/\">7-pinowa wi\u0105zka przewod\u00f3w czujnika silnika dla Peugeot 205 faza 1.5 i faza 2<\/a>\u00a0znajdziesz\u00a0<a href=\"https:\/\/www.kabelbomen.com\/pl\/sklep-internetowy\/wiazka-czujnikow-peugeot-205-gti-cti\/\">tutaj<\/a>.<\/p>\n<p>&nbsp;<\/p>\n<h5><strong>Oryginalno\u015b\u0107 i jako\u015b\u0107<\/strong><\/h5>\n<p>Wi\u0105zka przewod\u00f3w jest nowa 100% i ma oryginalny rozmiar. Zamontowano now\u0105 oryginaln\u0105 3-pinow\u0105 br\u0105zow\u0105 wtyczk\u0119.<\/p>\n<p>Aby zapewni\u0107 wytrzyma\u0142o\u015b\u0107 i zapobiec korozji, zu\u017cyciu i zwarciom, ka\u017cde po\u0142\u0105czenie mi\u0119dzy przewodnikiem miedzianym a ko\u0144c\u00f3wk\u0105 kablow\u0105 jest starannie wyko\u0144czone rurk\u0105 termokurczliw\u0105. Jest to nasza standardowa procedura. W rezultacie nasze wi\u0105zki przewod\u00f3w maj\u0105 wyj\u0105tkowo d\u0142ug\u0105 i niezawodn\u0105 \u017cywotno\u015b\u0107. Oryginalna, solidna izolacja \u017cebrowana s\u0142u\u017cy do ochrony przed ciep\u0142em, cieczami, szkodnikami i zu\u017cyciem.<\/p>\n<p>Ta wi\u0105zka przewod\u00f3w jest ca\u0142kowicie zu\u017cyta w wi\u0119kszo\u015bci 205-ek, co powoduje, \u017ce instrumenty na desce rozdzielczej nie dzia\u0142aj\u0105 prawid\u0142owo.<\/p>\n<p>&nbsp;<\/p>\n<h5><strong>Monta\u017c wi\u0105zki przewod\u00f3w<\/strong><\/h5>\n<p>Wi\u0105zka przewod\u00f3w czujnika silnika jest pod\u0142\u0105czona do 3-biegunowej br\u0105zowej wtyczki znajduj\u0105cej si\u0119 w pobli\u017cu obudowy sprz\u0119g\u0142a. Dla pewno\u015bci mo\u017cna sprawdzi\u0107, czy tam jest.<\/p>\n<p>Poszczeg\u00f3lne przewody prowadz\u0105 do czujnik\u00f3w temperatury p\u0142ynu ch\u0142odz\u0105cego z ty\u0142u bloku silnika i do czujnika temperatury oleju w misce olejowej.<\/p>\n<p>Wi\u0105zka przewod\u00f3w jest typu plug \u2018n play i \u0142atwa do samodzielnego monta\u017cu.<\/p>\n<p>&nbsp;<\/p>\n<h5><strong>Przegl\u0105d po\u0142\u0105cze\u0144<\/strong><\/h5>\n<ul>\n<li>Czujnik temperatury p\u0142ynu ch\u0142odz\u0105cego<\/li>\n<li>Czujnik alarmu temperatury p\u0142ynu ch\u0142odz\u0105cego<\/li>\n<li>Czujnik temperatury oleju w misce olejowej<\/li>\n<\/ul>","protected":false},"excerpt":{"rendered":"<p>Wi\u0105zka przewod\u00f3w do sterowania czujnikami w bloku silnika dla wska\u017anika temperatury oleju, wska\u017anika temperatury p\u0142ynu ch\u0142odz\u0105cego i lampki alarmowej temperatury p\u0142ynu ch\u0142odz\u0105cego.<\/p>\n<p>Stosowany do Peugeot 205 GTI \/ CTI fazy 1 i niekt\u00f3rych modeli fazy 1.5. Dla silnik\u00f3w o pojemno\u015bci 1,6 i 1,9 litra.<\/p>\n<p>Wyst\u0119puje w blokach silnik\u00f3w XU5J (180Z \/ 180A), XU5JA (B6D) i XU9J1 (DFZ).<\/p>\n<p>100% nowy z now\u0105 oryginaln\u0105 3-pinow\u0105 br\u0105zow\u0105 wtyczk\u0105 i ko\u0144c\u00f3wkami kablowymi. Zastosowano oryginalny rozmiar.<\/p>\n<p>Wysokiej jako\u015bci przew\u00f3d, bardzo dobrze wyko\u0144czony z rurk\u0105 termokurczliw\u0105 nad ko\u0144c\u00f3wkami kablowymi dla zapewnienia d\u0142ugiej \u017cywotno\u015bci, wytrzyma\u0142o\u015bci, zapobiegania zwarciom i korozji. Dodatkowa izolacja odporna na wysok\u0105 temperatur\u0119.<\/p>","protected":false},"featured_media":15961,"comment_status":"open","ping_status":"closed","template":"","meta":[],"product_brand":[],"product_cat":[61,38],"product_tag":[114,47,48,34,280,35,112,173],"hf_cat_product":[253],"class_list":{"0":"post-5846","1":"product","2":"type-product","3":"status-publish","4":"has-post-thumbnail","6":"product_cat-peugeot-205","7":"product_cat-kabelbomen","8":"product_tag-205-gti","9":"product_tag-fase-1","10":"product_tag-fase-1-5","11":"product_tag-kabelboom","12":"product_tag-motor-sensorkabelboom","13":"product_tag-sensorkabelboom","14":"product_tag-sensorboom-3-polig","15":"product_tag-xu-motor","17":"first","18":"instock","19":"taxable","20":"shipping-taxable","21":"purchasable","22":"product-type-simple"},"_links":{"self":[{"href":"https:\/\/www.kabelbomen.com\/pl\/wp-json\/wp\/v2\/product\/5846","targetHints":{"allow":["GET"]}}],"collection":[{"href":"https:\/\/www.kabelbomen.com\/pl\/wp-json\/wp\/v2\/product"}],"about":[{"href":"https:\/\/www.kabelbomen.com\/pl\/wp-json\/wp\/v2\/types\/product"}],"replies":[{"embeddable":true,"href":"https:\/\/www.kabelbomen.com\/pl\/wp-json\/wp\/v2\/comments?post=5846"}],"version-history":[{"count":5,"href":"https:\/\/www.kabelbomen.com\/pl\/wp-json\/wp\/v2\/product\/5846\/revisions"}],"predecessor-version":[{"id":17994,"href":"https:\/\/www.kabelbomen.com\/pl\/wp-json\/wp\/v2\/product\/5846\/revisions\/17994"}],"wp:featuredmedia":[{"embeddable":true,"href":"https:\/\/www.kabelbomen.com\/pl\/wp-json\/wp\/v2\/media\/15961"}],"wp:attachment":[{"href":"https:\/\/www.kabelbomen.com\/pl\/wp-json\/wp\/v2\/media?parent=5846"}],"wp:term":[{"taxonomy":"product_brand","embeddable":true,"href":"https:\/\/www.kabelbomen.com\/pl\/wp-json\/wp\/v2\/product_brand?post=5846"},{"taxonomy":"product_cat","embeddable":true,"href":"https:\/\/www.kabelbomen.com\/pl\/wp-json\/wp\/v2\/product_cat?post=5846"},{"taxonomy":"product_tag","embeddable":true,"href":"https:\/\/www.kabelbomen.com\/pl\/wp-json\/wp\/v2\/product_tag?post=5846"},{"taxonomy":"hf_cat_product","embeddable":true,"href":"https:\/\/www.kabelbomen.com\/pl\/wp-json\/wp\/v2\/hf_cat_product?post=5846"}],"curies":[{"name":"wp","href":"https:\/\/api.w.org\/{rel}","templated":true}]}}