{"id":3460,"date":"2020-04-27T11:58:31","date_gmt":"2020-04-27T09:58:31","guid":{"rendered":"https:\/\/www.kabelbomen.com\/?post_type=product&#038;p=3460"},"modified":"2025-07-09T13:32:08","modified_gmt":"2025-07-09T11:32:08","slug":"wiazka-przewodow-dachowych-traction-avant-11bl-11bn-do-1952-r","status":"publish","type":"product","link":"https:\/\/www.kabelbomen.com\/pl\/product\/dak-kabelboom-traction-avant-11bl-11bn-tot-1952\/","title":{"rendered":"Wi\u0105zka przewod\u00f3w dachowych Traction Avant 11BL lub 11BN do \u201952"},"content":{"rendered":"<p>Wi\u0105zka przewod\u00f3w m.in. do o\u015bwietlenia lampy sufitowej, p\u0142ywaka zbiornika, \u015bwiate\u0142 postojowych w s\u0142upku B i kierunkowskaz\u00f3w w s\u0142upku C w Citro\u00ebn Traction Avant 11BL lub 11BN z lat budowy do 1952. Nazywane r\u00f3wnie\u017c drzewem dachowym.<\/p>\n<p>S\u0142u\u017cy r\u00f3wnie\u017c do po\u0142\u0105czenia z <a href=\"https:\/\/www.kabelbomen.com\/pl\/sklep-internetowy\/wiazka-przewodow-bagaznika-traction-avant-11bl-bn-15-six\/\">wi\u0105zka przewod\u00f3w baga\u017cnika dla tylnych \u015bwiate\u0142<\/a>.<\/p>\n<p>Do 1952 roku nie montowano kierunkowskaz\u00f3w. Oczywi\u015bcie dodali\u015bmy je do standardowego bloku 5-pinowego. Mo\u017cna je pod\u0142\u0105czy\u0107 bezpo\u015brednio do naszego drzewa deski rozdzielczej za pomoc\u0105 po\u0142\u0105czenia m\u0119skiego\/\u017ce\u0144skiego. Przewody uziemiaj\u0105ce s\u0105 r\u00f3wnie\u017c obecne, aby zapewni\u0107 niezawodne po\u0142\u0105czenie.<\/p>\n<p>Dostarczamy jednak ka\u017cd\u0105 mo\u017cliw\u0105 wi\u0105zk\u0119 przewod\u00f3w dla wszystkich lat i wszystkich typ\u00f3w Citro\u00ebn Traction Avant, z wszelkimi modyfikacjami wymaganymi przez klienta.<\/p>\n<p>W przypadku pyta\u0144 lub konkretnych zam\u00f3wie\u0144 prosimy o <a href=\"https:\/\/www.kabelbomen.com\/pl\/kontakt\/\">kontakt<\/a>\u00a0z nami.<\/p>\n<p>Zdj\u0119cie mo\u017ce si\u0119 r\u00f3\u017cni\u0107.<\/p>","protected":false},"excerpt":{"rendered":"<p>Wi\u0105zka przewod\u00f3w dachowych do modelu Citro\u00ebn Traction Avant 11BL lub 11BN dla wersji do 1952 roku.<\/p>\n<p>S\u0142u\u017cy r\u00f3wnie\u017c do \u0142\u0105czenia z tylnymi \u015bwiat\u0142ami.<\/p>\n<p>Dokonaj wyboru 11BL lub 11BN poni\u017cej.<\/p>","protected":false},"featured_media":12383,"comment_status":"open","ping_status":"closed","template":"","meta":[],"product_brand":[],"product_cat":[56,38],"product_tag":[69,70,57,34],"hf_cat_product":[252],"class_list":{"0":"post-3460","1":"product","2":"type-product","3":"status-publish","4":"has-post-thumbnail","6":"product_cat-citroen-traction-avant","7":"product_cat-kabelbomen","8":"product_tag-citroen-traction-avant-11bl","9":"product_tag-citroen-traction-avant-11bn","10":"product_tag-dakboom","11":"product_tag-kabelboom","13":"first","14":"instock","15":"taxable","16":"shipping-taxable","17":"purchasable","18":"product-type-variable","19":"has-default-attributes"},"_links":{"self":[{"href":"https:\/\/www.kabelbomen.com\/pl\/wp-json\/wp\/v2\/product\/3460","targetHints":{"allow":["GET"]}}],"collection":[{"href":"https:\/\/www.kabelbomen.com\/pl\/wp-json\/wp\/v2\/product"}],"about":[{"href":"https:\/\/www.kabelbomen.com\/pl\/wp-json\/wp\/v2\/types\/product"}],"replies":[{"embeddable":true,"href":"https:\/\/www.kabelbomen.com\/pl\/wp-json\/wp\/v2\/comments?post=3460"}],"version-history":[{"count":1,"href":"https:\/\/www.kabelbomen.com\/pl\/wp-json\/wp\/v2\/product\/3460\/revisions"}],"predecessor-version":[{"id":16988,"href":"https:\/\/www.kabelbomen.com\/pl\/wp-json\/wp\/v2\/product\/3460\/revisions\/16988"}],"wp:featuredmedia":[{"embeddable":true,"href":"https:\/\/www.kabelbomen.com\/pl\/wp-json\/wp\/v2\/media\/12383"}],"wp:attachment":[{"href":"https:\/\/www.kabelbomen.com\/pl\/wp-json\/wp\/v2\/media?parent=3460"}],"wp:term":[{"taxonomy":"product_brand","embeddable":true,"href":"https:\/\/www.kabelbomen.com\/pl\/wp-json\/wp\/v2\/product_brand?post=3460"},{"taxonomy":"product_cat","embeddable":true,"href":"https:\/\/www.kabelbomen.com\/pl\/wp-json\/wp\/v2\/product_cat?post=3460"},{"taxonomy":"product_tag","embeddable":true,"href":"https:\/\/www.kabelbomen.com\/pl\/wp-json\/wp\/v2\/product_tag?post=3460"},{"taxonomy":"hf_cat_product","embeddable":true,"href":"https:\/\/www.kabelbomen.com\/pl\/wp-json\/wp\/v2\/hf_cat_product?post=3460"}],"curies":[{"name":"wp","href":"https:\/\/api.w.org\/{rel}","templated":true}]}}