{"id":3409,"date":"2020-04-26T18:26:01","date_gmt":"2020-04-26T16:26:01","guid":{"rendered":"https:\/\/www.kabelbomen.com\/?post_type=product&#038;p=3409"},"modified":"2026-03-15T11:30:15","modified_gmt":"2026-03-15T10:30:15","slug":"zestaw-przewodow-zaplonowych-citroen-traction-avant","status":"publish","type":"product","link":"https:\/\/www.kabelbomen.com\/pl\/product\/bougiekabelset-citroen-traction-avant\/","title":{"rendered":"Zestaw przewod\u00f3w \u015bwiec zap\u0142onowych Citro\u00ebn Traction Avant 4 lub 6 cylindr\u00f3w ORYGINA\u0141"},"content":{"rendered":"<p>Zestaw przewod\u00f3w \u015bwiec zap\u0142onowych do wszystkich wersji Citro\u00ebn Traction Avant z silnikiem 4-cylindrowym lub 6-cylindrowym, takim jak 15 SIX.<br \/>\nS\u0105 to oryginalne przewody i nasadki \u015bwiec zap\u0142onowych. Dzi\u0119ki temu nie tylko zachowuj\u0105 oryginalno\u015b\u0107, ale tak\u017ce nie maj\u0105 wewn\u0119trznej rezystancji.<\/p>\n<p>&nbsp;<\/p>\n<h5>Przewody zap\u0142onowe z miedzianym rdzeniem jak w oryginale<\/h5>\n<p>Nowoczesne przewody zap\u0142onowe maj\u0105 rdze\u0144 w\u0119glowy jako przewodnik. Ten rdze\u0144 w\u0119glowy tworzy wewn\u0119trzn\u0105 rezystancj\u0119 w kablu. Ta rezystancja w kablu prowadzi do nieco gorszej iskry, na kt\u00f3rej silniki oldtimer\u00f3w dzia\u0142aj\u0105 i dzia\u0142aj\u0105 gorzej.<\/p>\n<p>Poniewa\u017c nowoczesne uk\u0142ady zap\u0142onowe wytwarzaj\u0105 znacznie wy\u017csze napi\u0119cie \u015bwiecy zap\u0142onowej, nowe samochody nie cierpi\u0105 z tego powodu. Oldtimery dzia\u0142aj\u0105 jednak lepiej na przewodzie \u015bwiecy zap\u0142onowej z litym rdzeniem miedzianym lub miedzianym cynowanym.<\/p>\n<p>W celu uzyskania optymalnej wydajno\u015bci silnika wa\u017cne jest zatem, aby kupowa\u0107 przewody zap\u0142onowe takie jak oryginalne, tj. z solidnym rdzeniem bez dodatkowego oporu.<\/p>\n<p>&nbsp;<\/p>\n<h5>Korek rozdzielacza<\/h5>\n<p>Czy nadal masz zap\u0142on z oryginaln\u0105 nasadk\u0105 rozdzielacza, jak pokazano na poni\u017cszych zdj\u0119ciach? W takim przypadku pod\u0142\u0105cz przewody do styk\u00f3w w taki sam spos\u00f3b.<\/p>\n<p>Je\u015bli oryginalny kaptur zosta\u0142 wymieniony, mo\u017ce by\u0107 wymagane inne wyko\u0144czenie z klipsami. Prosimy o kontakt. Mo\u017cemy wtedy wsp\u00f3lnie om\u00f3wi\u0107 konkretne wyko\u0144czenie z klipsami monta\u017cowymi dla pokrywy kolektora.<\/p>\n<p>Mo\u017cesz r\u00f3wnie\u017c zostawi\u0107 komentarz na stronie kasy. Zawsze je czytamy.<\/p>\n<p>&nbsp;<\/p>\n<h5>Oryginalna nasadka rozdzielacza zap\u0142onu Citro\u00ebn Traction Avant - 4 cylindry<\/h5>\n<figure class=\"gallery-item\"><a href=\"https:\/\/www.kabelbomen.com\/wp-content\/uploads\/2020\/04\/Originele-verdeelkap-ontsteking-Traction-Avant.jpg\" data-elementor-open-lightbox=\"yes\" data-elementor-lightbox-slideshow=\"e4d7c8a\" data-elementor-lightbox-title=\"Originele verdeelkap ontsteking Traction Avant 4 cilinder\" data-elementor-lightbox-description=\"Originele verdeelkap ontsteking Traction Avant 4 cilinder\" data-e-action-hash=\"#elementor-action%3Aaction%3Dlightbox%26settings%3DeyJpZCI6NTYxMSwidXJsIjoiaHR0cHM6XC9cL3d3dy5rYWJlbGJvbWVuLmNvbVwvd3AtY29udGVudFwvdXBsb2Fkc1wvMjAyMFwvMDRcL09yaWdpbmVsZS12ZXJkZWVsa2FwLW9udHN0ZWtpbmctVHJhY3Rpb24tQXZhbnQuanBnIiwic2xpZGVzaG93IjoiZTRkN2M4YSJ9\"><img fetchpriority=\"high\" decoding=\"async\" src=\"https:\/\/www.kabelbomen.com\/wp-content\/uploads\/2020\/04\/Originele-verdeelkap-ontsteking-Traction-Avant-290x300.jpg\" alt=\"Oryginalna nasadka rozdzielacza zap\u0142onu Traction Avant 4 cyl.\" width=\"290\" height=\"300\" \/><\/a><\/figure>\n<p>&nbsp;<\/p>\n<h5>Oryginalna nasadka rozdzielacza zap\u0142onu Citro\u00ebn Traction Avant 15 SIX (6 cylindr\u00f3w)<\/h5>\n<figure class=\"gallery-item\"><a href=\"https:\/\/www.kabelbomen.com\/wp-content\/uploads\/2020\/04\/Citroen-Traction-Avant-15-SIX-verdeelkap-bovenkant.jpg\" data-elementor-open-lightbox=\"yes\" data-elementor-lightbox-slideshow=\"1c9e672\" data-elementor-lightbox-title=\"Citro\u00ebn Traction Avant 15-SIX verdeelkap - bovenkant\" data-elementor-lightbox-description=\"Citro\u00ebn Traction Avant 15-SIX verdeelkap - bovenkant\" data-e-action-hash=\"#elementor-action%3Aaction%3Dlightbox%26settings%3DeyJpZCI6MTQwMzgsInVybCI6Imh0dHBzOlwvXC93d3cua2FiZWxib21lbi5jb21cL3dwLWNvbnRlbnRcL3VwbG9hZHNcLzIwMjBcLzA0XC9DaXRyb2VuLVRyYWN0aW9uLUF2YW50LTE1LVNJWC12ZXJkZWVsa2FwLWJvdmVua2FudC5qcGciLCJzbGlkZXNob3ciOiIxYzllNjcyIn0%3D\"><img decoding=\"async\" src=\"https:\/\/www.kabelbomen.com\/wp-content\/uploads\/2020\/04\/Citroen-Traction-Avant-15-SIX-verdeelkap-bovenkant-300x300.jpg\" alt=\"Citro\u00ebn Traction Avant 15-SIX pokrywa kolektora - g\u00f3rna\" width=\"300\" height=\"300\" \/><\/a><\/figure>\n<figure class=\"gallery-item\"><a href=\"https:\/\/www.kabelbomen.com\/wp-content\/uploads\/2020\/04\/Citroen-Traction-Avant-15-SIX-verdeelkap-zijkant.jpg\" data-elementor-open-lightbox=\"yes\" data-elementor-lightbox-slideshow=\"1c9e672\" data-elementor-lightbox-title=\"Citro\u00ebn Traction Avant 15-SIX verdeelkap - zijkant\" data-elementor-lightbox-description=\"Citro\u00ebn Traction Avant 15-SIX verdeelkap - zijkant\" data-e-action-hash=\"#elementor-action%3Aaction%3Dlightbox%26settings%3DeyJpZCI6MTQwMzcsInVybCI6Imh0dHBzOlwvXC93d3cua2FiZWxib21lbi5jb21cL3dwLWNvbnRlbnRcL3VwbG9hZHNcLzIwMjBcLzA0XC9DaXRyb2VuLVRyYWN0aW9uLUF2YW50LTE1LVNJWC12ZXJkZWVsa2FwLXppamthbnQuanBnIiwic2xpZGVzaG93IjoiMWM5ZTY3MiJ9\"><img decoding=\"async\" src=\"https:\/\/www.kabelbomen.com\/wp-content\/uploads\/2020\/04\/Citroen-Traction-Avant-15-SIX-verdeelkap-zijkant-300x300.jpg\" alt=\"Citro\u00ebn Traction Avant 15-SIX pokrywa kolektora - boczna\" width=\"300\" height=\"300\" \/><\/a><\/figure>\n<figure class=\"gallery-item\"><a href=\"https:\/\/www.kabelbomen.com\/wp-content\/uploads\/2020\/04\/Citroen-Traction-Avant-15-SIX-verdeelkap-onderkant.jpg\" data-elementor-open-lightbox=\"yes\" data-elementor-lightbox-slideshow=\"1c9e672\" data-elementor-lightbox-title=\"Citro\u00ebn Traction Avant 15-SIX verdeelkap - onderkant\" data-elementor-lightbox-description=\"Citro\u00ebn Traction Avant 15-SIX verdeelkap - onderkant\" data-e-action-hash=\"#elementor-action%3Aaction%3Dlightbox%26settings%3DeyJpZCI6MTQwMzYsInVybCI6Imh0dHBzOlwvXC93d3cua2FiZWxib21lbi5jb21cL3dwLWNvbnRlbnRcL3VwbG9hZHNcLzIwMjBcLzA0XC9DaXRyb2VuLVRyYWN0aW9uLUF2YW50LTE1LVNJWC12ZXJkZWVsa2FwLW9uZGVya2FudC5qcGciLCJzbGlkZXNob3ciOiIxYzllNjcyIn0%3D\"><img loading=\"lazy\" decoding=\"async\" src=\"https:\/\/www.kabelbomen.com\/wp-content\/uploads\/2020\/04\/Citroen-Traction-Avant-15-SIX-verdeelkap-onderkant-300x300.jpg\" alt=\"Citro\u00ebn Traction Avant 15-SIX pokrywa kolektora - dolna strona\" width=\"300\" height=\"300\" \/><\/a><\/figure>\n<p>&nbsp;<\/p>\n<p>&nbsp;<\/p>\n<p>Wykonujemy wszystkie kable dla wszystkich typ\u00f3w i lat budowy Citro\u00ebn Traction Avant. R\u00f3wnie\u017c kompletne <a href=\"https:\/\/www.kabelbomen.com\/pl\/kategoria-produktu\/wiazki-kablowe\/zestawy-wiazek-przewodow\/\">Zestawy opasek kablowych Citro\u00ebn Traction Avant<\/a>. Personalizacja r\u00f3wnie\u017c nie stanowi problemu. Mo\u017cemy r\u00f3wnie\u017c zmontowa\u0107 nasze nowe wi\u0105zki przewod\u00f3w dla Traction.<\/p>\n<p>Zapraszamy do wzi\u0119cia <a href=\"https:\/\/www.kabelbomen.com\/pl\/kontakt\/\">kontakt<\/a> z nami w sprawie konkretnych wymaga\u0144.<\/p>","protected":false},"excerpt":{"rendered":"<p>Oryginalny zestaw przewod\u00f3w \u015bwiec zap\u0142onowych do wszystkich modeli Citro\u00ebn Traction Avant z silnikiem 4- lub 6-cylindrowym.<\/p>\n<p>Te przewody \u015bwiec zap\u0142onowych maj\u0105 k\u0105towe nasadki, takie jak oryginalne. Nie maj\u0105 r\u00f3wnie\u017c wewn\u0119trznego oporu, jak oryginalne kable. Cz\u0119sto kable \u015bwiec zap\u0142onowych s\u0105 dostarczane z wewn\u0119trznym oporem, na kt\u00f3rym silnik dzia\u0142a gorzej. Chcieliby\u015bmy wyja\u015bni\u0107 to dok\u0142adniej w poni\u017cszym opisie.<\/p>\n<p>Uwaga: Przewody te s\u0105 przeznaczone do oryginalnej pokrywy rozdzielacza. Oznacza to, \u017ce s\u0105 one przypinane bezpo\u015brednio do styku pokrywy rozdzielacza i nie maj\u0105 dodatkowego zacisku \u0142\u0105cz\u0105cego. Zdj\u0119cie tego mo\u017cna zobaczy\u0107 poni\u017cej w dalszym opisie.<\/p>\n<p>Chcesz zamontowa\u0107 zacisk monta\u017cowy, poniewa\u017c nie masz ju\u017c oryginalnej pokrywy kolektora? Wystarczy wzi\u0105\u0107 <a href=\"https:\/\/www.kabelbomen.com\/pl\/kontakt\/\">kontakt<\/a> z nami, a my om\u00f3wimy wyko\u0144czenie klipsami dla konkretnego rozdzielacza.<\/p>","protected":false},"featured_media":14126,"comment_status":"open","ping_status":"closed","template":"","meta":[],"product_brand":[],"product_cat":[56],"product_tag":[80,69,70,75,79,78,74],"hf_cat_product":[258],"class_list":{"0":"post-3409","1":"product","2":"type-product","3":"status-publish","4":"has-post-thumbnail","6":"product_cat-citroen-traction-avant","7":"product_tag-bougiekabels","8":"product_tag-citroen-traction-avant-11bl","9":"product_tag-citroen-traction-avant-11bn","10":"product_tag-citroen-traction-avant-15-six","11":"product_tag-citroen-traction-avant-7","12":"product_tag-citroen-traction-avant-commerciale","13":"product_tag-citroen-traction-avant-familiale","15":"first","16":"instock","17":"taxable","18":"shipping-taxable","19":"purchasable","20":"product-type-variable","21":"has-default-attributes"},"_links":{"self":[{"href":"https:\/\/www.kabelbomen.com\/pl\/wp-json\/wp\/v2\/product\/3409","targetHints":{"allow":["GET"]}}],"collection":[{"href":"https:\/\/www.kabelbomen.com\/pl\/wp-json\/wp\/v2\/product"}],"about":[{"href":"https:\/\/www.kabelbomen.com\/pl\/wp-json\/wp\/v2\/types\/product"}],"replies":[{"embeddable":true,"href":"https:\/\/www.kabelbomen.com\/pl\/wp-json\/wp\/v2\/comments?post=3409"}],"version-history":[{"count":6,"href":"https:\/\/www.kabelbomen.com\/pl\/wp-json\/wp\/v2\/product\/3409\/revisions"}],"predecessor-version":[{"id":17596,"href":"https:\/\/www.kabelbomen.com\/pl\/wp-json\/wp\/v2\/product\/3409\/revisions\/17596"}],"wp:featuredmedia":[{"embeddable":true,"href":"https:\/\/www.kabelbomen.com\/pl\/wp-json\/wp\/v2\/media\/14126"}],"wp:attachment":[{"href":"https:\/\/www.kabelbomen.com\/pl\/wp-json\/wp\/v2\/media?parent=3409"}],"wp:term":[{"taxonomy":"product_brand","embeddable":true,"href":"https:\/\/www.kabelbomen.com\/pl\/wp-json\/wp\/v2\/product_brand?post=3409"},{"taxonomy":"product_cat","embeddable":true,"href":"https:\/\/www.kabelbomen.com\/pl\/wp-json\/wp\/v2\/product_cat?post=3409"},{"taxonomy":"product_tag","embeddable":true,"href":"https:\/\/www.kabelbomen.com\/pl\/wp-json\/wp\/v2\/product_tag?post=3409"},{"taxonomy":"hf_cat_product","embeddable":true,"href":"https:\/\/www.kabelbomen.com\/pl\/wp-json\/wp\/v2\/hf_cat_product?post=3409"}],"curies":[{"name":"wp","href":"https:\/\/api.w.org\/{rel}","templated":true}]}}