{"id":3279,"date":"2020-04-25T13:03:51","date_gmt":"2020-04-25T11:03:51","guid":{"rendered":"https:\/\/www.kabelbomen.com\/?post_type=product&#038;p=3279"},"modified":"2025-07-13T12:27:39","modified_gmt":"2025-07-13T10:27:39","slug":"zestaw-wiazek-przewodow-citroen-traction-avant-11bl-po-1952-r","status":"publish","type":"product","link":"https:\/\/www.kabelbomen.com\/pl\/product\/kabelboom-set-citroen-traction-avant-11bl-na-1952\/","title":{"rendered":"Zestaw wi\u0105zek przewod\u00f3w Citro\u00ebn Traction Avant 11BL po \u201952 r."},"content":{"rendered":"<p>Kompletny zestaw wi\u0105zek przewod\u00f3w dla modelu Citro\u00ebn Traction Avant 11BL po 1952 roku.<\/p>\n<p>Dopasowany i gotowy do monta\u017cu.<\/p>\n<p>Ta wersja Traction Avant nosi\u0142a r\u00f3wnie\u017c przydomek \u2018Walizka\u2019, poniewa\u017c ko\u0142o zapasowe by\u0142o odt\u0105d umieszczane w baga\u017cniku. Wszystkie kable zosta\u0142y wykonane na zam\u00f3wienie dla tej wersji.<\/p>\n<p>Kompletny zestaw okablowania sk\u0142ada si\u0119 z<\/p>\n<ul>\n<li>2 reflektory L i R z przewodami uziemiaj\u0105cymi<\/li>\n<li>Wi\u0105zka przewod\u00f3w alternatora<\/li>\n<li>Wi\u0105zka przewod\u00f3w deski rozdzielczej<\/li>\n<li>Wi\u0105zka przewod\u00f3w dachowych<\/li>\n<li>Tylna wi\u0105zka przewod\u00f3w z przewodami uziemiaj\u0105cymi<\/li>\n<li>Pasuj\u0105cy schemat elektryczny<\/li>\n<li>Instrukcja instalacji<\/li>\n<\/ul>\n<p>&nbsp;<\/p>\n<p>S\u0105 to wszystkie wi\u0105zki przewod\u00f3w potrzebne do ca\u0142kowitego okablowania Traction Avant 11BL.<\/p>\n<p>Wszystko jest profesjonalnie wyko\u0144czone izolacj\u0105 i rurkami termokurczliwymi w oryginalnych kolorach, co zapewnia pi\u0119kny, klasyczny wygl\u0105d i gwarantuje d\u0142ug\u0105 \u017cywotno\u015b\u0107.<\/p>\n<p>Czy masz jakie\u015b dodatkowe wymagania, takie jak tylne \u015bwiat\u0142o przeciwmgielne, dodatkowe \u015bwiat\u0142a, takie jak reflektory itp.<\/p>\n<p>Prosimy o podanie swoich wymaga\u0144 w komentarzach podczas p\u0142atno\u015bci.<\/p>\n<p>Skontaktujemy si\u0119 z Tob\u0105, aby om\u00f3wi\u0107 z Tob\u0105 niezb\u0119dne zmiany.<\/p>\n<p>Zdj\u0119cie produktu mo\u017ce si\u0119 r\u00f3\u017cni\u0107.<\/p>","protected":false},"excerpt":{"rendered":"<p>Zestaw wi\u0105zki przewod\u00f3w do modelu Citro\u00ebn Traction Avant 11 BL po 1952 roku.<\/p>\n<p>100% nowy, wykonany r\u0119cznie i gotowy do monta\u017cu.<\/p>\n<p>Wszystkie oczka kablowe s\u0105 wyposa\u017cone w rurki termokurczliwe w oryginalnych kolorach Citro\u00ebn.<\/p>\n<p>&nbsp;<\/p>","protected":false},"featured_media":8437,"comment_status":"open","ping_status":"closed","template":"","meta":[],"product_brand":[],"product_cat":[76,56,38],"product_tag":[69,68],"hf_cat_product":[252],"class_list":{"0":"post-3279","1":"product","2":"type-product","3":"status-publish","4":"has-post-thumbnail","6":"product_cat-kabelboom-sets","7":"product_cat-citroen-traction-avant","8":"product_cat-kabelbomen","9":"product_tag-citroen-traction-avant-11bl","10":"product_tag-kabelboom-set","11":"product_shipping_class-groot-pakket","13":"first","14":"instock","15":"taxable","16":"shipping-taxable","17":"purchasable","18":"product-type-simple"},"_links":{"self":[{"href":"https:\/\/www.kabelbomen.com\/pl\/wp-json\/wp\/v2\/product\/3279","targetHints":{"allow":["GET"]}}],"collection":[{"href":"https:\/\/www.kabelbomen.com\/pl\/wp-json\/wp\/v2\/product"}],"about":[{"href":"https:\/\/www.kabelbomen.com\/pl\/wp-json\/wp\/v2\/types\/product"}],"replies":[{"embeddable":true,"href":"https:\/\/www.kabelbomen.com\/pl\/wp-json\/wp\/v2\/comments?post=3279"}],"version-history":[{"count":1,"href":"https:\/\/www.kabelbomen.com\/pl\/wp-json\/wp\/v2\/product\/3279\/revisions"}],"predecessor-version":[{"id":17012,"href":"https:\/\/www.kabelbomen.com\/pl\/wp-json\/wp\/v2\/product\/3279\/revisions\/17012"}],"wp:featuredmedia":[{"embeddable":true,"href":"https:\/\/www.kabelbomen.com\/pl\/wp-json\/wp\/v2\/media\/8437"}],"wp:attachment":[{"href":"https:\/\/www.kabelbomen.com\/pl\/wp-json\/wp\/v2\/media?parent=3279"}],"wp:term":[{"taxonomy":"product_brand","embeddable":true,"href":"https:\/\/www.kabelbomen.com\/pl\/wp-json\/wp\/v2\/product_brand?post=3279"},{"taxonomy":"product_cat","embeddable":true,"href":"https:\/\/www.kabelbomen.com\/pl\/wp-json\/wp\/v2\/product_cat?post=3279"},{"taxonomy":"product_tag","embeddable":true,"href":"https:\/\/www.kabelbomen.com\/pl\/wp-json\/wp\/v2\/product_tag?post=3279"},{"taxonomy":"hf_cat_product","embeddable":true,"href":"https:\/\/www.kabelbomen.com\/pl\/wp-json\/wp\/v2\/hf_cat_product?post=3279"}],"curies":[{"name":"wp","href":"https:\/\/api.w.org\/{rel}","templated":true}]}}