{"id":2663,"date":"2020-03-25T13:21:37","date_gmt":"2020-03-25T12:21:37","guid":{"rendered":"https:\/\/www.kabelbomen.com\/?post_type=product&#038;p=2663"},"modified":"2025-07-09T13:33:16","modified_gmt":"2025-07-09T11:33:16","slug":"wiazka-przewodow-dachowych-traction-avant-11bl-11bn-po-1952-i-15-six","status":"publish","type":"product","link":"https:\/\/www.kabelbomen.com\/pl\/product\/dak-kabelboom-traction-avant-11bl-11bn-na-1952-en-15-six\/","title":{"rendered":"Wi\u0105zka przewod\u00f3w dachowych Traction Avant 11BL lub 11BN po \u201952 \/ 15-Six"},"content":{"rendered":"<p>Wi\u0105zka przewod\u00f3w mi\u0119dzy innymi do lampki sufitowej, p\u0142ywaka zbiornika, \u015bwiate\u0142 postojowych s\u0142upka B i kierunkowskaz\u00f3w s\u0142upka C w Citro\u00ebn Traction Avant 11BL lub 11BN od 1952 roku. Nazywana r\u00f3wnie\u017c drzewem dachowym.<\/p>\n<p>11BN ma r\u00f3wnie\u017c zastosowanie do 15-Six.<\/p>\n<p>S\u0142u\u017cy r\u00f3wnie\u017c do po\u0142\u0105czenia z <a href=\"https:\/\/www.kabelbomen.com\/pl\/sklep-internetowy\/wiazka-przewodow-bagaznika-traction-avant-11bl-bn-15-six\/\">wi\u0105zka przewod\u00f3w baga\u017cnika dla tylnych \u015bwiate\u0142<\/a><\/p>\n<p>Dostarczamy jednak ka\u017cd\u0105 mo\u017cliw\u0105 wi\u0105zk\u0119 przewod\u00f3w dla wszystkich lat i wszystkich typ\u00f3w Citro\u00ebn Traction Avant, z wszelkimi modyfikacjami wymaganymi przez klienta.<\/p>\n<p>W przypadku pyta\u0144 lub konkretnych zam\u00f3wie\u0144 prosimy o <a href=\"https:\/\/www.kabelbomen.com\/pl\/kontakt\/\">kontakt<\/a>\u00a0z nami.<\/p>\n<p>Zdj\u0119cie mo\u017ce si\u0119 r\u00f3\u017cni\u0107.<\/p>","protected":false},"excerpt":{"rendered":"<p>Wi\u0105zka przewod\u00f3w dachowych do modelu Citro\u00ebn Traction Avant 11BL lub 11BN po 1952 roku.<\/p>\n<p>Wi\u0105zka przewod\u00f3w dachowych 11BN ma r\u00f3wnie\u017c zastosowanie w modelu 15-Six.<\/p>\n<p>Ale poni\u017cej jest tw\u00f3j wyb\u00f3r.<\/p>","protected":false},"featured_media":8588,"comment_status":"open","ping_status":"closed","template":"","meta":[],"product_brand":[],"product_cat":[56,38],"product_tag":[69,70,75,57,34],"hf_cat_product":[252],"class_list":{"0":"post-2663","1":"product","2":"type-product","3":"status-publish","4":"has-post-thumbnail","6":"product_cat-citroen-traction-avant","7":"product_cat-kabelbomen","8":"product_tag-citroen-traction-avant-11bl","9":"product_tag-citroen-traction-avant-11bn","10":"product_tag-citroen-traction-avant-15-six","11":"product_tag-dakboom","12":"product_tag-kabelboom","13":"product_shipping_class-groot-pakket","15":"first","16":"instock","17":"taxable","18":"shipping-taxable","19":"purchasable","20":"product-type-variable","21":"has-default-attributes"},"_links":{"self":[{"href":"https:\/\/www.kabelbomen.com\/pl\/wp-json\/wp\/v2\/product\/2663","targetHints":{"allow":["GET"]}}],"collection":[{"href":"https:\/\/www.kabelbomen.com\/pl\/wp-json\/wp\/v2\/product"}],"about":[{"href":"https:\/\/www.kabelbomen.com\/pl\/wp-json\/wp\/v2\/types\/product"}],"replies":[{"embeddable":true,"href":"https:\/\/www.kabelbomen.com\/pl\/wp-json\/wp\/v2\/comments?post=2663"}],"version-history":[{"count":1,"href":"https:\/\/www.kabelbomen.com\/pl\/wp-json\/wp\/v2\/product\/2663\/revisions"}],"predecessor-version":[{"id":16989,"href":"https:\/\/www.kabelbomen.com\/pl\/wp-json\/wp\/v2\/product\/2663\/revisions\/16989"}],"wp:featuredmedia":[{"embeddable":true,"href":"https:\/\/www.kabelbomen.com\/pl\/wp-json\/wp\/v2\/media\/8588"}],"wp:attachment":[{"href":"https:\/\/www.kabelbomen.com\/pl\/wp-json\/wp\/v2\/media?parent=2663"}],"wp:term":[{"taxonomy":"product_brand","embeddable":true,"href":"https:\/\/www.kabelbomen.com\/pl\/wp-json\/wp\/v2\/product_brand?post=2663"},{"taxonomy":"product_cat","embeddable":true,"href":"https:\/\/www.kabelbomen.com\/pl\/wp-json\/wp\/v2\/product_cat?post=2663"},{"taxonomy":"product_tag","embeddable":true,"href":"https:\/\/www.kabelbomen.com\/pl\/wp-json\/wp\/v2\/product_tag?post=2663"},{"taxonomy":"hf_cat_product","embeddable":true,"href":"https:\/\/www.kabelbomen.com\/pl\/wp-json\/wp\/v2\/hf_cat_product?post=2663"}],"curies":[{"name":"wp","href":"https:\/\/api.w.org\/{rel}","templated":true}]}}