{"id":2645,"date":"2020-03-25T12:47:56","date_gmt":"2020-03-25T11:47:56","guid":{"rendered":"https:\/\/www.kabelbomen.com\/?post_type=product&#038;p=2645"},"modified":"2026-03-15T11:46:14","modified_gmt":"2026-03-15T10:46:14","slug":"wiazka-przewodow-reflektora-traction-avant-l-r","status":"publish","type":"product","link":"https:\/\/www.kabelbomen.com\/pl\/product\/koplamp-kabelboom-traction-avant-l-r\/","title":{"rendered":"Zestaw wi\u0105zki przewod\u00f3w reflektor\u00f3w Traction Avant L + R"},"content":{"rendered":"<p>Wi\u0105zka przewod\u00f3w reflektor\u00f3w ma przewody do kierunkowskaz\u00f3w, tak jak w wersji po 1952 roku.<\/p>\n<p>Lokalizacja wska\u017anik\u00f3w nie zawsze jest taka sama w wersji sprzed \u201952, poniewa\u017c w tamtym czasie nie by\u0142o wska\u017anik\u00f3w. W tym celu skontaktujemy si\u0119 z Tob\u0105 po z\u0142o\u017ceniu zam\u00f3wienia, aby om\u00f3wi\u0107 t\u0119 kwesti\u0119.<\/p>\n<p>Przewody uziemiaj\u0105ce s\u0105 r\u00f3wnie\u017c obecne. W praktyce stosowanie przewod\u00f3w uziemiaj\u0105cych okazuje si\u0119 o wiele bardziej niezawodne. Bez przewod\u00f3w uziemiaj\u0105cych szybko pojawiaj\u0105 si\u0119 usterki, takie jak migaj\u0105ce i przyciemnione \u015bwiat\u0142a.<\/p>\n<p>Cena dotyczy zestawu 2 wi\u0105zek przewod\u00f3w reflektor\u00f3w lewego i prawego.<\/p>\n<p>Dostarczamy jednak ka\u017cd\u0105 mo\u017cliw\u0105 wi\u0105zk\u0119 przewod\u00f3w dla wszystkich lat i wszystkich typ\u00f3w Citro\u00ebn Traction Avant, z wszelkimi modyfikacjami wymaganymi przez klienta. W przypadku pyta\u0144 lub konkretnych zam\u00f3wie\u0144 prosimy o <a href=\"https:\/\/www.kabelbomen.com\/pl\/kontakt\/\">kontakt<\/a>\u00a0z nami.<\/p>\n<p>&nbsp;<\/p>\n<h5><strong>O\u015bwietlenie reflektor\u00f3w Traction Avant<\/strong><\/h5>\n<p>Od prze\u0142\u0105cznika \u015bwiate\u0142 w samochodzie, trzy przewody biegn\u0105 przez drzewo deski rozdzielczej do blok\u00f3w styk\u00f3w po prawej i lewej stronie ch\u0142odnicy. Przewody te s\u0142u\u017c\u0105 do pod\u0142\u0105czenia \u015bwiate\u0142 miejskich, mijania i drogowych. Z blok\u00f3w styk\u00f3w elementy reflektor\u00f3w \u0142\u0105cz\u0105 te przewody z lampami.<\/p>\n<p>Do 1952 roku Tractions nie posiada\u0142y kierunkowskaz\u00f3w. Wystarcza\u0142 wi\u0119c blok 3-pinowy. Nie trzeba dodawa\u0107, \u017ce od tego czasu wszystkie Tractiony sprzed 1952 r. zosta\u0142y wyposa\u017cone w kierunkowskazy. Zwykle by\u0142y one umieszczane na g\u00f3rze b\u0142otnika, tak jak po 1952 roku. Niekt\u00f3re Tractions maj\u0105 kierunkowskazy na zderzaku. W takim przypadku przewody kierunkowskaz\u00f3w wychodz\u0105 z drzewa deski rozdzielczej w pobli\u017cu klakson\u00f3w. Konsultacja jest zatem zawsze konieczna, aby wykona\u0107 odpowiedni\u0105 wi\u0105zk\u0119 przewod\u00f3w. Dlatego po dokonaniu zakupu zawsze kontaktujemy si\u0119 z Tob\u0105 przez e-mail lub telefon, aby om\u00f3wi\u0107 t\u0119 kwesti\u0119.<\/p>\n<p>Pocz\u0105wszy od 1952 roku, Tractiony by\u0142y dostarczane z fabryki z kierunkowskazami na b\u0142otnikach w standardzie. Blok 3-pinowy zosta\u0142 zast\u0105piony blokiem 4-pinowym. Oryginalne bloki s\u0105 wykonane z bakelitu i prawie zawsze p\u0119kaj\u0105 podczas odkr\u0119cania za\u015blepek. Mo\u017cna kupi\u0107 nowe bloki 3-pinowe, 5-pinowe i 10-pinowe. Tak wi\u0119c podczas wymiany okablowania b\u0119d\u0105 to bloki 5-pinowe.<\/p>\n<p>Problemy z o\u015bwietleniem Traction s\u0105 legendarne. S\u0142abe o\u015bwietlenie \u015bwiate\u0142 mijania i drogowych wyst\u0119powa\u0142o nieustannie. Rozwi\u0105zaniem by\u0142o mocne klepni\u0119cie w skrzyd\u0142o, po kt\u00f3rym \u015bwiat\u0142a ponownie stawa\u0142y si\u0119 ja\u015bniejsze lub ca\u0142kowicie gas\u0142y.<\/p>\n<p>S\u0142abe o\u015bwietlenie jest spowodowane <a href=\"https:\/\/www.kabelbomen.com\/pl\/strata-napiecia-rezystancja-przejscia-samochod-elektryczny\/\">rezystory kontaktowe<\/a> w obwodzie powrotnym. Pr\u0105d musi dos\u0142ownie przep\u0142yn\u0105\u0107 przez przej\u015bcie od \u017car\u00f3wki do gniazda, od gniazda do obudowy reflektora, od obudowy reflektora do wspornika reflektora, od wspornika reflektora do skrzyd\u0142a, od skrzyd\u0142a do nadwozia. Wszystkie te przej\u015bcia tworz\u0105 barier\u0119 i przy ka\u017cdym przej\u015bciu tracimy troch\u0119 napi\u0119cia. Zw\u0142aszcza je\u015bli wyst\u0119puj\u0105 (powa\u017cne) <a href=\"https:\/\/www.kabelbomen.com\/pl\/strata-napiecia-rezystancja-przejscia-samochod-elektryczny\/\">korozja<\/a> osady na miedzi. Zmniejsza to napi\u0119cie na reflektorze. Dlatego we wszystkich oprawach reflektor\u00f3w dodajemy przewody uziemiaj\u0105ce do reflektora i kierunkowskazu. Te przewody uziemiaj\u0105ce musz\u0105 by\u0107 pod\u0142\u0105czone do oprawy. Dzi\u0119ki przewodom uziemiaj\u0105cym reflektory b\u0119d\u0105 dzia\u0142a\u0107 prawid\u0142owo nawet przy napi\u0119ciu 6 V.<\/p>","protected":false},"excerpt":{"rendered":"<p>Zestaw 2 wi\u0105zek przewod\u00f3w reflektora, lewego i prawego, dla Citro\u00ebn Traction Avant.<\/p>\n<p>Dodano przewody uziemiaj\u0105ce do reflektor\u00f3w i kierunkowskaz\u00f3w.<\/p>\n<p>Przewody do wska\u017anik\u00f3w wychodz\u0105 na skrzyd\u0142ach, jak po 1952 roku. Mo\u017cliwe jest dowolne dostosowanie. Nale\u017cy o tym wspomnie\u0107 przy sk\u0142adaniu zam\u00f3wienia.<\/p>\n<p>Przeznaczony do wszystkich typ\u00f3w i lat budowy Citro\u00ebn Traction Avant.<\/p>","protected":false},"featured_media":13927,"comment_status":"open","ping_status":"closed","template":"","meta":[],"product_brand":[],"product_cat":[56,38],"product_tag":[34,60],"hf_cat_product":[252],"class_list":{"0":"post-2645","1":"product","2":"type-product","3":"status-publish","4":"has-post-thumbnail","6":"product_cat-citroen-traction-avant","7":"product_cat-kabelbomen","8":"product_tag-kabelboom","9":"product_tag-koplamp-kabelboom","11":"first","12":"instock","13":"taxable","14":"shipping-taxable","15":"purchasable","16":"product-type-simple"},"_links":{"self":[{"href":"https:\/\/www.kabelbomen.com\/pl\/wp-json\/wp\/v2\/product\/2645","targetHints":{"allow":["GET"]}}],"collection":[{"href":"https:\/\/www.kabelbomen.com\/pl\/wp-json\/wp\/v2\/product"}],"about":[{"href":"https:\/\/www.kabelbomen.com\/pl\/wp-json\/wp\/v2\/types\/product"}],"replies":[{"embeddable":true,"href":"https:\/\/www.kabelbomen.com\/pl\/wp-json\/wp\/v2\/comments?post=2645"}],"version-history":[{"count":0,"href":"https:\/\/www.kabelbomen.com\/pl\/wp-json\/wp\/v2\/product\/2645\/revisions"}],"wp:featuredmedia":[{"embeddable":true,"href":"https:\/\/www.kabelbomen.com\/pl\/wp-json\/wp\/v2\/media\/13927"}],"wp:attachment":[{"href":"https:\/\/www.kabelbomen.com\/pl\/wp-json\/wp\/v2\/media?parent=2645"}],"wp:term":[{"taxonomy":"product_brand","embeddable":true,"href":"https:\/\/www.kabelbomen.com\/pl\/wp-json\/wp\/v2\/product_brand?post=2645"},{"taxonomy":"product_cat","embeddable":true,"href":"https:\/\/www.kabelbomen.com\/pl\/wp-json\/wp\/v2\/product_cat?post=2645"},{"taxonomy":"product_tag","embeddable":true,"href":"https:\/\/www.kabelbomen.com\/pl\/wp-json\/wp\/v2\/product_tag?post=2645"},{"taxonomy":"hf_cat_product","embeddable":true,"href":"https:\/\/www.kabelbomen.com\/pl\/wp-json\/wp\/v2\/hf_cat_product?post=2645"}],"curies":[{"name":"wp","href":"https:\/\/api.w.org\/{rel}","templated":true}]}}