{"id":2640,"date":"2020-03-25T12:31:10","date_gmt":"2020-03-25T11:31:10","guid":{"rendered":"https:\/\/www.kabelbomen.com\/?post_type=product&#038;p=2640"},"modified":"2026-03-15T14:39:46","modified_gmt":"2026-03-15T13:39:46","slug":"wiazka-przewodow-alternatora-traction-avant-15-six","status":"publish","type":"product","link":"https:\/\/www.kabelbomen.com\/pl\/product\/dynamokabelboom-traction-avant-15-six\/","title":{"rendered":"Wi\u0105zka przewod\u00f3w alternatora Traction Avant 15-Six"},"content":{"rendered":"<p>Wi\u0105zka przewod\u00f3w alternatora do 6-cylindrowego silnika Citro\u00ebn Traction Avant 15-Six. Zosta\u0142a ona wyposa\u017cona w po\u0142\u0105czenie z 2-pinowym blokiem poni\u017cej regulatora napi\u0119cia.<\/p>\n<p>By\u0142 stosowany od 1946 do 1952 roku.<\/p>\n<p>Ze wzgl\u0119du na d\u0142u\u017cszy silnik, ta wi\u0105zka przewod\u00f3w jest o wiele d\u0142u\u017csza ni\u017c w przypadku innych modeli. <a href=\"https:\/\/www.kabelbomen.com\/pl\/sklep-internetowy\/wiazka-przewodow-alternatora-traction-avant-11bl-bn-bez-bloku-2-pinowego\/\">Wi\u0105zka przewod\u00f3w alternatora dla modeli 11BL i 11BN<\/a>.<\/p>\n<p>&nbsp;<\/p>\n<h5><strong>100% oryginalny lub z bezpiecznikami<\/strong><\/h5>\n<p>SKS dostarcza wszystkie wysi\u0119gniki alternatora dla Traction Avant w dw\u00f3ch opcjach: 100% r\u00f3wny oryginalnemu lub wersja z bezpiecznikami. Dla dodatkowego bezpiecze\u0144stwa zalecamy wyb\u00f3r wersji z bezpiecznikami.<\/p>\n<p>By\u0142by to bezpiecznik g\u0142\u00f3wny. Gdy silnik nie pracuje lub pracuje na biegu ja\u0142owym, alternator pr\u0105du sta\u0142ego dostarcza zbyt niskie napi\u0119cie. Regulator napi\u0119cia od\u0142\u0105cza wtedy alternator od akumulatora. W tej sytuacji akumulator jest dostawc\u0105 energii. G\u0142\u00f3wny bezpiecznik jest umieszczony w przewodzie od wy\u0142\u0105cznika zap\u0142onu do rozrusznika. W wi\u0105zce przewod\u00f3w alternatora po 1954 roku (bez bloku) bezpiecznik ten znajduje si\u0119 w drzewie deski rozdzielczej.<\/p>\n<p>Przy wystarczaj\u0105cych obrotach alternator zaczyna dostarcza\u0107 pr\u0105d i przejmuje kontrol\u0119. Dlatego te\u017c g\u0142\u00f3wny bezpiecznik jest r\u00f3wnie\u017c umieszczony w przewodzie DYN do regulatora. W przypadku zwarcia mi\u0119dzy Plus 6 V a mas\u0105, jeden lub oba bezpieczniki topi\u0105 si\u0119. Trakcja zatrzymuje si\u0119 wtedy ca\u0142kowicie, poniewa\u017c nie ma ju\u017c iskry. Lepsze to ni\u017c spalona wi\u0105zka przewod\u00f3w lub co\u015b gorszego.<\/p>\n<p>Alternator pr\u0105du sta\u0142ego dostarcza maksymalnie oko\u0142o 20 A. Warto\u015b\u0107 w\u0142o\u017conego bezpiecznika wynosi 30 A.<\/p>\n<p>W przypadku alternatora lepiej jest zwi\u0119kszy\u0107 warto\u015b\u0107 do 40A. Alternator zapewnia wi\u0119ksz\u0105 moc, a po d\u0142ugim restarcie alternator natychmiast rozpocznie \u0142adowanie akumulatora wi\u0119kszym pr\u0105dem.<\/p>\n<p>&nbsp;<\/p>\n<h5><strong>Typ regulatora napi\u0119cia<\/strong><\/h5>\n<p>Cztery przewody od 2-pinowego bloku do regulatora napi\u0119cia s\u0105 celowo bardzo d\u0142ugie. Zosta\u0142o to zrobione, poniewa\u017c prawie nikt nie je\u017adzi ju\u017c z oryginalnym regulatorem dostarczanym fabrycznie. Do\u015bwiadczenie pokaza\u0142o, \u017ce po\u0142\u0105czenia<br \/>\nRegulatory zamienne s\u0105 montowane w kilku miejscach: od spodu, z boku, od g\u00f3ry. Wszystkie 4 przewody s\u0105 nieco d\u0142u\u017csze, wi\u0119c zawsze mo\u017cna je pod\u0142\u0105czy\u0107 r\u00f3wnie\u017c od g\u00f3ry. Pozosta\u0142e przewody do pod\u0142\u0105cze\u0144 od spodu s\u0105 wtedy co prawda zbyt<br \/>\nale mo\u017cna je nast\u0119pnie starannie zwi\u0105za\u0107 za pomoc\u0105 lok\u00f3w pod kontrolerem. SKS podj\u0105\u0142 \u015bwiadom\u0105 decyzj\u0119, aby to zrobi\u0107, poniewa\u017c chcemy zapewni\u0107 klientowi plug-and-play, a przed\u0142u\u017canie przewodu, zaciskanie oczek i izolowanie go rurk\u0105 termokurczliw\u0105 nie jest w tym przypadku opcj\u0105.<\/p>\n<p>&nbsp;<\/p>","protected":false},"excerpt":{"rendered":"<p>Wi\u0105zka przewod\u00f3w alternatora dla 6-cylindrowego silnika Citro\u00ebn Traction Avant 15-Six. By\u0142a u\u017cywana w latach 1946-1952.<\/p>\n<p>Do wyboru jest wersja 100% identyczna z oryginaln\u0105 lub wersja z bezpiecznikami. Zalecamy wersj\u0119 z bezpiecznikami. Dla bezpiecze\u0144stwa dodano dwa p\u0142ywaj\u0105ce uchwyty bezpiecznik\u00f3w z 30-amperowymi bezpiecznikami wtykowymi.<\/p>\n<p>Dostarczamy wszystkie mo\u017cliwe wi\u0105zki przewod\u00f3w dla wszystkich lat i wszystkich typ\u00f3w Citro\u00ebn Traction Avant, z wszelkimi modyfikacjami wymaganymi przez klienta.<\/p>\n<p>W przypadku pyta\u0144 lub konkretnych zam\u00f3wie\u0144 prosimy o\u00a0<a href=\"https:\/\/www.kabelbomen.com\/pl\/kontakt\/\">kontakt<\/a>\u00a0z nami.<\/p>","protected":false},"featured_media":14004,"comment_status":"open","ping_status":"closed","template":"","meta":[],"product_brand":[],"product_cat":[56,38],"product_tag":[75,59,34],"hf_cat_product":[252],"class_list":{"0":"post-2640","1":"product","2":"type-product","3":"status-publish","4":"has-post-thumbnail","6":"product_cat-citroen-traction-avant","7":"product_cat-kabelbomen","8":"product_tag-citroen-traction-avant-15-six","9":"product_tag-dynamoboom","10":"product_tag-kabelboom","11":"product_shipping_class-groot-pakket","13":"first","14":"instock","15":"taxable","16":"shipping-taxable","17":"purchasable","18":"product-type-variable","19":"has-default-attributes"},"_links":{"self":[{"href":"https:\/\/www.kabelbomen.com\/pl\/wp-json\/wp\/v2\/product\/2640","targetHints":{"allow":["GET"]}}],"collection":[{"href":"https:\/\/www.kabelbomen.com\/pl\/wp-json\/wp\/v2\/product"}],"about":[{"href":"https:\/\/www.kabelbomen.com\/pl\/wp-json\/wp\/v2\/types\/product"}],"replies":[{"embeddable":true,"href":"https:\/\/www.kabelbomen.com\/pl\/wp-json\/wp\/v2\/comments?post=2640"}],"version-history":[{"count":1,"href":"https:\/\/www.kabelbomen.com\/pl\/wp-json\/wp\/v2\/product\/2640\/revisions"}],"predecessor-version":[{"id":18114,"href":"https:\/\/www.kabelbomen.com\/pl\/wp-json\/wp\/v2\/product\/2640\/revisions\/18114"}],"wp:featuredmedia":[{"embeddable":true,"href":"https:\/\/www.kabelbomen.com\/pl\/wp-json\/wp\/v2\/media\/14004"}],"wp:attachment":[{"href":"https:\/\/www.kabelbomen.com\/pl\/wp-json\/wp\/v2\/media?parent=2640"}],"wp:term":[{"taxonomy":"product_brand","embeddable":true,"href":"https:\/\/www.kabelbomen.com\/pl\/wp-json\/wp\/v2\/product_brand?post=2640"},{"taxonomy":"product_cat","embeddable":true,"href":"https:\/\/www.kabelbomen.com\/pl\/wp-json\/wp\/v2\/product_cat?post=2640"},{"taxonomy":"product_tag","embeddable":true,"href":"https:\/\/www.kabelbomen.com\/pl\/wp-json\/wp\/v2\/product_tag?post=2640"},{"taxonomy":"hf_cat_product","embeddable":true,"href":"https:\/\/www.kabelbomen.com\/pl\/wp-json\/wp\/v2\/hf_cat_product?post=2640"}],"curies":[{"name":"wp","href":"https:\/\/api.w.org\/{rel}","templated":true}]}}