{"id":18180,"date":"2026-03-21T20:22:23","date_gmt":"2026-03-21T19:22:23","guid":{"rendered":"https:\/\/www.kabelbomen.com\/?post_type=product&#038;p=18180"},"modified":"2026-04-14T12:34:00","modified_gmt":"2026-04-14T10:34:00","slug":"wiazka-przewodow-akumulatora-plus-kompletny-peugeot-205-z-silnikiem-tu","status":"publish","type":"product","link":"https:\/\/www.kabelbomen.com\/pl\/product\/accukabelboom-plus-compleet-peugeot-205-met-tu-motor\/","title":{"rendered":"Wi\u0105zka przewod\u00f3w akumulatora PLUS kompletna - Peugeot 205 z silnikiem TU"},"content":{"rendered":"<p>Ta g\u0142\u00f3wna wi\u0105zka przewod\u00f3w dla obwodu dodatniego PLUS w Peugeot 205 z silnikiem TU zawiera r\u00f3wnie\u017c przewody do sterowania przeka\u017anikiem rozrusznika na rozruszniku, kontrolk\u0105 alarmu ci\u015bnienia oleju i kontrolk\u0105 alarmu \u0142adowania alternatora. Dodatkowo zast\u0119puj\u0105 zu\u017cyte przewody akumulatora mi\u0119dzy alternatorem, rozrusznikiem, ma\u0142\u0105 skrzynk\u0105 bezpiecznik\u00f3w akumulatora i biegunem dodatnim akumulatora. Dzi\u0119ki grubszemu rdzeniowi miedzianemu i wysokiej jako\u015bci ko\u0144c\u00f3wkom kablowym jest to natychmiastowa, bardzo dobra modernizacja obwodu elektrycznego. Zastosowano oryginalne kolory i rozmiary kabli akumulatora.<\/p>\n<p>Dotyczy modeli Peugeot 205 z silnikiem TU.<\/p>\n<p>Starsze wersje z silnikami ga\u017anikowymi mia\u0142y r\u00f3wnie\u017c przew\u00f3d do wst\u0119pnego podgrzewania ga\u017anika. Znajduje si\u0119 on w \u015brodkowej pozycji w 3-pinowej pomara\u0144czowej wtyczce. Szukasz tego lub innego modelu? W takim razie we\u017a <a href=\"https:\/\/www.kabelbomen.com\/pl\/kontakt\/\">kontakt<\/a> z nami, wykonamy wi\u0105zk\u0119 przewod\u00f3w dok\u0142adnie dla Twojego typu.<\/p>\n<p>&nbsp;<\/p>\n<h5><strong>Zalety naszych kabli akumulatorowych w por\u00f3wnaniu do starych cienkich kabli akumulatorowych<\/strong><\/h5>\n<p>Stare kable nie s\u0105 wystarczaj\u0105co grube, aby zapewni\u0107 napi\u0119cie wyj\u015bciowe alternatora 14-14,4 V na akumulatorze bez spadku napi\u0119cia. Zw\u0142aszcza przy du\u017cym zu\u017cyciu energii elektrycznej przez, powiedzmy, \u015bwiat\u0142a i\/lub wentylator, napi\u0119cie na starych kablach akumulatora \u0142atwo spada poni\u017cej 13 wolt\u00f3w. Obecne akumulatory potrzebuj\u0105 dok\u0142adnie 14 wolt\u00f3w, aby prawid\u0142owo si\u0119 \u0142adowa\u0107 i pozosta\u0107 w dobrym stanie. Podczas uruchamiania ze starymi kablami traci si\u0119 r\u00f3wnie\u017c du\u017co energii.<\/p>\n<p>Niekt\u00f3re zalety naszych grubszych kabli akumulatorowych s\u0105 nast\u0119puj\u0105ce:<\/p>\n<ul>\n<li>Lepszy start<\/li>\n<li>Mocniejszy zap\u0142on<\/li>\n<li>Wy\u017csze napi\u0119cie na pok\u0142adzie<\/li>\n<li>Mocniejsze wycieraczki<\/li>\n<li>Elektryczne szyby dzia\u0142aj\u0105 lepiej<\/li>\n<li>Lepsze \u0142adowanie, kondycja i \u017cywotno\u015b\u0107 baterii<\/li>\n<li>Samoch\u00f3d mo\u017ce d\u0142u\u017cej pracowa\u0107 na biegu ja\u0142owym bez problem\u00f3w z rozruchem<\/li>\n<li>Brak spadk\u00f3w napi\u0119cia pod obci\u0105\u017ceniem ze strony \u015bwiate\u0142, wentylator\u00f3w, g\u0142o\u015bnej muzyki itp.<\/li>\n<li>Niezb\u0119dne w przypadku instalacji ci\u0119\u017ckich odbiornik\u00f3w, takich jak wzmacniacz<\/li>\n<li>Podstawa obwodu elektrycznego jest z powrotem w doskona\u0142ym stanie<\/li>\n<li>D\u0142u\u017csza \u017cywotno\u015b\u0107 kabla<\/li>\n<li>Wysoka jako\u015b\u0107<\/li>\n<\/ul>\n<p>&nbsp;<\/p>\n<p>UWAGA: Sama wymiana kabli PLUS nie daje pe\u0142nego po\u017c\u0105danego efektu. W ko\u0144cu pr\u0105d musi r\u00f3wnie\u017c przep\u0142ywa\u0107 z powrotem przez kable MIN. Zdecydowanie zalecamy zam\u00f3wienie zestawu kabli MIN z ujemnym po\u0142\u0105czeniem. Mo\u017cna to okre\u015bli\u0107 w opcjach dodatkowych lub kupi\u0107 zestaw kabli MIN. <a href=\"https:\/\/www.kabelbomen.com\/pl\/sklep-internetowy\/przewody-akumulatora-minus-peugeot-205-faza-1-i-2\/\">Wi\u0105zka przewod\u00f3w z minusem 205 tutaj w sklepie internetowym.<\/a><\/p>\n<p>&nbsp;<\/p>\n<h5><strong>Zestaw przewod\u00f3w akumulatora sk\u0142ada si\u0119 z nast\u0119puj\u0105cych cz\u0119\u015bci:<\/strong><\/h5>\n<ul>\n<li>Czerwony kabel akumulatora mi\u0119dzy alternatorem a rozrusznikiem<\/li>\n<li>Os\u0142ona izolacyjna do pod\u0142\u0105czenia do alternatora<\/li>\n<li>Czarny kabel akumulatora mi\u0119dzy rozrusznikiem a biegunem dodatnim akumulatora<\/li>\n<li>Os\u0142ona izolacyjna do pod\u0142\u0105czenia do rozrusznika<\/li>\n<li>Zacisk akumulatora plus biegun<\/li>\n<li>Os\u0142ona izolacyjna zacisku akumulatora plus biegun<\/li>\n<li>\u017b\u00f3\u0142ty przew\u00f3d akumulatora mi\u0119dzy biegunem dodatnim akumulatora a ma\u0142\u0105 skrzynk\u0105 bezpiecznik\u00f3w<\/li>\n<\/ul>\n<p>&nbsp;<\/p>\n<p><strong>Pod\u0142\u0105czenie pozosta\u0142ych przewod\u00f3w:<\/strong><\/p>\n<ul>\n<li>Przew\u00f3d niebieski z 1-biegunow\u0105 wtyczk\u0105 MALE - sterowanie przeka\u017anikiem rozrusznika na silniku rozrusznika (czarna wtyczka)<\/li>\n<li>Przew\u00f3d fioletowy w 3-stykowej pomara\u0144czowej wtyczce MALE - Czujnik alarmu ci\u015bnienia oleju (czerwona wtyczka)<\/li>\n<li>Przew\u00f3d szary w 3-stykowej pomara\u0144czowej wtyczce MALE - kontrolka alarmu \u0142adowania alternatora<\/li>\n<li>Opcjonalny, dodatkowy przew\u00f3d w 3-stykowej pomara\u0144czowej wtyczce MALE - sterowanie wst\u0119pnym podgrzewaniem ga\u017anika<\/li>\n<\/ul>\n<p>&nbsp;<\/p>\n<p>Wszystko jest wst\u0119pnie zmontowane. Wi\u0105zka przewod\u00f3w jest typu plug and play.<\/p>\n<p>Kable maj\u0105 wysokiej jako\u015bci mied\u017a i odporn\u0105 na zu\u017cycie pow\u0142ok\u0119 izolacyjn\u0105, kt\u00f3ra chroni r\u00f3wnie\u017c przed ciep\u0142em, brudem, kwasami i cieczami, takimi jak paliwo, olej i p\u0142yn ch\u0142odz\u0105cy. Wytrzyma\u0142e ko\u0144c\u00f3wki kablowe zapewniaj\u0105 optymalny przep\u0142yw pr\u0105du.<\/p>\n<p>Aby zapewni\u0107 wyj\u0105tkowo bezpieczne i niezawodne po\u0142\u0105czenie, ko\u0144c\u00f3wki kablowe s\u0105 zaciskane szczypcami hydraulicznymi. Wok\u00f3\u0142 ko\u0144c\u00f3wek kablowych zastosowano rurki termokurczliwe w celu ochrony przed korozj\u0105. Podobnie jak w oryginale, wok\u00f3\u0142 kabli zastosowano karbowan\u0105 rurk\u0119 z PVC, kt\u00f3ra chroni przed \u015bcieraniem. U\u017cywamy zamkni\u0119tej rury karbowanej. Chroni ona znacznie lepiej, jest trwalsza i \u0142adniej wygl\u0105da.<\/p>\n<p>U\u017cywamy oryginalnych wymiar\u00f3w i kolor\u00f3w kabli. Wi\u0105zka przewod\u00f3w cechuje si\u0119 d\u0142ug\u0105 \u017cywotno\u015bci\u0105, dzi\u0119ki czemu b\u0119dziesz m\u00f3g\u0142 wr\u00f3ci\u0107 na drog\u0119 d\u0142ugo i niezawodnie.<\/p>\n<p>&nbsp;<\/p>\n<h5><strong>Nak\u0142adki izolacyjne<\/strong><\/h5>\n<p>Zestaw kabli akumulatora jest standardowo wyposa\u017cony w czerwon\u0105 nasadk\u0119 izolacyjn\u0105 na dodatnim zacisku akumulatora i czarn\u0105 nasadk\u0119 izolacyjn\u0105 na alternatorze i rozruszniku.<\/p>\n<p>Pierwotnie dostarczane by\u0142y jednak tylko czarne nasadki izolacyjne. Wolisz ca\u0142kowicie czarne nasadki izolacyjne lub tylko czerwone nasadki izolacyjne? Nie ma problemu, po prostu zostaw swoje wymagania w polu uwag na stronie kasy lub skontaktuj si\u0119 z nami.<\/p>\n<p>&nbsp;<\/p>\n<h5><strong>Personalizacja<\/strong><\/h5>\n<p>Potrzebujesz konkretnej modyfikacji zestawu kabli akumulatora? Nie ma problemu, mo\u017cemy dokona\u0107 niezb\u0119dnych zmian. Je\u015bli potrzebujesz tylko innej kombinacji kolor\u00f3w nasadek izolacyjnych, poinformuj nas o tym w polu komentarzy na stronie p\u0142atno\u015bci. Je\u015bli potrzebujesz innych konkretnych modyfikacji, prosimy o <a href=\"https:\/\/www.kabelbomen.com\/pl\/kontakt\/\">kontakt<\/a> z nami.<\/p>\n<p>Dostarczamy r\u00f3wnie\u017c nowe zestawy kabli akumulatorowych do wszystkich innych typ\u00f3w 205. Prosimy o kontakt w celu uzyskania informacji o mo\u017cliwo\u015bciach.<\/p>\n<p>Mo\u017ce by\u0107 r\u00f3wnie\u017c dostosowany do ka\u017cdego innego (klasycznego) pojazdu.<\/p>","protected":false},"excerpt":{"rendered":"<p>Wi\u0105zka przewod\u00f3w akumulatora dla z\u0142\u0105cza dodatniego, w tym przewody czujnik\u00f3w, w Peugeot 205 z silnikiem TU. Zapewnia przep\u0142yw zasilania mi\u0119dzy alternatorem, rozrusznikiem, biegunem dodatnim akumulatora i ma\u0142\u0105 skrzynk\u0105 bezpiecznik\u00f3w akumulatora. Pozosta\u0142e przewody steruj\u0105 kontrolk\u0105 alarmu alternatora, czujnikiem ci\u015bnienia oleju i przeka\u017anikiem rozrusznika na silniku rozrusznika.<\/p>\n<p>Wygl\u0105daj\u0105 tak dobrze, jak oryginalne, z oryginalnymi rozmiarami i kolorami kabli, ale z zaletami znacznie lepszej przepustowo\u015bci mocy dzi\u0119ki grubszej \u015brednicy miedzi i wysokiej jako\u015bci ko\u0144c\u00f3wkom kablowym. U\u017cywamy r\u00f3wnie\u017c g\u0119stej \u017cebrowanej izolacji rurowej dla maksymalnej ochrony.<\/p>\n<p>Ze wzgl\u0119du na dodatkow\u0105 grubo\u015b\u0107, jest to bardzo dobre ulepszenie obwodu elektrycznego w Peugeot 205.<\/p>\n<p>Dotyczy modeli Peugeot 205 z silnikiem TU. Starsze modele z ga\u017anikami czasami maj\u0105 dodatkowy przew\u00f3d do podgrzewania ga\u017anika. Je\u015bli tego szukasz, daj nam zna\u0107, a my wykonamy wi\u0105zk\u0119 przewod\u00f3w dok\u0142adnie dla Twojej wersji.<\/p>\n<p>UWAGA: W celu uzyskania optymalnych rezultat\u00f3w zalecamy r\u00f3wnie\u017c wymian\u0119 ujemnego przewodu akumulatora. Mo\u017cna je zam\u00f3wi\u0107 w opcjach poni\u017cej.<\/p>","protected":false},"featured_media":18176,"comment_status":"open","ping_status":"closed","template":"","meta":[],"product_brand":[],"product_cat":[39,61],"product_tag":[43,48,46,44,280,279,407,35,185],"hf_cat_product":[],"class_list":{"0":"post-18180","1":"product","2":"type-product","3":"status-publish","4":"has-post-thumbnail","6":"product_cat-accukabels","7":"product_cat-peugeot-205","8":"product_tag-accukabelset","9":"product_tag-fase-1-5","10":"product_tag-fase-2","11":"product_tag-hoofdstroomkabelset","12":"product_tag-motor-sensorkabelboom","13":"product_tag-motorsensoren","14":"product_tag-positief","15":"product_tag-sensorkabelboom","16":"product_tag-tu-motor","18":"first","19":"instock","20":"taxable","21":"shipping-taxable","22":"purchasable","23":"product-type-simple"},"_links":{"self":[{"href":"https:\/\/www.kabelbomen.com\/pl\/wp-json\/wp\/v2\/product\/18180","targetHints":{"allow":["GET"]}}],"collection":[{"href":"https:\/\/www.kabelbomen.com\/pl\/wp-json\/wp\/v2\/product"}],"about":[{"href":"https:\/\/www.kabelbomen.com\/pl\/wp-json\/wp\/v2\/types\/product"}],"replies":[{"embeddable":true,"href":"https:\/\/www.kabelbomen.com\/pl\/wp-json\/wp\/v2\/comments?post=18180"}],"version-history":[{"count":13,"href":"https:\/\/www.kabelbomen.com\/pl\/wp-json\/wp\/v2\/product\/18180\/revisions"}],"predecessor-version":[{"id":18454,"href":"https:\/\/www.kabelbomen.com\/pl\/wp-json\/wp\/v2\/product\/18180\/revisions\/18454"}],"wp:featuredmedia":[{"embeddable":true,"href":"https:\/\/www.kabelbomen.com\/pl\/wp-json\/wp\/v2\/media\/18176"}],"wp:attachment":[{"href":"https:\/\/www.kabelbomen.com\/pl\/wp-json\/wp\/v2\/media?parent=18180"}],"wp:term":[{"taxonomy":"product_brand","embeddable":true,"href":"https:\/\/www.kabelbomen.com\/pl\/wp-json\/wp\/v2\/product_brand?post=18180"},{"taxonomy":"product_cat","embeddable":true,"href":"https:\/\/www.kabelbomen.com\/pl\/wp-json\/wp\/v2\/product_cat?post=18180"},{"taxonomy":"product_tag","embeddable":true,"href":"https:\/\/www.kabelbomen.com\/pl\/wp-json\/wp\/v2\/product_tag?post=18180"},{"taxonomy":"hf_cat_product","embeddable":true,"href":"https:\/\/www.kabelbomen.com\/pl\/wp-json\/wp\/v2\/hf_cat_product?post=18180"}],"curies":[{"name":"wp","href":"https:\/\/api.w.org\/{rel}","templated":true}]}}