{"id":17957,"date":"2026-03-08T18:35:20","date_gmt":"2026-03-08T17:35:20","guid":{"rendered":"https:\/\/www.kabelbomen.com\/?post_type=product&#038;p=17957"},"modified":"2026-03-14T12:17:14","modified_gmt":"2026-03-14T11:17:14","slug":"cewka-zaplonowa-modul-zaplonowy-wiazka-przewodowv2-peugeot-205-phase1","status":"publish","type":"product","link":"https:\/\/www.kabelbomen.com\/pl\/product\/bobine-ontstekingsmodule-kabelboomv2-peugeot-205-fase1\/","title":{"rendered":"Wi\u0105zka przewod\u00f3w cewki zap\u0142onowej typu 2 Peugeot 205 GTI \/ CTI | faza 1"},"content":{"rendered":"<p>Wi\u0105zka przewod\u00f3w do sterowania modu\u0142em zap\u0142onowym, cewk\u0105 i rozdzielaczem mocy w Peugeot 205 GTI \/ CTI faza 1.<\/p>\n<p>Powszechnie spotykany w modelach 205 GTI \/ CTI 1.6 z silnikami XU5J (180A i 180Z). Ale tak\u017ce w niekt\u00f3rych kabrioletach CTI z 1,9-litrowymi silnikami XU9J1 (DFZ).<\/p>\n<p>&nbsp;<\/p>\n<h5><strong>Oryginalno\u015b\u0107 i jako\u015b\u0107<\/strong><\/h5>\n<p>Wi\u0105zka przewod\u00f3w ma oryginalne wymiary i jest nowa 100%.<\/p>\n<p>Czerwona wtyczka 1-biegunowa pierwotnie by\u0142a zwykle \u017c\u00f3\u0142ta, a czasem mia\u0142a inny kolor. \u017b\u00f3\u0142ty nie jest dost\u0119pny, dlatego u\u017cywamy czerwonego.<\/p>\n<p>Aby zapewni\u0107 wytrzyma\u0142o\u015b\u0107 oraz zapobiec korozji i zwarciom, ka\u017cde po\u0142\u0105czenie mi\u0119dzy przewodnikiem miedzianym a ko\u0144c\u00f3wk\u0105 kablow\u0105 jest wyko\u0144czone rurk\u0105 termokurczliw\u0105. Jest to nasza standardowa procedura. W rezultacie nasze wi\u0105zki przewod\u00f3w charakteryzuj\u0105 si\u0119 wyj\u0105tkowo d\u0142ug\u0105 i niezawodn\u0105 \u017cywotno\u015bci\u0105.<\/p>\n<p>&nbsp;<\/p>\n<h5><strong>R\u00f3\u017cne wersje<\/strong><\/h5>\n<p>Istnieje kilka wersji tej wi\u0105zki przewod\u00f3w.<\/p>\n<p>Rozr\u00f3\u017cniamy 2 typy:<\/p>\n<p>Typ 1: Posiada 1 bia\u0142\u0105 wtyczk\u0119 2-biegunow\u0105 i 1 czarn\u0105 wtyczk\u0119 1-biegunow\u0105.<\/p>\n<p>Typ 2: Posiada 1 bia\u0142\u0105 2-biegunow\u0105 wtyczk\u0119 sprz\u0119gaj\u0105c\u0105 i 1 br\u0105zow\u0105 2-biegunow\u0105 wtyczk\u0119 sprz\u0119gaj\u0105c\u0105.<\/p>\n<p>Szukasz innej wersji ni\u017c ta na zdj\u0119ciu? W takim razie prosimy o <a href=\"https:\/\/www.kabelbomen.com\/pl\/kontakt\/\">kontakt<\/a> aby\u015bmy mogli om\u00f3wi\u0107, czego dok\u0142adnie potrzebujesz. Nast\u0119pnie stworzymy dok\u0142adnie taki, jaki b\u0119dzie dla Ciebie odpowiedni.<\/p>\n<p>&nbsp;<\/p>\n<h5><strong>Lokalizacja i pod\u0142\u0105czenie modu\u0142u zap\u0142onowego\/wi\u0105zki przewod\u00f3w cewki zap\u0142onowej<\/strong><\/h5>\n<p>Wi\u0105zka przewod\u00f3w jest pod\u0142\u0105czona do g\u0142\u00f3wnej wi\u0105zki przewod\u00f3w w kabinie silnika za pomoc\u0105 bia\u0142ej 2-stykowej wtyczki. Wi\u0105zka przewod\u00f3w steruje modu\u0142em zap\u0142onowym i cewk\u0105 zap\u0142onow\u0105.<\/p>\n<p>&nbsp;<\/p>\n<h5><strong>Przegl\u0105d po\u0142\u0105cze\u0144 typu 2<\/strong><\/h5>\n<ul>\n<li>Wtyczka br\u0105zowa 2-biegunowa | Wi\u0105zka przewod\u00f3w z\u0142\u0105cza<\/li>\n<li>Wtyczka bia\u0142a 2-biegunowa m\u0119ska | Wi\u0105zka przewod\u00f3w z\u0142\u0105cza<\/li>\n<li>Wtyczka czarna 7-stykowa \u017ce\u0144ska | Po\u0142\u0105czenie modu\u0142u zap\u0142onowego wzmacniacza<\/li>\n<li>Wtyczka czarna 3-stykowa \u017ce\u0144ska | Zasilanie rozdzielacza zap\u0142onu<\/li>\n<li>Wtyczka do przewodu bia\u0142ego | Cewka zap\u0142onowa<\/li>\n<li>Wtyczka do przewodu niebieska | Cewka zap\u0142onowa<\/li>\n<li>Oczko M6, przew\u00f3d \u017c\u00f3\u0142ty\/zielony | Uziemienie<\/li>\n<\/ul>","protected":false},"excerpt":{"rendered":"<p>Wi\u0105zka przewod\u00f3w do sterowania modu\u0142em zap\u0142onowym, rozdzielaczem mocy i cewk\u0105 w modelach Peugeot 205 GTI \/ CTI faza 1.<\/p>\n<p>Powszechnie spotykany w modelach 205 GTI \/ CTI fazy 1 z silnikami o pojemno\u015bci 1,6 litra. Zosta\u0142y one wydane z silnikiem XU5J (180A i 180Z) 105 KM i silnikiem XU5JA (B6D) 115 KM.<\/p>\n<p>Wyst\u0119puje r\u00f3wnie\u017c we wcze\u015bniejszych modelach 205 CTI z silnikiem XU9J1 (DFZ) o pojemno\u015bci 1,9 litra.<\/p>\n<p>Istnieje kilka wersji tego wysi\u0119gnika kablowego.<\/p>\n<p>Dzielimy je na typ 1 i typ 2.<\/p>\n<p>Typ 1 ma 1 bia\u0142\u0105 2-biegunow\u0105 wtyczk\u0119 sprz\u0119gaj\u0105c\u0105<\/p>\n<p>Typ 2 ma zar\u00f3wno bia\u0142\u0105, jak i br\u0105zow\u0105 2-biegunow\u0105 wtyczk\u0119 sprz\u0119gaj\u0105c\u0105<\/p>\n<p>Szukasz innego modelu ni\u017c ten na zdj\u0119ciu? W takim razie prosimy o <a href=\"https:\/\/www.kabelbomen.com\/pl\/kontakt\/\">kontakt<\/a> z nami, a my zrobimy dok\u0142adnie taki, jakiego potrzebujesz.<\/p>\n<p>Wi\u0119cej informacji znajduje si\u0119 w opisie poni\u017cej.<\/p>","protected":false},"featured_media":17944,"comment_status":"open","ping_status":"closed","template":"","meta":[],"product_brand":[],"product_cat":[61,38],"product_tag":[114,354,47,34,353,173,396,397,395],"hf_cat_product":[253],"class_list":{"0":"post-17957","1":"product","2":"type-product","3":"status-publish","4":"has-post-thumbnail","6":"product_cat-peugeot-205","7":"product_cat-kabelbomen","8":"product_tag-205-gti","9":"product_tag-bobine","10":"product_tag-fase-1","11":"product_tag-kabelboom","12":"product_tag-ontsteking","13":"product_tag-xu-motor","14":"product_tag-xu5j-180a-180z","15":"product_tag-xu5ja-b6d","16":"product_tag-xu9j1-dfz","18":"first","19":"instock","20":"taxable","21":"shipping-taxable","22":"purchasable","23":"product-type-variable","24":"has-default-attributes"},"_links":{"self":[{"href":"https:\/\/www.kabelbomen.com\/pl\/wp-json\/wp\/v2\/product\/17957","targetHints":{"allow":["GET"]}}],"collection":[{"href":"https:\/\/www.kabelbomen.com\/pl\/wp-json\/wp\/v2\/product"}],"about":[{"href":"https:\/\/www.kabelbomen.com\/pl\/wp-json\/wp\/v2\/types\/product"}],"replies":[{"embeddable":true,"href":"https:\/\/www.kabelbomen.com\/pl\/wp-json\/wp\/v2\/comments?post=17957"}],"version-history":[{"count":4,"href":"https:\/\/www.kabelbomen.com\/pl\/wp-json\/wp\/v2\/product\/17957\/revisions"}],"predecessor-version":[{"id":18106,"href":"https:\/\/www.kabelbomen.com\/pl\/wp-json\/wp\/v2\/product\/17957\/revisions\/18106"}],"wp:featuredmedia":[{"embeddable":true,"href":"https:\/\/www.kabelbomen.com\/pl\/wp-json\/wp\/v2\/media\/17944"}],"wp:attachment":[{"href":"https:\/\/www.kabelbomen.com\/pl\/wp-json\/wp\/v2\/media?parent=17957"}],"wp:term":[{"taxonomy":"product_brand","embeddable":true,"href":"https:\/\/www.kabelbomen.com\/pl\/wp-json\/wp\/v2\/product_brand?post=17957"},{"taxonomy":"product_cat","embeddable":true,"href":"https:\/\/www.kabelbomen.com\/pl\/wp-json\/wp\/v2\/product_cat?post=17957"},{"taxonomy":"product_tag","embeddable":true,"href":"https:\/\/www.kabelbomen.com\/pl\/wp-json\/wp\/v2\/product_tag?post=17957"},{"taxonomy":"hf_cat_product","embeddable":true,"href":"https:\/\/www.kabelbomen.com\/pl\/wp-json\/wp\/v2\/hf_cat_product?post=17957"}],"curies":[{"name":"wp","href":"https:\/\/api.w.org\/{rel}","templated":true}]}}