{"id":17198,"date":"2025-08-23T12:05:55","date_gmt":"2025-08-23T10:05:55","guid":{"rendered":"https:\/\/www.kabelbomen.com\/?post_type=product&#038;p=17198"},"modified":"2026-03-19T10:45:37","modified_gmt":"2026-03-19T09:45:37","slug":"odnowiona-skrzynka-bezpiecznikow-peugeot-205","status":"publish","type":"product","link":"https:\/\/www.kabelbomen.com\/pl\/product\/zekeringskast-peugeot-205-refurbished\/","title":{"rendered":"Skrzynka bezpiecznik\u00f3w Peugeot 205\/309 - odnowiona"},"content":{"rendered":"<p>Oryginalna zregenerowana skrzynka bezpiecznik\u00f3w \/ przeka\u017anik\u00f3w DAV do Peugeot 205 i 309.<\/p>\n<p>Mo\u017cna go znale\u017a\u0107 we wszystkich typach Peugeot 205 i 309 oraz r\u00f3\u017cnych innych samochodach z lat 80. i 90.<\/p>\n<p>Cena nie obejmuje bezpiecznik\u00f3w i przeka\u017anik\u00f3w. Na \u017cyczenie mo\u017cemy dostarczy\u0107 bezpieczniki i przeka\u017aniki.<\/p>\n<p>&nbsp;<\/p>\n<h5><strong>Orygina\u0142<\/strong><\/h5>\n<p>Jest to oryginalna skrzynka bezpiecznik\u00f3w DAV w bardzo dobrym stanie.<\/p>\n<p>&nbsp;<\/p>\n<h5><strong>Lokalizacja i funkcja<\/strong><\/h5>\n<p>Umieszczona po stronie kierowcy pod kierownic\u0105 skrzynka bezpiecznik\u00f3w zabezpiecza wszystkie podzespo\u0142y elektryczne w Peugeot 205 i peugeot 309 oraz innych modelach. Umo\u017cliwia r\u00f3wnie\u017c umieszczenie r\u00f3\u017cnych przeka\u017anik\u00f3w. Zar\u00f3wno dla LHD, jak i RHD.<\/p>\n<p>&nbsp;<\/p>\n<h5><strong>Wdro\u017cenie<\/strong><\/h5>\n<p>W obiegu dost\u0119pne s\u0105 3 rodzaje skrzynek bezpiecznikowych.<\/p>\n<ul>\n<li>Wersja 1 z 13 pozycjami bezpiecznik\u00f3w. W 14. pozycji nie mo\u017cna umie\u015bci\u0107 bezpiecznika. Nie ma tam styk\u00f3w kontaktowych.<\/li>\n<li>Wersja 2 z 13 pozycjami bezpiecznik\u00f3w. Taka sama jak wersja 1, ale ze specjalnym metalowym klipsem z przodu do mocowania (montowana do oko\u0142o listopada 1987 r.).<\/li>\n<li>Wersja 3 z 14 pozycjami bezpiecznik\u00f3w, z kt\u00f3rych wszystkie 14 s\u0105 wewn\u0119trznie po\u0142\u0105czone. Bezpiecznik MO\u017bE by\u0107 umieszczony w 14. pozycji. Styki kontaktowe s\u0105 wyra\u017anie widoczne.<\/li>\n<\/ul>\n<p>&nbsp;<\/p>\n<p>Mo\u017cesz \u0142atwo sprawdzi\u0107, kt\u00f3ry typ posiadasz. Je\u015bli najbardziej wysuni\u0119ta na prawo pozycja bezpiecznika (14. pozycja) zawiera bezpiecznik, oznacza to, \u017ce masz wersj\u0119 3 z 14 bezpiecznikami. Je\u015bli nie ma bezpiecznika, sprawd\u017a styki. Je\u015bli na 14. pozycji widoczne s\u0105 miedziane styki, oznacza to, \u017ce masz wersj\u0119 3. Je\u015bli nie ma styk\u00f3w, oznacza to, \u017ce masz wersj\u0119 1.<\/p>\n<p>Dost\u0119pne s\u0105 obie wersje. Obie wersje s\u0105 przeznaczone zar\u00f3wno dla LHD, jak i RHD.<\/p>\n<p>Po dokonaniu zakupu skontaktujemy si\u0119 z Tob\u0105, aby potwierdzi\u0107, kt\u00f3ry typ posiadasz.<\/p>\n<p>&nbsp;<\/p>","protected":false},"excerpt":{"rendered":"<p>Oryginalna zregenerowana skrzynka bezpiecznik\u00f3w \/ przeka\u017anik\u00f3w DAV do Peugeot 205 i Peugeot 309. Znajduje si\u0119 po stronie kierowcy pod przek\u0142adni\u0105 kierownicz\u0105. Dla LHD i RHD.<\/p>\n<p>Stosowany r\u00f3wnie\u017c w kilku innych samochodach.<\/p>\n<p>Dostarczane bez bezpiecznik\u00f3w i przeka\u017anik\u00f3w. Na \u017cyczenie mo\u017ce by\u0107 dostarczony z bezpiecznikami i przeka\u017anikami.<\/p>\n<p>Czarny kaptur mo\u017cna zam\u00f3wi\u0107 osobno za 15 \u20ac.<\/p>\n<p>Dokonaj wyboru \u017c\u0105danej wersji poni\u017cej:<\/p>\n<p>Wersja 1: Ma 14 pozycji, ale tylko 13 jest odpowiednich dla bezpiecznika. Ostatnia pozycja nie ma styk\u00f3w.<\/p>\n<p>Wersja 2: Jest taka sama jak wersja 1, ale ma metalowy zacisk z przodu. By\u0142a montowana w 205 do oko\u0142o listopada 1987 roku. Mamy ich bardzo ma\u0142o w magazynie!<\/p>\n<p>Wersja 3: Ta wersja ma w 14. pozycji styki WELL, czyli tam, gdzie zwykle znajduje si\u0119 bezpiecznik.<\/p>\n<p>Wi\u0119cej informacji mo\u017cna znale\u017a\u0107 w poni\u017cszym opisie.<\/p>","protected":false},"featured_media":17744,"comment_status":"open","ping_status":"closed","template":"","meta":[],"product_brand":[],"product_cat":[61,187,369],"product_tag":[114,383,47,48,46,185,173,312,372],"hf_cat_product":[375],"class_list":{"0":"post-17198","1":"product","2":"type-product","3":"status-publish","4":"has-post-thumbnail","6":"product_cat-peugeot-205","7":"product_cat-peugeot-309","8":"product_cat-zekeringskast","9":"product_tag-205-gti","10":"product_tag-383","11":"product_tag-fase-1","12":"product_tag-fase-1-5","13":"product_tag-fase-2","14":"product_tag-tu-motor","15":"product_tag-xu-motor","16":"product_tag-xy-motor","17":"product_tag-zekeringskasten","19":"first","20":"instock","21":"purchasable","22":"product-type-variable","23":"has-default-attributes"},"_links":{"self":[{"href":"https:\/\/www.kabelbomen.com\/pl\/wp-json\/wp\/v2\/product\/17198","targetHints":{"allow":["GET"]}}],"collection":[{"href":"https:\/\/www.kabelbomen.com\/pl\/wp-json\/wp\/v2\/product"}],"about":[{"href":"https:\/\/www.kabelbomen.com\/pl\/wp-json\/wp\/v2\/types\/product"}],"replies":[{"embeddable":true,"href":"https:\/\/www.kabelbomen.com\/pl\/wp-json\/wp\/v2\/comments?post=17198"}],"version-history":[{"count":24,"href":"https:\/\/www.kabelbomen.com\/pl\/wp-json\/wp\/v2\/product\/17198\/revisions"}],"predecessor-version":[{"id":18017,"href":"https:\/\/www.kabelbomen.com\/pl\/wp-json\/wp\/v2\/product\/17198\/revisions\/18017"}],"wp:featuredmedia":[{"embeddable":true,"href":"https:\/\/www.kabelbomen.com\/pl\/wp-json\/wp\/v2\/media\/17744"}],"wp:attachment":[{"href":"https:\/\/www.kabelbomen.com\/pl\/wp-json\/wp\/v2\/media?parent=17198"}],"wp:term":[{"taxonomy":"product_brand","embeddable":true,"href":"https:\/\/www.kabelbomen.com\/pl\/wp-json\/wp\/v2\/product_brand?post=17198"},{"taxonomy":"product_cat","embeddable":true,"href":"https:\/\/www.kabelbomen.com\/pl\/wp-json\/wp\/v2\/product_cat?post=17198"},{"taxonomy":"product_tag","embeddable":true,"href":"https:\/\/www.kabelbomen.com\/pl\/wp-json\/wp\/v2\/product_tag?post=17198"},{"taxonomy":"hf_cat_product","embeddable":true,"href":"https:\/\/www.kabelbomen.com\/pl\/wp-json\/wp\/v2\/hf_cat_product?post=17198"}],"curies":[{"name":"wp","href":"https:\/\/api.w.org\/{rel}","templated":true}]}}