{"id":17176,"date":"2025-08-23T10:39:41","date_gmt":"2025-08-23T08:39:41","guid":{"rendered":"https:\/\/www.kabelbomen.com\/?post_type=product&#038;p=17176"},"modified":"2026-03-28T16:50:34","modified_gmt":"2026-03-28T15:50:34","slug":"skrzynka-bezpiecznikow-komora-silnika-peugeot-205","status":"publish","type":"product","link":"https:\/\/www.kabelbomen.com\/pl\/product\/zekeringkastje-motorcabine-peugeot-205\/","title":{"rendered":"Skrzynka bezpiecznik\u00f3w Peugeot 205 (kabina silnika) - Odnowiona"},"content":{"rendered":"<p>Oryginalna skrzynka bezpiecznik\u00f3w do Peugeot 205, wyremontowana przez nas.<\/p>\n<p>Skrzynka bezpiecznik\u00f3w jest w idealnym stanie, w pe\u0142ni zaadresowana wewn\u0105trz i na zewn\u0105trz, z nowymi \u015brubami i nakr\u0119tkami ze stali nierdzewnej.<\/p>\n<p>Mo\u017cna go znale\u017a\u0107 w prawie wszystkich typach Peugeot 205 i r\u00f3\u017cnych innych samochodach z lat 80. i 90. ubieg\u0142ego wieku.<\/p>\n<p>&nbsp;<\/p>\n<h5><strong>Orygina\u0142<\/strong><\/h5>\n<p>Jest to oryginalna skrzynka bezpiecznik\u00f3w w bardzo czystym, prawie nowym stanie. Zosta\u0142a ca\u0142kowicie rozebrana na cz\u0119\u015bci. Bezpieczniki w zestawie.<\/p>\n<p>&nbsp;<\/p>\n<h5><strong>Lokalizacja i funkcja<\/strong><\/h5>\n<p>Skrzynka bezpiecznik\u00f3w znajduje si\u0119 w komorze silnika przed akumulatorem. Rozdziela ona <a href=\"https:\/\/www.kabelbomen.com\/pl\/znacznik-produktu\/zestaw-glownego-kabla-zasilajacego\/\" target=\"_blank\" rel=\"noopener\">g\u0142\u00f3wny kabel zasilaj\u0105cy<\/a> z dodatniego bieguna akumulatora i s\u0142u\u017cy mi\u0119dzy innymi do zasilania wentylator\u00f3w ch\u0142odnicy.<\/p>\n<p>&nbsp;<\/p>\n<h5><strong>Wdro\u017cenie<\/strong><\/h5>\n<p>W obiegu dost\u0119pne s\u0105 2 rodzaje skrzynek bezpiecznikowych. Ma\u0142y i du\u017cy typ skrzynki. Mamy obie wersje. Wybierz odpowiedni\u0105 wersj\u0119 powy\u017cej.<\/p>\n<p>&nbsp;<\/p>\n<h5><strong>Bezpiecznik<\/strong><\/h5>\n<p>Na stronie p\u0142atno\u015bci mo\u017cna w razie potrzeby wskaza\u0107 w polu uwag, kt\u00f3re bezpieczniki chce si\u0119 otrzyma\u0107.<\/p>","protected":false},"excerpt":{"rendered":"<p>Oryginalna, ca\u0142kowicie odnowiona przez nas skrzynka bezpiecznik\u00f3w do Peugeot 205. Znajduje si\u0119 w komorze silnika przed akumulatorem. S\u0142u\u017cy mi\u0119dzy innymi do rozprowadzania g\u0142\u00f3wnego kabla zasilaj\u0105cego z dodatniego bieguna akumulatora i bezpiecznik\u00f3w wentylator\u00f3w ch\u0142odz\u0105cych ch\u0142odnic\u0119.<\/p>\n<p>Stosowany r\u00f3wnie\u017c w kilku innych samochodach.<\/p>\n<p>Skrzynka bezpiecznik\u00f3w jest w idealnym stanie, odnowiona wewn\u0105trz i na zewn\u0105trz, wraz z nowymi \u015brubami i nakr\u0119tkami ze stali nierdzewnej.<\/p>\n<p>W zestawie bezpieczniki.<\/p>\n<p>Wybierz ma\u0142\u0105 lub du\u017c\u0105 skrzynk\u0119 bezpiecznik\u00f3w poni\u017cej.<\/p>\n<p>Wi\u0119cej informacji mo\u017cna znale\u017a\u0107 w poni\u017cszym opisie.<\/p>","protected":false},"featured_media":17188,"comment_status":"open","ping_status":"closed","template":"","meta":[],"product_brand":[],"product_cat":[61,369],"product_tag":[114,47,48,46,185,173,312,372],"hf_cat_product":[375],"class_list":{"0":"post-17176","1":"product","2":"type-product","3":"status-publish","4":"has-post-thumbnail","6":"product_cat-peugeot-205","7":"product_cat-zekeringskast","8":"product_tag-205-gti","9":"product_tag-fase-1","10":"product_tag-fase-1-5","11":"product_tag-fase-2","12":"product_tag-tu-motor","13":"product_tag-xu-motor","14":"product_tag-xy-motor","15":"product_tag-zekeringskasten","17":"first","18":"instock","19":"purchasable","20":"product-type-variable","21":"has-default-attributes"},"_links":{"self":[{"href":"https:\/\/www.kabelbomen.com\/pl\/wp-json\/wp\/v2\/product\/17176","targetHints":{"allow":["GET"]}}],"collection":[{"href":"https:\/\/www.kabelbomen.com\/pl\/wp-json\/wp\/v2\/product"}],"about":[{"href":"https:\/\/www.kabelbomen.com\/pl\/wp-json\/wp\/v2\/types\/product"}],"replies":[{"embeddable":true,"href":"https:\/\/www.kabelbomen.com\/pl\/wp-json\/wp\/v2\/comments?post=17176"}],"version-history":[{"count":12,"href":"https:\/\/www.kabelbomen.com\/pl\/wp-json\/wp\/v2\/product\/17176\/revisions"}],"predecessor-version":[{"id":18379,"href":"https:\/\/www.kabelbomen.com\/pl\/wp-json\/wp\/v2\/product\/17176\/revisions\/18379"}],"wp:featuredmedia":[{"embeddable":true,"href":"https:\/\/www.kabelbomen.com\/pl\/wp-json\/wp\/v2\/media\/17188"}],"wp:attachment":[{"href":"https:\/\/www.kabelbomen.com\/pl\/wp-json\/wp\/v2\/media?parent=17176"}],"wp:term":[{"taxonomy":"product_brand","embeddable":true,"href":"https:\/\/www.kabelbomen.com\/pl\/wp-json\/wp\/v2\/product_brand?post=17176"},{"taxonomy":"product_cat","embeddable":true,"href":"https:\/\/www.kabelbomen.com\/pl\/wp-json\/wp\/v2\/product_cat?post=17176"},{"taxonomy":"product_tag","embeddable":true,"href":"https:\/\/www.kabelbomen.com\/pl\/wp-json\/wp\/v2\/product_tag?post=17176"},{"taxonomy":"hf_cat_product","embeddable":true,"href":"https:\/\/www.kabelbomen.com\/pl\/wp-json\/wp\/v2\/hf_cat_product?post=17176"}],"curies":[{"name":"wp","href":"https:\/\/api.w.org\/{rel}","templated":true}]}}