{"id":15083,"date":"2023-12-15T18:03:18","date_gmt":"2023-12-15T17:03:18","guid":{"rendered":"https:\/\/www.kabelbomen.com\/?post_type=product&#038;p=15083"},"modified":"2026-03-15T11:18:00","modified_gmt":"2026-03-15T10:18:00","slug":"wiazka-przewodow-tylnej-klapy-peugeot-205","status":"publish","type":"product","link":"https:\/\/www.kabelbomen.com\/pl\/product\/achterklep-kabelboom-peugeot-205\/","title":{"rendered":"Wi\u0105zka przewod\u00f3w tylnej klapy Peugeot 205"},"content":{"rendered":"<p>Wi\u0105zka przewod\u00f3w tylnej klapy do r\u00f3\u017cnych modeli Peugeot 205 wszystkich wersji, z wyj\u0105tkiem wersji CTI \/ kabriolet.<\/p>\n<p>Wi\u0105zka przewod\u00f3w znajduje si\u0119 w pokrywie baga\u017cnika.<\/p>\n<p>&nbsp;<\/p>\n<h5><strong>Wyb\u00f3r z przewodem plusowym i uziemiaj\u0105cym do ogrzewania tylnej szyby lub bez nich<\/strong><\/h5>\n<p>Cz\u0119sto oddzielne przewody plus i minus (uziemienie) do tylnej szyby s\u0105 r\u00f3wnie\u017c zu\u017cyte, tworz\u0105c wewn\u0119trzn\u0105 rezystancj\u0119 i uniemo\u017cliwiaj\u0105c dobry przep\u0142yw pr\u0105du. W menu opcji mo\u017cesz wskaza\u0107, czy chcesz zam\u00f3wi\u0107 te przewody. S\u0105 to przewody typu plug n play. Czarna wtyczka \u0142\u0105czy si\u0119 z czarn\u0105 wtyczk\u0105 w wi\u0105zce przewod\u00f3w tylnej klapy, kt\u00f3r\u0105 wida\u0107 na zdj\u0119ciu, a z\u0142\u0105cze k\u0105towe z nagrzewnic\u0105 tylnej szyby. Przew\u00f3d uziemiaj\u0105cy z wtyczk\u0105 k\u0105tow\u0105 znajduje si\u0119 po drugiej stronie odwrotnej strony, a druga strona zawiera oczko M6, kt\u00f3re jest po\u0142\u0105czone ze \u015brub\u0105 M6 na nadwoziu.<\/p>\n<p>&nbsp;<\/p>\n<h5><strong>Oryginalno\u015b\u0107 i jako\u015b\u0107<\/strong><\/h5>\n<p>Wi\u0105zka przewod\u00f3w jest nowa 100% ze wszystkimi wtyczkami, ko\u0144c\u00f3wkami kabli, drutem miedzianym i izolacj\u0105 i ma oryginalny rozmiar. Jedynie guma harmonijki zosta\u0142a ponownie u\u017cyta, ale jest w bardzo dobrym stanie.<\/p>\n<p>Aby zapewni\u0107 wytrzyma\u0142o\u015b\u0107 i zapobiec korozji i zwarciom, ka\u017cde po\u0142\u0105czenie mi\u0119dzy miedzian\u0105 \u017cy\u0142\u0105 a ko\u0144c\u00f3wk\u0105 kabla jest wyko\u0144czone rurk\u0105 termokurczliw\u0105. Jest to nasza standardowa procedura. W rezultacie nasze wi\u0105zki przewod\u00f3w maj\u0105 wyj\u0105tkowo d\u0142ug\u0105 i niezawodn\u0105 \u017cywotno\u015b\u0107.<\/p>\n<p>&nbsp;<\/p>\n<h5><strong>Lokalizacja i po\u0142\u0105czenie wi\u0105zki przewod\u00f3w pokrywy baga\u017cnika<\/strong><\/h5>\n<p>Wi\u0105zka przewod\u00f3w \u0142\u0105czy si\u0119 z niekt\u00f3rymi wtyczkami za lewym tylnym \u015bwiat\u0142em tylnym. Nie wszystkie 205 maj\u0105 wszystkie opcje, takie jak centralny zamek drzwi, wi\u0119c mo\u017ce nie by\u0107 konieczne pod\u0142\u0105czanie wszystkich 3 wtyczek.<\/p>\n<p>Je\u015bli model 205 jest wyposa\u017cony we wszystkie opcje, za lew\u0105 lamp\u0105 znajduj\u0105 si\u0119 wtyczki wsp\u00f3\u0142pracuj\u0105ce z \u017c\u00f3\u0142t\u0105, bia\u0142\u0105 i czerwon\u0105 wtyczk\u0105 dwubiegunow\u0105.<\/p>\n<p>&nbsp;<\/p>\n<h5><strong>Przegl\u0105d po\u0142\u0105cze\u0144<\/strong><\/h5>\n<ul>\n<li>Ogrzewanie tylnej szyby<\/li>\n<li>Silnik wycieraczki tylnej szyby<\/li>\n<li>Przeka\u017anik steruj\u0105cy wycieraczki tylnej szyby<\/li>\n<li>Centralna blokada pokrywy baga\u017cnika<\/li>\n<li>O\u015bwietlenie baga\u017cnika po otwarciu tylnej klapy<\/li>\n<\/ul>\n<p>&nbsp;<\/p>","protected":false},"excerpt":{"rendered":"<p>Wi\u0105zka przewod\u00f3w tylnej klapy do sterowania ogrzewaniem tylnej szyby, centralnym zamkiem pokrywy baga\u017cnika, wycieraczk\u0105 tylnej szyby i \u015bwiat\u0142ami baga\u017cnika po otwarciu pokrywy baga\u017cnika.<\/p>\n<p>U\u017cywana w r\u00f3\u017cnych modelach Peugeot 205, z wyj\u0105tkiem wersji CTI \/ kabriolet. Niekt\u00f3re wersje nie mia\u0142y centralnego zamka drzwi, wtyczka ta nie jest wtedy u\u017cywana.<\/p>\n<p>Zastosowano oryginalny rozmiar.<\/p>\n<p>Wysokiej jako\u015bci przew\u00f3d i izolacja, dobrze wyko\u0144czone rurk\u0105 termokurczliw\u0105 nad ko\u0144c\u00f3wkami kablowymi zapewniaj\u0105 d\u0142ug\u0105 \u017cywotno\u015b\u0107, zapobiegaj\u0105c zwarciom i korozji.<\/p>\n<p>Wybierz poni\u017cej, czy chcesz r\u00f3wnie\u017c zam\u00f3wi\u0107 oddzielne przewody do ogrzewania tylnej szyby. S\u0105 to 2 oddzielne przewody.<\/p>","protected":false},"featured_media":16047,"comment_status":"open","ping_status":"closed","template":"","meta":[],"product_brand":[],"product_cat":[61,38],"product_tag":[114,317,47,48,46,34,58],"hf_cat_product":[253],"class_list":{"0":"post-15083","1":"product","2":"type-product","3":"status-publish","4":"has-post-thumbnail","6":"product_cat-peugeot-205","7":"product_cat-kabelbomen","8":"product_tag-205-gti","9":"product_tag-achterklep","10":"product_tag-fase-1","11":"product_tag-fase-1-5","12":"product_tag-fase-2","13":"product_tag-kabelboom","14":"product_tag-kofferbak-kabelboom","16":"first","17":"instock","18":"taxable","19":"shipping-taxable","20":"purchasable","21":"product-type-variable","22":"has-default-attributes"},"_links":{"self":[{"href":"https:\/\/www.kabelbomen.com\/pl\/wp-json\/wp\/v2\/product\/15083","targetHints":{"allow":["GET"]}}],"collection":[{"href":"https:\/\/www.kabelbomen.com\/pl\/wp-json\/wp\/v2\/product"}],"about":[{"href":"https:\/\/www.kabelbomen.com\/pl\/wp-json\/wp\/v2\/types\/product"}],"replies":[{"embeddable":true,"href":"https:\/\/www.kabelbomen.com\/pl\/wp-json\/wp\/v2\/comments?post=15083"}],"version-history":[{"count":1,"href":"https:\/\/www.kabelbomen.com\/pl\/wp-json\/wp\/v2\/product\/15083\/revisions"}],"predecessor-version":[{"id":16718,"href":"https:\/\/www.kabelbomen.com\/pl\/wp-json\/wp\/v2\/product\/15083\/revisions\/16718"}],"wp:featuredmedia":[{"embeddable":true,"href":"https:\/\/www.kabelbomen.com\/pl\/wp-json\/wp\/v2\/media\/16047"}],"wp:attachment":[{"href":"https:\/\/www.kabelbomen.com\/pl\/wp-json\/wp\/v2\/media?parent=15083"}],"wp:term":[{"taxonomy":"product_brand","embeddable":true,"href":"https:\/\/www.kabelbomen.com\/pl\/wp-json\/wp\/v2\/product_brand?post=15083"},{"taxonomy":"product_cat","embeddable":true,"href":"https:\/\/www.kabelbomen.com\/pl\/wp-json\/wp\/v2\/product_cat?post=15083"},{"taxonomy":"product_tag","embeddable":true,"href":"https:\/\/www.kabelbomen.com\/pl\/wp-json\/wp\/v2\/product_tag?post=15083"},{"taxonomy":"hf_cat_product","embeddable":true,"href":"https:\/\/www.kabelbomen.com\/pl\/wp-json\/wp\/v2\/hf_cat_product?post=15083"}],"curies":[{"name":"wp","href":"https:\/\/api.w.org\/{rel}","templated":true}]}}