{"id":12838,"date":"2023-02-27T10:39:06","date_gmt":"2023-02-27T09:39:06","guid":{"rendered":"https:\/\/www.kabelbomen.com\/?post_type=product&#038;p=12838"},"modified":"2023-06-24T18:26:55","modified_gmt":"2023-06-24T16:26:55","slug":"zestaw-przewodow-akumulatora-citroen-bx-sport","status":"publish","type":"product","link":"https:\/\/www.kabelbomen.com\/pl\/product\/accukabelset-citroen-bx-sport\/","title":{"rendered":"Zestaw przewod\u00f3w akumulatora - Citro\u00ebn BX Sport"},"content":{"rendered":"<p>Zestaw przewod\u00f3w akumulatora do modelu Citro\u00ebn BX Sport zast\u0119puje zu\u017cyte przewody plus i minus mi\u0119dzy alternatorem, rozrusznikiem, nadwoziem i akumulatorem. Zastosowano oryginalne kolory i rozmiary kabli akumulatora.<\/p>\n<p>Dotyczy modelu Citro\u00ebn BX Sport i kilku innych modeli. Je\u015bli potrzebujesz modyfikacji lub innego modelu, skontaktuj si\u0119 z nami. Dostosowujemy je do wszystkich modeli.<\/p>\n<p>Nale\u017cy pami\u0119ta\u0107, \u017ce wcze\u015bniej otrzymamy stary oryginalny zestaw kabli akumulatora. Ponownie wykorzystamy du\u017c\u0105 wtyczk\u0119 zasilania, poniewa\u017c nie jest ona dost\u0119pna w sprzeda\u017cy. W razie potrzeby ponownie wykorzystamy r\u00f3wnie\u017c czarn\u0105 plastikow\u0105 nasadk\u0119 izolacyjn\u0105 na biegun plus akumulatora. Je\u015bli jest uszkodzona, zamontujemy inn\u0105 za\u015blepk\u0119 izolacyjn\u0105.<\/p>\n<p>Po z\u0142o\u017ceniu zam\u00f3wienia skontaktujemy si\u0119 z Tob\u0105 w celu wys\u0142ania do nas starego zestawu kabli.<\/p>\n<p>&nbsp;<\/p>\n<h5><strong>Zalety naszych nowych kabli akumulatora w por\u00f3wnaniu ze starymi, zu\u017cytymi kablami<\/strong><\/h5>\n<p>G\u0142\u00f3wne kable zasilaj\u0105ce zu\u017cywaj\u0105 si\u0119 z biegiem lat. Z powodu d\u0142ugotrwa\u0142ego przep\u0142ywu du\u017cych pr\u0105d\u00f3w mied\u017a zu\u017cywa si\u0119, nadaj\u0105c jej coraz wy\u017csz\u0105 rezystancj\u0119 w\u0142a\u015bciw\u0105, a ponadto pojawia si\u0119 korozja. Rezultat jest nast\u0119puj\u0105cy <a title=\"Wi\u0119cej na temat korozji i spadk\u00f3w napi\u0119cia w instalacjach elektrycznych pojazd\u00f3w\" href=\"https:\/\/www.kabelbomen.com\/pl\/strata-napiecia-rezystancja-przejscia-samochod-elektryczny\/\" target=\"_blank\" rel=\"noopener\">spadek napi\u0119cia<\/a> Powoduje to spadek napi\u0119cia na najwa\u017cniejszych podzespo\u0142ach samochodu. Zw\u0142aszcza przy du\u017cym zu\u017cyciu energii elektrycznej, na przyk\u0142ad \u015bwiate\u0142 i\/lub wentylatora, napi\u0119cie \u0142atwo spada przy starych, zu\u017cytych kablach akumulatora. Obecne akumulatory potrzebuj\u0105 dok\u0142adnie 14 V, aby prawid\u0142owo si\u0119 \u0142adowa\u0107 i pozosta\u0107 w dobrym stanie. Tracisz r\u00f3wnie\u017c du\u017co mocy podczas uruchamiania ze starymi kablami.<\/p>\n<p>Niekt\u00f3re zalety nowego zestawu kabli akumulatora:<\/p>\n<ul>\n<li>Lepszy start<\/li>\n<li>Mocniejszy zap\u0142on<\/li>\n<li>Wy\u017csze stabilne napi\u0119cie pok\u0142adowe<\/li>\n<li>Lepsze \u0142adowanie, kondycja i \u017cywotno\u015b\u0107 baterii<\/li>\n<li>Samoch\u00f3d mo\u017ce d\u0142u\u017cej pracowa\u0107 na biegu ja\u0142owym bez problem\u00f3w z rozruchem<\/li>\n<li>Brak spadk\u00f3w napi\u0119cia pod obci\u0105\u017ceniem ze strony \u015bwiate\u0142, wentylator\u00f3w, g\u0142o\u015bnej muzyki itp.<\/li>\n<li>Podstawa obwodu elektrycznego jest z powrotem w doskona\u0142ym stanie<\/li>\n<li>Kable o d\u0142ugiej \u017cywotno\u015bci<\/li>\n<li>Wysoka jako\u015b\u0107<\/li>\n<\/ul>\n<p>&nbsp;<\/p>\n<h5><strong>Zestaw przewod\u00f3w akumulatora sk\u0142ada si\u0119 z nast\u0119puj\u0105cych cz\u0119\u015bci:<\/strong><\/h5>\n<ul>\n<li>Czarny przew\u00f3d akumulatora mi\u0119dzy alternatorem, rozrusznikiem, biegunem dodatnim akumulatora i po\u0142\u0105czeniem wtykowym g\u0142\u00f3wnego \u017ar\u00f3d\u0142a zasilania<\/li>\n<li>Os\u0142ona izolacyjna do pod\u0142\u0105czenia do alternatora<\/li>\n<li>Os\u0142ona izolacyjna do pod\u0142\u0105czenia do rozrusznika<\/li>\n<li>Zacisk akumulatora plus biegun<\/li>\n<li>Uziemienie kabla akumulatora z biegunem ujemnym akumulatora<\/li>\n<\/ul>\n<p>&nbsp;<\/p>\n<p>Ponownie wykorzystujemy stare po\u0142\u0105czenie wtykowe dla g\u0142\u00f3wnego zasilania oryginalnego zestawu kabli. Jest ono starannie czyszczone, a styki s\u0105 oczyszczane z korozji i brudu.<\/p>\n<p>Kable maj\u0105 wysokiej jako\u015bci mied\u017a i odporn\u0105 na zu\u017cycie pow\u0142ok\u0119 izolacyjn\u0105, kt\u00f3ra chroni r\u00f3wnie\u017c przed ciep\u0142em, brudem, kwasem i cieczami, takimi jak paliwo, olej i p\u0142yn ch\u0142odz\u0105cy. Wytrzyma\u0142e ko\u0144c\u00f3wki kablowe zapewniaj\u0105 optymalny przep\u0142yw pr\u0105du.<\/p>\n<p>Aby zapewni\u0107 wyj\u0105tkowo bezpieczne i niezawodne po\u0142\u0105czenie, ko\u0144c\u00f3wki kablowe s\u0105 zaciskane szczypcami hydraulicznymi. Wok\u00f3\u0142 ko\u0144c\u00f3wek kablowych zastosowano rurki termokurczliwe w celu ochrony przed korozj\u0105. Podobnie jak w oryginale, wok\u00f3\u0142 kabli zastosowano dodatkow\u0105 izolacj\u0119 chroni\u0105c\u0105 przed zu\u017cyciem.<\/p>\n<p>Dostarczamy r\u00f3wnie\u017c nowe zestawy kabli akumulatorowych do wszystkich innych typ\u00f3w BX. W sprawie mo\u017cliwo\u015bci prosimy o kontakt <a href=\"https:\/\/www.kabelbomen.com\/pl\/kontakt\/\">kontakt<\/a> z nami.<\/p>","protected":false},"excerpt":{"rendered":"<p>Kable akumulatora do obwodu plus i minus w modelu Citro\u00ebn BX Sport. Zapewnia g\u0142\u00f3wny przep\u0142yw pr\u0105du mi\u0119dzy alternatorem, rozrusznikiem, akumulatorem i nadwoziem.<\/p>\n<p>Dotyczy r\u00f3wnie\u017c kilku innych modeli Citro\u00ebn BX. Je\u015bli wymagana jest modyfikacja, prosimy o <a href=\"https:\/\/www.kabelbomen.com\/pl\/kontakt\/\">kontakt<\/a> skontaktuj si\u0119 z nami. Dostosowujemy wi\u0105zki przewod\u00f3w akumulatora do wszystkich modeli.<\/p>\n<p>Uwaga: Ponownie u\u017cywamy po\u0142\u0105czenia wtykowego. Wymaga to dok\u0142adnego oczyszczenia wtyczki oraz usuni\u0119cia korozji i brudu ze styk\u00f3w. Po z\u0142o\u017ceniu zam\u00f3wienia skontaktujemy si\u0119 z Tob\u0105 i prze\u015blesz nam sw\u00f3j stary oryginalny zestaw kabli akumulatora. Nast\u0119pnie mo\u017cesz bezpo\u015brednio przekaza\u0107 nam wszelkie specyficzne wymagania.<\/p>\n<p>W razie potrzeby ponownie u\u017cyjemy oryginalnej czarnej za\u015blepki izolacyjnej na biegunie dodatnim akumulatora. Je\u015bli jest uszkodzona, zamontujemy inny typ za\u015blepki izolacyjnej.<\/p>","protected":false},"featured_media":12833,"comment_status":"open","ping_status":"closed","template":"","meta":[],"product_brand":[],"product_cat":[299,39],"product_tag":[43,300,44],"hf_cat_product":[377],"class_list":{"0":"post-12838","1":"product","2":"type-product","3":"status-publish","4":"has-post-thumbnail","6":"product_cat-citroen-bx","7":"product_cat-accukabels","8":"product_tag-accukabelset","9":"product_tag-bx-sport","10":"product_tag-hoofdstroomkabelset","11":"product_shipping_class-groot-pakket","13":"first","14":"instock","15":"taxable","16":"shipping-taxable","17":"purchasable","18":"product-type-simple"},"_links":{"self":[{"href":"https:\/\/www.kabelbomen.com\/pl\/wp-json\/wp\/v2\/product\/12838","targetHints":{"allow":["GET"]}}],"collection":[{"href":"https:\/\/www.kabelbomen.com\/pl\/wp-json\/wp\/v2\/product"}],"about":[{"href":"https:\/\/www.kabelbomen.com\/pl\/wp-json\/wp\/v2\/types\/product"}],"replies":[{"embeddable":true,"href":"https:\/\/www.kabelbomen.com\/pl\/wp-json\/wp\/v2\/comments?post=12838"}],"version-history":[{"count":0,"href":"https:\/\/www.kabelbomen.com\/pl\/wp-json\/wp\/v2\/product\/12838\/revisions"}],"wp:featuredmedia":[{"embeddable":true,"href":"https:\/\/www.kabelbomen.com\/pl\/wp-json\/wp\/v2\/media\/12833"}],"wp:attachment":[{"href":"https:\/\/www.kabelbomen.com\/pl\/wp-json\/wp\/v2\/media?parent=12838"}],"wp:term":[{"taxonomy":"product_brand","embeddable":true,"href":"https:\/\/www.kabelbomen.com\/pl\/wp-json\/wp\/v2\/product_brand?post=12838"},{"taxonomy":"product_cat","embeddable":true,"href":"https:\/\/www.kabelbomen.com\/pl\/wp-json\/wp\/v2\/product_cat?post=12838"},{"taxonomy":"product_tag","embeddable":true,"href":"https:\/\/www.kabelbomen.com\/pl\/wp-json\/wp\/v2\/product_tag?post=12838"},{"taxonomy":"hf_cat_product","embeddable":true,"href":"https:\/\/www.kabelbomen.com\/pl\/wp-json\/wp\/v2\/hf_cat_product?post=12838"}],"curies":[{"name":"wp","href":"https:\/\/api.w.org\/{rel}","templated":true}]}}