{"id":12713,"date":"2022-12-11T13:17:11","date_gmt":"2022-12-11T12:17:11","guid":{"rendered":"https:\/\/www.kabelbomen.com\/?post_type=product&#038;p=12713"},"modified":"2026-03-21T19:58:43","modified_gmt":"2026-03-21T18:58:43","slug":"wiazka-przewodow-silnika-renault-alpine-a310","status":"publish","type":"product","link":"https:\/\/www.kabelbomen.com\/pl\/product\/motorkabelboom-renault-alpine-a310\/","title":{"rendered":"Wi\u0105zka przewod\u00f3w silnika, D-Jetronic, Renault Alpine A310"},"content":{"rendered":"<p>Wi\u0105zka przewod\u00f3w silnika ECU do uk\u0142adu wtrysku paliwa D-Jetronic w Renault Alpine A310.<\/p>\n<p>Wi\u0105zka przewod\u00f3w jest ca\u0142kowicie nowa, z nowymi wtyczkami, gumowymi os\u0142onami i ko\u0144c\u00f3wkami kabli. U\u017cywamy wysokiej jako\u015bci przewod\u00f3w miedzianych w oryginalnych kolorach.<\/p>\n<p>Wszystkie przewody s\u0105 dostarczane przez nas z ich oryginalnymi numerami.<\/p>\n<p>Aby zapewni\u0107 wytrzyma\u0142o\u015b\u0107 i zapobiec korozji i zwarciom, ka\u017cde po\u0142\u0105czenie mi\u0119dzy miedzian\u0105 \u017cy\u0142\u0105 a ko\u0144c\u00f3wk\u0105 kabla jest wyko\u0144czone rurk\u0105 termokurczliw\u0105. Izolacja PVC jest nak\u0142adana na odga\u0142\u0119zienia w celu ochrony przed ciep\u0142em, cieczami, szkodnikami i \u015bcieraniem.<\/p>\n<p>Chcieliby\u015bmy otrzyma\u0107 star\u0105 (oryginaln\u0105) wi\u0105zk\u0119 przewod\u00f3w, aby mie\u0107 pewno\u015b\u0107, \u017ce nowa wi\u0105zka przewod\u00f3w dok\u0142adnie pasuje do starej wi\u0105zki przewod\u00f3w.<\/p>\n<p>Zdj\u0119cie mo\u017ce si\u0119 r\u00f3\u017cni\u0107, poniewa\u017c czasami dodawane s\u0105 niestandardowe elementy.<\/p>\n<p>Cena na zapytanie. Mo\u017cna\u00a0<a href=\"https:\/\/www.kabelbomen.com\/pl\/kontakt\/\">kontakt<\/a>\u00a0aby uzyska\u0107 wi\u0119cej informacji.<\/p>\n<p>&nbsp;<\/p>","protected":false},"excerpt":{"rendered":"<p>Nowa wi\u0105zka przewod\u00f3w silnika ECU do sterowania uk\u0142adem wtrysku paliwa Bosch D-Jetronic w Renault Alpine A310.<\/p>\n<p>W pe\u0142ni wyposa\u017cone w nowe wtyczki, nasadki izolacyjne i ko\u0144c\u00f3wki kablowe. Wszystkie przewody maj\u0105 sw\u00f3j oryginalny numer.<\/p>\n<p>Poniewa\u017c istniej\u0105 r\u00f3\u017cne wersje w zale\u017cno\u015bci od kraju i r\u00f3\u017cnych produkcji, chcieliby\u015bmy otrzyma\u0107 star\u0105 oryginaln\u0105 wi\u0105zk\u0119 przewod\u00f3w. Mo\u017cemy wtedy zagwarantowa\u0107, \u017ce nowa wi\u0105zka przewod\u00f3w b\u0119dzie dok\u0142adnie pasowa\u0107 do starej wi\u0105zki przewod\u00f3w.<\/p>\n<p>Zdj\u0119cia mog\u0105 si\u0119 r\u00f3\u017cni\u0107 ze wzgl\u0119du na personalizacj\u0119.<\/p>\n<p>Cena na \u017c\u0105danie.<\/p>\n<p>Mo\u017cesz <a href=\"https:\/\/www.kabelbomen.com\/pl\/kontakt\/\">kontakt<\/a> aby uzyska\u0107 wi\u0119cej informacji.<\/p>","protected":false},"featured_media":12704,"comment_status":"open","ping_status":"closed","template":"","meta":[],"product_brand":[],"product_cat":[288,38],"product_tag":[285,286,133,134,287,34,135],"hf_cat_product":[376],"class_list":{"0":"post-12713","1":"product","2":"type-product","3":"status-publish","4":"has-post-thumbnail","6":"product_cat-renault-alpine","7":"product_cat-kabelbomen","8":"product_tag-a310","9":"product_tag-bosch","10":"product_tag-d-jetronic","11":"product_tag-ecu","12":"product_tag-injectoren","13":"product_tag-kabelboom","14":"product_tag-motorkabelboom","15":"product_shipping_class-groot-pakket","17":"first","18":"instock","19":"taxable","20":"shipping-taxable","21":"purchasable","22":"product-type-simple"},"_links":{"self":[{"href":"https:\/\/www.kabelbomen.com\/pl\/wp-json\/wp\/v2\/product\/12713","targetHints":{"allow":["GET"]}}],"collection":[{"href":"https:\/\/www.kabelbomen.com\/pl\/wp-json\/wp\/v2\/product"}],"about":[{"href":"https:\/\/www.kabelbomen.com\/pl\/wp-json\/wp\/v2\/types\/product"}],"replies":[{"embeddable":true,"href":"https:\/\/www.kabelbomen.com\/pl\/wp-json\/wp\/v2\/comments?post=12713"}],"version-history":[{"count":1,"href":"https:\/\/www.kabelbomen.com\/pl\/wp-json\/wp\/v2\/product\/12713\/revisions"}],"predecessor-version":[{"id":18174,"href":"https:\/\/www.kabelbomen.com\/pl\/wp-json\/wp\/v2\/product\/12713\/revisions\/18174"}],"wp:featuredmedia":[{"embeddable":true,"href":"https:\/\/www.kabelbomen.com\/pl\/wp-json\/wp\/v2\/media\/12704"}],"wp:attachment":[{"href":"https:\/\/www.kabelbomen.com\/pl\/wp-json\/wp\/v2\/media?parent=12713"}],"wp:term":[{"taxonomy":"product_brand","embeddable":true,"href":"https:\/\/www.kabelbomen.com\/pl\/wp-json\/wp\/v2\/product_brand?post=12713"},{"taxonomy":"product_cat","embeddable":true,"href":"https:\/\/www.kabelbomen.com\/pl\/wp-json\/wp\/v2\/product_cat?post=12713"},{"taxonomy":"product_tag","embeddable":true,"href":"https:\/\/www.kabelbomen.com\/pl\/wp-json\/wp\/v2\/product_tag?post=12713"},{"taxonomy":"hf_cat_product","embeddable":true,"href":"https:\/\/www.kabelbomen.com\/pl\/wp-json\/wp\/v2\/hf_cat_product?post=12713"}],"curies":[{"name":"wp","href":"https:\/\/api.w.org\/{rel}","templated":true}]}}