{"id":9533,"date":"2021-11-27T01:07:11","date_gmt":"2021-11-27T00:07:11","guid":{"rendered":"https:\/\/www.kabelbomen.com\/ts-shipment-tracking\/"},"modified":"2025-06-04T15:22:51","modified_gmt":"2025-06-04T13:22:51","slug":"sledzenie-zamowien","status":"publish","type":"page","link":"https:\/\/www.kabelbomen.com\/pl\/bestelling-volgen\/","title":{"rendered":"\u015aledzenie zam\u00f3wienia (Sendy i TrackShip)"},"content":{"rendered":"<div data-elementor-type=\"wp-page\" data-elementor-id=\"9533\" class=\"elementor elementor-9533\" data-elementor-post-type=\"page\">\n\t\t\t\t<div class=\"elementor-element elementor-element-4deb8b8 e-flex e-con-boxed e-con e-parent\" data-id=\"4deb8b8\" data-element_type=\"container\" data-e-type=\"container\">\n\t\t\t\t\t<div class=\"e-con-inner\">\n\t\t<div class=\"elementor-element elementor-element-524b82f e-con-full e-flex e-con e-child\" data-id=\"524b82f\" data-element_type=\"container\" data-e-type=\"container\">\n\t\t\t\t<div class=\"elementor-element elementor-element-98514f0 elementor-widget elementor-widget-heading\" data-id=\"98514f0\" data-element_type=\"widget\" data-e-type=\"widget\" data-widget_type=\"heading.default\">\n\t\t\t\t\t<h1 class=\"elementor-heading-title elementor-size-default\">\u015aledzenie zam\u00f3wienia<\/h1>\t\t\t\t<\/div>\n\t\t\t\t<\/div>\n\t\t\t\t\t<\/div>\n\t\t\t\t<\/div>\n\t\t<div class=\"elementor-element elementor-element-65f2494 e-flex e-con-boxed e-con e-parent\" data-id=\"65f2494\" data-element_type=\"container\" data-e-type=\"container\">\n\t\t\t\t\t<div class=\"e-con-inner\">\n\t\t\t\t<div class=\"elementor-element elementor-element-34e3e0a elementor-widget elementor-widget-text-editor\" data-id=\"34e3e0a\" data-element_type=\"widget\" data-e-type=\"widget\" data-widget_type=\"text-editor.default\">\n\t\t\t\t\t\t\t\t\t<p>\u015aled\u017a swoj\u0105 przesy\u0142k\u0119 poni\u017cej.<\/p><p>Je\u015bli nie mo\u017cesz \u015bledzi\u0107 przesy\u0142ki za po\u015brednictwem TrackShip, wypr\u00f3buj Sendy.<\/p><p>Numer zam\u00f3wienia znajduje si\u0119 w wiadomo\u015bci e-mail od nas.<\/p>\t\t\t\t\t\t\t\t<\/div>\n\t\t\t\t\t<\/div>\n\t\t\t\t<\/div>\n\t\t<div class=\"elementor-element elementor-element-d4b2bca e-flex e-con-boxed e-con e-parent\" data-id=\"d4b2bca\" data-element_type=\"container\" data-e-type=\"container\">\n\t\t\t\t\t<div class=\"e-con-inner\">\n\t\t\t\t<div class=\"elementor-element elementor-element-1043978 elementor-widget elementor-widget-heading\" data-id=\"1043978\" data-element_type=\"widget\" data-e-type=\"widget\" data-widget_type=\"heading.default\">\n\t\t\t\t\t<h2 class=\"elementor-heading-title elementor-size-default\">TrackShip<\/h2>\t\t\t\t<\/div>\n\t\t\t\t\t<\/div>\n\t\t\t\t<\/div>\n\t\t<div class=\"elementor-element elementor-element-bd41e4e e-flex e-con-boxed e-con e-parent\" data-id=\"bd41e4e\" data-element_type=\"container\" data-e-type=\"container\">\n\t\t\t\t\t<div class=\"e-con-inner\">\n\t\t<div class=\"elementor-element elementor-element-c19ed1c e-con-full e-flex e-con e-child\" data-id=\"c19ed1c\" data-element_type=\"container\" data-e-type=\"container\">\n\t\t\t\t<div class=\"elementor-element elementor-element-8dd9ebe elementor-widget elementor-widget-shortcode\" data-id=\"8dd9ebe\" data-element_type=\"widget\" data-e-type=\"widget\" data-widget_type=\"shortcode.default\">\n\t\t\t\t\t\t\t<div class=\"elementor-shortcode\"><style>\n\t.order_track_form {\n\t\tbackground: #f3f3e3;\n\t}\n\tbody .search_order_form, body form.order_track_form label {\n\t\tcolor: #333;\n\t}\n\t.order_track_form div.search_order_form button {\n\t\tbackground: #3c4858;\n\t}\n\t.order_track_form, .tracking_form_tabs {\n\t\tborder-color: #cccccc !important;\n\t}\n\t.order_track_form div.search_order_form button {\n\t\tcolor: #fff;\n\t}\n\t.order_track_form div.search_order_form button {\n\t\tborder-radius: 4px;\n\t}\n.order_track_form input.ts_from_input:checked + label {\n\tcolor: #1e73be !important;\n\tborder-bottom: 3px solid #1e73be;\n\tmargin-bottom: -2px;\n}\n.order_track_form {\n\tmax-width: 800px;\n\tmargin: 0 auto 20px;\n\tborder: 1px solid #e0e0e0;\n\tmin-height: 330px;\n}\n.track_fail_msg {\n\tcolor: red;\n\tpadding: 0 20px 15px;\n}\n<\/style>\n<div class=\"track-order-section\">\n\t<form method=\"post\" class=\"order_track_form\" action=\"\">\n\t\t<div class=\"search_order_form\">\n\t\t\t\t\t\t\t<style>\n\t\t\t\t\t.search_order_form .order_id_email.tracking_form { display:block; }\n\t\t\t\t\t.by_tracking_number {display:none;}\n\t\t\t\t\tform.order_track_form {min-height:auto;}\n\t\t\t\t\t<\/style>\n\t\t\t\t\t\t<div class=\"tracking_form_tabs\">\n\t\t\t\t<input id=\"for_order_number\" type=\"radio\" name=\"ts_tracking_form\" class=\"ts_from_input\" data-name=\"order_id_email\" checked>\n\t\t\t\t<label for=\"for_order_number\" class=\"ts_from_label for_order_number\">Szczeg\u00f3\u0142y zam\u00f3wienia<\/label>\n\t\t\t\t<input id=\"for_tracking_number\" type=\"radio\" name=\"ts_tracking_form\" class=\"ts_from_input\" data-name=\"by_tracking_number\">\n\t\t\t\t<label for=\"for_tracking_number\" class=\"ts_from_label for_tracking_number\">Numer przesy\u0142ki<\/label>\n\t\t\t<\/div>\n\t\t\t<div class=\"order_id_email tracking_form\">\n\t\t\t\t<p>Aby \u015bledzi\u0107 swoje zam\u00f3wienie, wprowad\u017a numer zam\u00f3wienia i adres e-mail:<\/p>\n\t\t\t\t<p class=\"form-row\"><label for=\"order_id\">Identyfikator zam\u00f3wienia<\/label> <input class=\"input-text\" type=\"text\" name=\"order_id\" id=\"order_id\" value=\"\" placeholder=\"Numer zam\u00f3wienia\"><\/p>\n\t\t\t\t<p class=\"form-row\"><label for=\"order_email\">Zam\u00f3wienie e-mail<\/label> <input class=\"input-text\" type=\"text\" name=\"order_email\" id=\"order_email\" value=\"\" placeholder=\"Adres e-mail\"><\/p>\n\t\t\t\t<p class=\"form-row\" style=\"margin-bottom:0;\"><button type=\"submit\" class=\"button btn btn-secondary\" name=\"track\" value=\"Track\">\u015aledzenie zam\u00f3wienia<\/button><\/p>\n\t\t\t<\/div>\n\t\t\t<div class=\"by_tracking_number tracking_form\">\n\t\t\t\t<p>Aby \u015bledzi\u0107 swoje zam\u00f3wienie, wprowad\u017a numer \u015bledzenia, kt\u00f3ry otrzyma\u0142e\u015b w wiadomo\u015bci e-mail z potwierdzeniem wysy\u0142ki<\/p>\n\t\t\t\t<p class=\"form-row\"><label for=\"order_tracking_number\">Numer przesy\u0142ki<\/label><input class=\"input-text\" type=\"text\" name=\"order_tracking_number\" id=\"order_tracking_number\" value=\"\" placeholder=\"Numer \u015bledzenia zam\u00f3wienia.\"><\/p>\n\t\t\t\t<p class=\"form-row\" style=\"margin-bottom:0;\"><button type=\"submit\" class=\"button btn btn-secondary\" name=\"track\" value=\"Track\">\u015aledzenie zam\u00f3wienia<\/button><\/p>\n\t\t\t<\/div>\n\t\t\t<div class=\"track_fail_msg\" style=\"display:none;\"><\/div>\n\t\t<\/div>\n\t\t<div class=\"clear\"><\/div>\n\t\t<input type=\"hidden\" name=\"action\" value=\"get_tracking_info\">\n\t\t<input type=\"hidden\" name=\"fronted\" value=\"yes\">\n\t\t<input type=\"hidden\" id=\"_wpnonce\" name=\"_wpnonce\" value=\"f2ff924fd9\" \/><input type=\"hidden\" name=\"_wp_http_referer\" value=\"\/pl\/wp-json\/wp\/v2\/pages\/9533\" \/>\t<input type=\"hidden\" name=\"trp-form-language\" value=\"pl\"\/><\/form>\n\t<div class=\"trackship_branding\">\n\t\t<p><span>Obs\u0142ugiwane przez<\/span><img decoding=\"async\" src=\"https:\/\/www.kabelbomen.com\/wp-content\/plugins\/trackship-for-woocommerce\/assets\/images\/trackship-logo.png\"><\/p>\n\t<\/div>\n\t\t\t<style> .trackship_branding{display:block !important;} <\/style>\n\t<\/div>\n<\/div>\n\t\t\t\t\t\t<\/div>\n\t\t\t\t<\/div>\n\t\t\t\t\t<\/div>\n\t\t\t\t<\/div>\n\t\t<div class=\"elementor-element elementor-element-1615f3f e-flex e-con-boxed e-con e-parent\" data-id=\"1615f3f\" data-element_type=\"container\" data-e-type=\"container\">\n\t\t\t\t\t<div class=\"e-con-inner\">\n\t\t\t\t<div class=\"elementor-element elementor-element-80f5f79 elementor-widget-divider--view-line elementor-widget elementor-widget-divider\" data-id=\"80f5f79\" data-element_type=\"widget\" data-e-type=\"widget\" data-widget_type=\"divider.default\">\n\t\t\t\t\t\t\t<div class=\"elementor-divider\">\n\t\t\t<span class=\"elementor-divider-separator\">\n\t\t\t\t\t\t<\/span>\n\t\t<\/div>\n\t\t\t\t\t\t<\/div>\n\t\t\t\t\t<\/div>\n\t\t\t\t<\/div>\n\t\t<div class=\"elementor-element elementor-element-69ea53a e-flex e-con-boxed e-con e-parent\" data-id=\"69ea53a\" data-element_type=\"container\" data-e-type=\"container\">\n\t\t\t\t\t<div class=\"e-con-inner\">\n\t\t\t\t<div class=\"elementor-element elementor-element-84390a8 elementor-widget elementor-widget-heading\" data-id=\"84390a8\" data-element_type=\"widget\" data-e-type=\"widget\" data-widget_type=\"heading.default\">\n\t\t\t\t\t<h2 class=\"elementor-heading-title elementor-size-default\">Sendy<\/h2>\t\t\t\t<\/div>\n\t\t\t\t\t<\/div>\n\t\t\t\t<\/div>\n\t\t<div class=\"elementor-element elementor-element-6b95e1f e-flex e-con-boxed e-con e-parent\" data-id=\"6b95e1f\" data-element_type=\"container\" data-e-type=\"container\">\n\t\t\t\t\t<div class=\"e-con-inner\">\n\t\t\t\t<div class=\"elementor-element elementor-element-c46a898 elementor-widget elementor-widget-shortcode\" data-id=\"c46a898\" data-element_type=\"widget\" data-e-type=\"widget\" data-widget_type=\"shortcode.default\">\n\t\t\t\t\t\t\t<div class=\"elementor-shortcode\"><iframe src=\"https:\/\/tracking.sendy.eu?in_iframe=true\" width=\"320\" height=\"480\" style=\"border: 0; border-radius: 10px\"><\/iframe><\/div>\n\t\t\t\t\t\t<\/div>\n\t\t\t\t\t<\/div>\n\t\t\t\t<\/div>\n\t\t\t\t<\/div>","protected":false},"excerpt":{"rendered":"<p>Uw bestelling volgen Volg hieronder uw zending. Lukt het niet uw zending via TrackShip te volgen, probeer dan Sendy. U vindt het bestelnummer in de email van ons. TrackShip Sendy<\/p>","protected":false},"author":1,"featured_media":0,"parent":0,"menu_order":0,"comment_status":"closed","ping_status":"closed","template":"","meta":{"footnotes":""},"hf_cat_page":[266],"class_list":["post-9533","page","type-page","status-publish","hentry"],"_links":{"self":[{"href":"https:\/\/www.kabelbomen.com\/pl\/wp-json\/wp\/v2\/pages\/9533","targetHints":{"allow":["GET"]}}],"collection":[{"href":"https:\/\/www.kabelbomen.com\/pl\/wp-json\/wp\/v2\/pages"}],"about":[{"href":"https:\/\/www.kabelbomen.com\/pl\/wp-json\/wp\/v2\/types\/page"}],"author":[{"embeddable":true,"href":"https:\/\/www.kabelbomen.com\/pl\/wp-json\/wp\/v2\/users\/1"}],"replies":[{"embeddable":true,"href":"https:\/\/www.kabelbomen.com\/pl\/wp-json\/wp\/v2\/comments?post=9533"}],"version-history":[{"count":14,"href":"https:\/\/www.kabelbomen.com\/pl\/wp-json\/wp\/v2\/pages\/9533\/revisions"}],"predecessor-version":[{"id":16943,"href":"https:\/\/www.kabelbomen.com\/pl\/wp-json\/wp\/v2\/pages\/9533\/revisions\/16943"}],"wp:attachment":[{"href":"https:\/\/www.kabelbomen.com\/pl\/wp-json\/wp\/v2\/media?parent=9533"}],"wp:term":[{"taxonomy":"hf_cat_page","embeddable":true,"href":"https:\/\/www.kabelbomen.com\/pl\/wp-json\/wp\/v2\/hf_cat_page?post=9533"}],"curies":[{"name":"wp","href":"https:\/\/api.w.org\/{rel}","templated":true}]}}