{"id":3830,"date":"2020-05-13T11:02:40","date_gmt":"2020-05-13T09:02:40","guid":{"rendered":"https:\/\/www.kabelbomen.com\/?post_type=product&#038;p=3830"},"modified":"2026-03-15T11:20:39","modified_gmt":"2026-03-15T10:20:39","slug":"set-di-cavi-della-batteria-citroen-traction-avant-personalizzato","status":"publish","type":"product","link":"https:\/\/www.kabelbomen.com\/it\/product\/accukabelset-citroen-traction-avant-maatwerk\/","title":{"rendered":"Set di cavi della batteria Citro\u00ebn Traction Avant - su misura"},"content":{"rendered":"<p>Nuovo set di cavi di alimentazione principale da 35 mm\u00b2 \/ set di cavi batteria su misura per sostituire i cavi batteria usurati nel Citro\u00ebn Traction Avant.<\/p>\n<p>Realizziamo un set di cavi batteria completamente personalizzato per qualsiasi tipo di Citro\u00ebn Traction Avant. Questo \u00e8 importante se, ad esempio, \u00e8 stato montato un blocco di massa\/interruttore di sicurezza o un rel\u00e8 di avviamento. Questo differisce dall'originale e richiede pi\u00f9 cavi e lunghezze diverse dallo standard.<\/p>\n<p>Dopo l'acquisto, vi contatteremo per ulteriori informazioni richieste.<\/p>\n<p>Se guidi un 11BL \/ 11BN, 11C, 15-SIX o un altro tipo di Traction Avant e il tuo circuito elettrico \u00e8 ancora quello originale senza rel\u00e8 di avviamento o blocco massa, puoi semplicemente <a href=\"https:\/\/www.kabelbomen.com\/it\/webshop\/set-cavo-batteria-citroen-traction-avant\/\">Acquista qui il set originale di cavi per batteria Citro\u00ebn Traction Avant<\/a>.<\/p>\n<p>&nbsp;<\/p>\n<h5><strong>Cavo di massa per il corpo<\/strong><\/h5>\n<p>Tutti i nostri set di cavi batteria per la Traction sono dotati di serie di un cavo di massa che pu\u00f2 essere posizionato tra la carrozzeria e il BAT negativo. Ci\u00f2 migliora notevolmente il circuito elettrico, poich\u00e9 la corrente delle luci e di altri dispositivi non deve tornare alla batteria attraverso il motore. Il motore vibra ed \u00e8 sospeso su silent block in gomma, il che lo rende tutt'altro che affidabile. Oggi, infatti, nelle automobili vengono installate delle strisce di massa. Consigliamo quindi di installare questo cavo di massa aggiuntivo.<\/p>\n<p>&nbsp;<\/p>\n<h5><strong>Cavi batteria di qualit\u00e0<\/strong><\/h5>\n<p>Con questi cavi di alta qualit\u00e0, non si ha pi\u00f9 alcuna caduta di tensione e il circuito elettrico delle correnti principali \u00e8 in ottime condizioni.<\/p>\n<p>I capicorda sono crimpati in modo professionale e avvolti in un involucro termoretraibile per la resistenza, la protezione e la prevenzione della corrosione.<\/p>\n<p>I cavi sono inoltre dotati di isolamento per proteggere dall'usura e dai cortocircuiti.<\/p>\n<p>Pu\u00f2 essere utilizzato sia per installazioni a 6V che a 12V.<\/p>\n<p>Viene fornito con un morsetto per batteria con il simbolo + e un morsetto per batteria con il simbolo \u2013, gi\u00e0 assemblati ai cavi.<\/p>\n<p>Forniamo anche tutti i cavi per tutti i tipi e le costruzioni di Citro\u00ebn Traction Avant.<\/p>\n<p>Sentitevi liberi di <a href=\"https:\/\/www.kabelbomen.com\/it\/contattare\/\">contattateci noi<\/a> per le vostre esigenze specifiche.<\/p>","protected":false},"excerpt":{"rendered":"<p>Set di cavi batteria personalizzati per i cavi positivo e negativo per il Citro\u00ebn Traction Avant.<\/p>\n<p>Si sceglie questo set di cavi della batteria quando si \u00e8 aggiunto un blocco di massa\/un interruttore di emergenza e\/o un rel\u00e8 di avviamento. In questo caso, sono necessari pi\u00f9 cavi e la loro lunghezza non \u00e8 quella originale. Personalizziamo perfettamente il set per voi, plug n play.<\/p>\n<p>Dopo aver effettuato l'ordine, ti contatteremo per concordare la versione specifica e le relative lunghezze e connessioni.<\/p>\n<p>I cavi hanno una sezione di 35 mm\u00b2, in modo da garantire un avviamento senza problemi e un buon flusso di corrente.<\/p>\n<p>\u00c8 stato aggiunto un cavo di terra extra che si pu\u00f2 mettere tra il BAT minus e il corpo. Questo d\u00e0 un notevole miglioramento del vostro circuito elettrico.<\/p>\n<p>Adatto alle installazioni originali da 6 V e 12 V.<\/p>\n<p>Scegliete qui sotto tra un motore a 4 cilindri o a 6 cilindri. Le altre informazioni seguiranno in seguito.<\/p>","protected":false},"featured_media":17366,"comment_status":"open","ping_status":"closed","template":"","meta":[],"product_brand":[],"product_cat":[39,56],"product_tag":[43,88,69,70,44],"hf_cat_product":[254],"class_list":{"0":"post-3830","1":"product","2":"type-product","3":"status-publish","4":"has-post-thumbnail","6":"product_cat-accukabels","7":"product_cat-citroen-traction-avant","8":"product_tag-accukabelset","9":"product_tag-accukabelset-traction-avant-maatwerk","10":"product_tag-citroen-traction-avant-11bl","11":"product_tag-citroen-traction-avant-11bn","12":"product_tag-hoofdstroomkabelset","13":"product_shipping_class-groot-pakket","15":"first","16":"instock","17":"taxable","18":"shipping-taxable","19":"purchasable","20":"product-type-variable","21":"has-default-attributes"},"_links":{"self":[{"href":"https:\/\/www.kabelbomen.com\/it\/wp-json\/wp\/v2\/product\/3830","targetHints":{"allow":["GET"]}}],"collection":[{"href":"https:\/\/www.kabelbomen.com\/it\/wp-json\/wp\/v2\/product"}],"about":[{"href":"https:\/\/www.kabelbomen.com\/it\/wp-json\/wp\/v2\/types\/product"}],"replies":[{"embeddable":true,"href":"https:\/\/www.kabelbomen.com\/it\/wp-json\/wp\/v2\/comments?post=3830"}],"version-history":[{"count":10,"href":"https:\/\/www.kabelbomen.com\/it\/wp-json\/wp\/v2\/product\/3830\/revisions"}],"predecessor-version":[{"id":18005,"href":"https:\/\/www.kabelbomen.com\/it\/wp-json\/wp\/v2\/product\/3830\/revisions\/18005"}],"wp:featuredmedia":[{"embeddable":true,"href":"https:\/\/www.kabelbomen.com\/it\/wp-json\/wp\/v2\/media\/17366"}],"wp:attachment":[{"href":"https:\/\/www.kabelbomen.com\/it\/wp-json\/wp\/v2\/media?parent=3830"}],"wp:term":[{"taxonomy":"product_brand","embeddable":true,"href":"https:\/\/www.kabelbomen.com\/it\/wp-json\/wp\/v2\/product_brand?post=3830"},{"taxonomy":"product_cat","embeddable":true,"href":"https:\/\/www.kabelbomen.com\/it\/wp-json\/wp\/v2\/product_cat?post=3830"},{"taxonomy":"product_tag","embeddable":true,"href":"https:\/\/www.kabelbomen.com\/it\/wp-json\/wp\/v2\/product_tag?post=3830"},{"taxonomy":"hf_cat_product","embeddable":true,"href":"https:\/\/www.kabelbomen.com\/it\/wp-json\/wp\/v2\/hf_cat_product?post=3830"}],"curies":[{"name":"wp","href":"https:\/\/api.w.org\/{rel}","templated":true}]}}