{"id":3314,"date":"2020-04-25T15:38:56","date_gmt":"2020-04-25T14:38:56","guid":{"rendered":"https:\/\/www.kabelbomen.com\/?post_type=product&#038;p=3314"},"modified":"2025-07-13T12:14:50","modified_gmt":"2025-07-13T10:14:50","slug":"cablaggio-set-citroen-trazione-avant-7","status":"publish","type":"product","link":"https:\/\/www.kabelbomen.com\/it\/product\/kabelboom-set-citroen-traction-avant-7\/","title":{"rendered":"Set di cablaggi Citro\u00ebn Traction Avant 7"},"content":{"rendered":"<p>Set completo di cablaggio per la Citro\u00ebn Traction Avant 7.<\/p>\n<p>Le nuove versioni della Citro\u00ebn Traction Avant 7 sono uscite molto rapidamente. Solo poche settimane, dal 3 maggio 1934 al giugno 1934, la 7A fu prodotta. Era disponibile nelle versioni Berline, Roadster e Faux Cabriolet. Nel giugno 1934, la 7B segu\u00ec con un motore pi\u00f9 potente del suo predecessore. Fu presto seguito dal 7C, che era quasi identico al 7B. Solo i fori nei parafanghi per le corna erano diversi.<\/p>\n<p>C'era anche la 7S, o la versione 7 Sport, che aveva una velocit\u00e0 massima pi\u00f9 alta dei suoi predecessori. La velocit\u00e0 massima \u00e8 di 109 km\/h dove prima era di 100 km\/h. Il 7S fu prodotto a partire da giugno 1934.<\/p>\n<p>A causa delle molte versioni che si sono succedute rapidamente, ci sono anche molte (piccole) differenze nel cablaggio. Inoltre, queste Trazioni anteguerra non avevano indicatori di direzione e solo 1 luce era posizionata nella parte posteriore, sul lato sinistro del paraurti. Al giorno d'oggi, quindi, \u00e8 necessaria una certa personalizzazione per rendere l'auto conforme alla legislazione vigente.<\/p>\n<p>&nbsp;<\/p>\n<h5><strong>Lavoro personalizzato specifico per i cablaggi Traction Avant 7<\/strong><\/h5>\n<p>Vi contatteremo dopo l'ordine per conoscere la versione specifica del vostro Citro\u00ebn Traction Avant 7. Realizzeremo quindi il cablaggio esattamente in base al vostro modello e alle vostre esigenze. La personalizzazione \u00e8 necessaria per la scelta degli indicatori di direzione sui parafanghi o sui paraurti. Potreste desiderare luci aggiuntive o magari clacson, ecc. Date le numerose versioni dell'Traction Avant 7, il prezzo \u00e8 su richiesta.<\/p>\n<p>&nbsp;<\/p>\n<h5><strong>Finitura originale<\/strong><\/h5>\n<p>Tutti i fili e i fasci sono rifiniti professionalmente con isolamento e tubo termorestringente nei colori originali. Si pu\u00f2 scegliere opzionalmente di finire con un nastro isolante in PVC o un nastro di lino. In questo modo si mantiene un bel look classico e una lunga vita garantita.<\/p>\n<p>&nbsp;<\/p>\n<h5><strong>Contenuto kit cablaggio Traction Avant 7<\/strong><\/h5>\n<p>Un set completo di cablaggio per la Citro\u00ebn Traction Avant 7 consiste in:<\/p>\n<ul>\n<li>Sezioni di fari a sinistra e a destra con fili di terra<\/li>\n<li>Cablaggio del cruscotto<\/li>\n<li>Cablaggio del tetto<\/li>\n<li>Possibili fili extra per esigenze e regolazioni specifiche<\/li>\n<li>Schema elettrico associato<\/li>\n<li>Manuale d'installazione<\/li>\n<\/ul>\n<p>&nbsp;<\/p>\n<p>I bracci di cavi non includono i nuovi cavi della batteria e i cavi delle candele. A <a href=\"https:\/\/www.kabelbomen.com\/it\/webshop\/set-cavo-batteria-citroen-traction-avant\/\" target=\"_blank\" rel=\"noopener\">il set di cavi della batteria per la Traction Avant pu\u00f2 essere trovato qui<\/a>.<\/p>\n<p><a href=\"https:\/\/www.kabelbomen.com\/it\/webshop\/set-cavi-candele-citroen-trazione-avant\/\" target=\"_blank\" rel=\"noopener\">I cavi di accensione per la Traction possono essere trovati qui<\/a> trovare.<\/p>\n<p>Avete altri requisiti come i fendinebbia posteriori, luci aggiuntive come i faretti, ecc. Nessun problema. Puoi gi\u00e0 indicare i tuoi desideri nel campo dei commenti durante il checkout.<\/p>","protected":false},"excerpt":{"rendered":"<p>Set completo di cablaggio per la Citro\u00ebn Traction Avant 7.<\/p>\n<p>100% nuovo. Tutti gli occhielli dei cavi hanno un tubo termorestringente nei colori originali Citro\u00ebn.<\/p>\n<p>La Traction Avant 7 \u00e8 il primo modello della Citro\u00ebn Traction Avant. La 7 fu prodotta a partire dal maggio 1934. Varie versioni seguirono rapidamente, come la 7A, la 7B, la 7C e la 7S. Questo ha causato molte piccole differenze nel cablaggio.<\/p>\n<p>Dopo aver effettuato l'ordine, vi contatteremo per il design del vostro Traction Avant 7 e per qualsiasi lavoro specifico personalizzato che potrebbe essere richiesto.<\/p>\n<p>Per ulteriori informazioni sul cablaggio e i vari modelli del 7, si prega di fare riferimento alla descrizione qui sotto.<\/p>\n<p>Date le numerose versioni dell'Traction Avant 7, il prezzo \u00e8 su richiesta.<\/p>\n<p>&nbsp;<\/p>","protected":false},"featured_media":10419,"comment_status":"open","ping_status":"closed","template":"","meta":[],"product_brand":[],"product_cat":[76,56,38],"product_tag":[79,68],"hf_cat_product":[252],"class_list":{"0":"post-3314","1":"product","2":"type-product","3":"status-publish","4":"has-post-thumbnail","6":"product_cat-kabelboom-sets","7":"product_cat-citroen-traction-avant","8":"product_cat-kabelbomen","9":"product_tag-citroen-traction-avant-7","10":"product_tag-kabelboom-set","11":"product_shipping_class-groot-pakket","13":"first","14":"instock","15":"taxable","16":"shipping-taxable","17":"product-type-simple"},"_links":{"self":[{"href":"https:\/\/www.kabelbomen.com\/it\/wp-json\/wp\/v2\/product\/3314","targetHints":{"allow":["GET"]}}],"collection":[{"href":"https:\/\/www.kabelbomen.com\/it\/wp-json\/wp\/v2\/product"}],"about":[{"href":"https:\/\/www.kabelbomen.com\/it\/wp-json\/wp\/v2\/types\/product"}],"replies":[{"embeddable":true,"href":"https:\/\/www.kabelbomen.com\/it\/wp-json\/wp\/v2\/comments?post=3314"}],"version-history":[{"count":2,"href":"https:\/\/www.kabelbomen.com\/it\/wp-json\/wp\/v2\/product\/3314\/revisions"}],"predecessor-version":[{"id":17008,"href":"https:\/\/www.kabelbomen.com\/it\/wp-json\/wp\/v2\/product\/3314\/revisions\/17008"}],"wp:featuredmedia":[{"embeddable":true,"href":"https:\/\/www.kabelbomen.com\/it\/wp-json\/wp\/v2\/media\/10419"}],"wp:attachment":[{"href":"https:\/\/www.kabelbomen.com\/it\/wp-json\/wp\/v2\/media?parent=3314"}],"wp:term":[{"taxonomy":"product_brand","embeddable":true,"href":"https:\/\/www.kabelbomen.com\/it\/wp-json\/wp\/v2\/product_brand?post=3314"},{"taxonomy":"product_cat","embeddable":true,"href":"https:\/\/www.kabelbomen.com\/it\/wp-json\/wp\/v2\/product_cat?post=3314"},{"taxonomy":"product_tag","embeddable":true,"href":"https:\/\/www.kabelbomen.com\/it\/wp-json\/wp\/v2\/product_tag?post=3314"},{"taxonomy":"hf_cat_product","embeddable":true,"href":"https:\/\/www.kabelbomen.com\/it\/wp-json\/wp\/v2\/hf_cat_product?post=3314"}],"curies":[{"name":"wp","href":"https:\/\/api.w.org\/{rel}","templated":true}]}}