{"id":2623,"date":"2020-03-24T22:10:22","date_gmt":"2020-03-24T21:10:22","guid":{"rendered":"https:\/\/www.kabelbomen.com\/?post_type=product&#038;p=2623"},"modified":"2026-03-15T14:40:51","modified_gmt":"2026-03-15T13:40:51","slug":"cavo-dinamo-boom-trazione-avant-11bl-bn-senza-2-pin-block","status":"publish","type":"product","link":"https:\/\/www.kabelbomen.com\/it\/product\/dynamo-kabelboom-traction-avant-11bl-bn-zonder-2-pens-blokje\/","title":{"rendered":"Imbracatura Dynamo Traction Avant 11BL \/ 11BN dopo aprile '54"},"content":{"rendered":"<p>Cosa c'\u00e8 da dire sui 3 fili dall'alternatore al regolatore di tensione? Non potrebbe essere pi\u00f9 semplice. Questo \u00e8 deludente.<\/p>\n<p>Nei primi anni della Traction, le modifiche al sistema di sterzo, al sistema di scarico, al cilindro del freno a ruota, al sistema di sospensione, ecc. furono fatte ad un ritmo enorme. In breve, il Traction era lungi dall'essere completamente sviluppato e insufficientemente testato per portarlo sul mercato.<\/p>\n<p>Anche lo schema elettrico non \u00e8 sfuggito alla voglia di cambiare. Dal 1934 al 1939, ci sono sette schemi diversi. Dal 1945 al 1957 ce ne sono solo due. Da prima e dopo il 1952.<\/p>\n<p>Nei primi anni, non c'era un cablaggio separato per l'alternatore. I fili, due per l'alternatore e uno per il motorino d'avviamento correvano tutto intorno a sinistra, si incrociavano a destra al radiatore e poi tornavano all'alternatore e al motorino d'avviamento. Una cattiva scelta, elettricamente parlando. I fili, con correnti di 20 A per quell'epoca, erano inutilmente lunghi e avevano inutili perdite interne dovute alla resistenza. Fino al 1939 veniva usata la cosiddetta dinamo a tre spazzole. La \"scatola\" su questo tipo di dinamo \u00e8 spesso scambiata per un regolatore di tensione, ma \u00e8 quello che \u00e8. Contiene solo un rel\u00e8 per interrompere la connessione tra la batteria e la dinamo, in modo che la batteria non guidi la dinamo come un motore elettrico.<\/p>\n<p>Dal 1945, la dinamo come la conosciamo oggi \u00e8 stata installata con un vero regolatore di tensione con tre funzioni. Citro\u00ebn aveva tre marche di dinamo: Ducellier, Paris Rh\u00f4ne e la stessa Citro\u00ebn. Quindi per la prima volta c'\u00e8 un <a href=\"https:\/\/www.kabelbomen.com\/it\/webshop\/cavo-dinamo-boom-trazione-avant-11bl-bn-con-2-pin-block\/\">dinamo con la morsettiera a 2 pin<\/a> sulla paratia sotto il regolatore di tensione. Questo albero contiene anche il filo che fornisce la tensione della batteria dal contatto di avviamento all'amperometro. Con tutti i cambiamenti del 1952, nulla \u00e8 cambiato nel cablaggio della dinamo. Infine, nell'aprile del 1954 viene effettuata un'altra semplificazione. Il blocco a 2 pin scompare. Il cablaggio dell'alternatore consiste di soli tre fili: campo, terra e DYN e collega l'alternatore direttamente al regolatore di tensione. Il filo nell'albero del cruscotto dall'amperometro al blocco a 2 pin \u00e8 allungato e attaccato direttamente al contatto di avviamento. A partire da ora, il cablaggio dell'alternatore \u00e8 senza un blocco a 2 pin.<\/p>\n<p>La differenza di lunghezza del telaio del cavo per un 11BL rispetto a un 11BN \u00e8 cos\u00ec minima che si pu\u00f2 usare lo stesso telaio del cavo. SKS fornisce un cablaggio leggermente pi\u00f9 lungo dell'originale. Molte Trazioni ora guidano con un regolatore di tensione diverso e a volte uno o pi\u00f9 collegamenti sono sulla parte superiore del regolatore. Dall'altro lato dell'alternatore c'\u00e8 anche un po' pi\u00f9 di lunghezza in modo che possa pendere libero nell'aria il pi\u00f9 lontano possibile dall'alloggiamento dell'alternatore, dal collettore, dal radiatore e dalla curva di scarico.<\/p>\n<p>Il <a href=\"https:\/\/www.kabelbomen.com\/it\/webshop\/cablaggio-dinamo-trazione-avant-15-six\/\">Imbracatura dinamo per il 15-Six<\/a>\u00a0\u00e8 molto pi\u00f9 lungo perch\u00e9 il blocco motore \u00e8 pi\u00f9 lungo, ma anche l'alternatore \u00e8 in un posto diverso.<\/p>\n<p>Infine, una parola sull'usura e la vita dei cablaggi. Gli alberi di filo si consumano a causa del riscaldamento interno causato dalla corrente che li attraversa. Questo \u00e8 inevitabile. Ma si consumano anche sotto le influenze esterne. La temperatura a cui il filo \u00e8 esposto fa s\u00ec che l'isolamento si asciughi e alla fine si sgretoli. Quest'ultimo \u00e8 prevenibile. Spesso il cablaggio dell'alternatore si trova in corrispondenza dei tre collegamenti alla scatola dell'alternatore e questa pu\u00f2 diventare piuttosto calda, sia dall'interno sempre a causa del funzionamento dell'alternatore, ma anche a causa dell'emissione di calore dal collettore, dal tubo di scarico e dal radiatore. Fissare il polo della dinamo con delle fascette in modo che non entri in contatto con queste fonti di calore e che rimanga il pi\u00f9 lontano possibile da esse. Questo allungher\u00e0 considerevolmente la vita dell'albero dei cavi.<\/p>\n<p>&nbsp;<\/p>\n<h5>Fusibili aggiunti<\/h5>\n<p>SKS fornisce tutti i bracci di dinamo per la Traction in due opzioni: 100% identico all'originale o una versione con fusibili.<\/p>\n<p>Questo \u00e8 un fusibile principale. Se il motore non \u00e8 in funzione, o \u00e8 al minimo, la tensione di una dinamo a corrente continua \u00e8 troppo bassa. Il regolatore di tensione disconnette quindi l'alternatore dalla batteria. In questa situazione, la batteria \u00e8 il fornitore di energia. Il fusibile principale si trova nel filo dell'interruttore di accensione sul motorino di avviamento. Sul cablaggio della dinamo dopo il 1954 (senza il blocco), questo fusibile \u00e8 posto nell'albero del cruscotto.<\/p>\n<p>A un numero di giri sufficiente, la dinamo comincer\u00e0 a fornire e a prendere l'alimentazione. Questo \u00e8 il motivo per cui un fusibile principale \u00e8 posto nel filo, DYN, al regolatore. In caso di cortocircuito tra Plus 6 V e la terra, uno o entrambi i fusibili si fonderanno. La trazione si fermer\u00e0 allora completamente, perch\u00e9 non c'\u00e8 pi\u00f9 scintilla. Meglio questo che un cablaggio bruciato o anche peggio.<\/p>\n<p>La dinamo a corrente continua eroga un massimo di circa 20 A. Il valore del fusibile inserito \u00e8 di 30 A.<\/p>\n<p>\u00c8 meglio aumentare il valore a 40A per un alternatore. Un alternatore fornisce pi\u00f9 potenza e dopo un lungo avvio l'alternatore inizier\u00e0 immediatamente a caricare la batteria con una corrente maggiore.<\/p>\n<p>&nbsp;<\/p>","protected":false},"excerpt":{"rendered":"<p>Cablaggio dinamo per Citro\u00ebn Traction Avant 11BL \/ 11BN nella versione senza connettore a 2 pin sotto il regolatore di tensione.<\/p>\n<p>\u00c8 stato applicato da aprile 1954.  Il tuo Traction \u00e8 di prima di questo periodo. Poi si ha il <a href=\"https:\/\/www.kabelbomen.com\/it\/webshop\/cavo-dinamo-boom-trazione-avant-11bl-bn-con-2-pin-block\/\">dinamo con blocco a 2 pin<\/a> sotto il regolatore di tensione.<\/p>\n<p>Puoi scegliere tra 100% uguale all'originale o una versione con fusibili. SKS raccomanda il fuso. Un portafusibile galleggiante da 30 Amp \u00e8 poi aggiunto per sicurezza.<\/p>\n<p>Forniamo tutti i cablaggi immaginabili per tutti gli anni e tutti i tipi di Citro\u00ebn Traction Avant, con qualsiasi modifica richiesta dal cliente.<\/p>\n<p>Per domande o un ordine specifico, per favore <a href=\"https:\/\/www.kabelbomen.com\/it\/contattare\/\">contattateci noi<\/a>\u00a0.<\/p>","protected":false},"featured_media":14010,"comment_status":"open","ping_status":"closed","template":"","meta":[],"product_brand":[],"product_cat":[56,38],"product_tag":[59,34],"hf_cat_product":[252],"class_list":{"0":"post-2623","1":"product","2":"type-product","3":"status-publish","4":"has-post-thumbnail","6":"product_cat-citroen-traction-avant","7":"product_cat-kabelbomen","8":"product_tag-dynamoboom","9":"product_tag-kabelboom","10":"product_shipping_class-groot-pakket","12":"first","13":"instock","14":"taxable","15":"shipping-taxable","16":"purchasable","17":"product-type-variable","18":"has-default-attributes"},"_links":{"self":[{"href":"https:\/\/www.kabelbomen.com\/it\/wp-json\/wp\/v2\/product\/2623","targetHints":{"allow":["GET"]}}],"collection":[{"href":"https:\/\/www.kabelbomen.com\/it\/wp-json\/wp\/v2\/product"}],"about":[{"href":"https:\/\/www.kabelbomen.com\/it\/wp-json\/wp\/v2\/types\/product"}],"replies":[{"embeddable":true,"href":"https:\/\/www.kabelbomen.com\/it\/wp-json\/wp\/v2\/comments?post=2623"}],"version-history":[{"count":1,"href":"https:\/\/www.kabelbomen.com\/it\/wp-json\/wp\/v2\/product\/2623\/revisions"}],"predecessor-version":[{"id":16986,"href":"https:\/\/www.kabelbomen.com\/it\/wp-json\/wp\/v2\/product\/2623\/revisions\/16986"}],"wp:featuredmedia":[{"embeddable":true,"href":"https:\/\/www.kabelbomen.com\/it\/wp-json\/wp\/v2\/media\/14010"}],"wp:attachment":[{"href":"https:\/\/www.kabelbomen.com\/it\/wp-json\/wp\/v2\/media?parent=2623"}],"wp:term":[{"taxonomy":"product_brand","embeddable":true,"href":"https:\/\/www.kabelbomen.com\/it\/wp-json\/wp\/v2\/product_brand?post=2623"},{"taxonomy":"product_cat","embeddable":true,"href":"https:\/\/www.kabelbomen.com\/it\/wp-json\/wp\/v2\/product_cat?post=2623"},{"taxonomy":"product_tag","embeddable":true,"href":"https:\/\/www.kabelbomen.com\/it\/wp-json\/wp\/v2\/product_tag?post=2623"},{"taxonomy":"hf_cat_product","embeddable":true,"href":"https:\/\/www.kabelbomen.com\/it\/wp-json\/wp\/v2\/hf_cat_product?post=2623"}],"curies":[{"name":"wp","href":"https:\/\/api.w.org\/{rel}","templated":true}]}}