{"id":2608,"date":"2020-03-24T21:27:19","date_gmt":"2020-03-24T20:27:19","guid":{"rendered":"https:\/\/www.kabelbomen.com\/?post_type=product&#038;p=2608"},"modified":"2025-08-01T21:51:45","modified_gmt":"2025-08-01T19:51:45","slug":"cablaggio-del-bagagliaio-traction-avant-11bl-o-11bn-dopo-il-52-15-six","status":"publish","type":"product","link":"https:\/\/www.kabelbomen.com\/it\/product\/kofferbak-kabelboom-traction-avant-11bl-bn-15-six\/","title":{"rendered":"Cablaggio luci posteriori Traction Avant 11BL o 11BN dopo il '52 \/ 15-Six"},"content":{"rendered":"<p>Cablaggio delle luci posteriori, chiamato anche cablaggio del bagagliaio\/cofano del bagagliaio, per le luci posteriori dell'Citro\u00ebn Traction Avant 11BL o dell'11BN dell'anno di modello successivo al 1952. L'11BN pu\u00f2 essere utilizzato anche sul 15-Six.<\/p>\n<p>Questi modelli sono dotati di un cofano posteriore del bagagliaio in cui si trova la ruota di scorta. La versione 11BL \u00e8 leggermente pi\u00f9 stretta, quindi il cablaggio ha dimensioni leggermente diverse. \u00c8 quindi possibile scegliere il cablaggio specifico.<\/p>\n<p>Il cablaggio controlla le seguenti utenze:<\/p>\n<ul>\n<li>Illuminazione della targa<\/li>\n<li>Luce freno sinistra<\/li>\n<li>Lampada del freno destra<\/li>\n<li>Fanale posteriore sinistro<\/li>\n<li>Fanale posteriore destro<\/li>\n<li>Indicatore di direzione posteriore destro<\/li>\n<\/ul>\n<p>&nbsp;<\/p>\n<h5><strong>Informazioni di base sul cablaggio delle luci posteriori Traction Avant<\/strong><\/h5>\n<p>Fino al 1952, la targa era posizionata sull'ala sinistra. La targa era illuminata dalla stessa lampadina dei fari. Non esisteva un cablaggio separato per le luci posteriori. I fari e le luci dei freni erano collegati direttamente al cablaggio del tetto.<\/p>\n<p>Nel 1952, molti cambiamenti seguirono nella Traction Avant. Per esempio, la \"ruota\" \u00e8 diventata un baule. La ruota di scorta divenne cos\u00ec parte del bagagliaio. La targa \u00e8 stata spostata nel bagagliaio e le luci della targa sono state collocate sopra di essa. Da allora in poi, il <a href=\"https:\/\/www.kabelbomen.com\/it\/webshop\/cablaggio-tetto-trazione-avant-11bl-11bn-fino-al-1952-2\/\">cablaggio del tetto<\/a> posteriore sinistra, vicino al ripiano portaoggetti posteriore. L\u00ec si trova un blocco di prese a 3 pin a cui \u00e8 collegato il cablaggio delle luci posteriori che controlla le luci posteriori, le luci dei freni e gli indicatori di direzione sulla parte posteriore destra. Questo \u00e8 il cablaggio che si vede nella foto.<\/p>\n<p>La situazione dopo il 1952 \u00e8 molto migliore ed \u00e8 per questo che la applichiamo anche alle Trazioni di prima del 1952.<br \/>\nPoich\u00e9 i modelli fino al 1952 non disponevano di indicatori di direzione, questi fili dovranno essere aggiunti dopo aver discusso il luogo di collocazione. Di solito sono collocati sul montante C, ma a volte, per motivi di originalit\u00e0, sul paraurti posteriore o nello stesso alloggiamento delle luci e dei freni sul parafango.<\/p>\n<p>&nbsp;<\/p>\n<h5><strong>Rimozione del cofano del bagagliaio\u00a0<\/strong><\/h5>\n<p>Per consentire la rimozione del cofano del bagagliaio senza scollegare il cablaggio dal bagagliaio, \u00e8 stato montato un collegamento a spina nel ramo della luce targa. Si tratta del cablaggio illustrato nella foto.<br \/>\nIn tutti i casi, ci sono fili di terra per le luci posteriori destra e sinistra e la luce della targa sul bagagliaio.<br \/>\nUn collegamento a terra attraverso le cerniere del bagagliaio e il fermo della serratura si \u00e8 rivelato un collegamento inaffidabile e quasi sempre ha portato a luci lampeggianti.<\/p>\n<p>&nbsp;<\/p>\n<h5><strong>Situazioni speciali<\/strong><\/h5>\n<p>Alcune Trazioni di prima del 1952 hanno i fantini sul montante C. Spesso collocati prima che l'auto arrivasse sulla strada. Un Jockey \u00e8 una combinazione di un indicatore di direzione e di una luce di parcheggio in un unico alloggiamento. In questo caso sono necessari due fili extra per le luci di parcheggio.<\/p>\n<p>Poi c'\u00e8 la situazione insolita dell'Traction Avant Commerciale. All'epoca, questo modello veniva utilizzato anche come autocarro e ambulanza. A causa dell'assenza del ripiano portaoggetti posteriore, si tratta di un cablaggio delle luci posteriori specifico per questo modello.<\/p>\n<p>Tuttavia, forniamo tutti i cablaggi possibili per tutti gli anni e tutti i tipi di Citro\u00ebn Traction Avant, con eventuali modifiche personalizzate richieste dal cliente.<\/p>\n<p>Per domande o un ordine specifico, per favore <a href=\"https:\/\/www.kabelbomen.com\/it\/contattare\/\">contattateci noi<\/a> .<\/p>","protected":false},"excerpt":{"rendered":"<p>Cablaggio del faro posteriore, chiamato anche cablaggio del bagagliaio. Specifico per le luci posteriori dell'Citro\u00ebn Traction Avant 11BL o 11BN dopo il 1952 \/ 15-Six.<\/p>\n<p>Il cablaggio della luce targa \u00e8 realizzato in modo da poter essere facilmente scollegato tramite un collegamento a spina. Ci\u00f2 consente di smontare facilmente il cofano del bagagliaio in un secondo momento senza dover rimuovere l'intero cablaggio.<\/p>\n<p>Compresi i fili di terra ai parafanghi.<\/p>\n<p style=\"font-weight: 400;\">","protected":false},"featured_media":17066,"comment_status":"open","ping_status":"closed","template":"","meta":[],"product_brand":[],"product_cat":[56,38],"product_tag":[175,69,70,75,34,58],"hf_cat_product":[252],"class_list":{"0":"post-2608","1":"product","2":"type-product","3":"status-publish","4":"has-post-thumbnail","6":"product_cat-citroen-traction-avant","7":"product_cat-kabelbomen","8":"product_tag-achterlichtboom","9":"product_tag-citroen-traction-avant-11bl","10":"product_tag-citroen-traction-avant-11bn","11":"product_tag-citroen-traction-avant-15-six","12":"product_tag-kabelboom","13":"product_tag-kofferbak-kabelboom","14":"product_shipping_class-groot-pakket","16":"first","17":"instock","18":"taxable","19":"shipping-taxable","20":"purchasable","21":"product-type-variable","22":"has-default-attributes"},"_links":{"self":[{"href":"https:\/\/www.kabelbomen.com\/it\/wp-json\/wp\/v2\/product\/2608","targetHints":{"allow":["GET"]}}],"collection":[{"href":"https:\/\/www.kabelbomen.com\/it\/wp-json\/wp\/v2\/product"}],"about":[{"href":"https:\/\/www.kabelbomen.com\/it\/wp-json\/wp\/v2\/types\/product"}],"replies":[{"embeddable":true,"href":"https:\/\/www.kabelbomen.com\/it\/wp-json\/wp\/v2\/comments?post=2608"}],"version-history":[{"count":8,"href":"https:\/\/www.kabelbomen.com\/it\/wp-json\/wp\/v2\/product\/2608\/revisions"}],"predecessor-version":[{"id":17139,"href":"https:\/\/www.kabelbomen.com\/it\/wp-json\/wp\/v2\/product\/2608\/revisions\/17139"}],"wp:featuredmedia":[{"embeddable":true,"href":"https:\/\/www.kabelbomen.com\/it\/wp-json\/wp\/v2\/media\/17066"}],"wp:attachment":[{"href":"https:\/\/www.kabelbomen.com\/it\/wp-json\/wp\/v2\/media?parent=2608"}],"wp:term":[{"taxonomy":"product_brand","embeddable":true,"href":"https:\/\/www.kabelbomen.com\/it\/wp-json\/wp\/v2\/product_brand?post=2608"},{"taxonomy":"product_cat","embeddable":true,"href":"https:\/\/www.kabelbomen.com\/it\/wp-json\/wp\/v2\/product_cat?post=2608"},{"taxonomy":"product_tag","embeddable":true,"href":"https:\/\/www.kabelbomen.com\/it\/wp-json\/wp\/v2\/product_tag?post=2608"},{"taxonomy":"hf_cat_product","embeddable":true,"href":"https:\/\/www.kabelbomen.com\/it\/wp-json\/wp\/v2\/hf_cat_product?post=2608"}],"curies":[{"name":"wp","href":"https:\/\/api.w.org\/{rel}","templated":true}]}}