{"id":16060,"date":"2024-10-18T13:18:30","date_gmt":"2024-10-18T11:18:30","guid":{"rendered":"https:\/\/www.kabelbomen.com\/?post_type=product&#038;p=16060"},"modified":"2026-02-18T11:00:30","modified_gmt":"2026-02-18T10:00:30","slug":"peugeot-205-cablaggio-porta-sinistra","status":"publish","type":"product","link":"https:\/\/www.kabelbomen.com\/it\/product\/deurportier-links-kabelboom-peugeot-205\/","title":{"rendered":"Cablaggio porta sinistra Peugeot 205"},"content":{"rendered":"<p>Cablaggio per il comando degli alzacristalli elettrici e della chiusura centralizzata della porta per la porta sinistra in vari modelli Peugeot 205, ad eccezione della fase 2. Per le auto inglesi da utilizzare nella porta destra.<\/p>\n<p>&nbsp;<\/p>\n<h5><strong>Originale e di qualit\u00e0<\/strong><\/h5>\n<p>Il cablaggio ha le dimensioni originali ed \u00e8 nuovo.<\/p>\n<p>Il connettore di massa giallo a 5 poli e il connettore bianco a 5 poli vengono riutilizzati. Questi connettori non sono pi\u00f9 disponibili nuovi.<\/p>\n<p>Per garantire la solidit\u00e0 e prevenire la corrosione e i cortocircuiti, ogni collegamento tra il conduttore in rame e il capocorda \u00e8 rifinito con una guaina termorestringente. Questo \u00e8 il nostro metodo di lavoro standard presso SKS. I nostri cablaggi hanno quindi una durata extra lunga e affidabile.<\/p>\n<p>&nbsp;<\/p>\n<h5><strong>Posizione e collegamento del cablaggio della porta di sinistra<\/strong><\/h5>\n<p>Il cablaggio controlla gli alzacristalli elettrici e la chiusura centralizzata delle porte della Peugeot 205. Si trova nella portiera sinistra.<\/p>\n<p>&nbsp;<\/p>\n<h5><strong>Panoramica dei collegamenti<\/strong><\/h5>\n<ul>\n<li>Connettori alla scatola dei fusibili<\/li>\n<li>Spina di terra sulla scatola dei fusibili<\/li>\n<li>Collegamento motore a spina finestrino elettrico sinistro<\/li>\n<li>Interruttore di comando del finestrino elettrico sinistro<\/li>\n<li>Interruttore di comando del finestrino elettrico per il finestrino destro<\/li>\n<li>Motore serratura centrale porta sinistra a impulsi<\/li>\n<li>Impulso motore serratura porta centrale attraverso la porta destra<\/li>\n<\/ul>","protected":false},"excerpt":{"rendered":"<p>Cablaggio per il controllo del funzionamento degli alzacristalli elettrici e della chiusura centralizzata della Peugeot 205. Si trova nella portiera sinistra (LHD) e si collega alla scatola dei fusibili. Nelle auto inglesi deve essere collocato nella portiera destra.<\/p>\n<p>Applicato in diverse Peugeot 205 di molti anni di costruzione, ad eccezione della fase 2.<\/p>\n<p>Dimensioni originali applicate.<\/p>\n<p>Filo e isolamento di alta qualit\u00e0, ben rifiniti con guaine termorestringenti sui terminali dei cavi per una lunga durata, per evitare cortocircuiti e prevenire la corrosione.<\/p>\n<p>Per ulteriori informazioni, consultare la descrizione dettagliata riportata di seguito.<\/p>","protected":false},"featured_media":16052,"comment_status":"open","ping_status":"closed","template":"","meta":[],"product_brand":[],"product_cat":[61,38],"product_tag":[114,345,344,346,47,48,34],"hf_cat_product":[253],"class_list":{"0":"post-16060","1":"product","2":"type-product","3":"status-publish","4":"has-post-thumbnail","6":"product_cat-peugeot-205","7":"product_cat-kabelbomen","8":"product_tag-205-gti","9":"product_tag-centrale-deurvergrendeling","10":"product_tag-deurportier","11":"product_tag-elektrische-raambediening","12":"product_tag-fase-1","13":"product_tag-fase-1-5","14":"product_tag-kabelboom","16":"first","17":"instock","18":"taxable","19":"shipping-taxable","20":"purchasable","21":"product-type-simple"},"_links":{"self":[{"href":"https:\/\/www.kabelbomen.com\/it\/wp-json\/wp\/v2\/product\/16060","targetHints":{"allow":["GET"]}}],"collection":[{"href":"https:\/\/www.kabelbomen.com\/it\/wp-json\/wp\/v2\/product"}],"about":[{"href":"https:\/\/www.kabelbomen.com\/it\/wp-json\/wp\/v2\/types\/product"}],"replies":[{"embeddable":true,"href":"https:\/\/www.kabelbomen.com\/it\/wp-json\/wp\/v2\/comments?post=16060"}],"version-history":[{"count":3,"href":"https:\/\/www.kabelbomen.com\/it\/wp-json\/wp\/v2\/product\/16060\/revisions"}],"predecessor-version":[{"id":17633,"href":"https:\/\/www.kabelbomen.com\/it\/wp-json\/wp\/v2\/product\/16060\/revisions\/17633"}],"wp:featuredmedia":[{"embeddable":true,"href":"https:\/\/www.kabelbomen.com\/it\/wp-json\/wp\/v2\/media\/16052"}],"wp:attachment":[{"href":"https:\/\/www.kabelbomen.com\/it\/wp-json\/wp\/v2\/media?parent=16060"}],"wp:term":[{"taxonomy":"product_brand","embeddable":true,"href":"https:\/\/www.kabelbomen.com\/it\/wp-json\/wp\/v2\/product_brand?post=16060"},{"taxonomy":"product_cat","embeddable":true,"href":"https:\/\/www.kabelbomen.com\/it\/wp-json\/wp\/v2\/product_cat?post=16060"},{"taxonomy":"product_tag","embeddable":true,"href":"https:\/\/www.kabelbomen.com\/it\/wp-json\/wp\/v2\/product_tag?post=16060"},{"taxonomy":"hf_cat_product","embeddable":true,"href":"https:\/\/www.kabelbomen.com\/it\/wp-json\/wp\/v2\/hf_cat_product?post=16060"}],"curies":[{"name":"wp","href":"https:\/\/api.w.org\/{rel}","templated":true}]}}