{"id":16144,"date":"2024-10-18T21:20:12","date_gmt":"2024-10-18T19:20:12","guid":{"rendered":"https:\/\/www.kabelbomen.com\/?page_id=16144"},"modified":"2026-03-28T12:48:59","modified_gmt":"2026-03-28T11:48:59","slug":"%d7%9e%d7%93%d7%99%d7%a0%d7%95%d7%aa-%d7%94%d7%99%d7%a2%d7%93","status":"publish","type":"page","link":"https:\/\/www.kabelbomen.com\/he\/geleverde-landen\/","title":{"rendered":"\u05de\u05d3\u05d9\u05e0\u05d5\u05ea \u05e9\u05d0\u05dc\u05d9\u05d4\u05df \u05e1\u05d9\u05e4\u05e7\u05e0\u05d5"},"content":{"rendered":"<div data-elementor-type=\"wp-page\" data-elementor-id=\"16144\" class=\"elementor elementor-16144\" data-elementor-post-type=\"page\">\n\t\t\t\t<div class=\"elementor-element elementor-element-2c971ca e-grid e-con-boxed e-con e-parent\" data-id=\"2c971ca\" data-element_type=\"container\" data-e-type=\"container\">\n\t\t\t\t\t<div class=\"e-con-inner\">\n\t\t\t\t<div class=\"elementor-element elementor-element-f05a6b6 elementor-widget elementor-widget-text-editor\" data-id=\"f05a6b6\" data-element_type=\"widget\" data-e-type=\"widget\" data-widget_type=\"text-editor.default\">\n\t\t\t\t\t\t\t\t\t<h3>\u05d1\u05ea\u05d5\u05da \u05d0\u05d9\u05e8\u05d5\u05e4\u05d4<\/h3><ul><li>\u05d1\u05dc\u05d2\u05d9\u05d4<\/li><li>\u05d1\u05d5\u05dc\u05d2\u05e8\u05d9\u05d4<\/li><li>\u05d3\u05e0\u05de\u05e8\u05e7<\/li><li>\u05d2\u05e8\u05de\u05e0\u05d9\u05d4<\/li><li>\u05d0\u05e1\u05d8\u05d5\u05e0\u05d9\u05d4<\/li><li>\u05d0\u05d9\u05d9 \u05e4\u05d0\u05e8\u05d5<\/li><li>\u05e4\u05d9\u05e0\u05dc\u05e0\u05d3<\/li><li>\u05e6\u05e8\u05e4\u05ea<\/li><li>\u05d4\u05d5\u05e0\u05d2\u05e8\u05d9\u05d4<\/li><li>\u05d0\u05d9\u05e8\u05dc\u05e0\u05d3<\/li><li>\u05d0\u05d9\u05d8\u05dc\u05d9\u05d4<\/li><li>\u05dc\u05d5\u05e7\u05e1\u05de\u05d1\u05d5\u05e8\u05d2<\/li><li>\u05de\u05d3\u05d9\u05e8\u05d4<\/li><li>\u05de\u05dc\u05d8\u05d4<\/li><li>\u05d4\u05d5\u05dc\u05e0\u05d3<\/li><li>\u05e0\u05d5\u05e8\u05d1\u05d2\u05d9\u05d4<\/li><li>\u05d0\u05d5\u05e1\u05d8\u05e8\u05d9\u05d4<\/li><li>\u05e4\u05d5\u05e8\u05d8\u05d5\u05d2\u05dc<\/li><li>\u05e1\u05e4\u05e8\u05d3<\/li><li>\u05e6'\u05db\u05d9\u05d4<\/li><li>\u05d4\u05de\u05de\u05dc\u05db\u05d4 \u05d4\u05de\u05d0\u05d5\u05d7\u05d3\u05ea | \u05d0\u05e0\u05d2\u05dc\u05d9\u05d4<\/li><li>\u05d4\u05de\u05de\u05dc\u05db\u05d4 \u05d4\u05de\u05d0\u05d5\u05d7\u05d3\u05ea | \u05e6\u05e4\u05d5\u05df \u05d0\u05d9\u05e8\u05dc\u05e0\u05d3<\/li><li>\u05d4\u05de\u05de\u05dc\u05db\u05d4 \u05d4\u05de\u05d0\u05d5\u05d7\u05d3\u05ea | \u05e1\u05e7\u05d5\u05d8\u05dc\u05e0\u05d3<\/li><li>\u05d4\u05de\u05de\u05dc\u05db\u05d4 \u05d4\u05de\u05d0\u05d5\u05d7\u05d3\u05ea | \u05d5\u05d5\u05d9\u05d9\u05dc\u05e1<\/li><li>\u05e9\u05d1\u05d3\u05d9\u05d4<\/li><li>\u05e9\u05d5\u05d5\u05d9\u05d9\u05e5<\/li><\/ul>\t\t\t\t\t\t\t\t<\/div>\n\t\t\t\t<div class=\"elementor-element elementor-element-1cec221 elementor-widget elementor-widget-text-editor\" data-id=\"1cec221\" data-element_type=\"widget\" data-e-type=\"widget\" data-widget_type=\"text-editor.default\">\n\t\t\t\t\t\t\t\t\t<h3>\u05d1\u05e8\u05d7\u05d1\u05d9 \u05d4\u05e2\u05d5\u05dc\u05dd<\/h3><ul><li>\u05d0\u05e8\u05d2\u05e0\u05d8\u05d9\u05e0\u05d4<\/li><li>\u05d0\u05d5\u05e1\u05d8\u05e8\u05dc\u05d9\u05d4 | \u05e0\u05d9\u05d5 \u05e1\u05d0\u05d5\u05ea' \u05d5\u05d5\u05d9\u05d9\u05dc\u05e1<\/li><li>\u05d0\u05d5\u05e1\u05d8\u05e8\u05dc\u05d9\u05d4 | \u05e7\u05d5\u05d5\u05d9\u05e0\u05e1\u05dc\u05e0\u05d3<\/li><li>\u05d0\u05d5\u05e1\u05d8\u05e8\u05dc\u05d9\u05d4 | \u05d8\u05e1\u05de\u05e0\u05d9\u05d4<\/li><li>\u05d0\u05d5\u05e1\u05d8\u05e8\u05dc\u05d9\u05d4 | \u05d5\u05d9\u05e7\u05d8\u05d5\u05e8\u05d9\u05d4<\/li><li>\u05d9\u05e4\u05df<\/li><li>\u05d8\u05d9\u05d9\u05d5\u05d5\u05d0\u05df<\/li><li>\u05d0\u05e8\u05e6\u05d5\u05ea \u05d4\u05d1\u05e8\u05d9\u05ea | \u05e7\u05dc\u05d9\u05e4\u05d5\u05e8\u05e0\u05d9\u05d4<\/li><li>\u05d0\u05e8\u05e6\u05d5\u05ea \u05d4\u05d1\u05e8\u05d9\u05ea | \u05e7\u05d5\u05dc\u05d5\u05e8\u05d3\u05d5<\/li><li>\u05d0\u05e8\u05e6\u05d5\u05ea \u05d4\u05d1\u05e8\u05d9\u05ea | \u05d5\u05d5\u05e9\u05d9\u05e0\u05d2\u05d8\u05d5\u05df \u05d3\u05d9.\u05e1\u05d9.<\/li><li style=\"font-size: 16px;\">\u05d0\u05e8\u05e6\u05d5\u05ea \u05d4\u05d1\u05e8\u05d9\u05ea | \u05d5\u05d9\u05e1\u05e7\u05d5\u05e0\u05e1\u05d9\u05df<\/li><\/ul>\t\t\t\t\t\t\t\t<\/div>\n\t\t\t\t\t<\/div>\n\t\t\t\t<\/div>\n\t\t<div class=\"elementor-element elementor-element-6215293 e-con-full e-flex e-con e-parent\" data-id=\"6215293\" data-element_type=\"container\" data-e-type=\"container\">\n\t\t\t\t<div class=\"elementor-element elementor-element-53b51fc elementor-widget elementor-widget-image\" data-id=\"53b51fc\" data-element_type=\"widget\" data-e-type=\"widget\" data-widget_type=\"image.default\">\n\t\t\t\t\t\t\t\t\t\t\t\t\t\t\t<img fetchpriority=\"high\" decoding=\"async\" width=\"1673\" height=\"868\" src=\"https:\/\/www.kabelbomen.com\/wp-content\/uploads\/2026\/03\/SKS-landen-PNG-update-26-3-2026-1.png\" class=\"attachment-full size-full wp-image-18238\" alt=\"\u05e1\u05e7\u05d9\u05e8\u05ea \u05d4\u05de\u05d3\u05d9\u05e0\u05d5\u05ea \u05e9\u05d0\u05dc\u05d9\u05d4\u05df \u05e0\u05e9\u05dc\u05d7 \u05d3\u05d2\u05dd SKS\" srcset=\"https:\/\/www.kabelbomen.com\/wp-content\/uploads\/2026\/03\/SKS-landen-PNG-update-26-3-2026-1.png 1673w, https:\/\/www.kabelbomen.com\/wp-content\/uploads\/2026\/03\/SKS-landen-PNG-update-26-3-2026-1-300x156.png 300w, https:\/\/www.kabelbomen.com\/wp-content\/uploads\/2026\/03\/SKS-landen-PNG-update-26-3-2026-1-1024x531.png 1024w, https:\/\/www.kabelbomen.com\/wp-content\/uploads\/2026\/03\/SKS-landen-PNG-update-26-3-2026-1-768x398.png 768w, https:\/\/www.kabelbomen.com\/wp-content\/uploads\/2026\/03\/SKS-landen-PNG-update-26-3-2026-1-1536x797.png 1536w, https:\/\/www.kabelbomen.com\/wp-content\/uploads\/2026\/03\/SKS-landen-PNG-update-26-3-2026-1-18x9.png 18w, https:\/\/www.kabelbomen.com\/wp-content\/uploads\/2026\/03\/SKS-landen-PNG-update-26-3-2026-1-1500x778.png 1500w\" sizes=\"(max-width: 1673px) 100vw, 1673px\" \/>\t\t\t\t\t\t\t\t\t\t\t\t\t\t\t<\/div>\n\t\t\t\t<div class=\"elementor-element elementor-element-9e52648 elementor-widget elementor-widget-text-editor\" data-id=\"9e52648\" data-element_type=\"widget\" data-e-type=\"widget\" data-widget_type=\"text-editor.default\">\n\t\t\t\t\t\t\t\t\t<p>\u05d0\u05e0\u05d5 \u05de\u05e1\u05e4\u05e7\u05d9\u05dd \u05d0\u05ea \u05de\u05e2\u05e8\u05db\u05d5\u05ea \u05d4\u05db\u05d1\u05dc\u05d9\u05dd \u05e9\u05dc\u05e0\u05d5 \u05de\u05d4\u05de\u05e4\u05e2\u05dc <a href=\"https:\/\/www.kabelbomen.com\/he\/%d7%97%d7%a0%d7%95%d7%aa-%d7%9e%d7%a7%d7%95%d7%95%d7%a0%d7%aa\/\">\u05d7\u05e0\u05d5\u05ea \u05de\u05e7\u05d5\u05d5\u05e0\u05ea<\/a>\u00a0\u05d1\u05e8\u05d7\u05d1\u05d9 \u05d4\u05e2\u05d5\u05dc\u05dd.<\/p>\t\t\t\t\t\t\t\t<\/div>\n\t\t\t\t<\/div>\n\t\t\t\t<\/div>","protected":false},"excerpt":{"rendered":"<p>Binnen Europa Belgi\u00eb Bulgarije Denemarken Duitsland Estland Faer\u00f6er eilanden Finland Frankrijk Hongarije Ierland Itali\u00eb Luxemburg Madeira Malta Nederland Noorwegen Oostenrijk Portugal Spanje Tsjechi\u00eb Verenigd Koninkrijk | Engeland Verenigd Koninkrijk | Noord-Ierland Verenigd Koninkrijk | Schotland Verenigd Koninkrijk | Wales Zweden Zwitserland Wereldwijd Argentini\u00eb Australi\u00eb | New South Wales Australi\u00eb | Queensland Australi\u00eb | Tasmani\u00eb Australi\u00eb [&hellip;]<\/p>\n","protected":false},"author":1,"featured_media":16150,"parent":0,"menu_order":0,"comment_status":"closed","ping_status":"closed","template":"","meta":{"footnotes":""},"hf_cat_page":[267],"class_list":["post-16144","page","type-page","status-publish","has-post-thumbnail","hentry"],"_links":{"self":[{"href":"https:\/\/www.kabelbomen.com\/he\/wp-json\/wp\/v2\/pages\/16144","targetHints":{"allow":["GET"]}}],"collection":[{"href":"https:\/\/www.kabelbomen.com\/he\/wp-json\/wp\/v2\/pages"}],"about":[{"href":"https:\/\/www.kabelbomen.com\/he\/wp-json\/wp\/v2\/types\/page"}],"author":[{"embeddable":true,"href":"https:\/\/www.kabelbomen.com\/he\/wp-json\/wp\/v2\/users\/1"}],"replies":[{"embeddable":true,"href":"https:\/\/www.kabelbomen.com\/he\/wp-json\/wp\/v2\/comments?post=16144"}],"version-history":[{"count":37,"href":"https:\/\/www.kabelbomen.com\/he\/wp-json\/wp\/v2\/pages\/16144\/revisions"}],"predecessor-version":[{"id":18362,"href":"https:\/\/www.kabelbomen.com\/he\/wp-json\/wp\/v2\/pages\/16144\/revisions\/18362"}],"wp:featuredmedia":[{"embeddable":true,"href":"https:\/\/www.kabelbomen.com\/he\/wp-json\/wp\/v2\/media\/16150"}],"wp:attachment":[{"href":"https:\/\/www.kabelbomen.com\/he\/wp-json\/wp\/v2\/media?parent=16144"}],"wp:term":[{"taxonomy":"hf_cat_page","embeddable":true,"href":"https:\/\/www.kabelbomen.com\/he\/wp-json\/wp\/v2\/hf_cat_page?post=16144"}],"curies":[{"name":"wp","href":"https:\/\/api.w.org\/{rel}","templated":true}]}}