{"id":9146,"date":"2021-08-29T12:19:45","date_gmt":"2021-08-29T10:19:45","guid":{"rendered":"https:\/\/www.kabelbomen.com\/?post_type=product&#038;p=9146"},"modified":"2026-03-15T11:33:48","modified_gmt":"2026-03-15T10:33:48","slug":"tableau-de-bord-faisceau-de-cablage-traction-avant-15-six","status":"publish","type":"product","link":"https:\/\/www.kabelbomen.com\/fr\/product\/dashboard-kabelboom-traction-avant-15-six\/","title":{"rendered":"Faisceau de c\u00e2blage du tableau de bord Traction Avant 15-Six Jan '46 - June '52"},"content":{"rendered":"<p>La Citro\u00ebn Traction Avant 15 Six disposait \u00e0 l'origine de feux de position sur les garde-boue avant, mais pas de clignotants.<br \/>\nL'emplacement du commutateur RAW dans le tableau de bord doit \u00eatre convenu avec le client, afin que le c\u00e2blage sorte du backbone au bon endroit.<br \/>\nLes clignotants peuvent \u00eatre plac\u00e9s \u00e0 la place des feux de position, comme l'usine l'a fait \u00e0 partir de 1952 lorsque le coffre a \u00e9t\u00e9 introduit.<\/p>\n<p>Si vous souhaitez conserver ces feux de position pour des raisons d'originalit\u00e9, les indicateurs avant peuvent \u00eatre plac\u00e9s sur le pare-chocs, par exemple.<br \/>\nBien s\u00fbr, cela n\u00e9cessite des ajustements, l'ajout de fils, dans le faisceau de c\u00e2blage du tableau de bord.<\/p>\n<p>Pour les indicateurs de direction arri\u00e8re, des fils doivent \u00e9galement \u00eatre ajout\u00e9s dans la section <a href=\"https:\/\/www.kabelbomen.com\/fr\/webshop\/faisceau-dalimentation-de-toit-traction-avant-11bl-11bn-apres-1952-et-15-six\/\">faisceau de c\u00e2bles de toit<\/a> et le <a href=\"https:\/\/www.kabelbomen.com\/fr\/webshop\/faisceau-de-cablage-du-coffre-traction-avant-11bl-ou-11bn-apres-52-15-six\/\">arbre \u00e0 tronc<\/a>.<br \/>\nApr\u00e8s avoir pass\u00e9 votre commande, nous vous contacterons toujours pour en discuter. De cette fa\u00e7on, nous pouvons garantir le bon faisceau de c\u00e2bles pour votre mod\u00e8le avec 100%, \u00e9ventuellement avec des ajouts suppl\u00e9mentaires si n\u00e9cessaire.<\/p>\n<p>Nous fournissons tous les <a href=\"https:\/\/www.kabelbomen.com\/fr\/categorie-de-produit\/citroen-traction-avant\/\">faisceaux \u00e9lectriques pour toutes les ann\u00e9es et tous les types de Citro\u00ebn Traction Avant<\/a>avec toute personnalisation requise par le client.<\/p>\n<p>Pour des questions ou une commande sp\u00e9cifique, vous pouvez <a href=\"https:\/\/www.kabelbomen.com\/fr\/contacter\/\">Contacter<\/a>\u00a0.<\/p>","protected":false},"excerpt":{"rendered":"<p>Faisceau de c\u00e2blage du tableau de bord pour Citro\u00ebn Traction Avant 15 Six.<\/p>\n<p>Ex\u00e9cut\u00e9 de janvier 1946 \u00e0 juin 1952.<\/p>\n<p>\u00c9galement appel\u00e9 Six wheel.<\/p>","protected":false},"featured_media":9166,"comment_status":"open","ping_status":"closed","template":"","meta":[],"product_brand":[],"product_cat":[56,38],"product_tag":[75,62,34],"hf_cat_product":[252],"class_list":{"0":"post-9146","1":"product","2":"type-product","3":"status-publish","4":"has-post-thumbnail","6":"product_cat-citroen-traction-avant","7":"product_cat-kabelbomen","8":"product_tag-citroen-traction-avant-15-six","9":"product_tag-dashboardboom","10":"product_tag-kabelboom","11":"product_shipping_class-groot-pakket","13":"first","14":"instock","15":"taxable","16":"shipping-taxable","17":"purchasable","18":"product-type-simple"},"_links":{"self":[{"href":"https:\/\/www.kabelbomen.com\/fr\/wp-json\/wp\/v2\/product\/9146","targetHints":{"allow":["GET"]}}],"collection":[{"href":"https:\/\/www.kabelbomen.com\/fr\/wp-json\/wp\/v2\/product"}],"about":[{"href":"https:\/\/www.kabelbomen.com\/fr\/wp-json\/wp\/v2\/types\/product"}],"replies":[{"embeddable":true,"href":"https:\/\/www.kabelbomen.com\/fr\/wp-json\/wp\/v2\/comments?post=9146"}],"version-history":[{"count":6,"href":"https:\/\/www.kabelbomen.com\/fr\/wp-json\/wp\/v2\/product\/9146\/revisions"}],"predecessor-version":[{"id":17004,"href":"https:\/\/www.kabelbomen.com\/fr\/wp-json\/wp\/v2\/product\/9146\/revisions\/17004"}],"wp:featuredmedia":[{"embeddable":true,"href":"https:\/\/www.kabelbomen.com\/fr\/wp-json\/wp\/v2\/media\/9166"}],"wp:attachment":[{"href":"https:\/\/www.kabelbomen.com\/fr\/wp-json\/wp\/v2\/media?parent=9146"}],"wp:term":[{"taxonomy":"product_brand","embeddable":true,"href":"https:\/\/www.kabelbomen.com\/fr\/wp-json\/wp\/v2\/product_brand?post=9146"},{"taxonomy":"product_cat","embeddable":true,"href":"https:\/\/www.kabelbomen.com\/fr\/wp-json\/wp\/v2\/product_cat?post=9146"},{"taxonomy":"product_tag","embeddable":true,"href":"https:\/\/www.kabelbomen.com\/fr\/wp-json\/wp\/v2\/product_tag?post=9146"},{"taxonomy":"hf_cat_product","embeddable":true,"href":"https:\/\/www.kabelbomen.com\/fr\/wp-json\/wp\/v2\/hf_cat_product?post=9146"}],"curies":[{"name":"wp","href":"https:\/\/api.w.org\/{rel}","templated":true}]}}