{"id":9053,"date":"2021-08-18T18:28:50","date_gmt":"2021-08-18T16:28:50","guid":{"rendered":"https:\/\/www.kabelbomen.com\/?post_type=product&#038;p=9053"},"modified":"2026-04-14T12:30:19","modified_gmt":"2026-04-14T10:30:19","slug":"jeu-de-cables-de-batterie-peugeot-205-tu-moteur-phase-1","status":"publish","type":"product","link":"https:\/\/www.kabelbomen.com\/fr\/product\/accukabelset-peugeot-205-tu-motor\/","title":{"rendered":"Jeu de c\u00e2bles de batterie - Peugeot 205 avec moteur TU"},"content":{"rendered":"<p>Ce jeu de c\u00e2bles d'alimentation principale \/ jeu de c\u00e2bles de batterie pour la Peugeot 205 remplace vos c\u00e2bles de batterie us\u00e9s et constitue imm\u00e9diatement une tr\u00e8s bonne mise \u00e0 niveau du circuit \u00e9lectrique. Assure le passage du courant entre l'alternateur, le d\u00e9marreur, la borne positive de la batterie, le petit bo\u00eetier \u00e0 fusibles pr\u00e8s de la batterie, le bloc moteur, la carrosserie et la borne n\u00e9gative de la batterie.<\/p>\n<p>En termes d'aspect, il est aussi bon que l'original, mais il offre l'avantage d'un flux de courant nettement meilleur gr\u00e2ce \u00e0 un diam\u00e8tre de cuivre plus \u00e9pais et \u00e0 des cosses de c\u00e2ble de haute qualit\u00e9.<\/p>\n<p>L'isolation en tube nervur\u00e9 du c\u00e2ble rouge entre l'alternateur et le d\u00e9marreur est dot\u00e9e d'une fente ouverte, ce qui permet d'ajouter au faisceau des fils existants dans le compartiment moteur.<\/p>\n<p>\u00c9galement applicable \u00e0 de nombreuses autres versions de la 205. Au moins les moteurs TU. Le<a href=\"https:\/\/www.kabelbomen.com\/fr\/webshop\/jeu-de-cables-de-batterie-peugeot-205-gti-cti\/\"> jeu de c\u00e2bles de batterie pour la Peugeot 205 GTI \/ CTI avec moteurs XU se trouve ici<\/a>.<\/p>\n<p>&nbsp;<\/p>\n<p><strong>A partir de mars 2026, nous fournissons \u00e9galement ce faisceau de c\u00e2blage positif de la batterie complet avec les fils du capteur. <\/strong><\/p>\n<p><a href=\"https:\/\/www.kabelbomen.com\/fr\/produit\/faisceau-de-cables-de-batterie-plus-complet-peugeot-205-avec-moteur-tu\/\" target=\"_blank\" rel=\"noopener\"><strong>&gt; Vous trouverez ici le faisceau de c\u00e2bles de la batterie positive, y compris les c\u00e2bles des capteurs, pour la Peugeot 205 avec moteur TU.<\/strong><\/a><\/p>\n<p>&nbsp;<\/p>\n<h5><strong>Diff\u00e9rence entre les c\u00e2bles de batterie phase 1,5 et phase 2 pour la Peugeot 205<\/strong><\/h5>\n<p>La diff\u00e9rence de conception entre la phase 1.5 et la phase 2 r\u00e9side uniquement dans la longueur du c\u00e2ble de masse vert \/ jaune vers le corps. Pour la phase 1.5, il \u00e9tait \u00e0 l'origine connect\u00e9 en usine \u00e0 un boulon M6 derri\u00e8re la batterie pr\u00e8s de la bobine. Ce c\u00e2ble est environ 15cm plus court que dans la phase 2, o\u00f9 le c\u00e2ble de masse vert\/jaune \u00e9tait connect\u00e9 \u00e0 un boulon M6 sur la carrosserie entre la jambe de force et le bac \u00e0 liquide d'essuie-glace. La Peugeot 205 stage 1.5 a \u00e9t\u00e9 livr\u00e9e de novembre 1987 \u00e0 juillet 1990. La production de la Peugeot 205 phase 2 a commenc\u00e9 en ao\u00fbt 1990.<\/p>\n<p>Vous pouvez \u00e9galement d\u00e9terminer votre version par la position de la bobine d'allumage. Si votre bobine d'allumage est un petit bloc noir situ\u00e9 au milieu du collecteur d'admission, vous avez une phase 2. Si la bobine d'allumage se trouve derri\u00e8re la batterie, \u00e0 c\u00f4t\u00e9 de la jambe de force, vous avez une phase 1,5. \u00cates-vous int\u00e9ress\u00e9 par un jeu de c\u00e2bles de batterie pour la phase 1? Ensuite, prenez <a href=\"https:\/\/www.kabelbomen.com\/fr\/contacter\/\">Contacter<\/a> pour conna\u00eetre les possibilit\u00e9s.<\/p>\n<p>&nbsp;<\/p>\n<h5><strong>D\u00e9fauts caus\u00e9s par des c\u00e2bles de batterie us\u00e9s (trop fins) dans les 205<\/strong><\/h5>\n<p>Le probl\u00e8me avec la 205 est que les anciens c\u00e2bles ne sont pas assez \u00e9pais pour fournir la tension de sortie de l'alternateur de 14,4 volts sans perte de tension sur la batterie. En particulier en cas d'utilisation intensive de l'\u00e9lectricit\u00e9, par exemple avec des lampes, un ventilateur ou, pire encore, un amplificateur lourd, la tension des anciens c\u00e2bles descend facilement en dessous de 13 volts. \u00c0 ce moment-l\u00e0, votre batterie ne se rechargera pas. Des c\u00e2bles vieillissants dans le circuit \u00e9lectrique, et souvent de la corrosion par-dessus le march\u00e9, ne font qu'aggraver la situation. Les batteries actuelles ont besoin des 14 volts de l'alternateur pour se charger correctement et rester en bon \u00e9tat.<\/p>\n<p>En raison de la perte de puissance des vieux c\u00e2bles de batterie us\u00e9s et fins dans la 205, nous voyons r\u00e9guli\u00e8rement les d\u00e9fauts ci-dessous :<\/p>\n<ul>\n<li>Mauvais d\u00e9part<\/li>\n<li>La batterie ne se recharge pas ou \u00e0 peine.<\/li>\n<li>Impossible de d\u00e9marrer apr\u00e8s quelques jours d'immobilisation<\/li>\n<li>Essuie-glaces \u00e0 mouvement lent<\/li>\n<li>Les ventilateurs ne fonctionnent pas \u00e0 pleine vitesse<\/li>\n<li>Faible \u00e9clairage<\/li>\n<li>Corne faible<\/li>\n<li>Consommateurs tels que les lumi\u00e8res et les ventilateurs qui dansent sur les basses de la musique.<\/li>\n<li>D\u00e9faillance de la radio due \u00e0 une chute de tension trop importante<\/li>\n<li>Vitres \u00e9lectriques qui s'ouvrent lentement<\/li>\n<li>Chutes de tension dans l'\u00e9clairage ou le ventilateur lorsque d'autres consommateurs sont allum\u00e9s.<\/li>\n<li>Mauvais approvisionnement en carburant<\/li>\n<li>Inflammation faible<\/li>\n<li>Panne de moteur<\/li>\n<li>Faible autonomie de la batterie<\/li>\n<li>etc.<\/li>\n<\/ul>\n<p>&nbsp;<\/p>\n<p>En particulier lors de l'installation d'un amplificateur audio ou d'autres consommateurs de tr\u00e8s grande taille, les c\u00e2bles d'origine ne sont pas suffisants et vous \u00eates assur\u00e9 de rencontrer les probl\u00e8mes mentionn\u00e9s ci-dessus.<\/p>\n<p>Avec nos c\u00e2bles de batterie, vous mesurez la tension de sortie de l'alternateur sans chute de tension dans la batterie. En fonction de la situation de charge, cette tension est g\u00e9n\u00e9ralement comprise entre 14 et 14,4 volts.<\/p>\n<p>&nbsp;<\/p>\n<h5><strong>Avantages de nos c\u00e2bles de batterie par rapport \u00e0 vos anciens c\u00e2bles de batterie fins<\/strong><\/h5>\n<ul>\n<li>Am\u00e9lioration de la charge, de l'\u00e9tat et de l'autonomie de la batterie<\/li>\n<li>La voiture peut rester immobile plus longtemps sans probl\u00e8me de d\u00e9marrage<\/li>\n<li>Meilleur d\u00e9marrage gr\u00e2ce \u00e0 une plus grande puissance du d\u00e9marreur.<\/li>\n<li>Des essuie-glaces plus puissants<\/li>\n<li>Les vitres \u00e9lectriques fonctionnent mieux<\/li>\n<li>Tension embarqu\u00e9e plus \u00e9lev\u00e9e<\/li>\n<li>Aucune chute de tension sous la charge des lumi\u00e8res, des ventilateurs, des haut-parleurs, etc.<\/li>\n<li>Indispensable si des consommateurs lourds sont install\u00e9s, comme un amplificateur.<\/li>\n<li>La base de votre circuit \u00e9lectrique est \u00e0 nouveau en parfait \u00e9tat.<\/li>\n<\/ul>\n<p>&nbsp;<\/p>\n<p>Nos c\u00e2bles de batterie sont dot\u00e9s d'une gaine isolante de haute qualit\u00e9 r\u00e9sistante \u00e0 l'abrasion qui prot\u00e8ge \u00e9galement contre la chaleur, la salet\u00e9, l'acide et les liquides tels que le carburant, l'huile et le liquide de refroidissement. Les cosses de c\u00e2ble sont robustes pour un flux de courant optimal. Pour une connexion encore plus s\u00fbre et fiable, les cosses sont serr\u00e9es \u00e0 l'aide d'une pince hydraulique.<\/p>\n<p>Une gaine thermor\u00e9tractable a \u00e9t\u00e9 appliqu\u00e9e autour des cosses de c\u00e2ble pour les prot\u00e9ger contre la corrosion. Comme protection suppl\u00e9mentaire contre la chaleur et l'usure, la gaine est \u00e9quip\u00e9e d'un anneau d'isolation aux endroits n\u00e9cessaires, tout comme l'original.<\/p>\n<p>Nous utilisons les c\u00e2bles de taille et de couleur d'origine. Le jeu de c\u00e2bles de batterie est pr\u00eat \u00e0 l'emploi et a une longue dur\u00e9e de vie pour vous permettre de reprendre la route longtemps et en toute fiabilit\u00e9.<\/p>\n<p>&nbsp;<\/p>\n<h5><strong>Le jeu de c\u00e2bles de batterie se compose des \u00e9l\u00e9ments suivants<\/strong><\/h5>\n<p><strong>C\u00e2ble de batterie positif :<\/strong><\/p>\n<ul>\n<li>C\u00e2ble de batterie rouge entre l'alternateur et le moteur de d\u00e9marrage<\/li>\n<li>Couvercle d'isolation pour la connexion \u00e0 l'alternateur<\/li>\n<li>C\u00e2ble de batterie noir entre le moteur du d\u00e9marreur et la borne positive de la batterie.<\/li>\n<li>Couvercle d'isolation pour la connexion au moteur de d\u00e9marrage<\/li>\n<li>P\u00f4le plus de la borne de la batterie<\/li>\n<li>Couvercle d'isolation borne de batterie p\u00f4le plus<\/li>\n<li>C\u00e2ble de batterie jaune entre le p\u00f4le positif et la bo\u00eete \u00e0 fusibles.<\/li>\n<\/ul>\n<p>&nbsp;<\/p>\n<p><strong>C\u00e2ble n\u00e9gatif de batterie :<\/strong><\/p>\n<ul>\n<li>C\u00e2ble de terre gris entre le p\u00f4le n\u00e9gatif de la batterie et le bloc moteur.<\/li>\n<li>C\u00e2ble de masse jaune\/vert entre le p\u00f4le n\u00e9gatif de la batterie et la carrosserie.<\/li>\n<li>Borne de batterie p\u00f4le n\u00e9gatif avec \u00e9crou \u00e0 ailettes<\/li>\n<\/ul>\n<p>&nbsp;<\/p>\n<p>Tout est pr\u00e9assembl\u00e9, ce qui rend le c\u00e2ble imm\u00e9diatement pr\u00eat \u00e0 l'emploi.<\/p>\n<p>&nbsp;<\/p>\n<h5><strong>Type de borne de batterie (\u00e0 partir de novembre 2023)<\/strong><\/h5>\n<p>Les c\u00e2bles de batterie sont d\u00e9sormais livr\u00e9s en standard avec une pince de batterie \u00e0 \u00e9crou papillon, comme sur la photo ci-dessous. Vous pr\u00e9f\u00e9rez une pince de batterie directe ? Indiquez-le dans le champ \u00ab Remarques \u00bb sur la page de paiement.<\/p>\n<p><img fetchpriority=\"high\" decoding=\"async\" class=\"alignnone wp-image-13547\" src=\"https:\/\/www.kabelbomen.com\/wp-content\/uploads\/2023\/07\/20230705_152519-1024x1024.jpg\" alt=\"Borne n\u00e9gative de la batterie avec \u00e9crou papillon (d\u00e9tachable) sur ensemble de c\u00e2bles de batterie de masse pour Peugeot 205 - Schram Kabelbomen Service\" width=\"300\" height=\"300\" srcset=\"https:\/\/www.kabelbomen.com\/wp-content\/uploads\/2023\/07\/20230705_152519-1024x1024.jpg 1024w, https:\/\/www.kabelbomen.com\/wp-content\/uploads\/2023\/07\/20230705_152519-scaled-1500x1500.jpg 1500w, https:\/\/www.kabelbomen.com\/wp-content\/uploads\/2023\/07\/20230705_152519-scaled-100x100.jpg 100w, https:\/\/www.kabelbomen.com\/wp-content\/uploads\/2023\/07\/20230705_152519-300x300.jpg 300w, https:\/\/www.kabelbomen.com\/wp-content\/uploads\/2023\/07\/20230705_152519-150x150.jpg 150w, https:\/\/www.kabelbomen.com\/wp-content\/uploads\/2023\/07\/20230705_152519-768x768.jpg 768w, https:\/\/www.kabelbomen.com\/wp-content\/uploads\/2023\/07\/20230705_152519-1536x1536.jpg 1536w, https:\/\/www.kabelbomen.com\/wp-content\/uploads\/2023\/07\/20230705_152519-2048x2048.jpg 2048w, https:\/\/www.kabelbomen.com\/wp-content\/uploads\/2023\/07\/20230705_152519-12x12.jpg 12w\" sizes=\"(max-width: 300px) 100vw, 300px\" \/><\/p>\n<p>&nbsp;<\/p>\n<h5><strong>Capuchons d'isolation<\/strong><\/h5>\n<p>En standard, nous fournissons un capuchon d'isolation rouge sur le p\u00f4le plus de la batterie et des capuchons d'isolation noirs sur l'alternateur et le d\u00e9marreur. Toutefois, \u00e0 l'origine, seuls des capuchons noirs \u00e9taient fournis. Vous pr\u00e9f\u00e9rez tous les capuchons noirs ou tous les capuchons rouges ? Pas de probl\u00e8me, n'h\u00e9sitez pas \u00e0 laisser vos souhaits dans le champ \"notes\" de la page de paiement ou \u00e0 nous contacter.<\/p>\n<p>&nbsp;<\/p>\n<h5><strong>Personnalisation<\/strong><\/h5>\n<p>Vous avez besoin d'une modification sp\u00e9cifique du jeu de c\u00e2bles de batterie ? Pas de probl\u00e8me, nous pouvons faire les ajustements n\u00e9cessaires. Si vous souhaitez simplement une autre combinaison de couleurs de capuchons isolants, veuillez nous le faire savoir dans le champ des commentaires sur la page de paiement. Si vous souhaitez d'autres adaptations sp\u00e9cifiques, veuillez nous <a href=\"https:\/\/www.kabelbomen.com\/fr\/contacter\/\">Contacter<\/a> .<\/p>\n<p>Le jeu de c\u00e2bles d'alternateur peut \u00e9galement \u00eatre utilis\u00e9 sur de nombreux autres mod\u00e8les 205, \u00e0 condition que l'alternateur et le d\u00e9marreur se trouvent (approximativement) au m\u00eame endroit.<\/p>\n<p>Nous fournissons \u00e9galement des jeux de c\u00e2bles de batterie neufs pour tous les autres types de 205. <a href=\"https:\/\/www.kabelbomen.com\/fr\/contacter\/\">Contacter<\/a> pour conna\u00eetre les possibilit\u00e9s.<\/p>\n<p>\u00c9galement disponible pour tout autre v\u00e9hicule (classique).<\/p>\n<p><em><b>NOTE : Si vous n'\u00eates pas s\u00fbr de poss\u00e9der une Peugeot 205 GTI \/ CTI phase 1.5 ou phase 2, regardez l'emplacement de votre bobine. Si elle se trouve derri\u00e8re votre batterie, choisissez la version phase 1.5. Si la bobine est un petit bloc noir situ\u00e9 au-dessus de votre collecteur d'admission d'air, alors vous avez une version phase 2.<\/b><\/em><\/p>","protected":false},"excerpt":{"rendered":"<p>Nouveau jeu de c\u00e2bles d'alimentation principale \/ jeu de c\u00e2bles de batterie pour remplacer les c\u00e2bles de batterie us\u00e9s dans la Peugeot 205 \u00e9quip\u00e9e de moteurs TU. D'aspect identique \u00e0 l'original, avec les dimensions et les couleurs d'origine, mais avec un passage de courant nettement am\u00e9lior\u00e9 gr\u00e2ce \u00e0 un diam\u00e8tre de cuivre plus \u00e9pais et de meilleures cosses de c\u00e2ble.<\/p>\n<p>Avec ce jeu de c\u00e2bles de batterie de haute qualit\u00e9, vous ne souffrirez plus de pertes de tension et la base du circuit \u00e9lectrique de votre 205 sera \u00e0 nouveau en parfait \u00e9tat. Il vous permet de mesurer la tension de sortie de 14 \u00e0 14,4 volts de votre alternateur sur votre batterie. M\u00eame avec une charge \u00e9lectrique importante. Avec les anciens c\u00e2bles, vous n'atteindrez pas cette tension, surtout sous charge.<\/p>\n<p>\u00c9galement disponible pour <a href=\"https:\/\/www.kabelbomen.com\/fr\/webshop\/jeu-de-cables-de-batterie-peugeot-205-gti-cti\/\">205 GTI \/ CTI ici<\/a>.<\/p>\n<p><strong>Remarque : \u00e0 partir de novembre 2023, les c\u00e2bles de batterie 205 mass sont fournis de s\u00e9rie avec un collier de fixation de la batterie avec \u00e9crou \u00e0 oreilles M8. Veuillez vous r\u00e9f\u00e9rer aux photos dans la description ci-dessous.<\/strong><\/p>\n<p><strong>A partir de mars 2026, nous fournissons \u00e9galement ce faisceau de c\u00e2bles de batterie positive pour les 205 avec moteurs TU, y compris les c\u00e2bles de capteur. Vous trouverez ces fils <a href=\"https:\/\/www.kabelbomen.com\/fr\/produit\/faisceau-de-cables-de-batterie-plus-complet-peugeot-205-avec-moteur-tu\/\" target=\"_blank\" rel=\"noopener\">Ici<\/a>.<\/strong><\/p>\n<p>Faites votre choix ci-dessous pour la phase 1.5 ou la phase 2. Pour la phase 1, vous pouvez <a href=\"https:\/\/www.kabelbomen.com\/fr\/contacter\/\">Contacter<\/a> .<\/p>","protected":false},"featured_media":13942,"comment_status":"open","ping_status":"closed","template":"","meta":[],"product_brand":[],"product_cat":[39,61],"product_tag":[43,48,46,44,185],"hf_cat_product":[255],"class_list":{"0":"post-9053","1":"product","2":"type-product","3":"status-publish","4":"has-post-thumbnail","6":"product_cat-accukabels","7":"product_cat-peugeot-205","8":"product_tag-accukabelset","9":"product_tag-fase-1-5","10":"product_tag-fase-2","11":"product_tag-hoofdstroomkabelset","12":"product_tag-tu-motor","13":"product_shipping_class-groot-pakket","15":"first","16":"instock","17":"taxable","18":"shipping-taxable","19":"purchasable","20":"product-type-variable","21":"has-default-attributes"},"_links":{"self":[{"href":"https:\/\/www.kabelbomen.com\/fr\/wp-json\/wp\/v2\/product\/9053","targetHints":{"allow":["GET"]}}],"collection":[{"href":"https:\/\/www.kabelbomen.com\/fr\/wp-json\/wp\/v2\/product"}],"about":[{"href":"https:\/\/www.kabelbomen.com\/fr\/wp-json\/wp\/v2\/types\/product"}],"replies":[{"embeddable":true,"href":"https:\/\/www.kabelbomen.com\/fr\/wp-json\/wp\/v2\/comments?post=9053"}],"version-history":[{"count":14,"href":"https:\/\/www.kabelbomen.com\/fr\/wp-json\/wp\/v2\/product\/9053\/revisions"}],"predecessor-version":[{"id":18458,"href":"https:\/\/www.kabelbomen.com\/fr\/wp-json\/wp\/v2\/product\/9053\/revisions\/18458"}],"wp:featuredmedia":[{"embeddable":true,"href":"https:\/\/www.kabelbomen.com\/fr\/wp-json\/wp\/v2\/media\/13942"}],"wp:attachment":[{"href":"https:\/\/www.kabelbomen.com\/fr\/wp-json\/wp\/v2\/media?parent=9053"}],"wp:term":[{"taxonomy":"product_brand","embeddable":true,"href":"https:\/\/www.kabelbomen.com\/fr\/wp-json\/wp\/v2\/product_brand?post=9053"},{"taxonomy":"product_cat","embeddable":true,"href":"https:\/\/www.kabelbomen.com\/fr\/wp-json\/wp\/v2\/product_cat?post=9053"},{"taxonomy":"product_tag","embeddable":true,"href":"https:\/\/www.kabelbomen.com\/fr\/wp-json\/wp\/v2\/product_tag?post=9053"},{"taxonomy":"hf_cat_product","embeddable":true,"href":"https:\/\/www.kabelbomen.com\/fr\/wp-json\/wp\/v2\/hf_cat_product?post=9053"}],"curies":[{"name":"wp","href":"https:\/\/api.w.org\/{rel}","templated":true}]}}