{"id":8405,"date":"2021-07-09T00:29:00","date_gmt":"2021-07-08T22:29:00","guid":{"rendered":"https:\/\/www.kabelbomen.com\/?post_type=product&#038;p=8405"},"modified":"2026-04-04T12:04:29","modified_gmt":"2026-04-04T10:04:29","slug":"jambe-de-force-de-suspension-a-fil-de-masse-peugeot-205","status":"publish","type":"product","link":"https:\/\/www.kabelbomen.com\/fr\/product\/massadraad-peugeot-205-op-veerpoot\/","title":{"rendered":"Fil de terre Peugeot 205 sur jambe de force"},"content":{"rendered":"<p>Fil de masse de la jambe de force droite \u00e0 la carrosserie dans la Peugeot 205.<\/p>\n<p>Cela cr\u00e9e une bonne connexion de masse fiable pour l'indicateur d'usure des plaquettes de frein, entre autres.<\/p>\n<p>Nouvelles fiches et cosses de c\u00e2ble utilis\u00e9es. La taille, la couleur du fil et la couleur de la fiche sont celles d'origine.<\/p>\n<p>Fil de haute qualit\u00e9. Pour la force et pour pr\u00e9venir <a href=\"https:\/\/www.kabelbomen.com\/fr\/resistance-perte-de-tension-electrique-auto\/\">corrosion<\/a> et les courts-circuits, chaque connexion entre le conducteur en cuivre et la cosse du c\u00e2ble est termin\u00e9e par du thermor\u00e9tractable. Vous pouvez le voir sur les photos.<\/p>","protected":false},"excerpt":{"rendered":"<p>Ce fil de terre est connect\u00e9 au sommet de la jambe de force droite et reli\u00e9 \u00e0 la carrosserie.<\/p>\n<p>Nouvelles fiches et cosses de c\u00e2ble utilis\u00e9es. Taille d'origine, couleur du fil et couleur de la fiche.<\/p>\n<p>Appliqu\u00e9 \u00e0 tous les mod\u00e8les Peugeot 205.<\/p>","protected":false},"featured_media":13730,"comment_status":"open","ping_status":"closed","template":"","meta":[],"product_brand":[],"product_cat":[61,38],"product_tag":[47,48,46,34,180],"hf_cat_product":[253],"class_list":{"0":"post-8405","1":"product","2":"type-product","3":"status-publish","4":"has-post-thumbnail","6":"product_cat-peugeot-205","7":"product_cat-kabelbomen","8":"product_tag-fase-1","9":"product_tag-fase-1-5","10":"product_tag-fase-2","11":"product_tag-kabelboom","12":"product_tag-massadraad","14":"first","15":"instock","16":"taxable","17":"shipping-taxable","18":"purchasable","19":"product-type-simple"},"_links":{"self":[{"href":"https:\/\/www.kabelbomen.com\/fr\/wp-json\/wp\/v2\/product\/8405","targetHints":{"allow":["GET"]}}],"collection":[{"href":"https:\/\/www.kabelbomen.com\/fr\/wp-json\/wp\/v2\/product"}],"about":[{"href":"https:\/\/www.kabelbomen.com\/fr\/wp-json\/wp\/v2\/types\/product"}],"replies":[{"embeddable":true,"href":"https:\/\/www.kabelbomen.com\/fr\/wp-json\/wp\/v2\/comments?post=8405"}],"version-history":[{"count":0,"href":"https:\/\/www.kabelbomen.com\/fr\/wp-json\/wp\/v2\/product\/8405\/revisions"}],"wp:featuredmedia":[{"embeddable":true,"href":"https:\/\/www.kabelbomen.com\/fr\/wp-json\/wp\/v2\/media\/13730"}],"wp:attachment":[{"href":"https:\/\/www.kabelbomen.com\/fr\/wp-json\/wp\/v2\/media?parent=8405"}],"wp:term":[{"taxonomy":"product_brand","embeddable":true,"href":"https:\/\/www.kabelbomen.com\/fr\/wp-json\/wp\/v2\/product_brand?post=8405"},{"taxonomy":"product_cat","embeddable":true,"href":"https:\/\/www.kabelbomen.com\/fr\/wp-json\/wp\/v2\/product_cat?post=8405"},{"taxonomy":"product_tag","embeddable":true,"href":"https:\/\/www.kabelbomen.com\/fr\/wp-json\/wp\/v2\/product_tag?post=8405"},{"taxonomy":"hf_cat_product","embeddable":true,"href":"https:\/\/www.kabelbomen.com\/fr\/wp-json\/wp\/v2\/hf_cat_product?post=8405"}],"curies":[{"name":"wp","href":"https:\/\/api.w.org\/{rel}","templated":true}]}}