{"id":3830,"date":"2020-05-13T11:02:40","date_gmt":"2020-05-13T09:02:40","guid":{"rendered":"https:\/\/www.kabelbomen.com\/?post_type=product&#038;p=3830"},"modified":"2026-03-15T11:20:39","modified_gmt":"2026-03-15T10:20:39","slug":"jeu-de-cables-de-batterie-citroen-traction-avant-personnalise","status":"publish","type":"product","link":"https:\/\/www.kabelbomen.com\/fr\/product\/accukabelset-citroen-traction-avant-maatwerk\/","title":{"rendered":"Jeu de c\u00e2bles de batterie Citro\u00ebn Traction Avant - sur mesure"},"content":{"rendered":"<p>Nouveau jeu de c\u00e2bles d'alimentation principaux \/ jeu de c\u00e2bles de batterie 35 mm\u00b2 sur mesure pour remplacer vos c\u00e2bles de batterie us\u00e9s dans le Citro\u00ebn Traction Avant.<\/p>\n<p>Nous pouvons enti\u00e8rement personnaliser un jeu de c\u00e2bles de batterie pour n'importe quel type de Citro\u00ebn Traction Avant. C'est important si, par exemple, vous avez install\u00e9 un verrou de masse \/ un commutateur d'arr\u00eat ou un relais de d\u00e9marrage. Ces \u00e9l\u00e9ments diff\u00e8rent de l'original et n\u00e9cessitent plus de c\u00e2bles et des longueurs diff\u00e9rentes de la norme.<\/p>\n<p>Apr\u00e8s votre achat, nous vous contacterons pour obtenir les informations suppl\u00e9mentaires requises.<\/p>\n<p>Si vous conduisez une 11BL \/ 11BN, 11C, 15-SIX ou un autre type Traction Avant et que votre circuit \u00e9lectrique est encore d'origine sans relais de d\u00e9marrage ni verrouillage \u00e0 la masse, vous pouvez simplement <a href=\"https:\/\/www.kabelbomen.com\/fr\/webshop\/cable-de-batterie-set-citroen-traction-avant\/\">Achetez ici le jeu de c\u00e2bles de batterie Citro\u00ebn Traction Avant d'origine<\/a>.<\/p>\n<p>&nbsp;<\/p>\n<h5><strong>C\u00e2ble de masse pour le corps<\/strong><\/h5>\n<p>Tous nos kits de c\u00e2bles de batterie pour la Traction sont livr\u00e9s avec un c\u00e2ble de masse que vous pouvez placer entre la carrosserie et la borne n\u00e9gative de la batterie. Cela am\u00e9liore consid\u00e9rablement votre circuit \u00e9lectrique, car le courant de votre \u00e9clairage et autres \u00e9l\u00e9ments similaires ne doit alors pas repasser par le moteur pour revenir \u00e0 la batterie. Le moteur vibre et est suspendu dans des silentblocs en caoutchouc, ce qui le rend tout sauf fiable. De nos jours, on voit donc souvent des bandes de masse install\u00e9es dans les voitures. Nous vous recommandons donc d'installer ce c\u00e2ble de masse suppl\u00e9mentaire.<\/p>\n<p>&nbsp;<\/p>\n<h5><strong>C\u00e2bles de batterie de qualit\u00e9<\/strong><\/h5>\n<p>Avec ces c\u00e2bles de haute qualit\u00e9, vous n'aurez plus de chute de tension et le circuit \u00e9lectrique du secteur sera en parfait \u00e9tat.<\/p>\n<p>Les cosses de c\u00e2bles sont serties de mani\u00e8re professionnelle et emball\u00e9es sous film r\u00e9tractable pour plus de solidit\u00e9, de protection et de pr\u00e9vention de la corrosion.<\/p>\n<p>Les c\u00e2bles sont en outre \u00e9quip\u00e9s d'une isolation qui les prot\u00e8ge contre l'usure et les courts-circuits.<\/p>\n<p>Peut \u00eatre utilis\u00e9 pour les installations 6V et 12V.<\/p>\n<p>Livr\u00e9 avec une pince de batterie avec le symbole + et une pince de batterie avec le symbole \u2013 pr\u00e9assembl\u00e9es sur les c\u00e2bles.<\/p>\n<p>Nous fournissons \u00e9galement tous les c\u00e2bles pour tous les types et constructions de Citro\u00ebn Traction Avant.<\/p>\n<p>N'h\u00e9sitez pas \u00e0 <a href=\"https:\/\/www.kabelbomen.com\/fr\/contacter\/\">Contacter<\/a> pour vos besoins sp\u00e9cifiques.<\/p>","protected":false},"excerpt":{"rendered":"<p>Jeu de c\u00e2bles de batterie sur mesure pour les c\u00e2bles positif et n\u00e9gatif du Citro\u00ebn Traction Avant.<\/p>\n<p>Vous choisissez ce jeu de c\u00e2bles de batterie lorsque vous avez ajout\u00e9 un blocage de masse \/ un commutateur d'arr\u00eat et\/ou un relais de d\u00e9marrage. Dans ce cas, des c\u00e2bles suppl\u00e9mentaires sont n\u00e9cessaires et ne sont pas de la longueur d'origine. Nous personnalisons parfaitement le set pour vous, plug n play.<\/p>\n<p>Apr\u00e8s votre commande, nous vous contacterons pour conna\u00eetre les sp\u00e9cifications de votre mod\u00e8le, ainsi que les longueurs et les raccords correspondants.<\/p>\n<p>Les c\u00e2bles ont une section de 35 mm\u00b2 afin de garantir un d\u00e9marrage sans probl\u00e8me et un bon passage du courant.<\/p>\n<p>Un c\u00e2ble de masse suppl\u00e9mentaire a \u00e9t\u00e9 ajout\u00e9 que vous pouvez placer entre le BAT moins et le corps. Cela permet une am\u00e9lioration consid\u00e9rable de votre circuit \u00e9lectrique.<\/p>\n<p>Convient aux installations 6V d'origine ainsi qu'aux installations 12V.<\/p>\n<p>Choisissez ci-dessous entre un moteur 4 cylindres ou 6 cylindres. Les autres informations suivront ult\u00e9rieurement.<\/p>","protected":false},"featured_media":17366,"comment_status":"open","ping_status":"closed","template":"","meta":[],"product_brand":[],"product_cat":[39,56],"product_tag":[43,88,69,70,44],"hf_cat_product":[254],"class_list":{"0":"post-3830","1":"product","2":"type-product","3":"status-publish","4":"has-post-thumbnail","6":"product_cat-accukabels","7":"product_cat-citroen-traction-avant","8":"product_tag-accukabelset","9":"product_tag-accukabelset-traction-avant-maatwerk","10":"product_tag-citroen-traction-avant-11bl","11":"product_tag-citroen-traction-avant-11bn","12":"product_tag-hoofdstroomkabelset","13":"product_shipping_class-groot-pakket","15":"first","16":"instock","17":"taxable","18":"shipping-taxable","19":"purchasable","20":"product-type-variable","21":"has-default-attributes"},"_links":{"self":[{"href":"https:\/\/www.kabelbomen.com\/fr\/wp-json\/wp\/v2\/product\/3830","targetHints":{"allow":["GET"]}}],"collection":[{"href":"https:\/\/www.kabelbomen.com\/fr\/wp-json\/wp\/v2\/product"}],"about":[{"href":"https:\/\/www.kabelbomen.com\/fr\/wp-json\/wp\/v2\/types\/product"}],"replies":[{"embeddable":true,"href":"https:\/\/www.kabelbomen.com\/fr\/wp-json\/wp\/v2\/comments?post=3830"}],"version-history":[{"count":10,"href":"https:\/\/www.kabelbomen.com\/fr\/wp-json\/wp\/v2\/product\/3830\/revisions"}],"predecessor-version":[{"id":18005,"href":"https:\/\/www.kabelbomen.com\/fr\/wp-json\/wp\/v2\/product\/3830\/revisions\/18005"}],"wp:featuredmedia":[{"embeddable":true,"href":"https:\/\/www.kabelbomen.com\/fr\/wp-json\/wp\/v2\/media\/17366"}],"wp:attachment":[{"href":"https:\/\/www.kabelbomen.com\/fr\/wp-json\/wp\/v2\/media?parent=3830"}],"wp:term":[{"taxonomy":"product_brand","embeddable":true,"href":"https:\/\/www.kabelbomen.com\/fr\/wp-json\/wp\/v2\/product_brand?post=3830"},{"taxonomy":"product_cat","embeddable":true,"href":"https:\/\/www.kabelbomen.com\/fr\/wp-json\/wp\/v2\/product_cat?post=3830"},{"taxonomy":"product_tag","embeddable":true,"href":"https:\/\/www.kabelbomen.com\/fr\/wp-json\/wp\/v2\/product_tag?post=3830"},{"taxonomy":"hf_cat_product","embeddable":true,"href":"https:\/\/www.kabelbomen.com\/fr\/wp-json\/wp\/v2\/hf_cat_product?post=3830"}],"curies":[{"name":"wp","href":"https:\/\/api.w.org\/{rel}","templated":true}]}}