{"id":3298,"date":"2020-04-25T14:10:26","date_gmt":"2020-04-25T12:10:26","guid":{"rendered":"https:\/\/www.kabelbomen.com\/?post_type=product&#038;p=3298"},"modified":"2025-07-13T12:28:59","modified_gmt":"2025-07-13T10:28:59","slug":"jeu-de-faisceaux-electriques-citroen-traction-avant-11bn-apres-1952","status":"publish","type":"product","link":"https:\/\/www.kabelbomen.com\/fr\/product\/kabelboom-set-citroen-traction-avant-11bn-na-1952\/","title":{"rendered":"Jeu de faisceaux \u00e9lectriques Citro\u00ebn Traction Avant 11BN apr\u00e8s '52"},"content":{"rendered":"<p>Faisceau \u00e9lectrique complet pour la Citro\u00ebn Traction Avant 11BN apr\u00e8s l'ann\u00e9e de fabrication 1952.<\/p>\n<p>Pr\u00eat \u00e0 l'emploi et pr\u00eat \u00e0 \u00eatre install\u00e9.<\/p>\n<p>Cette version de la Traction Avant \u00e9tait \u00e9galement connue sous le nom de \" coffre \", car la roue de secours \u00e9tait d\u00e9sormais plac\u00e9e dans le coffre. Tous les c\u00e2bles ont \u00e9t\u00e9 fabriqu\u00e9s sur mesure pour cette version.<\/p>\n<p>Un jeu complet de c\u00e2blage se compose de :<\/p>\n<ul>\n<li>2 pi\u00e8ces de phares G et D avec fils de terre<\/li>\n<li>Harnais de c\u00e2blage de la dynamo<\/li>\n<li>Harnais de c\u00e2blage du tableau de bord<\/li>\n<li>Harnais de c\u00e2blage du toit<\/li>\n<li>Faisceau de c\u00e2blage arri\u00e8re avec fils de terre<\/li>\n<li>Sch\u00e9ma \u00e9lectrique appropri\u00e9<\/li>\n<li>Manuel d'installation<\/li>\n<\/ul>\n<p>&nbsp;<\/p>\n<p>Ce sont tous les faisceaux de c\u00e2bles dont vous aurez besoin pour remettre compl\u00e8tement \u00e0 neuf votre Traction Avant 11BN.<\/p>\n<p>Tout est fini professionnellement avec de l'isolation et des gaines thermor\u00e9tractables dans les couleurs d'origine pour un look classique et une longue dur\u00e9e de vie garantie.<\/p>\n<p>Avez-vous des exigences suppl\u00e9mentaires telles que des feux de brouillard arri\u00e8re, des feux suppl\u00e9mentaires tels que des projecteurs, etc.<\/p>\n<p>Veuillez indiquer vos besoins dans la section des commentaires lors du paiement.<\/p>\n<p>Nous vous contacterons pour discuter des ajustements n\u00e9cessaires.<\/p>\n<p>L'image du produit peut diff\u00e9rer.<\/p>","protected":false},"excerpt":{"rendered":"<p>Jeu de faisceaux de c\u00e2bles pour la Citro\u00ebn Traction Avant 11 BN de 1952.<\/p>\n<p>100% nouvellement fabriqu\u00e9e \u00e0 la main et pr\u00eate \u00e0 \u00eatre install\u00e9e.<\/p>\n<p>Toutes les extr\u00e9mit\u00e9s des c\u00e2bles sont pourvues de gaines thermor\u00e9tractables aux couleurs d'origine de Citro\u00ebn.<\/p>\n<p>&nbsp;<\/p>","protected":false},"featured_media":8437,"comment_status":"open","ping_status":"closed","template":"","meta":[],"product_brand":[],"product_cat":[76,56,38],"product_tag":[70,68],"hf_cat_product":[252],"class_list":{"0":"post-3298","1":"product","2":"type-product","3":"status-publish","4":"has-post-thumbnail","6":"product_cat-kabelboom-sets","7":"product_cat-citroen-traction-avant","8":"product_cat-kabelbomen","9":"product_tag-citroen-traction-avant-11bn","10":"product_tag-kabelboom-set","11":"product_shipping_class-groot-pakket","13":"first","14":"instock","15":"taxable","16":"shipping-taxable","17":"purchasable","18":"product-type-simple"},"_links":{"self":[{"href":"https:\/\/www.kabelbomen.com\/fr\/wp-json\/wp\/v2\/product\/3298","targetHints":{"allow":["GET"]}}],"collection":[{"href":"https:\/\/www.kabelbomen.com\/fr\/wp-json\/wp\/v2\/product"}],"about":[{"href":"https:\/\/www.kabelbomen.com\/fr\/wp-json\/wp\/v2\/types\/product"}],"replies":[{"embeddable":true,"href":"https:\/\/www.kabelbomen.com\/fr\/wp-json\/wp\/v2\/comments?post=3298"}],"version-history":[{"count":1,"href":"https:\/\/www.kabelbomen.com\/fr\/wp-json\/wp\/v2\/product\/3298\/revisions"}],"predecessor-version":[{"id":17014,"href":"https:\/\/www.kabelbomen.com\/fr\/wp-json\/wp\/v2\/product\/3298\/revisions\/17014"}],"wp:featuredmedia":[{"embeddable":true,"href":"https:\/\/www.kabelbomen.com\/fr\/wp-json\/wp\/v2\/media\/8437"}],"wp:attachment":[{"href":"https:\/\/www.kabelbomen.com\/fr\/wp-json\/wp\/v2\/media?parent=3298"}],"wp:term":[{"taxonomy":"product_brand","embeddable":true,"href":"https:\/\/www.kabelbomen.com\/fr\/wp-json\/wp\/v2\/product_brand?post=3298"},{"taxonomy":"product_cat","embeddable":true,"href":"https:\/\/www.kabelbomen.com\/fr\/wp-json\/wp\/v2\/product_cat?post=3298"},{"taxonomy":"product_tag","embeddable":true,"href":"https:\/\/www.kabelbomen.com\/fr\/wp-json\/wp\/v2\/product_tag?post=3298"},{"taxonomy":"hf_cat_product","embeddable":true,"href":"https:\/\/www.kabelbomen.com\/fr\/wp-json\/wp\/v2\/hf_cat_product?post=3298"}],"curies":[{"name":"wp","href":"https:\/\/api.w.org\/{rel}","templated":true}]}}